{"id":48313,"date":"2023-09-06T11:42:56","date_gmt":"2023-09-06T09:42:56","guid":{"rendered":"https:\/\/www.climatecoating.com\/calculo\/"},"modified":"2026-02-10T12:42:43","modified_gmt":"2026-02-10T11:42:43","slug":"calculus","status":"publish","type":"page","link":"https:\/\/www.climatecoating.com\/pt-pt\/calculus\/","title":{"rendered":"C\u00e1lculo"},"content":{"rendered":"<div class=\"wpb-content-wrapper\"><p>[vc_row row_type=&#8221;row&#8221; use_row_as_full_screen_section=&#8221;no&#8221; type=&#8221;full_width&#8221; text_align=&#8221;left&#8221; background_animation=&#8221;none&#8221; padding_bottom=&#8221;45&#8243; css_animation=&#8221;&#8221;][vc_column][vc_single_image image=&#8221;48320&#8243; img_size=&#8221;full&#8221; qode_css_animation=&#8221;&#8221;][vc_column_text css=&#8221;.vc_custom_1770722876449{margin-top: 20px !important;}&#8221;]<\/p>\n<h1>O calculador de temperatura Calculus<sup>\u00ae<\/sup><\/h1>\n<p>[\/vc_column_text][\/vc_column][\/vc_row][vc_row row_type=&#8221;row&#8221; use_row_as_full_screen_section=&#8221;no&#8221; type=&#8221;full_width&#8221; text_align=&#8221;left&#8221; background_animation=&#8221;none&#8221; padding_bottom=&#8221;45&#8243; css_animation=&#8221;&#8221; css=&#8221;.vc_custom_1677187662616{margin-top: -40px !important;}&#8221;][vc_column width=&#8221;1\/2&#8243;][vc_column_text css=&#8221;.vc_custom_1770723752812{padding-bottom: 30px !important;}&#8221;]Calculus<sup>\u00ae <\/sup>\u00e9 uma ferramenta web baseada em IA para prever a diferen\u00e7a nas temperaturas interiores e derivar poss\u00edveis poupan\u00e7as de energia quando as paredes e\/ou telhados s\u00e3o revestidos com os produtos ClimateCoating<sup>\u00ae<\/sup>\u00a0ThermoProtect e ThermoActive. A intelig\u00eancia artificial (IA) tem sido e est\u00e1 a ser treinada com grandes quantidades de dados provenientes da pr\u00e1tica mundial, incluindo de climas muito quentes. O algoritmo utiliza dados da f\u00edsica dos edif\u00edcios: a reflex\u00e3o da radia\u00e7\u00e3o solar. Com a ajuda do Calculus<sup>\u00ae<\/sup>\u00a0, \u00e9 poss\u00edvel calcular melhor os custos e a efici\u00eancia energ\u00e9tica dos edif\u00edcios. Isto facilita o planeamento do conceito energ\u00e9tico de diferentes tipos de edif\u00edcios em condi\u00e7\u00f5es clim\u00e1ticas divergentes. A ferramenta Web est\u00e1 constantemente a ser desenvolvida. Teremos todo o gosto em receber as suas sugest\u00f5es e perguntas atrav\u00e9s do <a href=\"#feedback\">formul\u00e1rio<\/a>. &#8230;&#8230;&#8230;&#8230;&#8230;&#8230;&#8230;&#8230;&#8230;&#8230;&#8230;&#8230;&#8230;&#8230;&#8230;&#8230;&#8230;&#8230;&#8230;&#8230;&#8230;&#8230;&#8230;&#8230;&#8230;&#8230;&#8230;&#8230;&#8230;&#8230;&#8230;&#8230;&#8230;&#8230;&#8230;&#8230;&#8230;&#8230;&#8230;&#8230;&#8230;&#8230;&#8230;&#8230;&#8230;&#8230;&#8230;&#8230;&#8230;&#8230;&#8230;&#8230;&#8230;&#8230;&#8230;&#8230;&#8230;&#8230;&#8230;&#8230;&#8230;&#8230;&#8230;&#8230;&#8230;&#8230;&#8230;&#8230;&#8230;&#8230;&#8230;&#8230;<\/p>\n<p><strong>Em 15 de maio de 2024, o Calculus<sup>\u00ae<\/sup> \u00a0foi galardoado com o pr\u00e9mio &#8220;Ger<\/strong><strong>Especial Pr\u00e9mio Inova\u00e7\u00e3o Homem&#8221;.<br \/>\nPara a <a href=\"https:\/\/www.climatecoating.com\/verleihung-german-innovation-award-special\/\" target=\"_blank\" rel=\"noopener\">not\u00edcia<\/a>. <\/strong><\/p>\n<p><img loading=\"lazy\" decoding=\"async\" class=\"alignleft size-full wp-image-52028\" title=\"Pr\u00e9mio alem\u00e3o de inova\u00e7\u00e3o-2024-especial\" src=\"https:\/\/www.climatecoating.com\/wp-content\/uploads\/2024\/08\/German-Innovation-Award-2024-Special-e1764768260224.jpg\" alt=\"certificado alem\u00e3o de inova\u00e7\u00e3o 2024\" width=\"254\" height=\"201\" \/><\/p>\n<p>&nbsp;<\/p>\n<p>&nbsp;<\/p>\n<p>&nbsp;<\/p>\n<p>&nbsp;<\/p>\n<p>&#8230;&#8230;&#8230;&#8230;&#8230;&#8230;&#8230;&#8230;&#8230;&#8230;&#8230;&#8230;&#8230;&#8230;&#8230;&#8230;&#8230;&#8230;&#8230;&#8230;&#8230;&#8230;&#8230;&#8230;&#8230;&#8230;&#8230;&#8230;&#8230;&#8230;&#8230;&#8230;&#8230;&#8230;&#8230;&#8230;&#8230;&#8230;&#8230;&#8230;&#8230;&#8230;&#8230;&#8230;&#8230;&#8230;&#8230;&#8230;&#8230;&#8230;&#8230;&#8230;&#8230;&#8230;&#8230;&#8230;&#8230;&#8230;&#8230;&#8230;&#8230;&#8230;&#8230;&#8230;&#8230;&#8230;&#8230;&#8230;&#8230;&#8230;&#8230;&#8230;[\/vc_column_text][\/vc_column][vc_column width=&#8221;1\/2&#8243; css=&#8221;.vc_custom_1677187654806{padding-top: 25px !important;}&#8221;][vc_single_image image=&#8221;48323&#8243; img_size=&#8221;full&#8221; onclick=&#8221;custom_link&#8221; img_link_target=&#8221;_blank&#8221; qode_css_animation=&#8221;&#8221; link=&#8221;https:\/\/ki.sicc-coatings.de\/index\/de?&#8221;][\/vc_column][\/vc_row][vc_row row_type=&#8221;row&#8221; use_row_as_full_screen_section=&#8221;no&#8221; type=&#8221;full_width&#8221; text_align=&#8221;left&#8221; background_animation=&#8221;none&#8221; padding_bottom=&#8221;45&#8243; css_animation=&#8221;&#8221;][vc_column width=&#8221;1\/2&#8243;][vc_column_text css=&#8221;.vc_custom_1694610465920{padding-bottom: 30px !important;}&#8221;]<\/p>\n<h2>Atingir o objetivo com apenas alguns par\u00e2metros<\/h2>\n<p>Introduz estes dados:<\/p>\n<ul>\n<li>Localiza\u00e7\u00e3o e tipo de edif\u00edcio (campos de sele\u00e7\u00e3o),<\/li>\n<li>Com ar condicionado ou sem ar condicionado (campo facultativo)<\/li>\n<li>Tipo de componente do edif\u00edcio, dimens\u00f5es do componente do edif\u00edcio, orienta\u00e7\u00e3o geogr\u00e1fica (dire\u00e7\u00e3o da b\u00fassola), isolamento existente<\/li>\n<\/ul>\n<p>O resultado, sob a forma de um gr\u00e1fico, mostra-te a evolu\u00e7\u00e3o da temperatura para cada m\u00eas do ano no edif\u00edcio &#8211; com e sem revestimento. Al\u00e9m disso, \u00e9 indicada a temperatura m\u00e9dia interior (MKT = temperatura cin\u00e9tica m\u00e9dia) de um edif\u00edcio e a forma como esta \u00e9 reduzida globalmente por ano atrav\u00e9s do revestimento. Os resultados est\u00e3o dispon\u00edveis para descarregar em PDF. Antes ou durante a utiliza\u00e7\u00e3o da ferramenta Web baseada em IA, \u00e9 aconselh\u00e1vel ler as<strong> <a href=\"https:\/\/www.climatecoating.com\/wp-content\/uploads\/dlm_uploads\/2023\/09\/Gebrauchsanweisung-KI-Calculus.pdf\" target=\"_blank\" rel=\"noopener\">Instru\u00e7\u00f5es de utiliza\u00e7\u00e3o do KI-Calculus<\/a><\/strong> antes ou durante a utiliza\u00e7\u00e3o da ferramenta Web baseada em IA.[\/vc_column_text]<a href=\"https:\/\/ki.sicc-coatings.de\/index\/de?\" target=\"_blank\" data-hover-background-color='#d6202d' data-hover-border-color='#d6202d' data-hover-color='#ffffff' class=\"qbutton  qbutton_with_icon\" style=\"color: #ffffff; border-color: #d6202d; background-color: #d6202d;\">Para o calculador de temperatura Calculus\u00ae<i class=\"qode_icon_font_awesome fa fa-arrow-right button_icon\" style=\"\" ><\/i><\/a>[\/vc_column][vc_column width=&#8221;1\/2&#8243;][vc_single_image image=&#8221;48321&#8243; img_size=&#8221;full&#8221; onclick=&#8221;custom_link&#8221; img_link_target=&#8221;_blank&#8221; qode_css_animation=&#8221;&#8221; link=&#8221;https:\/\/ki.sicc-coatings.de\/index\/de?&#8221;][vc_raw_html css=&#8221;.vc_custom_1677241592043{padding-bottom: 30px !important;}&#8221;]PGEgaWQ9ImZlZWRiYWNrIj48L2E+[\/vc_raw_html][\/vc_column][\/vc_row][vc_row row_type=&#8221;row&#8221; use_row_as_full_screen_section=&#8221;no&#8221; type=&#8221;full_width&#8221; text_align=&#8221;left&#8221; background_animation=&#8221;none&#8221; padding_bottom=&#8221;45&#8243; css_animation=&#8221;&#8221;][vc_column][vc_column_text css=&#8221;.vc_custom_1677241364765{padding-bottom: 30px !important;}&#8221; el_id=&#8221;feedback&#8221;]<\/p>\n<h2>Formul\u00e1rio de feedback<\/h2>\n<p>[\/vc_column_text]\n<div class=\"wpcf7 no-js\" id=\"wpcf7-f48337-o1\" lang=\"pt-PT\" dir=\"ltr\" data-wpcf7-id=\"48337\">\n<div class=\"screen-reader-response\"><p role=\"status\" aria-live=\"polite\" aria-atomic=\"true\"><\/p> <ul><\/ul><\/div>\n<form action=\"\/pt-pt\/wp-json\/wp\/v2\/pages\/48313#wpcf7-f48337-o1\" method=\"post\" class=\"wpcf7-form init default wpcf7-acceptance-as-validation\" aria-label=\"Formul\u00e1rio de contacto\" novalidate=\"novalidate\" data-status=\"init\">\n<fieldset class=\"hidden-fields-container\"><input type=\"hidden\" name=\"_wpcf7\" value=\"48337\" \/><input type=\"hidden\" name=\"_wpcf7_version\" value=\"6.1.5\" \/><input type=\"hidden\" name=\"_wpcf7_locale\" value=\"pt_PT\" \/><input type=\"hidden\" name=\"_wpcf7_unit_tag\" value=\"wpcf7-f48337-o1\" \/><input type=\"hidden\" name=\"_wpcf7_container_post\" value=\"0\" \/><input type=\"hidden\" name=\"_wpcf7_posted_data_hash\" value=\"\" \/><input type=\"hidden\" name=\"_wpcf7_recaptcha_response\" value=\"\" \/>\n<\/fieldset>\n<p><label>O seu nome (campo obrigat\u00f3rio)<br \/>\n<span class=\"wpcf7-form-control-wrap\" data-name=\"your-name\"><input size=\"40\" maxlength=\"400\" class=\"wpcf7-form-control wpcf7-text wpcf7-validates-as-required\" aria-required=\"true\" aria-invalid=\"false\" value=\"\" type=\"text\" name=\"your-name\" \/><\/span> <\/label>\n<\/p>\n<p><label>O seu endere\u00e7o eletr\u00f3nico (campo obrigat\u00f3rio)<br \/>\n<span class=\"wpcf7-form-control-wrap\" data-name=\"your-email\"><input size=\"40\" maxlength=\"400\" class=\"wpcf7-form-control wpcf7-email wpcf7-validates-as-required wpcf7-text wpcf7-validates-as-email\" aria-required=\"true\" aria-invalid=\"false\" value=\"\" type=\"email\" name=\"your-email\" \/><\/span> <\/label>\n<\/p>\n<p><label>As minhas sugest\u00f5es e perguntas (campo obrigat\u00f3rio)<br \/>\n<span class=\"wpcf7-form-control-wrap\" data-name=\"your-message\"><textarea cols=\"40\" rows=\"10\" maxlength=\"2000\" class=\"wpcf7-form-control wpcf7-textarea\" aria-invalid=\"false\" name=\"your-message\"><\/textarea><\/span> <\/label>\n<\/p>\n<p><label>Gostaria de obter uma resposta (campo obrigat\u00f3rio)<\/label><br \/>\n<span class=\"wpcf7-form-control-wrap\" data-name=\"Antwort\"><span class=\"wpcf7-form-control wpcf7-checkbox wpcf7-validates-as-required\"><span class=\"wpcf7-list-item first\"><label><input type=\"checkbox\" name=\"Antwort[]\" value=\"Sim\" \/><span class=\"wpcf7-list-item-label\">Sim<\/span><\/label><\/span><span class=\"wpcf7-list-item last\"><label><input type=\"checkbox\" name=\"Antwort[]\" value=\"N\u00e3o\" \/><span class=\"wpcf7-list-item-label\">N\u00e3o<\/span><\/label><\/span><\/span><\/span>\n<\/p>\n<p><span id=\"wpcf7-69d4c5d5c2edc-wrapper\" class=\"wpcf7-form-control-wrap Lieblingsfarbe-wrap\" style=\"display:none !important; visibility:hidden !important;\"><label for=\"lieblingsfarbe\" class=\"hp-message\">Please leave this field empty.<\/label><input id=\"lieblingsfarbe\"  class=\"wpcf7-form-control wpcf7-text\" type=\"text\" name=\"Lieblingsfarbe\" value=\"\" size=\"40\" tabindex=\"-1\" autocomplete=\"new-password\" \/><\/span><br \/>\n<span class=\"wpcf7-form-control-wrap\" data-name=\"cmplz-acceptance\"><span class=\"wpcf7-form-control wpcf7-acceptance\"><span class=\"wpcf7-list-item\"><label><input type=\"checkbox\" name=\"cmplz-acceptance\" value=\"1\" aria-invalid=\"false\" \/><span class=\"wpcf7-list-item-label\">Para enviar este formul\u00e1rio, tem de aceitar a nossa <a href=\"#?cmplz_region_redirect=true\">pol\u00edtica de privacidade<\/a>.<\/span><\/label><\/span><\/span><\/span>\n<\/p>\n<p><input class=\"wpcf7-form-control wpcf7-submit has-spinner\" type=\"submit\" value=\"Enviar\" \/>\n<\/p><div class=\"wpcf7-response-output\" aria-hidden=\"true\"><\/div>\n<\/form>\n<\/div>\n[\/vc_column][\/vc_row]<\/p>\n<\/div>","protected":false},"excerpt":{"rendered":"<p>[vc_row row_type=&#8221;row&#8221; use_row_as_full_screen_section=&#8221;no&#8221; type=&#8221;full_width&#8221; text_align=&#8221;left&#8221; background_animation=&#8221;none&#8221; padding_bottom=&#8221;45&#8243; css_animation=&#8221;&#8221;][vc_column][vc_single_image image=&#8221;48320&#8243; img_size=&#8221;full&#8221; qode_css_animation=&#8221;&#8221;][vc_column_text css=&#8221;.vc_custom_1770722876449{margin-top: 20px !important;}&#8221;] O calculador de temperatura Calculus\u00ae [\/vc_column_text][\/vc_column][\/vc_row][vc_row row_type=&#8221;row&#8221; use_row_as_full_screen_section=&#8221;no&#8221; type=&#8221;full_width&#8221; text_align=&#8221;left&#8221; background_animation=&#8221;none&#8221; padding_bottom=&#8221;45&#8243; css_animation=&#8221;&#8221; css=&#8221;.vc_custom_1677187662616{margin-top: -40px !important;}&#8221;][vc_column width=&#8221;1\/2&#8243;][vc_column_text css=&#8221;.vc_custom_1770723752812{padding-bottom: 30px !important;}&#8221;]Calculus\u00ae \u00e9 uma ferramenta web baseada em IA para prever a diferen\u00e7a&#8230;<\/p>\n","protected":false},"author":1,"featured_media":0,"parent":0,"menu_order":800,"comment_status":"closed","ping_status":"closed","template":"","meta":{"footnotes":""},"class_list":["post-48313","page","type-page","status-publish","hentry"],"_links":{"self":[{"href":"https:\/\/www.climatecoating.com\/pt-pt\/wp-json\/wp\/v2\/pages\/48313","targetHints":{"allow":["GET"]}}],"collection":[{"href":"https:\/\/www.climatecoating.com\/pt-pt\/wp-json\/wp\/v2\/pages"}],"about":[{"href":"https:\/\/www.climatecoating.com\/pt-pt\/wp-json\/wp\/v2\/types\/page"}],"author":[{"embeddable":true,"href":"https:\/\/www.climatecoating.com\/pt-pt\/wp-json\/wp\/v2\/users\/1"}],"replies":[{"embeddable":true,"href":"https:\/\/www.climatecoating.com\/pt-pt\/wp-json\/wp\/v2\/comments?post=48313"}],"version-history":[{"count":5,"href":"https:\/\/www.climatecoating.com\/pt-pt\/wp-json\/wp\/v2\/pages\/48313\/revisions"}],"predecessor-version":[{"id":63694,"href":"https:\/\/www.climatecoating.com\/pt-pt\/wp-json\/wp\/v2\/pages\/48313\/revisions\/63694"}],"wp:attachment":[{"href":"https:\/\/www.climatecoating.com\/pt-pt\/wp-json\/wp\/v2\/media?parent=48313"}],"curies":[{"name":"wp","href":"https:\/\/api.w.org\/{rel}","templated":true}]}}