{"id":48739,"date":"2023-09-06T11:45:05","date_gmt":"2023-09-06T09:45:05","guid":{"rendered":"https:\/\/www.climatecoating.com\/industria-alimentar\/"},"modified":"2026-02-16T10:49:57","modified_gmt":"2026-02-16T09:49:57","slug":"industria-alimentar","status":"publish","type":"page","link":"https:\/\/www.climatecoating.com\/pt-pt\/dominios-de-aplicacao\/industria-alimentar\/","title":{"rendered":"Ind\u00fastria alimentar"},"content":{"rendered":"<div class=\"wpb-content-wrapper\"><p>[vc_row row_type=&#8221;row&#8221; use_row_as_full_screen_section=&#8221;no&#8221; type=&#8221;full_width&#8221; text_align=&#8221;left&#8221; background_animation=&#8221;none&#8221; padding_bottom=&#8221;45&#8243; css_animation=&#8221;&#8221;][vc_column][vc_single_image image=&#8221;57937&#8243; img_size=&#8221;full&#8221; css=&#8221;.vc_custom_1605018080810{padding-bottom: 30px !important;}&#8221; qode_css_animation=&#8221;&#8221;][vc_column_text]<\/p>\n<h1>Ind\u00fastria alimentar<\/h1>\n<p>[\/vc_column_text][vc_column_text css=&#8221;.vc_custom_1771235378226{padding-bottom: 30px !important;}&#8221;]<span style=\"font-size: 20px;\">Com o ClimateCoating<sup>\u00ae<\/sup> <\/span><span style=\"font-size: 20px;\">&#8211; Elevada higiene. Custos de refrigera\u00e7\u00e3o reduzidos. Resist\u00eancia da superf\u00edcie. <\/span><\/p>\n<p>A higiene \u00e9 uma prioridade m\u00e1xima na ind\u00fastria alimentar &#8211; todas as superf\u00edcies t\u00eam de cumprir os mais elevados requisitos de limpeza e desinfe\u00e7\u00e3o. Os revestimentos funcionais ClimateCoating<sup>\u00ae<\/sup> ajudam-te a <em>cumprir estas normas de forma fi\u00e1vel<\/em>. Reduzem a acumula\u00e7\u00e3o de sujidade e humidade e facilitam a limpeza. Ao mesmo tempo, ajudam a <em>reduzir os custos de refrigera\u00e7\u00e3o e energia a longo prazo<\/em>, minimizando a perda de calor e reduzindo o consumo de eletricidade. Os nossos revestimentos duradouros s\u00e3o resistentes a agentes de limpeza agressivos, humidade e temperaturas extremas, permitindo <em>opera\u00e7\u00f5es seguras, limpas e energeticamente eficientes<\/em>. Deixa-nos aconselhar-te e descobrir como o ClimateCoating<sup>\u00ae<\/sup> pode tornar a tua <em>empresa mais higi\u00e9nica e econ\u00f3mica a longo prazo.<\/em>[\/vc_column_text][vc_row_inner row_type=&#8221;row&#8221; type=&#8221;full_width&#8221; use_row_as_full_screen_section_slide=&#8221;no&#8221; text_align=&#8221;left&#8221; css_animation=&#8221;&#8221;][vc_column_inner width=&#8221;1\/2&#8243;][vc_column_text]HIGIENE[\/vc_column_text][vc_gallery interval=&#8221;3&#8243; images=&#8221;48553,57944,48516&#8243; img_size=&#8221;full&#8221; onclick=&#8221;&#8221; css=&#8221;&#8221; el_class=&#8221;flex-noarrows&#8221;][vc_separator type=&#8221;small&#8221; position=&#8221;left&#8221; border_style=&#8221;&#8221; up=&#8221;18&#8243; down=&#8221;20&#8243; color=&#8221;#d6202d&#8221;][vc_column_text css=&#8221;&#8221;]<a href=\"https:\/\/www.climatecoating.com\/pt-pt\/dominios-de-aplicacao\/protecao-contra-o-bolor\/\" target=\"_blank\" rel=\"noopener\">Prote\u00e7\u00e3o contra o bolor<\/a><\/p>\n<p>Higiene do quarto<\/p>\n<p>Previne condensa\u00e7\u00e3o<\/p>\n<p>Regula\u00e7\u00e3o da humidade<\/p>\n<p>Neutralidade de odores<\/p>\n<p>Resist\u00eancia \u00e0 sujidade<\/p>\n<p>Poupan\u00e7a de energia<\/p>\n<p>Remo\u00e7\u00e3o de sujidade por fotocat\u00e1lise<\/p>\n<p>Ilumina\u00e7\u00e3o de ambientes atrav\u00e9s da reflex\u00e3o da luz<\/p>\n<p>Ladrilhos de teto refrescantes[\/vc_column_text][\/vc_column_inner][vc_column_inner width=&#8221;1\/2&#8243;][vc_column_text]ARREFECIMENTO DE EDIF\u00cdCIOS[\/vc_column_text][vc_gallery interval=&#8221;3&#8243; images=&#8221;48593,55052,48620&#8243; img_size=&#8221;full&#8221; onclick=&#8221;&#8221; css=&#8221;&#8221; el_class=&#8221;flex-noarrows&#8221;][vc_separator type=&#8221;small&#8221; position=&#8221;left&#8221; border_style=&#8221;&#8221; up=&#8221;18&#8243; down=&#8221;20&#8243; color=&#8221;#d6202d&#8221;][vc_column_text]Poupan\u00e7a de energia<\/p>\n<p>Longevidade<\/p>\n<p>Sem fissura\u00e7\u00e3o<\/p>\n<p>Robustez<\/p>\n<p>Repelente de sujidade<\/p>\n<p>Gest\u00e3o da humidade<\/p>\n<p>Retard\u00e2ncia ao fogo<\/p>\n<p>Arrefecimento e redu\u00e7\u00e3o dos custos de arrefecimento<\/p>\n<p>Prote\u00e7\u00e3o contra as intemp\u00e9ries<\/p>\n<p>Aperto<\/p>\n<p>Relaxamento t\u00e9rmico[\/vc_column_text][\/vc_column_inner][\/vc_row_inner][\/vc_column][\/vc_row][vc_row row_type=&#8221;row&#8221; use_row_as_full_screen_section=&#8221;no&#8221; type=&#8221;full_width&#8221; text_align=&#8221;left&#8221; background_animation=&#8221;none&#8221; css_animation=&#8221;&#8221;][vc_column][\/vc_column][\/vc_row]<\/p>\n<\/div>","protected":false},"excerpt":{"rendered":"Ind\u00fastria alimentar Com o ClimateCoating\u00ae - Elevada higiene. Custos de refrigera\u00e7\u00e3o reduzidos. Resist\u00eancia da superf\u00edcie. A higiene \u00e9 uma prioridade m\u00e1xima na ind\u00fastria alimentar - todas as superf\u00edcies t\u00eam de cumprir os mais elevados requisitos de limpeza e desinfe\u00e7\u00e3o. Os revestimentos funcionais ClimateCoating\u00ae ajudam-te a...","protected":false},"author":1,"featured_media":0,"parent":49058,"menu_order":115,"comment_status":"closed","ping_status":"closed","template":"","meta":{"footnotes":""},"class_list":["post-48739","page","type-page","status-publish","hentry"],"_links":{"self":[{"href":"https:\/\/www.climatecoating.com\/pt-pt\/wp-json\/wp\/v2\/pages\/48739","targetHints":{"allow":["GET"]}}],"collection":[{"href":"https:\/\/www.climatecoating.com\/pt-pt\/wp-json\/wp\/v2\/pages"}],"about":[{"href":"https:\/\/www.climatecoating.com\/pt-pt\/wp-json\/wp\/v2\/types\/page"}],"author":[{"embeddable":true,"href":"https:\/\/www.climatecoating.com\/pt-pt\/wp-json\/wp\/v2\/users\/1"}],"replies":[{"embeddable":true,"href":"https:\/\/www.climatecoating.com\/pt-pt\/wp-json\/wp\/v2\/comments?post=48739"}],"version-history":[{"count":6,"href":"https:\/\/www.climatecoating.com\/pt-pt\/wp-json\/wp\/v2\/pages\/48739\/revisions"}],"predecessor-version":[{"id":63909,"href":"https:\/\/www.climatecoating.com\/pt-pt\/wp-json\/wp\/v2\/pages\/48739\/revisions\/63909"}],"up":[{"embeddable":true,"href":"https:\/\/www.climatecoating.com\/pt-pt\/wp-json\/wp\/v2\/pages\/49058"}],"wp:attachment":[{"href":"https:\/\/www.climatecoating.com\/pt-pt\/wp-json\/wp\/v2\/media?parent=48739"}],"curies":[{"name":"wp","href":"https:\/\/api.w.org\/{rel}","templated":true}]}}