{"id":48743,"date":"2023-09-06T11:45:05","date_gmt":"2023-09-06T09:45:05","guid":{"rendered":"https:\/\/www.climatecoating.com\/politica-de-privacidade-ue\/"},"modified":"2023-09-06T11:45:12","modified_gmt":"2023-09-06T09:45:12","slug":"politica-de-privacidade-ue","status":"publish","type":"page","link":"https:\/\/www.climatecoating.com\/pt-pt\/juridico\/politica-de-privacidade-ue\/","title":{"rendered":"Pol\u00edtica de privacidade (UE)"},"content":{"rendered":"<div class=\"wpb-content-wrapper\"><p>[vc_row row_type=&#8221;row&#8221; use_row_as_full_screen_section=&#8221;no&#8221; type=&#8221;full_width&#8221; text_align=&#8221;left&#8221; background_animation=&#8221;none&#8221; css_animation=&#8221;&#8221;][vc_column][vc_column_text]<\/p>\n<h1>Pol\u00edtica de privacidade (UE)<\/h1>\n<p>\n<!-- Legal document generated by Complianz | GDPR\/CCPA Cookie Consent https:\/\/wordpress.org\/plugins\/complianz-gdpr -->\n<div id=\"cmplz-document\" class=\"cmplz-document privacy-statement cmplz-document-eu\"><p><i>Esta declara\u00e7\u00e3o de privacidade foi atualizada pela \u00faltima vez em 13 de Janeiro, 2026 e se aplica a cidad\u00e3os e residentes legais permanentes do Espa\u00e7o Econ\u00f3mico Europeu e Su\u00ed\u00e7a.<\/i><br \/><br \/><\/p><p><p>Nesta declara\u00e7\u00e3o de privacidade, explicamos o que fazemos com os dados que obtemos sobre si por meio de <a href=\"https:\/\/www.climatecoating.com\/pt-pt\/\">https:\/\/www.climatecoating.com\/pt-pt\/<\/a>. Recomendamos que leia atentamente esta declara\u00e7\u00e3o. No nosso processamento, cumprimos os requisitos da legisla\u00e7\u00e3o de privacidade. Isso significa, entre outras coisas, que:<\/p><ul>\n                <li>declaramos claramente as finalidades para as quais processamos dados pessoais. Fazemos isso por meio desta declara\u00e7\u00e3o de privacidade;<\/li>\n                <li>pretendemos limitar a nossa recolha de dados pessoais apenas aos dados pessoais necess\u00e1rios para fins leg\u00edtimos;<\/li>\n                <li>primeiro solicitamos o seu consentimento expl\u00edcito para processar os seus dados pessoais nos casos que requerem o seu consentimento;<\/li>\n                <li>tomamos medidas de seguran\u00e7a adequadas para proteger os seus dados pessoais e tamb\u00e9m exigimos isso de partes que processam dados pessoais em nosso nome;<\/li>\n                <li>respeitamos o seu direito de aceder aos seus dados pessoais, corrigi-los ou apag\u00e1-los, a seu pedido.<\/li>\n            <\/ul><p>Se tiver alguma d\u00favida ou quiser saber exatamente quais dados mantemos de si, entre em contacto connosco.<\/p><\/p><h2>1. Objetivo, dados e per\u00edodo de reten\u00e7\u00e3o<\/h2>Podemos recolher ou receber informa\u00e7\u00f5es pessoais para v\u00e1rios fins relacionados a nossas opera\u00e7\u00f5es comerciais, que podem incluir o seguinte: (clique para expandir)<details class=\"cmplz-dropdown dropdown-privacy-statement\"><summary><div><h3>1.1 Contacto - Atrav\u00e9s de telefone, correio, e-mail e\/ou formul\u00e1rios web<\/h3><\/div><\/summary><p class=\"cmplz-subtitle\">Para tanto, usamos os seguintes dados:<\/p><p><ul><li>Um nome e apelido<\/li><li>Nome da conta ou apelido<\/li><li>Uma casa ou outro endere\u00e7o f\u00edsico, incluindo nome de rua e nome da cidade<\/li><li>Um endere\u00e7o de e-mail<\/li><li>Um n\u00famero de telefone<\/li><li>Endere\u00e7o IP<\/li><li>Sexo<\/li><\/ul><\/p><p class=\"cmplz-subtitle\">A base na qual podemos processar esses dados \u00e9:<\/p><p><a target=\"_blank\" rel=\"noopener noreferrer nofollow\" href=\"https:\/\/cookiedatabase.org\/legal-bases\/#consent\">Mediante a concess\u00e3o do consentimento.<\/a><\/p><p class=\"cmplz-subtitle\">Per\u00edodo de reten\u00e7\u00e3o<\/p><p>Retemos esses dados at\u00e9 que o servi\u00e7o seja encerrado.<\/p><\/details><details class=\"cmplz-dropdown dropdown-privacy-statement\"><summary><div><h3>1.2 Pagamentos<\/h3><\/div><\/summary><p class=\"cmplz-subtitle\">Para tanto, usamos os seguintes dados:<\/p><p><ul><li>Um nome e apelido<\/li><li>Uma casa ou outro endere\u00e7o f\u00edsico, incluindo nome de rua e nome da cidade<\/li><li>Um endere\u00e7o de e-mail<\/li><li>Nome da conta ou apelido<\/li><li>Sexo<\/li><li>Endere\u00e7o IP<\/li><li>Um n\u00famero de telefone<\/li><\/ul><\/p><p class=\"cmplz-subtitle\">A base na qual podemos processar esses dados \u00e9:<\/p><p><a target=\"_blank\" rel=\"noopener noreferrer nofollow\" href=\"https:\/\/cookiedatabase.org\/legal-bases\/#consent\">Mediante a concess\u00e3o do consentimento.<\/a><\/p><p class=\"cmplz-subtitle\">Per\u00edodo de reten\u00e7\u00e3o<\/p><p>Retemos esses dados at\u00e9 que o servi\u00e7o seja encerrado.<\/p><\/details><details class=\"cmplz-dropdown dropdown-privacy-statement\"><summary><div><h3>1.3 Registando uma conta<\/h3><\/div><\/summary><p class=\"cmplz-subtitle\">Para tanto, usamos os seguintes dados:<\/p><p><ul><li>Um nome e apelido<\/li><li>Uma casa ou outro endere\u00e7o f\u00edsico, incluindo nome de rua e nome da cidade<\/li><li>Um endere\u00e7o de e-mail<\/li><li>Nome da conta ou apelido<\/li><li>Sexo<\/li><li>Endere\u00e7o IP<\/li><li>Um n\u00famero de telefone<\/li><\/ul><\/p><p class=\"cmplz-subtitle\">A base na qual podemos processar esses dados \u00e9:<\/p><p><a target=\"_blank\" rel=\"noopener noreferrer nofollow\" href=\"https:\/\/cookiedatabase.org\/legal-bases\/#consent\">Mediante a concess\u00e3o do consentimento.<\/a><\/p><p class=\"cmplz-subtitle\">Per\u00edodo de reten\u00e7\u00e3o<\/p><p>Retemos esses dados at\u00e9 que o servi\u00e7o seja encerrado.<\/p><\/details><details class=\"cmplz-dropdown dropdown-privacy-statement\"><summary><div><h3>1.4 Para apoiar servi\u00e7os ou produtos que um cliente quer comprar ou comprou<\/h3><\/div><\/summary><p class=\"cmplz-subtitle\">Para tanto, usamos os seguintes dados:<\/p><p><ul><li>Um nome e apelido<\/li><li>Nome da conta ou apelido<\/li><li>Uma casa ou outro endere\u00e7o f\u00edsico, incluindo nome de rua e nome da cidade<\/li><li>Um endere\u00e7o de e-mail<\/li><li>Um n\u00famero de telefone<\/li><li>Endere\u00e7o IP<\/li><li>Data de nascimento<\/li><li>Sexo<\/li><\/ul><\/p><p class=\"cmplz-subtitle\">A base na qual podemos processar esses dados \u00e9:<\/p><p><a target=\"_blank\" rel=\"noopener noreferrer nofollow\" href=\"https:\/\/cookiedatabase.org\/legal-bases\/#consent\">Mediante a concess\u00e3o do consentimento.<\/a><\/p><p class=\"cmplz-subtitle\">Per\u00edodo de reten\u00e7\u00e3o<\/p><p>Retemos esses dados at\u00e9 que o servi\u00e7o seja encerrado.<\/p><\/details><details class=\"cmplz-dropdown dropdown-privacy-statement\"><summary><div><h3>1.5 Para poder cumprir com obriga\u00e7\u00f5es legais<\/h3><\/div><\/summary><p class=\"cmplz-subtitle\">Para tanto, usamos os seguintes dados:<\/p><p><ul><li>Um nome e apelido<\/li><li>Uma casa ou outro endere\u00e7o f\u00edsico, incluindo nome de rua e nome da cidade<\/li><li>Um endere\u00e7o de e-mail<\/li><li>Um n\u00famero de telefone<\/li><\/ul><\/p><p class=\"cmplz-subtitle\">A base na qual podemos processar esses dados \u00e9:<\/p><p><a target=\"_blank\" rel=\"noopener noreferrer nofollow\" href=\"https:\/\/cookiedatabase.org\/legal-bases\/#consent\">Mediante a concess\u00e3o do consentimento.<\/a><\/p><p class=\"cmplz-subtitle\">Per\u00edodo de reten\u00e7\u00e3o<\/p><p>Retemos esses dados at\u00e9 que o servi\u00e7o seja encerrado.<\/p><\/details><details class=\"cmplz-dropdown dropdown-privacy-statement\"><summary><div><h3>1.6 Entregas<\/h3><\/div><\/summary><p class=\"cmplz-subtitle\">Para tanto, usamos os seguintes dados:<\/p><p><ul><li>Um nome e apelido<\/li><li>Uma casa ou outro endere\u00e7o f\u00edsico, incluindo nome de rua e nome da cidade<\/li><li>Um endere\u00e7o de e-mail<\/li><li>Nome da conta ou apelido<\/li><li>Sexo<\/li><li>Um n\u00famero de telefone<\/li><\/ul><\/p><p class=\"cmplz-subtitle\">A base na qual podemos processar esses dados \u00e9:<\/p><p><a target=\"_blank\" rel=\"noopener noreferrer nofollow\" href=\"https:\/\/cookiedatabase.org\/legal-bases\/#consent\">Mediante a concess\u00e3o do consentimento.<\/a><\/p><p class=\"cmplz-subtitle\">Per\u00edodo de reten\u00e7\u00e3o<\/p><p>Retemos esses dados at\u00e9 que o servi\u00e7o seja encerrado.<\/p><\/details><h2>2. Partilha com outras partes<\/h2><p>Apenas partilhamos ou divulgamos esses dados com processadores para os seguintes fins:<\/p><p class=\"cmplz-subtitle\">Processadores<\/p><p><b>Nome:<\/b>&nbsp;<br \/>\n            <b>Pa\u00eds:<\/b>&nbsp;<br \/>\n            <b>Objetivo:<\/b>&nbsp;<br \/>\n            <\/p><h2>3. Cookies<\/h2><p>O nosso site usa cookies. Para obter mais informa\u00e7\u00f5es sobre cookies, consulte a nossa <a href=\"https:\/\/www.climatecoating.com\/rechtliches\/cookie-richtlinie-eu\/\">Pol\u00edtica de Cookies<\/a>.&nbsp;<\/p><h2>4. Pr\u00e1ticas de divulga\u00e7\u00e3o<\/h2><p><p>Divulgamos informa\u00e7\u00f5es pessoais se formos obrigados por lei ou por ordem judicial, em resposta a uma ag\u00eancia de aplica\u00e7\u00e3o da lei, na medida permitida por outras disposi\u00e7\u00f5es da lei, para fornecer informa\u00e7\u00f5es ou para uma investiga\u00e7\u00e3o sobre um assunto relacionado \u00e0 seguran\u00e7a p\u00fablica.<\/p><p>Se o nosso site ou organiza\u00e7\u00e3o for adquirido, vendido ou estiver envolvido numa fus\u00e3o ou aquisi\u00e7\u00e3o, os seus dados poder\u00e3o ser divulgados aos nossos consultores e a quaisquer potenciais compradores e ser\u00e3o repassados \u200b\u200baos novos propriet\u00e1rios.<\/p><\/p><p>Conclu\u00edmos um Acordo de Processamento de dados com o Google.<\/p><p>O Google n\u00e3o pode usar os dados para nenhum outro servi\u00e7o do Google.<\/p><p>A inclus\u00e3o de endere\u00e7os IP completos \u00e9 bloqueada por n\u00f3s.<\/p><h2>5. Seguran\u00e7a<\/h2><p>Estamos comprometidos com a seguran\u00e7a dos dados pessoais. Tomamos medidas de seguran\u00e7a adequadas para limitar o abuso e o acesso n\u00e3o autorizado aos dados pessoais. Isso garante que apenas as pessoas necess\u00e1rias tenham acesso aos seus dados, que o acesso aos dados seja protegido e que as nossas medidas de seguran\u00e7a sejam revistas regularmente.<\/p><h2>6. Sites de terceiros<\/h2><p>Esta declara\u00e7\u00e3o de privacidade n\u00e3o se aplica a sites de terceiros ligados por links do nosso site. N\u00e3o podemos garantir que esses terceiros manuseiem os seus dados pessoais de maneira confi\u00e1vel ou segura. Recomendamos que leia as declara\u00e7\u00f5es de privacidade desses sites antes de fazer uso deles.<\/p><h2>7. Altera\u00e7\u00f5es a esta declara\u00e7\u00e3o de privacidade<\/h2><p>Reservamo-nos o direito de fazer altera\u00e7\u00f5es a esta declara\u00e7\u00e3o de privacidade. \u00c9 recomend\u00e1vel que consulte esta declara\u00e7\u00e3o de privacidade regularmente, a fim de estar ciente de quaisquer altera\u00e7\u00f5es. Al\u00e9m disso, iremos inform\u00e1-lo ativamente sempre que poss\u00edvel.<\/p><h2>8. Acedendo e modificando os seus dados<\/h2><p>Se tiver alguma d\u00favida ou quiser saber quais dados pessoais temos sobre si, entre em contacto connosco. Pode-nos contactar usando as informa\u00e7\u00f5es abaixo. Tem os seguintes direitos:<\/p><ul>\n                <li>Tem o direito de saber por que seus dados pessoais s\u00e3o necess\u00e1rios, o que acontecer\u00e1 com eles e por quanto tempo ser\u00e3o retidos.<\/li>\n                <li>Direito de acesso: tem o direito de aceder aos seus dados pessoais que s\u00e3o conhecidos por n\u00f3s.<\/li>\n                <li>Direito \u00e0 retifica\u00e7\u00e3o: tem o direito de complementar, corrigir, excluir ou bloquear os seus dados pessoais sempre que desejar.<\/li>\n                <li>Se nos der o seu consentimento para processar os seus dados, tem o direito de revogar esse consentimento e de ter os seus dados pessoais eliminados.<\/li>\n                <li>Direito de transferir os seus dados: tem o direito de pedir todos os seus dados pessoais ao controlador e transferi-los integralmente para outro controlador.<\/li>\n                <li>Direito de contestar: pode-se opor ao processamento dos seus dados. Cumprimos isso, a menos que haja motivos justificados para o processamento.<\/li>\n            <\/ul><p>Certifique-se de sempre declarar claramente quem \u00e9, para que possamos ter a certeza de que n\u00e3o modificaremos ou excluiremos quaisquer dados da pessoa errada.<\/p><h2>9. Enviar uma reclama\u00e7\u00e3o<\/h2><p>Se n\u00e3o estiver satisfeito com a forma como tratamos (uma reclama\u00e7\u00e3o sobre) o processamento dos seus dados pessoais, tem o direito de apresentar uma reclama\u00e7\u00e3o \u00e0 Autoridade de Prote\u00e7\u00e3o de Dados.<\/p><h2>10. Encarregado de Prote\u00e7\u00e3o de Dados<\/h2><p>Nosso Encarregado de Prote\u00e7\u00e3o de Dados foi registado na Autoridade de Prote\u00e7\u00e3o de Dados de um Estado-Membro da UE. Se tiver quaisquer perguntas ou solicita\u00e7\u00f5es com rela\u00e7\u00e3o a esta declara\u00e7\u00e3o de privacidade ou para o Respons\u00e1vel de Prote\u00e7\u00e3o de Dados, pode entrar em contacto com STR Rechtssicher.Org UG (haftungsbeschr\u00e4nkt), via https:\/\/www.rechtssicher.org ou extdsb@rechtssicher.org ou por telefone no +49 4537 701185.<\/p><h2>11. Detalhes do contacto<\/h2><p>SICC Coatings GmbH<br \/>\n        Wackenbergstra\u00dfe 78 \u2013 82<br \/>\r\nDE-13156 Berlin<br \/>\n        Alemanha<br \/>\n        Local na rede Internet: <a href=\"https:\/\/www.climatecoating.com\/pt-pt\/\">https:\/\/www.climatecoating.com\/pt-pt\/<\/a> <br \/>\n        E-mail: <span class=\"cmplz-obfuscate\">in&#102;o@<span class=\"cmplz-fmail-domain\">ex.co&#109;<\/span>&#115;&#105;&#099;&#099;.&#100;e<\/span> <br \/>\n        Telefone: +49 (0) 30 \/ 50 01 96-0<\/p><h2>Anexo<\/h2><p><h3>WPML<\/h3>\r\nWPML verwendet Cookies zur Feststellung der aktuellen Sprache des Besuchers, der zuletzt besuchten Sprache und der Sprache der Benutzer, die sich eingeloggt haben.\r\n\r\nW\u00e4hrend Sie das Plugin verwenden, wird WPML die Daten bez\u00fcglich der Seite \u00fcber den Installer teilen. Dabei werden keine Daten vom Benutzer selbst geteilt.\r\n<h3>WooCommerce<\/h3>\r\n<div class=\"wp-suggested-text\">\r\n<p class=\"privacy-policy-tutorial\">Dieses Beispiel zeigt grundlegende Informationen dar\u00fcber, welche personenbezogenen Daten dein Shop erfassen, speichern und weitergeben sowie wer Zugriff auf diese Daten haben k\u00f6nnte. Abh\u00e4ngig von den aktivierten Einstellungen und den zus\u00e4tzlich genutzten Plugins werden sich die spezifischen Informationen unterscheiden, die dein Shop nutzt. Wir empfehlen eine Rechtsberatung, um zu kl\u00e4ren, welche Informationen deine Datenschutzerkl\u00e4rung enthalten sollte.<\/p>\r\nWir sammeln Informationen \u00fcber Dich w\u00e4hrend des Bestellvorgangs in unserem Shop.\r\n<h2>Was wir sammeln und speichern<\/h2>\r\nW\u00e4hrend du unsere Website besuchst, zeichnen wir auf:\r\n<ul>\r\n \t<li>Angesehene Produkte: Hier zeigen wir dir Produkte, die du vor Kurzem angesehen hast.<\/li>\r\n \t<li>Standort, IP-Adresse und Browser-Typ: Wir verwenden dies f\u00fcr Zwecke wie die Sch\u00e4tzung von Steuern und Versandkosten<\/li>\r\n \t<li>Versandadresse: Wir werden dich auffordern, diese anzugeben, um beispielsweise die Versandkosten bestimmen zu k\u00f6nnen, bevor du eine Bestellung aufgibst, und dir die Bestellung zusenden zu k\u00f6nnen.<\/li>\r\n<\/ul>\r\nWir nutzen auch Cookies, um den Inhalt deines Warenkorbs zu verfolgen, w\u00e4hrend du unsere Website besuchst.\r\n<p class=\"privacy-policy-tutorial\">Hinweis: Du solltest deine Cookie-Richtlinie mit weiteren Details erg\u00e4nzen und hier einen Link zu diesem Bereich setzen.<\/p>\r\nWenn du bei uns einkaufst, werden wir dich auffordern, Informationen wie deinen Namen, deine Rechnungs- und Versandadresse, deine E-Mail-Adresse und deine Telefonnummer, Kreditkartendaten\/Zahlungsdetails sowie optionale Kontoinformationen wie Benutzername und Kennwort anzugeben. Wir nutzen diese Informationen f\u00fcr folgende Zwecke:\r\n<ul>\r\n \t<li>Zusenden von Informationen \u00fcber dein Konto und Bestellung<\/li>\r\n \t<li>Antwort auf deine Anfragen, inklusive Erstattungen und Beschwerden<\/li>\r\n \t<li>Bearbeitung von Zahlungsvorg\u00e4ngen und Verhinderung von Betrug<\/li>\r\n \t<li>Richten Sie Ihr Konto f\u00fcr unseren Shop ein<\/li>\r\n \t<li>Einhaltung aller rechtlichen Verpflichtungen, beispielsweise die Steuerberechnung<\/li>\r\n \t<li>Verbesserung unsere Shop-Angebote<\/li>\r\n \t<li>Senden von Marketing-Nachrichten, wenn du diese erhalten m\u00f6chtest<\/li>\r\n<\/ul>\r\nWenn du ein Konto bei uns erstellst, speichern wir deinen Namen, deine Adresse, deine E-Mail-Adresse und deine Telefonnummer. Diese Angaben werden bei k\u00fcnftigen Bestellungen zum Ausf\u00fcllen der Bezahlinformationen verwendet.\r\n\r\nWir speichern Informationen \u00fcber dich \u00fcblicherweise so lange, wie wir sie f\u00fcr den Zweck der Erfassung und Nutzung ben\u00f6tigen und verpflichtet sind, sie zu speichern. Beispielsweise speichern wir Bestellinformationen f\u00fcr XXX\u00a0Jahre aus Steuer- und Abrechnungsgr\u00fcnden. Dazu geh\u00f6rt dein Name, deine E-Mail-Adresse sowie deine Rechnungs- und Versandadresse.\r\n\r\nWir speichern auch Kommentare oder Bewertungen, wenn du dich dazu entscheidest diese zu hinterlassen.\r\n<h2>Wer aus unserem Team hat Zugang<\/h2>\r\nMitglieder unseres Teams haben Zugang zu den Informationen, die du uns zur Verf\u00fcgung stellst. Zum Beispiel k\u00f6nnen sowohl Administratoren als auch Shop-Manager auf Folgendes zugreifen:\r\n<ul>\r\n \t<li>Bestellinformationen wie gekaufte Produkte, der Zeitpunkt des Kaufs sowie die Versandadresse und<\/li>\r\n \t<li>Kundeninformationen wie dein Name, E-Mail-Adresse, sowie Rechnungs- und Versandinformationen.<\/li>\r\n<\/ul>\r\nUnsere Teammitglieder haben Zugriff auf diese Informationen, um Bestellungen zu bearbeiten, R\u00fcckerstattungen vorzunehmen und Dich zu unterst\u00fctzen.\r\n<h2>Was wir mit anderen teilen<\/h2>\r\n<p class=\"privacy-policy-tutorial\">In diesem Bereich solltest du auff\u00fchren, an wen und zu welchem Zweck du Daten weitergibst. Dies kann unter anderem Analysen, Marketing, Zahlungs-Gateways, Versandanbieter und Drittanbieter-Elemente umfassen.<\/p>\r\nWir teilen Informationen mit Dritten, die uns helfen, Ihnen unsere Bestellungen und Dienstleistungen anzubieten. Beispielsweise --\r\n<h3>Zahlungen<\/h3>\r\n<p class=\"privacy-policy-tutorial\">In diesem Unterbereich solltest du auflisten, welche externen Zahlungsabwickler die Zahlungen in deinem Shop verarbeiten, da diese Kundendaten verarbeiten k\u00f6nnen. Wir verwenden PayPal als Beispiel, wenn du PayPal aber nicht nutzt, solltest du dies entfernen.<\/p>\r\nWir akzeptieren Zahlungen mit PayPal. Bei der Zahlungsabwicklung werden einige deiner Daten an PayPal weitergegeben. Hierbei werden ausschlie\u00dflich erforderliche Informationen f\u00fcr die Verarbeitung oder Durchf\u00fchrung der Zahlung weitergegeben wie beispielsweise Gesamtkaufpreis und Zahlungsinformationen.\r\n\r\nHier kannst du dir die <a href=\"https:\/\/www.paypal.com\/us\/webapps\/mpp\/ua\/privacy-full\">PayPal Datenschutzerkl\u00e4rung<\/a> ansehen.\r\n\r\n<\/div>\r\n<h3>WPML Media Translation<\/h3>\r\nWPML Media Translation wird die E-Mail-Adresse und den Namen jedes Managers, des zugeteilten \u00dcbersetzers sowie den Inhalt selbst an den erweiterten Translation Editor und die beauftragten \u00dcbersetzungsdienste senden.\r\n<h3>WooCommerce Multilingual<\/h3>\r\nWooCommerce Multilingual verwendet Cookies, um bei der Nutzung von Sprachen in Domains die Infos im Einkaufswagen zu verstehen und um Daten zwischen den Domains zu \u00fcbertragen.\r\n\r\nWooCommerce Multilingual verwendet au\u00dferdem Cookies, um die Sprache und W\u00e4hrung der jeweiligen Kundenbestellung zu identifizieren, sowie die Sprache der Berichte, die von WooCommerce erstellt werden. WooCommerce Multilingual erweitert diese Berichte, indem es Informationen zur W\u00e4hrung hinzuf\u00fcgt.\r\n<h3>WPML Translation Management<\/h3>\r\nWPML Translation Management wird die E-Mail-Adresse und den Namen jedes Managers sowie des zugeordneten \u00dcbersetzers und den Inhalt selbst an den erweiterten Translation Editor und die eingesetzten \u00dcbersetzungsdienste senden.\r\n<h3>WPML String Translation<\/h3>\r\nWPML String Translation wird alle Strings an WPMLs erweiterten Translation Editor und an die eingesetzten \u00dcbersetzungsdienste senden.\r\n<h3>Really Simple SSL<\/h3>\r\nReally Simple SSL und Really Simple SSL Add-ons verarbeiten keine personenbezogenen Daten, so dass die DSGVO bei diesen Plugins oder die Benutzung dieser Plugins auf deiner Website keine Anwendung findet. Du findest unsere Datenschutzerkl\u00e4rung <a href=\"https:\/\/really-simple-ssl.com\/privacy-statement\/\" target=\"_blank\" rel=\"noopener\">hier<\/a>.<\/p><\/div>[\/vc_column_text][\/vc_column][\/vc_row]<\/p>\n<\/div>","protected":false},"excerpt":{"rendered":"<p>[vc_row row_type=&#8221;row&#8221; use_row_as_full_screen_section=&#8221;no&#8221; type=&#8221;full_width&#8221; text_align=&#8221;left&#8221; background_animation=&#8221;none&#8221; css_animation=&#8221;&#8221;][vc_column][vc_column_text] Pol\u00edtica de privacidade (UE) [\/vc_column_text][\/vc_column][\/vc_row]<\/p>\n","protected":false},"author":1,"featured_media":0,"parent":48836,"menu_order":820,"comment_status":"closed","ping_status":"closed","template":"","meta":{"footnotes":""},"class_list":["post-48743","page","type-page","status-publish","hentry"],"_links":{"self":[{"href":"https:\/\/www.climatecoating.com\/pt-pt\/wp-json\/wp\/v2\/pages\/48743","targetHints":{"allow":["GET"]}}],"collection":[{"href":"https:\/\/www.climatecoating.com\/pt-pt\/wp-json\/wp\/v2\/pages"}],"about":[{"href":"https:\/\/www.climatecoating.com\/pt-pt\/wp-json\/wp\/v2\/types\/page"}],"author":[{"embeddable":true,"href":"https:\/\/www.climatecoating.com\/pt-pt\/wp-json\/wp\/v2\/users\/1"}],"replies":[{"embeddable":true,"href":"https:\/\/www.climatecoating.com\/pt-pt\/wp-json\/wp\/v2\/comments?post=48743"}],"version-history":[{"count":0,"href":"https:\/\/www.climatecoating.com\/pt-pt\/wp-json\/wp\/v2\/pages\/48743\/revisions"}],"up":[{"embeddable":true,"href":"https:\/\/www.climatecoating.com\/pt-pt\/wp-json\/wp\/v2\/pages\/48836"}],"wp:attachment":[{"href":"https:\/\/www.climatecoating.com\/pt-pt\/wp-json\/wp\/v2\/media?parent=48743"}],"curies":[{"name":"wp","href":"https:\/\/api.w.org\/{rel}","templated":true}]}}