{"id":48744,"date":"2023-09-06T11:45:06","date_gmt":"2023-09-06T09:45:06","guid":{"rendered":"https:\/\/www.climatecoating.com\/agricultura-e-criacao-de-animais\/"},"modified":"2026-02-17T09:30:20","modified_gmt":"2026-02-17T08:30:20","slug":"agricultura-e-criacao-de-animais","status":"publish","type":"page","link":"https:\/\/www.climatecoating.com\/pt-pt\/dominios-de-aplicacao\/agricultura-e-criacao-de-animais\/","title":{"rendered":"Agricultura e cria\u00e7\u00e3o de animais"},"content":{"rendered":"<div class=\"wpb-content-wrapper\"><p>[vc_row row_type=&#8221;row&#8221; use_row_as_full_screen_section=&#8221;no&#8221; type=&#8221;full_width&#8221; text_align=&#8221;left&#8221; background_animation=&#8221;none&#8221; padding_bottom=&#8221;45&#8243; css_animation=&#8221;&#8221;][vc_column][vc_single_image image=&#8221;57936&#8243; img_size=&#8221;full&#8221; css=&#8221;.vc_custom_1605019142328{padding-bottom: 30px !important;}&#8221; qode_css_animation=&#8221;&#8221;][vc_column_text]<\/p>\n<h1>Agricultura e cria\u00e7\u00e3o de animais<\/h1>\n<p>[\/vc_column_text][vc_column_text css=&#8221;.vc_custom_1771316940426{padding-bottom: 30px !important;}&#8221;]<span style=\"font-size: 20px;\">Com o ClimateCoating<sup>\u00ae<\/sup><sup>\u00a0<\/sup><\/span><span style=\"font-size: 20px;\">&#8211; Prote\u00e7\u00e3o contra a humidade. Poupan\u00e7a de energia. Superf\u00edcies lav\u00e1veis. <\/span><\/p>\n<p data-start=\"257\" data-end=\"837\">Os edif\u00edcios agr\u00edcolas, como est\u00e1bulos, celeiros ou armaz\u00e9ns, est\u00e3o constantemente expostos \u00e0 humidade, sujidade, bolor e flutua\u00e7\u00f5es de temperatura. As tintas para paredes, rebocos e revestimentos para telhados da ClimateCoating<sup>\u00ae<\/sup> <em>protegem de forma fi\u00e1vel o tecido do edif\u00edcio<\/em> contra estas press\u00f5es. Os revestimentos funcionais <em>minimizam a forma\u00e7\u00e3o de bolor e algas<\/em>, <em>reduzem a sujidade e, ao mesmo tempo, diminuem os custos de aquecimento e energia<\/em>. Assim, os operadores beneficiam de vantagens econ\u00f3micas, condi\u00e7\u00f5es de habita\u00e7\u00e3o saud\u00e1veis e superf\u00edcies dur\u00e1veis e de f\u00e1cil manuten\u00e7\u00e3o &#8211; para opera\u00e7\u00f5es eficientes, seguras e sustent\u00e1veis.<\/p>\n<p>[\/vc_column_text][vc_row_inner row_type=&#8221;row&#8221; type=&#8221;full_width&#8221; use_row_as_full_screen_section_slide=&#8221;no&#8221; text_align=&#8221;left&#8221; css_animation=&#8221;&#8221;][vc_column_inner width=&#8221;1\/4&#8243;][vc_column_text]APLICA\u00c7\u00d5ES<br \/>\nINSIDE[\/vc_column_text][vc_gallery interval=&#8221;3&#8243; images=&#8221;48553,57944,48516&#8243; img_size=&#8221;full&#8221; onclick=&#8221;&#8221; el_class=&#8221;flex-noarrows&#8221;][vc_separator type=&#8221;small&#8221; position=&#8221;left&#8221; border_style=&#8221;&#8221; up=&#8221;18&#8243; down=&#8221;20&#8243; color=&#8221;#d6202d&#8221;][vc_column_text]Higiene do quarto e prote\u00e7\u00e3o contra o bolor<\/p>\n<p>Preven\u00e7\u00e3o de condensa\u00e7\u00e3o e regula\u00e7\u00e3o da humidade<\/p>\n<p>Melhoria do clima interior e conforto de vida<\/p>\n<p>Resist\u00eancia \u00e0 sujidade e fotocat\u00e1lise<\/p>\n<p>Poupan\u00e7a de energia e efici\u00eancia econ\u00f3mica<\/p>\n<p>Renova\u00e7\u00e3o de azulejos de teto<\/p>\n<p>Ilumina\u00e7\u00e3o de ambientes atrav\u00e9s da reflex\u00e3o da luz<\/p>\n<p>Revestimento de prote\u00e7\u00e3o para espuma PU[\/vc_column_text][\/vc_column_inner][vc_column_inner width=&#8221;1\/4&#8243;][vc_column_text]APLICA\u00c7\u00d5ES<br \/>\nAO AR LIVRE[\/vc_column_text][vc_gallery interval=&#8221;3&#8243; images=&#8221;55052,57848,48620&#8243; img_size=&#8221;full&#8221; onclick=&#8221;&#8221; el_class=&#8221;flex-noarrows&#8221;][vc_separator type=&#8221;small&#8221; position=&#8221;left&#8221; border_style=&#8221;&#8221; up=&#8221;18&#8243; down=&#8221;20&#8243; color=&#8221;#d6202d&#8221;][vc_column_text]Melhorar o balan\u00e7o energ\u00e9tico do edif\u00edcio<\/p>\n<p>Durabilidade, aus\u00eancia de fissuras e robustez<\/p>\n<p>Redu\u00e7\u00e3o do crescimento de algas, musgo e fungos<\/p>\n<p>Gest\u00e3o da humidade e regula\u00e7\u00e3o da temperatura<\/p>\n<p>Fachadas hist\u00f3ricas: Desumidifica\u00e7\u00e3o suave e reten\u00e7\u00e3o de valor<\/p>\n<p>Retard\u00e2ncia ao fogo<\/p>\n<p>Revestimento de prote\u00e7\u00e3o para espuma PU[\/vc_column_text][\/vc_column_inner][vc_column_inner width=&#8221;1\/4&#8243;][vc_column_text]APLICA\u00c7\u00d5ES<br \/>\nTETO[\/vc_column_text][vc_gallery interval=&#8221;3&#8243; images=&#8221;48593,48541,48509&#8243; img_size=&#8221;full&#8221; onclick=&#8221;&#8221; el_class=&#8221;flex-noarrows&#8221;][vc_separator type=&#8221;small&#8221; position=&#8221;left&#8221; border_style=&#8221;&#8221; up=&#8221;18&#8243; down=&#8221;20&#8243; color=&#8221;#d6202d&#8221;][vc_column_text css=&#8221;&#8221;]<a href=\"https:\/\/www.climatecoating.com\/pt-pt\/dominios-de-aplicacao\/arrefecimento-e-reducao-dos-custos-de-arrefecimento\/\" target=\"_blank\" rel=\"noopener\">Arrefecimento e redu\u00e7\u00e3o da capacidade de arrefecimento<\/a><\/p>\n<p>Prote\u00e7\u00e3o contra as intemp\u00e9ries e durabilidade<\/p>\n<p>Estanquicidade<\/p>\n<p>Relaxamento t\u00e9rmico[\/vc_column_text][\/vc_column_inner][vc_column_inner width=&#8221;1\/4&#8243;][vc_column_text]APLICA\u00c7\u00d5ES<br \/>\nMADEIRA[\/vc_column_text][vc_gallery interval=&#8221;3&#8243; images=&#8221;57952,57951,57953&#8243; img_size=&#8221;full&#8221; onclick=&#8221;&#8221; el_class=&#8221;flex-noarrows&#8221;][vc_separator type=&#8221;small&#8221; position=&#8221;left&#8221; border_style=&#8221;&#8221; up=&#8221;18&#8243; down=&#8221;20&#8243; color=&#8221;#d6202d&#8221;][vc_column_text]Prote\u00e7\u00e3o contra a intemp\u00e9rie a longo prazo[\/vc_column_text][\/vc_column_inner][\/vc_row_inner][\/vc_column][\/vc_row][vc_row row_type=&#8221;row&#8221; use_row_as_full_screen_section=&#8221;no&#8221; type=&#8221;full_width&#8221; text_align=&#8221;left&#8221; background_animation=&#8221;none&#8221; css_animation=&#8221;&#8221;][vc_column][\/vc_column][\/vc_row]<\/p>\n<\/div>","protected":false},"excerpt":{"rendered":"Agricultura e cria\u00e7\u00e3o de animais Com o ClimateCoating\u00ae\u00a0- Prote\u00e7\u00e3o contra a humidade. Poupan\u00e7a de energia. Superf\u00edcies lav\u00e1veis. Os edif\u00edcios agr\u00edcolas, como est\u00e1bulos, celeiros ou armaz\u00e9ns, est\u00e3o constantemente expostos \u00e0 humidade, sujidade, bolor e flutua\u00e7\u00f5es de temperatura. As tintas para paredes, rebocos e revestimentos para telhados...","protected":false},"author":1,"featured_media":0,"parent":49058,"menu_order":140,"comment_status":"closed","ping_status":"closed","template":"","meta":{"footnotes":""},"class_list":["post-48744","page","type-page","status-publish","hentry"],"_links":{"self":[{"href":"https:\/\/www.climatecoating.com\/pt-pt\/wp-json\/wp\/v2\/pages\/48744","targetHints":{"allow":["GET"]}}],"collection":[{"href":"https:\/\/www.climatecoating.com\/pt-pt\/wp-json\/wp\/v2\/pages"}],"about":[{"href":"https:\/\/www.climatecoating.com\/pt-pt\/wp-json\/wp\/v2\/types\/page"}],"author":[{"embeddable":true,"href":"https:\/\/www.climatecoating.com\/pt-pt\/wp-json\/wp\/v2\/users\/1"}],"replies":[{"embeddable":true,"href":"https:\/\/www.climatecoating.com\/pt-pt\/wp-json\/wp\/v2\/comments?post=48744"}],"version-history":[{"count":8,"href":"https:\/\/www.climatecoating.com\/pt-pt\/wp-json\/wp\/v2\/pages\/48744\/revisions"}],"predecessor-version":[{"id":63951,"href":"https:\/\/www.climatecoating.com\/pt-pt\/wp-json\/wp\/v2\/pages\/48744\/revisions\/63951"}],"up":[{"embeddable":true,"href":"https:\/\/www.climatecoating.com\/pt-pt\/wp-json\/wp\/v2\/pages\/49058"}],"wp:attachment":[{"href":"https:\/\/www.climatecoating.com\/pt-pt\/wp-json\/wp\/v2\/media?parent=48744"}],"curies":[{"name":"wp","href":"https:\/\/api.w.org\/{rel}","templated":true}]}}