{"id":48745,"date":"2023-09-06T11:45:06","date_gmt":"2023-09-06T09:45:06","guid":{"rendered":"https:\/\/www.climatecoating.com\/sustentabilidade-e-ambiente\/"},"modified":"2026-03-03T16:08:21","modified_gmt":"2026-03-03T15:08:21","slug":"sustentabilidade-e-ambiente","status":"publish","type":"page","link":"https:\/\/www.climatecoating.com\/pt-pt\/empresa\/sustentabilidade-e-ambiente\/","title":{"rendered":"Sustentabilidade e ambiente"},"content":{"rendered":"<div class=\"wpb-content-wrapper\"><p>[vc_row row_type=&#8221;row&#8221; use_row_as_full_screen_section=&#8221;no&#8221; type=&#8221;full_width&#8221; text_align=&#8221;left&#8221; background_animation=&#8221;none&#8221; padding_bottom=&#8221;45&#8243; css_animation=&#8221;&#8221;][vc_column][vc_single_image image=&#8221;60340&#8243; img_size=&#8221;full&#8221; css=&#8221;.vc_custom_1764336814193{padding-bottom: 30px !important;}&#8221; qode_css_animation=&#8221;&#8221;][vc_row_inner row_type=&#8221;row&#8221; type=&#8221;full_width&#8221; use_row_as_full_screen_section_slide=&#8221;no&#8221; text_align=&#8221;left&#8221; css_animation=&#8221;&#8221;][vc_column_inner width=&#8221;1\/4&#8243;]<div class=\"ult_row_spacer\"><div class=\"ult-sticky-anchor\"><div class=\"ult-sticky-section ult-sticky \"  data-gutter= '100' data-stick_behaviour= 'stick_with_scroll_row'  data-sticky_position= 'top' data-mobile='no' data-support='no'>[vc_raw_html]W2Ntd2l6YXJkIHdpZGdldD0iMiIgL10=[\/vc_raw_html]<\/div><div class=\"ult-space\"><\/div><\/div><\/div>[\/vc_column_inner][vc_column_inner width=&#8221;3\/4&#8243;][vc_column_text]<\/p>\n<h1>Sustentabilidade e ambiente<\/h1>\n<p><strong>Guia para o desenvolvimento dos nossos produtos: <em>menos \u00e9 mais<\/em><\/strong><\/p>\n<p>Produzimos produtos com valor acrescentado para as pessoas e para o ambiente. Menos consumo de energia, menos consumo de recursos. Em contrapartida, poupa-se mais energia e mant\u00e9m-se o valor dos edif\u00edcios a longo prazo.<\/p>\n<p><strong>Sinal de qualidade do produto: <em>n\u00edvel mais elevado<\/em><\/strong><\/p>\n<p>Procuramos questionar todos os passos que damos e todas as abordagens que adoptamos todos os dias. Asseguramos que cada lote que sai da nossa casa \u00e9 da mais alta qualidade.<\/p>\n<p><strong>Guia de Sustentabilidade Ambiental:<em> Responsabilidade <\/em> <\/strong><\/p>\n<p>Procur\u00e1mos fornecedores que seguissem o princ\u00edpio de uma gest\u00e3o ecologicamente correcta e que assumissem a responsabilidade pelo ambiente.[\/vc_column_text][vc_single_image image=&#8221;57248&#8243; css=&#8221;&#8221; qode_css_animation=&#8221;&#8221;][vc_column_text css=&#8221;&#8221;]<span class=\"jCAhz ChMk0b\"><span class=\"ryNqvb\">Uma Declara\u00e7\u00e3o Ambiental de Produto (EPD, na sigla em ingl\u00eas) \u00e9 uma declara\u00e7\u00e3o padronizada e baseada em evid\u00eancias cient\u00edficas que apresenta, de forma transparente, o impacto ambiental de um produto ao longo de todo o seu ciclo de vida.<\/span><\/span> <span class=\"jCAhz ChMk0b\"><span class=\"ryNqvb\">Em 2025, a SICC Coatings recebeu EPDs para diversos produtos, verificadas pelo <a href=\"https:\/\/www.mrpi.nl\/\" target=\"_blank\" rel=\"noopener\">MRPI Netherlands<\/a> e confirmadas pela <a href=\"https:\/\/www.eco-platform.org\/home.html\" target=\"_blank\" rel=\"noopener\">Plataforma ECO<\/a>.<\/span><\/span> <span class=\"jCAhz ChMk0b\"><span class=\"ryNqvb\">O reconhecimento atesta a sustentabilidade e a conserva\u00e7\u00e3o de recursos dos produtos e refor\u00e7a o compromisso da SICC Coatings com solu\u00e7\u00f5es ambientalmente respons\u00e1veis.<\/span><\/span><\/p>\n<p><a href=\"https:\/\/www.climatecoating.com\/wp-content\/uploads\/2025\/10\/1.1.00872.2025-MRPI-EPD-SICC-ThermoPlus-indoor-wall-coating-getekend.pdf\" target=\"_blank\" rel=\"noopener\">EPD ThermoPlus<\/a> \u00a0\u00a0 \u00a0\u00a0 \u00a0\u00a0 \u00a0\u00a0<a href=\"https:\/\/www.climatecoating.com\/wp-content\/uploads\/2025\/10\/1.1.00874.2025-MRPI-EPD-SICC-ThermoVital-indoor-wall-coating-getekend.pdf\" target=\"_blank\" rel=\"noopener\">EPD ThermoVital <\/a> \u00a0\u00a0 \u00a0\u00a0 \u00a0\u00a0 \u00a0\u00a0 <a href=\"https:\/\/www.climatecoating.com\/wp-content\/uploads\/2025\/10\/1.1.00869.2025-MRPI-EPD-SICC-Lumen-indoor-wall-coating-getekend.pdf\" target=\"_blank\" rel=\"noopener\">EPD Lumen<\/a><\/p>\n<p><a href=\"https:\/\/www.climatecoating.com\/wp-content\/uploads\/2025\/10\/1.1.00873.2025-MRPI-EPD-SICC-ThermoProtect-facade-coating-getekend.pdf\" target=\"_blank\" rel=\"noopener\">EPD ThermoProtect <\/a>\u00a0 \u00a0 \u00a0 <a href=\"https:\/\/www.climatecoating.com\/wp-content\/uploads\/2025\/10\/1.1.00870.2025-MRPI-EPD-SICC-ThermoActiveThermoActive-roof-coating-getekend.pdf\" target=\"_blank\" rel=\"noopener\">EPD ThermoActive<\/a> \u00a0\u00a0 \u00a0\u00a0 \u00a0\u00a0 <a href=\"https:\/\/www.climatecoating.com\/wp-content\/uploads\/2025\/10\/1.1.00871.2025-MRPI-EPD-SICC-History-facade-coating-getekend.pdf\" target=\"_blank\" rel=\"noopener\">EPD History<\/a> <a href=\"https:\/\/www.climatecoating.com\/wp-content\/uploads\/2025\/10\/1.1.00868.2025-MRPI-EPD-SICC-Nature-outdoor-wood-coating-getekend.pdf\" target=\"_blank\" rel=\"noopener\">EPD Nature<\/a>[\/vc_column_text][\/vc_column_inner][\/vc_row_inner][\/vc_column][\/vc_row][vc_row row_type=&#8221;row&#8221; use_row_as_full_screen_section=&#8221;no&#8221; type=&#8221;full_width&#8221; text_align=&#8221;left&#8221; background_animation=&#8221;none&#8221; css_animation=&#8221;&#8221; css=&#8221;.vc_custom_1613667582104{padding-bottom: 30px !important;}&#8221;][vc_column][vc_separator type=&#8221;normal&#8221; border_style=&#8221;&#8221;][vc_row_inner row_type=&#8221;row&#8221; type=&#8221;full_width&#8221; use_row_as_full_screen_section_slide=&#8221;no&#8221; text_align=&#8221;left&#8221; css_animation=&#8221;&#8221;][vc_column_inner width=&#8221;2\/5&#8243;][vc_column_text]<\/p>\n<h3>Os nossos princ\u00edpios na pol\u00edtica de qualidade e na pol\u00edtica ambiental<\/h3>\n<p>A pol\u00edtica de qualidade e a pol\u00edtica ambiental s\u00e3o componentes da nossa pol\u00edtica empresarial e declaram a pretens\u00e3o da SICC Coatings GmbH no que diz respeito \u00e0 alta qualidade do produto e do servi\u00e7o para com os nossos clientes, os funcion\u00e1rios da empresa e todos os grupos de interesse.<\/p>\n<p>Ao mesmo tempo, a SICC Coatings GmbH est\u00e1 empenhada em reduzir todos os impactos ambientais espec\u00edficos da empresa e at\u00e9 mesmo evit\u00e1-los, se poss\u00edvel. A base para tal \u00e9 a identifica\u00e7\u00e3o dos aspectos ambientais relevantes espec\u00edficos da empresa, que mostram onde se encontram os encargos ambientais.<\/p>\n<p>A SICC Coatings GmbH compromete-se a trabalhar na melhoria cont\u00ednua para evitar a polui\u00e7\u00e3o ambiental e para cumprir as obriga\u00e7\u00f5es legais e a legisla\u00e7\u00e3o aplic\u00e1vel.<\/p>\n<p>O trabalho e a aplica\u00e7\u00e3o da nossa pol\u00edtica de qualidade e ambiental t\u00eam um efeito positivo tanto na qualidade dos produtos, como na efic\u00e1cia dos processos e na redu\u00e7\u00e3o do impacto ambiental. A confian\u00e7a e a satisfa\u00e7\u00e3o dos nossos clientes, colaboradores e partes interessadas, bem como a influ\u00eancia ativa em todos os processos relevantes para o ambiente, s\u00e3o o conte\u00fado da nossa pol\u00edtica de qualidade e ambiental.<\/p>\n<p>Os sistemas de gest\u00e3o da qualidade e do ambiente s\u00e3o sempre revistos para verificar a sua adequa\u00e7\u00e3o e o cumprimento do objetivo.[\/vc_column_text][vc_single_image image=&#8221;54033&#8243; img_size=&#8221;full&#8221; css=&#8221;&#8221; qode_css_animation=&#8221;&#8221;][\/vc_column_inner][vc_column_inner width=&#8221;3\/5&#8243;][vc_column_text]<strong>Princ\u00edpio 1 &#8211; Impactos ambientais &#8211; Impactos no ambiente<br \/>\n<\/strong>Reduzir, ou melhor, evitar os impactos ambientais espec\u00edficos da empresa. Analisamos e influenciamos regularmente a natureza, o \u00e2mbito e os impactos ambientais das nossas actividades, produtos e servi\u00e7os.<\/p>\n<p>P<strong>rinc\u00edpio 2 &#8211; Cumprimento da legisla\u00e7\u00e3o<\/strong> Compromisso de cumprir as obriga\u00e7\u00f5es legais e a legisla\u00e7\u00e3o aplic\u00e1vel.<\/p>\n<p>P<strong>rinc\u00edpio 3 &#8211; Objectivos<\/strong> Os objectivos de qualidade e ambientais baseiam-se na nossa pol\u00edtica de qualidade e ambiental.<\/p>\n<p>P<strong>rinc\u00edpio 4 &#8211; Orienta\u00e7\u00e3o para o cliente<\/strong> Prometemos aos nossos clientes e parceiros a qualidade esperada ou garantida dos nossos produtos. Utilizamos os nossos conhecimentos e experi\u00eancia para ir ao encontro dos nossos clientes de uma forma profissional e para responder a quest\u00f5es e sugest\u00f5es.<\/p>\n<p>P<strong>rinc\u00edpio 5 &#8211; Melhoria cont\u00ednua<\/strong> Como parte do desenvolvimento a longo prazo da nossa empresa, a melhoria e a modifica\u00e7\u00e3o dos produtos \u00e9 o objetivo do nosso trabalho. Para o efeito, estamos constantemente a melhorar o nosso pr\u00f3prio n\u00edvel de forma\u00e7\u00e3o. O sistema de gest\u00e3o da qualidade e do ambiente tamb\u00e9m est\u00e1 sujeito a este trabalho e melhoria constantes.<\/p>\n<p>P<strong>rinc\u00edpio 6 &#8211; Sensibiliza\u00e7\u00e3o para<\/strong> a qualidade Mantemos a sensibiliza\u00e7\u00e3o para a qualidade na nossa empresa atrav\u00e9s de processos, informa\u00e7\u00f5es, forma\u00e7\u00e3o e instru\u00e7\u00f5es adequadas e transmitimos constantemente esta mentalidade aos nossos parceiros de vendas.<\/p>\n<p>P<strong>rinc\u00edpio 7 &#8211; Comunica\u00e7\u00e3o<\/strong> Comunicamos a pol\u00edtica de qualidade e ambiental e os objectivos que dela decorrem \u00e0 nossa empresa e aos nossos clientes e partes interessadas. Os resultados desta comunica\u00e7\u00e3o s\u00e3o decisivos para as conclus\u00f5es e ac\u00e7\u00f5es futuras.[\/vc_column_text][\/vc_column_inner][\/vc_row_inner][\/vc_column][\/vc_row]<\/p>\n<\/div>","protected":false},"excerpt":{"rendered":"<p>[vc_row row_type=&#8221;row&#8221; use_row_as_full_screen_section=&#8221;no&#8221; type=&#8221;full_width&#8221; text_align=&#8221;left&#8221; background_animation=&#8221;none&#8221; padding_bottom=&#8221;45&#8243; css_animation=&#8221;&#8221;][vc_column][vc_single_image image=&#8221;60340&#8243; img_size=&#8221;full&#8221; css=&#8221;.vc_custom_1764336814193{padding-bottom: 30px !important;}&#8221; qode_css_animation=&#8221;&#8221;][vc_row_inner row_type=&#8221;row&#8221; type=&#8221;full_width&#8221; use_row_as_full_screen_section_slide=&#8221;no&#8221; text_align=&#8221;left&#8221; css_animation=&#8221;&#8221;][vc_column_inner width=&#8221;1\/4&#8243;][\/vc_column_inner][vc_column_inner width=&#8221;3\/4&#8243;][vc_column_text] Sustentabilidade e ambiente Guia para o desenvolvimento dos nossos produtos: menos \u00e9 mais Produzimos produtos com valor acrescentado para as pessoas e para o&#8230;<\/p>\n","protected":false},"author":1,"featured_media":0,"parent":48859,"menu_order":610,"comment_status":"closed","ping_status":"closed","template":"","meta":{"footnotes":""},"class_list":["post-48745","page","type-page","status-publish","hentry"],"_links":{"self":[{"href":"https:\/\/www.climatecoating.com\/pt-pt\/wp-json\/wp\/v2\/pages\/48745","targetHints":{"allow":["GET"]}}],"collection":[{"href":"https:\/\/www.climatecoating.com\/pt-pt\/wp-json\/wp\/v2\/pages"}],"about":[{"href":"https:\/\/www.climatecoating.com\/pt-pt\/wp-json\/wp\/v2\/types\/page"}],"author":[{"embeddable":true,"href":"https:\/\/www.climatecoating.com\/pt-pt\/wp-json\/wp\/v2\/users\/1"}],"replies":[{"embeddable":true,"href":"https:\/\/www.climatecoating.com\/pt-pt\/wp-json\/wp\/v2\/comments?post=48745"}],"version-history":[{"count":3,"href":"https:\/\/www.climatecoating.com\/pt-pt\/wp-json\/wp\/v2\/pages\/48745\/revisions"}],"predecessor-version":[{"id":64385,"href":"https:\/\/www.climatecoating.com\/pt-pt\/wp-json\/wp\/v2\/pages\/48745\/revisions\/64385"}],"up":[{"embeddable":true,"href":"https:\/\/www.climatecoating.com\/pt-pt\/wp-json\/wp\/v2\/pages\/48859"}],"wp:attachment":[{"href":"https:\/\/www.climatecoating.com\/pt-pt\/wp-json\/wp\/v2\/media?parent=48745"}],"curies":[{"name":"wp","href":"https:\/\/api.w.org\/{rel}","templated":true}]}}