{"id":48773,"date":"2023-09-06T11:45:09","date_gmt":"2023-09-06T09:45:09","guid":{"rendered":"https:\/\/www.climatecoating.com\/industria-transformadora\/"},"modified":"2026-02-16T10:56:53","modified_gmt":"2026-02-16T09:56:53","slug":"industria-transformadora","status":"publish","type":"page","link":"https:\/\/www.climatecoating.com\/pt-pt\/dominios-de-aplicacao\/industria-transformadora\/","title":{"rendered":"Ind\u00fastria transformadora"},"content":{"rendered":"<div class=\"wpb-content-wrapper\"><p>[vc_row row_type=&#8221;row&#8221; use_row_as_full_screen_section=&#8221;no&#8221; type=&#8221;full_width&#8221; text_align=&#8221;left&#8221; background_animation=&#8221;none&#8221; padding_bottom=&#8221;45&#8243; css_animation=&#8221;&#8221;][vc_column][vc_single_image image=&#8221;57939&#8243; img_size=&#8221;full&#8221; css=&#8221;.vc_custom_1605018310308{padding-bottom: 30px !important;}&#8221; qode_css_animation=&#8221;&#8221;][vc_column_text]<\/p>\n<h1>Ind\u00fastria transformadora<\/h1>\n<p>[\/vc_column_text][vc_column_text css=&#8221;.vc_custom_1771235799521{padding-bottom: 30px !important;}&#8221;]<span style=\"font-size: 20px;\">Com o ClimateCoating<sup>\u00ae<\/sup><sup>\u00a0<\/sup><\/span><span style=\"font-size: 20px;\">&#8211; Equilibra a temperatura ambiente. Poupan\u00e7a de energia. Superf\u00edcies industriais resistentes. <\/span><\/p>\n<p>Os pavilh\u00f5es das f\u00e1bricas, as salas de produ\u00e7\u00e3o e os est\u00fadios exigem muito das paredes, dos tectos, das fachadas e dos telhados. As tintas funcionais ClimateCoating<sup>\u00ae<\/sup> oferecem <em>solu\u00e7\u00f5es duradouras e funcionais<\/em> para este efeito &#8211; desde tintas robustas para paredes a revestimentos de telhados e fachadas energeticamente eficientes. Ajudam a <em>reduzir a perda de calor<\/em>, <em>a diminuir os custos energ\u00e9ticos e operacionais<\/em> e a garantir um <em>clima interior est\u00e1vel<\/em>. Ao mesmo tempo, s\u00e3o <em>altamente dur\u00e1veis<\/em>, <em>requerem pouca manuten\u00e7\u00e3o<\/em> e d\u00e3o um contributo tang\u00edvel para a <em>prote\u00e7\u00e3o do ambiente e a conserva\u00e7\u00e3o dos recursos<\/em>. Combinam <em>funcionalidade, rentabilidade e sustentabilidade<\/em> num \u00fanico sistema.[\/vc_column_text][vc_row_inner row_type=&#8221;row&#8221; type=&#8221;full_width&#8221; use_row_as_full_screen_section_slide=&#8221;no&#8221; text_align=&#8221;left&#8221; css_animation=&#8221;&#8221;][vc_column_inner width=&#8221;1\/3&#8243;][vc_column_text]APLICA\u00c7\u00d5ES NO INTERIOR[\/vc_column_text][vc_gallery interval=&#8221;3&#8243; images=&#8221;48553,63712,63713&#8243; img_size=&#8221;full&#8221; onclick=&#8221;&#8221; css=&#8221;&#8221; el_class=&#8221;flex-noarrows&#8221;][vc_separator type=&#8221;small&#8221; position=&#8221;left&#8221; border_style=&#8221;&#8221; up=&#8221;18&#8243; down=&#8221;20&#8243; color=&#8221;#d6202d&#8221;][vc_column_text]Previne condensa\u00e7\u00e3o<\/p>\n<p>Regula\u00e7\u00e3o da humidade<\/p>\n<p>Neutralidade de odores<\/p>\n<p>Resist\u00eancia \u00e0 sujidade<\/p>\n<p>Poupan\u00e7a de energia<\/p>\n<p>Melhoria ac\u00fastica<\/p>\n<p>Remo\u00e7\u00e3o de sujidade por fotocat\u00e1lise<\/p>\n<p>Ilumina\u00e7\u00e3o de ambientes atrav\u00e9s da reflex\u00e3o da luz<\/p>\n<p>Ladrilhos de teto refrescantes[\/vc_column_text][\/vc_column_inner][vc_column_inner width=&#8221;1\/3&#8243;][vc_column_text]EXTERIOR DO EDIF\u00cdCIO[\/vc_column_text][vc_gallery interval=&#8221;3&#8243; images=&#8221;55052,48620,57952&#8243; img_size=&#8221;full&#8221; onclick=&#8221;&#8221; el_class=&#8221;flex-noarrows&#8221;][vc_separator type=&#8221;small&#8221; position=&#8221;left&#8221; border_style=&#8221;&#8221; up=&#8221;18&#8243; down=&#8221;20&#8243; color=&#8221;#d6202d&#8221;][vc_column_text]Poupan\u00e7a de energia<\/p>\n<p>Durabilidade<\/p>\n<p>Sem fissuras<\/p>\n<p>Robustez<\/p>\n<p>Repel\u00eancia \u00e0 sujidade<\/p>\n<p>Gest\u00e3o da humidade<\/p>\n<p>Resist\u00eancia ao fogo<\/p>\n<p>Prote\u00e7\u00e3o contra as intemp\u00e9ries a longo prazo para a madeira[\/vc_column_text][\/vc_column_inner][vc_column_inner width=&#8221;1\/3&#8243;][vc_column_text]CONSTRU\u00c7\u00d5ES DE TELHADOS[\/vc_column_text][vc_gallery interval=&#8221;3&#8243; images=&#8221;48593,48541,48509&#8243; img_size=&#8221;full&#8221; onclick=&#8221;&#8221; el_class=&#8221;flex-noarrows&#8221;][vc_separator type=&#8221;small&#8221; position=&#8221;left&#8221; border_style=&#8221;&#8221; up=&#8221;18&#8243; down=&#8221;20&#8243; color=&#8221;#d6202d&#8221;][vc_column_text]Arrefecimento e redu\u00e7\u00e3o dos custos de arrefecimento<\/p>\n<p>Prote\u00e7\u00e3o contra as intemp\u00e9ries<\/p>\n<p>Estanquicidade<\/p>\n<p>Relaxamento t\u00e9rmico[\/vc_column_text][\/vc_column_inner][\/vc_row_inner][\/vc_column][\/vc_row][vc_row row_type=&#8221;row&#8221; use_row_as_full_screen_section=&#8221;no&#8221; type=&#8221;full_width&#8221; text_align=&#8221;left&#8221; background_animation=&#8221;none&#8221; css_animation=&#8221;&#8221;][vc_column][\/vc_column][\/vc_row]<\/p>\n<\/div>","protected":false},"excerpt":{"rendered":"Ind\u00fastria transformadora Com o ClimateCoating\u00ae\u00a0- Equilibra a temperatura ambiente. Poupan\u00e7a de energia. Superf\u00edcies industriais resistentes. Os pavilh\u00f5es das f\u00e1bricas, as salas de produ\u00e7\u00e3o e os est\u00fadios exigem muito das paredes, dos tectos, das fachadas e dos telhados. As tintas funcionais ClimateCoating\u00ae oferecem solu\u00e7\u00f5es duradouras e...","protected":false},"author":1,"featured_media":0,"parent":49058,"menu_order":120,"comment_status":"closed","ping_status":"closed","template":"","meta":{"footnotes":""},"class_list":["post-48773","page","type-page","status-publish","hentry"],"_links":{"self":[{"href":"https:\/\/www.climatecoating.com\/pt-pt\/wp-json\/wp\/v2\/pages\/48773","targetHints":{"allow":["GET"]}}],"collection":[{"href":"https:\/\/www.climatecoating.com\/pt-pt\/wp-json\/wp\/v2\/pages"}],"about":[{"href":"https:\/\/www.climatecoating.com\/pt-pt\/wp-json\/wp\/v2\/types\/page"}],"author":[{"embeddable":true,"href":"https:\/\/www.climatecoating.com\/pt-pt\/wp-json\/wp\/v2\/users\/1"}],"replies":[{"embeddable":true,"href":"https:\/\/www.climatecoating.com\/pt-pt\/wp-json\/wp\/v2\/comments?post=48773"}],"version-history":[{"count":7,"href":"https:\/\/www.climatecoating.com\/pt-pt\/wp-json\/wp\/v2\/pages\/48773\/revisions"}],"predecessor-version":[{"id":63917,"href":"https:\/\/www.climatecoating.com\/pt-pt\/wp-json\/wp\/v2\/pages\/48773\/revisions\/63917"}],"up":[{"embeddable":true,"href":"https:\/\/www.climatecoating.com\/pt-pt\/wp-json\/wp\/v2\/pages\/49058"}],"wp:attachment":[{"href":"https:\/\/www.climatecoating.com\/pt-pt\/wp-json\/wp\/v2\/media?parent=48773"}],"curies":[{"name":"wp","href":"https:\/\/api.w.org\/{rel}","templated":true}]}}