{"id":48778,"date":"2023-09-06T11:45:09","date_gmt":"2023-09-06T09:45:09","guid":{"rendered":"https:\/\/www.climatecoating.com\/industria-e-solucoes-especiais\/"},"modified":"2026-02-17T12:46:12","modified_gmt":"2026-02-17T11:46:12","slug":"industria-e-solucoes-especiais","status":"publish","type":"page","link":"https:\/\/www.climatecoating.com\/pt-pt\/dominios-de-aplicacao\/industria-e-solucoes-especiais\/","title":{"rendered":"Ind\u00fastria e solu\u00e7\u00f5es especiais"},"content":{"rendered":"<div class=\"wpb-content-wrapper\"><p>[vc_row row_type=&#8221;row&#8221; use_row_as_full_screen_section=&#8221;no&#8221; type=&#8221;full_width&#8221; text_align=&#8221;left&#8221; background_animation=&#8221;none&#8221; padding_bottom=&#8221;45&#8243; css_animation=&#8221;&#8221;][vc_column][vc_single_image image=&#8221;57931&#8243; img_size=&#8221;full&#8221; css=&#8221;.vc_custom_1605019348238{padding-bottom: 30px !important;}&#8221; qode_css_animation=&#8221;&#8221;][vc_column_text]<\/p>\n<h1>Ind\u00fastria e solu\u00e7\u00f5es especiais<\/h1>\n<p>[\/vc_column_text][vc_column_text css=&#8221;.vc_custom_1771328756834{padding-bottom: 30px !important;}&#8221;]<span style=\"font-size: 20px;\">Com o ClimateCoating<sup>\u00ae<\/sup> <\/span><span style=\"font-size: 20px;\">&#8211; Prote\u00e7\u00e3o dos materiais. Diversidade funcional. Solu\u00e7\u00f5es personalizadas. <\/span><\/p>\n<p>Alguns requisitos n\u00e3o podem ser classificados em categorias padr\u00e3o, como o revestimento de <em>pl\u00e1sticos, t\u00eaxteis ou outros materiais especiais<\/em>. Tamb\u00e9m podem ser necess\u00e1rias propriedades ou efeitos especiais, tais como <em>ac\u00fastica, flexibilidade ou cat\u00e1lise<\/em>. A ClimateCoating<sup>\u00ae <\/sup>oferece revestimentos funcionais personalizados que s\u00e3o precisamente adaptados \u00e0s tuas necessidades. Isto significa que <em>mesmo tarefas invulgares podem ser resolvidas de forma fi\u00e1vel<\/em>, as propriedades do material optimizadas e novas fun\u00e7\u00f5es realizadas. N\u00e3o importa o problema que queiras resolver: A ClimateCoating<sup>\u00ae<\/sup>\u00a0apoia-te com <em>solu\u00e7\u00f5es personalizadas para cada ind\u00fastria<\/em>. <a href=\"https:\/\/www.climatecoating.com\/pt-pt\/contacto\/\" target=\"_blank\" rel=\"noopener\">Basta entrar em contacto connosco!<\/a>[\/vc_column_text][\/vc_column][\/vc_row][vc_row row_type=&#8221;row&#8221; use_row_as_full_screen_section=&#8221;no&#8221; type=&#8221;full_width&#8221; text_align=&#8221;left&#8221; background_animation=&#8221;none&#8221; css_animation=&#8221;&#8221;][vc_column][\/vc_column][\/vc_row]<\/p>\n<\/div>","protected":false},"excerpt":{"rendered":"Ind\u00fastria e solu\u00e7\u00f5es especiais Com o ClimateCoating\u00ae - Prote\u00e7\u00e3o dos materiais. Diversidade funcional. Solu\u00e7\u00f5es personalizadas. Alguns requisitos n\u00e3o podem ser classificados em categorias padr\u00e3o, como o revestimento de pl\u00e1sticos, t\u00eaxteis ou outros materiais especiais. Tamb\u00e9m podem ser necess\u00e1rias propriedades ou efeitos especiais, tais como ac\u00fastica,...","protected":false},"author":1,"featured_media":0,"parent":49058,"menu_order":160,"comment_status":"closed","ping_status":"closed","template":"","meta":{"footnotes":""},"class_list":["post-48778","page","type-page","status-publish","hentry"],"_links":{"self":[{"href":"https:\/\/www.climatecoating.com\/pt-pt\/wp-json\/wp\/v2\/pages\/48778","targetHints":{"allow":["GET"]}}],"collection":[{"href":"https:\/\/www.climatecoating.com\/pt-pt\/wp-json\/wp\/v2\/pages"}],"about":[{"href":"https:\/\/www.climatecoating.com\/pt-pt\/wp-json\/wp\/v2\/types\/page"}],"author":[{"embeddable":true,"href":"https:\/\/www.climatecoating.com\/pt-pt\/wp-json\/wp\/v2\/users\/1"}],"replies":[{"embeddable":true,"href":"https:\/\/www.climatecoating.com\/pt-pt\/wp-json\/wp\/v2\/comments?post=48778"}],"version-history":[{"count":9,"href":"https:\/\/www.climatecoating.com\/pt-pt\/wp-json\/wp\/v2\/pages\/48778\/revisions"}],"predecessor-version":[{"id":64029,"href":"https:\/\/www.climatecoating.com\/pt-pt\/wp-json\/wp\/v2\/pages\/48778\/revisions\/64029"}],"up":[{"embeddable":true,"href":"https:\/\/www.climatecoating.com\/pt-pt\/wp-json\/wp\/v2\/pages\/49058"}],"wp:attachment":[{"href":"https:\/\/www.climatecoating.com\/pt-pt\/wp-json\/wp\/v2\/media?parent=48778"}],"curies":[{"name":"wp","href":"https:\/\/api.w.org\/{rel}","templated":true}]}}