{"id":48779,"date":"2023-09-06T11:45:09","date_gmt":"2023-09-06T09:45:09","guid":{"rendered":"https:\/\/www.climatecoating.com\/arrefecimento-e-reducao-dos-custos-de-arrefecimento\/"},"modified":"2023-09-19T19:31:26","modified_gmt":"2023-09-19T17:31:26","slug":"arrefecimento-e-reducao-dos-custos-de-arrefecimento","status":"publish","type":"page","link":"https:\/\/www.climatecoating.com\/pt-pt\/dominios-de-aplicacao\/arrefecimento-e-reducao-dos-custos-de-arrefecimento\/","title":{"rendered":"Arrefecimento e redu\u00e7\u00e3o dos custos de arrefecimento"},"content":{"rendered":"<div class=\"wpb-content-wrapper\"><p>[vc_row row_type=&#8221;row&#8221; use_row_as_full_screen_section=&#8221;no&#8221; type=&#8221;full_width&#8221; text_align=&#8221;left&#8221; background_animation=&#8221;none&#8221; padding_bottom=&#8221;45&#8243; css_animation=&#8221;&#8221;][vc_column][vc_column_text css=&#8221;.vc_custom_1605177899210{padding-bottom: 30px !important;}&#8221;]<\/p>\n<h1>Arrefecimento e redu\u00e7\u00e3o dos custos de arrefecimento<\/h1>\n<p>[\/vc_column_text][vc_single_image image=&#8221;48821&#8243; img_size=&#8221;full&#8221; qode_css_animation=&#8221;&#8221; css=&#8221;.vc_custom_1603351461583{padding-bottom: 30px !important;}&#8221;][\/vc_column][\/vc_row][vc_row row_type=&#8221;row&#8221; use_row_as_full_screen_section=&#8221;no&#8221; type=&#8221;full_width&#8221; text_align=&#8221;left&#8221; background_animation=&#8221;none&#8221; padding_bottom=&#8221;45&#8243; css_animation=&#8221;&#8221; el_class=&#8221;reverse_order&#8221;][vc_column width=&#8221;1\/4&#8243;]<div class=\"ult_row_spacer\"><div class=\"ult-sticky-anchor\"><div class=\"ult-sticky-section ult-sticky \"  data-gutter= '100' data-stick_behaviour= 'stick_with_scroll_row'  data-sticky_position= 'top' data-mobile='no' data-support='no'>[vc_raw_html]PGRpdiBpZD0ibGVmdG1lbnUiPgo8dWwgY2xhc3M9InN1Yi1tZW51IHN1Yi1tZW51c21hbGwiPgoJPGxpIGlkPSJtZW51LWl0ZW0tMjI4NzIiIGNsYXNzPSJtZW51LWl0ZW0gbWVudS1pdGVtLXR5cGUtcG9zdF90eXBlIG1lbnUtaXRlbS1vYmplY3QtcGFnZSBjbXctbGV2ZWwtMiBtZW51LWl0ZW0tMjI4NzIiPjxhIGhyZWY9IiMxIj5WYWxvcmVzIGRlIHJlZmxleMOjbyBlbGV2YWRvcyAtIHF1YXNlIGNvbW8gYSBuZXZlPC9hPjwvbGk+Cgk8bGkgaWQ9Im1lbnUtaXRlbS0yMjg3NSIgY2xhc3M9Im1lbnUtaXRlbSBtZW51LWl0ZW0tdHlwZS1wb3N0X3R5cGUgbWVudS1pdGVtLW9iamVjdC1wYWdlIGNtdy1sZXZlbC0yIG1lbnUtaXRlbS0yMjg3NSI+PGEgaHJlZj0iIzIiPlJlZHXDp8OjbyBkZSBjdXN0b3MgYXRyYXbDqXMgZGUgYXIgY29uZGljaW9uYWRvIHBhc3Npdm88L2E+PC9saT4KCTxsaSBpZD0ibWVudS1pdGVtLTIyODc5IiBjbGFzcz0ibWVudS1pdGVtIG1lbnUtaXRlbS10eXBlLXBvc3RfdHlwZSBtZW51LWl0ZW0tb2JqZWN0LXBhZ2UgY213LWxldmVsLTIgbWVudS1pdGVtLTIyODc5Ij48YSBocmVmPSIjMyI+QXVtZW50byBkYSB2aWRhIMO6dGlsIGRhIGVzdHJ1dHVyYSBkbyB0ZWxoYWRvPC9hPjwvbGk+CjwvdWw+CjwvZGl2Pg==[\/vc_raw_html]<\/div><div class=\"ult-space\"><\/div><\/div><\/div>[\/vc_column][vc_column width=&#8221;3\/4&#8243;][vc_raw_html]PGEgY2xhc3M9ImFuY2hvciIgbmFtZT0iMSI+PC9hPg==[\/vc_raw_html][vc_separator type=&#8221;normal&#8221; border_style=&#8221;&#8221; down=&#8221;30&#8243;][vc_column_text css=&#8221;.vc_custom_1603884116230{padding-bottom: 30px !important;}&#8221;]<\/p>\n<h2>Valores de reflex\u00e3o elevados &#8211; quase como a neve<\/h2>\n<p>O revestimento de telhado ThermoActive \u00e9 capaz de refletir mais de 91% da luz solar. Este \u00e9 um valor de pico comprovado. A neve pura reflecte 100% da luz solar.[\/vc_column_text][vc_raw_html]PGEgY2xhc3M9ImFuY2hvciIgbmFtZT0iMiI+PC9hPg==[\/vc_raw_html][vc_separator type=&#8221;normal&#8221; border_style=&#8221;&#8221; down=&#8221;30&#8243;][vc_column_text css=&#8221;.vc_custom_1603884147764{padding-bottom: 30px !important;}&#8221;]<\/p>\n<h2>Redu\u00e7\u00e3o de custos atrav\u00e9s de ar condicionado passivo<\/h2>\n<p>O revestimento refletor ThermoActive absorve a humidade que se evapora da luz solar e arrefece. O telhado n\u00e3o tem necessariamente de ser revestido de branco. Tamb\u00e9m se obt\u00eam capacidades de arrefecimento relativamente elevadas atrav\u00e9s da evapora\u00e7\u00e3o com tons mais escuros. Assim<br \/>\no consumo de energia para arrefecimento pode ser reduzido em qualquer caso e contribuir para a redu\u00e7\u00e3o de CO2.[\/vc_column_text][vc_raw_html]PGEgY2xhc3M9ImFuY2hvciIgbmFtZT0iMyI+PC9hPg==[\/vc_raw_html][vc_separator type=&#8221;normal&#8221; border_style=&#8221;&#8221; down=&#8221;30&#8243;][vc_column_text css=&#8221;.vc_custom_1603884182317{padding-bottom: 30px !important;}&#8221;]<\/p>\n<h2>Aumento da vida \u00fatil da estrutura do telhado<\/h2>\n<p>A excelente elasticidade do ThermoActive permite efetuar transi\u00e7\u00f5es de materiais sem qualquer problema e isto a temperaturas de -40\u00b0C a +150\u00b0C. O telhado mant\u00e9m-se estanque.<br \/>\nO revestimento \u00e9 altamente robusto e insens\u00edvel \u00e0s influ\u00eancias ambientais, tais como \u00e1cidos, \u00e1lcalis, ozono, nitrog\u00e9nio e \u00f3xidos de enxofre. Para al\u00e9m disso, o revestimento \u00e9 extremamente resistente aos raios UV. N\u00e3o h\u00e1 fragiliza\u00e7\u00e3o, n\u00e3o h\u00e1 descama\u00e7\u00e3o da tinta, n\u00e3o h\u00e1 desgaste e isso a longo prazo.<\/p>\n<p>Em conjunto, isto prolonga a vida \u00fatil da estrutura do telhado e reduz os custos de manuten\u00e7\u00e3o.<\/p>\n<p><strong>Gostaria de saber mais?<\/strong><br \/>\n<a href=\"https:\/\/www.climatecoating.com\/kontakt\/\"><strong>Entre em contacto!<\/strong><\/a>[\/vc_column_text][vc_video link=&#8221;https:\/\/www.youtube.com\/watch?v=Lilz-969SIo&#8221;][\/vc_column][\/vc_row][vc_row row_type=&#8221;row&#8221; use_row_as_full_screen_section=&#8221;no&#8221; type=&#8221;full_width&#8221; text_align=&#8221;left&#8221; background_animation=&#8221;none&#8221; css_animation=&#8221;&#8221;][vc_column][vc_column_text]<\/p>\n<h3>Produtos<\/h3>\n<p>[\/vc_column_text][vc_separator type=&#8221;small&#8221; position=&#8221;left&#8221; border_style=&#8221;&#8221; up=&#8221;18&#8243; down=&#8221;20&#8243; color=&#8221;#d6202d&#8221;]<div class=\"woocommerce columns-4 \"><ul class=\"products columns-4 clearfix default\">        <li class=\"product type-product post-48584 status-publish first instock product_cat-edificios-publicos product_cat-industria-alimentar product_cat-no-exterior product_cat-industria-transformadora product_cat-agricultura-e-criacao-de-animais product_cat-dominios-de-aplicacao product_cat-construir-e-viver has-post-thumbnail taxable shipping-taxable purchasable product-type-variable\">\n\n                        <div class=\"top-product-section\">\n\n                <a class=\"product_list_thumb_link\" href=\"https:\/\/www.climatecoating.com\/pt-pt\/produkt\/termoactivo\/\">\n                    <span class=\"image-wrapper\">\n                    <img loading=\"lazy\" decoding=\"async\" width=\"300\" height=\"300\" src=\"https:\/\/www.climatecoating.com\/wp-content\/uploads\/2025\/10\/12L500ml_THERMOACTIVE_m_frei-2-5-300x300.png\" class=\"attachment-woocommerce_thumbnail size-woocommerce_thumbnail\" alt=\"Revestimento de telhado de arrefecimento ThermoActive contra o calor, recipiente 12,5 litros\" srcset=\"https:\/\/www.climatecoating.com\/wp-content\/uploads\/2025\/10\/12L500ml_THERMOACTIVE_m_frei-2-5-300x300.png 300w, https:\/\/www.climatecoating.com\/wp-content\/uploads\/2025\/10\/12L500ml_THERMOACTIVE_m_frei-2-5-100x100.png 100w, https:\/\/www.climatecoating.com\/wp-content\/uploads\/2025\/10\/12L500ml_THERMOACTIVE_m_frei-2-5-600x600.png 600w, https:\/\/www.climatecoating.com\/wp-content\/uploads\/2025\/10\/12L500ml_THERMOACTIVE_m_frei-2-5-1024x1024.png 1024w, https:\/\/www.climatecoating.com\/wp-content\/uploads\/2025\/10\/12L500ml_THERMOACTIVE_m_frei-2-5-150x150.png 150w, https:\/\/www.climatecoating.com\/wp-content\/uploads\/2025\/10\/12L500ml_THERMOACTIVE_m_frei-2-5-768x768.png 768w, https:\/\/www.climatecoating.com\/wp-content\/uploads\/2025\/10\/12L500ml_THERMOACTIVE_m_frei-2-5-1536x1536.png 1536w, https:\/\/www.climatecoating.com\/wp-content\/uploads\/2025\/10\/12L500ml_THERMOACTIVE_m_frei-2-5-550x550.png 550w, https:\/\/www.climatecoating.com\/wp-content\/uploads\/2025\/10\/12L500ml_THERMOACTIVE_m_frei-2-5-500x500.png 500w, https:\/\/www.climatecoating.com\/wp-content\/uploads\/2025\/10\/12L500ml_THERMOACTIVE_m_frei-2-5-1000x1000.png 1000w, https:\/\/www.climatecoating.com\/wp-content\/uploads\/2025\/10\/12L500ml_THERMOACTIVE_m_frei-2-5-700x700.png 700w, https:\/\/www.climatecoating.com\/wp-content\/uploads\/2025\/10\/12L500ml_THERMOACTIVE_m_frei-2-5-1100x1100.png 1100w, https:\/\/www.climatecoating.com\/wp-content\/uploads\/2025\/10\/12L500ml_THERMOACTIVE_m_frei-2-5.png 1920w\" sizes=\"auto, (max-width: 300px) 100vw, 300px\" \/>                    <\/span>\n                <\/a>\n\n                <div class=\"add-to-cart-button-outer\"><div class=\"add-to-cart-button-inner\"><div class=\"add-to-cart-button-inner2\"><a href=\"https:\/\/www.climatecoating.com\/pt-pt\/produkt\/termoactivo\/\" aria-describedby=\"woocommerce_loop_add_to_cart_link_describedby_48584\" data-quantity=\"1\" class=\"qbutton add-to-cart-button button product_type_variable add_to_cart_button\" data-product_id=\"48584\" data-product_sku=\"\" aria-label=\"Seleccione as op\u00e7\u00f5es para &ldquo;ThermoActive&rdquo;\" rel=\"nofollow\">Optionen w\u00e4hlen<\/a><\/div><\/div><\/div>\t<span id=\"woocommerce_loop_add_to_cart_link_describedby_48584\" class=\"screen-reader-text\">\n\t\tThis product has multiple variants. The options may be chosen on the product page\t<\/span>\n\n            <\/div>\n\n            <div class=\"product_info_box\">\n\t            <span class=\"product-categories\"><a href=\"https:\/\/www.climatecoating.com\/pt-pt\/dominios-de-aplicacao\/edificios-publicos\/\" rel=\"tag\">Edif\u00edcios p\u00fablicos<\/a>, <a href=\"https:\/\/www.climatecoating.com\/pt-pt\/dominios-de-aplicacao\/industria-alimentar\/\" rel=\"tag\">Ind\u00fastria alimentar<\/a>, <a href=\"https:\/\/www.climatecoating.com\/pt-pt\/produtos\/no-exterior\/\" rel=\"tag\">No exterior<\/a>, <a href=\"https:\/\/www.climatecoating.com\/pt-pt\/dominios-de-aplicacao\/industria-transformadora\/\" rel=\"tag\">Ind\u00fastria transformadora<\/a>, <a href=\"https:\/\/www.climatecoating.com\/pt-pt\/dominios-de-aplicacao\/agricultura-e-criacao-de-animais\/\" rel=\"tag\">Agricultura e cria\u00e7\u00e3o de animais<\/a>, <a href=\"https:\/\/www.climatecoating.com\/pt-pt\/dominios-de-aplicacao\/\" rel=\"tag\">Dom\u00ednios de aplica\u00e7\u00e3o<\/a>, <a href=\"https:\/\/www.climatecoating.com\/pt-pt\/dominios-de-aplicacao\/construir-e-viver\/\" rel=\"tag\">Construir e viver<\/a><\/span>\n                <a href=\"https:\/\/www.climatecoating.com\/pt-pt\/produkt\/termoactivo\/\" class=\"product-category\">\n                    <span class=\"product-title\">ThermoActive<\/span>\n\n                    \n\n\t<span class=\"price\">ab <span class=\"woocommerce-Price-amount amount\"><bdi>117,95&nbsp;<span class=\"woocommerce-Price-currencySymbol\">&euro;<\/span><\/bdi><\/span><\/span>\n\n\t<p class=\"price price-unit smaller wc-gzd-additional-info wc-gzd-additional-info-loop\"><span class=\"woocommerce-Price-amount amount\">23,59&nbsp;<span class=\"woocommerce-Price-currencySymbol\">&euro;<\/span><\/span> \/  <span class=\"unit\">l<\/span><\/p>\n\n                <\/a>\n            <\/div>\n\n            \n\t<p class=\"wc-gzd-additional-info wc-gzd-additional-info-loop tax-info\">incl. VAT<\/p>\n\n\t<p class=\"wc-gzd-additional-info wc-gzd-additional-info-loop shipping-costs-info\">zzgl. <a href=\"https:\/\/www.climatecoating.com\/pt-pt\/?page_id=48382\" target=\"_blank\">Versandkosten<\/a><\/p>\n\n\n\t<p class=\"wc-gzd-additional-info wc-gzd-additional-info-loop product-units-wrapper product-units\">Produkt enth\u00e4lt: 5 <span class=\"unit\">l<\/span> &ndash; 12,5 <span class=\"unit\">l<\/span> <\/p>\n<div class=\"add-to-cart-button-outer\"><div class=\"add-to-cart-button-inner\"><div class=\"add-to-cart-button-inner2\"><a href=\"https:\/\/www.climatecoating.com\/pt-pt\/produkt\/termoactivo\/\" aria-describedby=\"woocommerce_loop_add_to_cart_link_describedby_48584\" data-quantity=\"1\" class=\"qbutton add-to-cart-button button product_type_variable add_to_cart_button\" data-product_id=\"48584\" data-product_sku=\"\" aria-label=\"Seleccione as op\u00e7\u00f5es para &ldquo;ThermoActive&rdquo;\" rel=\"nofollow\">Optionen w\u00e4hlen<\/a><\/div><\/div><\/div>\t<span id=\"woocommerce_loop_add_to_cart_link_describedby_48584\" class=\"screen-reader-text\">\n\t\tThis product has multiple variants. The options may be chosen on the product page\t<\/span>\n        <\/li>\n\n        <\/ul>\n<\/div>[\/vc_column][\/vc_row][vc_row row_type=&#8221;row&#8221; use_row_as_full_screen_section=&#8221;no&#8221; type=&#8221;full_width&#8221; text_align=&#8221;left&#8221; background_animation=&#8221;none&#8221; css_animation=&#8221;&#8221; css=&#8221;.vc_custom_1605014654715{padding-bottom: 30px !important;}&#8221;][vc_column][vc_column_text]<\/p>\n<h3>Refer\u00eancias<\/h3>\n<p>[\/vc_column_text][vc_separator type=&#8221;small&#8221; position=&#8221;left&#8221; border_style=&#8221;&#8221; up=&#8221;18&#8243; down=&#8221;20&#8243; color=&#8221;#d6202d&#8221;]<div class='projects_holder_outer v4 portfolio_with_space portfolio_standard  qode-filter-position-top'>\n\t    \t<div class='projects_holder clearfix v4 standard portfolio_default_image '>\n\t\t<article class=\"mix portfolio_category_3419\">\n    <div class='image_holder default_hover'>\n        \n<span class='image'><img loading=\"lazy\" decoding=\"async\" width=\"550\" height=\"498\" src=\"https:\/\/www.climatecoating.com\/wp-content\/uploads\/2023\/07\/schloss-buggenhagen-550x498.png\" class=\"attachment-portfolio-default size-portfolio-default wp-post-image\" alt=\"\" srcset=\"https:\/\/www.climatecoating.com\/wp-content\/uploads\/2023\/07\/schloss-buggenhagen-550x498.png 550w, https:\/\/www.climatecoating.com\/wp-content\/uploads\/2023\/07\/schloss-buggenhagen-480x434.png 480w, https:\/\/www.climatecoating.com\/wp-content\/uploads\/2023\/07\/schloss-buggenhagen-125x112.png 125w\" sizes=\"auto, (max-width: 550px) 100vw, 550px\" \/><\/span>\n                    <a class='portfolio_link_class' href='https:\/\/www.climatecoating.com\/pt-pt\/referencias\/referencia\/castelo-de-buggenhagen\/' target='_self'><\/a>\n\t\t\n        <div class=\"portfolio_shader\"><\/div>\n\t\t<div class=\"icons_holder\">\n\t<div class=\"icons_holder_inner\">\n\t\t\t\t\t<a class='portfolio_lightbox' title='Arrefecimento e redu\u00e7\u00e3o dos custos de arrefecimento' href='https:\/\/www.climatecoating.com\/wp-content\/uploads\/2023\/07\/schloss-buggenhagen.png' data-rel='prettyPhoto[pretty_photo_gallery]'><\/a>\n\t\t\t\t\t<\/div>\n<\/div>\n    <\/div>\n\n    <div class='portfolio_description ' >\n            <h4 class=\"portfolio_title\" ><a href=\"https:\/\/www.climatecoating.com\/pt-pt\/referencias\/referencia\/castelo-de-buggenhagen\/\" target=\"_self\"> Castelo de Buggenhagen<\/a><\/h4>\n<h6 class=\"portfolio_subtitle\"> <\/h6>    <\/div>\n<\/article>\n<article class=\"mix portfolio_category_3436\">\n    <div class='image_holder default_hover'>\n        \n<span class='image'><img loading=\"lazy\" decoding=\"async\" width=\"550\" height=\"498\" src=\"https:\/\/www.climatecoating.com\/wp-content\/uploads\/2020\/10\/ThermoActive_Roof_SK_2650x1440px-550x498.jpg\" class=\"attachment-portfolio-default size-portfolio-default wp-post-image\" alt=\"\" srcset=\"https:\/\/www.climatecoating.com\/wp-content\/uploads\/2020\/10\/ThermoActive_Roof_SK_2650x1440px-550x498.jpg 550w, https:\/\/www.climatecoating.com\/wp-content\/uploads\/2020\/10\/ThermoActive_Roof_SK_2650x1440px-480x434.jpg 480w, https:\/\/www.climatecoating.com\/wp-content\/uploads\/2020\/10\/ThermoActive_Roof_SK_2650x1440px-125x112.jpg 125w\" sizes=\"auto, (max-width: 550px) 100vw, 550px\" \/><\/span>\n                    <a class='portfolio_link_class' href='https:\/\/www.climatecoating.com\/pt-pt\/referencias\/referencia\/fabrica-da-schindler-na-eslovaquia\/' target='_self'><\/a>\n\t\t\n        <div class=\"portfolio_shader\"><\/div>\n\t\t<div class=\"icons_holder\">\n\t<div class=\"icons_holder_inner\">\n\t\t\t\t\t<a class='portfolio_lightbox' title='Arrefecimento e redu\u00e7\u00e3o dos custos de arrefecimento' href='https:\/\/www.climatecoating.com\/wp-content\/uploads\/2020\/10\/ThermoActive_Roof_SK_2650x1440px.jpg' data-rel='prettyPhoto[pretty_photo_gallery]'><\/a>\n\t\t\t\t\t<\/div>\n<\/div>\n    <\/div>\n\n    <div class='portfolio_description ' >\n            <h4 class=\"portfolio_title\" ><a href=\"https:\/\/www.climatecoating.com\/pt-pt\/referencias\/referencia\/fabrica-da-schindler-na-eslovaquia\/\" target=\"_self\"> F\u00e1brica da Schindler na Eslov\u00e1quia<\/a><\/h4>\n<h6 class=\"portfolio_subtitle\"> <\/h6>    <\/div>\n<\/article>\n<article class=\"mix portfolio_category_3558\">\n    <div class='image_holder default_hover'>\n        \n<span class='image'><img loading=\"lazy\" decoding=\"async\" width=\"550\" height=\"498\" src=\"https:\/\/www.climatecoating.com\/wp-content\/uploads\/2020\/07\/Fachwerkhaeuser_01-550x498.jpg\" class=\"attachment-portfolio-default size-portfolio-default wp-post-image\" alt=\"\" srcset=\"https:\/\/www.climatecoating.com\/wp-content\/uploads\/2020\/07\/Fachwerkhaeuser_01-550x498.jpg 550w, https:\/\/www.climatecoating.com\/wp-content\/uploads\/2020\/07\/Fachwerkhaeuser_01-480x434.jpg 480w, https:\/\/www.climatecoating.com\/wp-content\/uploads\/2020\/07\/Fachwerkhaeuser_01-125x112.jpg 125w\" sizes=\"auto, (max-width: 550px) 100vw, 550px\" \/><\/span>\n                    <a class='portfolio_link_class' href='https:\/\/www.climatecoating.com\/pt-pt\/referencias\/referencia\/climatecoating-para-casas-de-enxaimel\/' target='_self'><\/a>\n\t\t\n        <div class=\"portfolio_shader\"><\/div>\n\t\t<div class=\"icons_holder\">\n\t<div class=\"icons_holder_inner\">\n\t\t\t\t\t<a class='portfolio_lightbox' title='Arrefecimento e redu\u00e7\u00e3o dos custos de arrefecimento' href='https:\/\/www.climatecoating.com\/wp-content\/uploads\/2020\/07\/Fachwerkhaeuser_01.jpg' data-rel='prettyPhoto[pretty_photo_gallery]'><\/a>\n\t\t\t\t\t<\/div>\n<\/div>\n    <\/div>\n\n    <div class='portfolio_description ' >\n            <h4 class=\"portfolio_title\" ><a href=\"https:\/\/www.climatecoating.com\/pt-pt\/referencias\/referencia\/climatecoating-para-casas-de-enxaimel\/\" target=\"_self\"> ClimateCoating<sup>\u00ae<\/sup> para casas de enxaimel<\/a><\/h4>\n<h6 class=\"portfolio_subtitle\"> <\/h6>    <\/div>\n<\/article>\n<article class=\"mix portfolio_category_3558\">\n    <div class='image_holder default_hover'>\n        \n<span class='image'><img loading=\"lazy\" decoding=\"async\" width=\"550\" height=\"498\" src=\"https:\/\/www.climatecoating.com\/wp-content\/uploads\/2020\/07\/Fassaden-nach-x-Jahren_02-550x498.jpg\" class=\"attachment-portfolio-default size-portfolio-default wp-post-image\" alt=\"\" srcset=\"https:\/\/www.climatecoating.com\/wp-content\/uploads\/2020\/07\/Fassaden-nach-x-Jahren_02-550x498.jpg 550w, https:\/\/www.climatecoating.com\/wp-content\/uploads\/2020\/07\/Fassaden-nach-x-Jahren_02-480x434.jpg 480w, https:\/\/www.climatecoating.com\/wp-content\/uploads\/2020\/07\/Fassaden-nach-x-Jahren_02-125x112.jpg 125w\" sizes=\"auto, (max-width: 550px) 100vw, 550px\" \/><\/span>\n                    <a class='portfolio_link_class' href='https:\/\/www.climatecoating.com\/pt-pt\/referencias\/referencia\/fachadas-apos-x-anos\/' target='_self'><\/a>\n\t\t\n        <div class=\"portfolio_shader\"><\/div>\n\t\t<div class=\"icons_holder\">\n\t<div class=\"icons_holder_inner\">\n\t\t\t\t\t<a class='portfolio_lightbox' title='Arrefecimento e redu\u00e7\u00e3o dos custos de arrefecimento' href='https:\/\/www.climatecoating.com\/wp-content\/uploads\/2020\/07\/Fassaden-nach-x-Jahren_02.jpg' data-rel='prettyPhoto[pretty_photo_gallery]'><\/a>\n\t\t\t\t\t<\/div>\n<\/div>\n    <\/div>\n\n    <div class='portfolio_description ' >\n            <h4 class=\"portfolio_title\" ><a href=\"https:\/\/www.climatecoating.com\/pt-pt\/referencias\/referencia\/fachadas-apos-x-anos\/\" target=\"_self\"> Fachadas ap\u00f3s x anos<\/a><\/h4>\n<h6 class=\"portfolio_subtitle\"> <\/h6>    <\/div>\n<\/article>\n\t\t\t\t\t<div class='filler'><\/div>\n\t\t\t\t\t\t\t\t\t<div class='filler'><\/div>\n\t\t\t\t\t\t\t\t\t<div class='filler'><\/div>\n\t\t\t\t\t\t\t\t\t<div class='filler'><\/div>\n\t\t\t\t\t<\/div>\n\n    \n\t\t\t<div class=\"portfolio_paging\"><span rel=\"10\" class=\"load_more\"><a href=\"https:\/\/www.climatecoating.com\/pt-pt\/wp-json\/wp\/v2\/pages\/48779\/page\/2\/\" >Mostre mais<\/a><\/span><\/div>\n\t\t<div class=\"portfolio_paging_loading\"><a href=\"javascript: void(0)\" class=\"qbutton\">Loading...<\/a><\/div>\n\t<\/div>\n[\/vc_column][\/vc_row][vc_row row_type=&#8221;row&#8221; use_row_as_full_screen_section=&#8221;no&#8221; type=&#8221;full_width&#8221; text_align=&#8221;left&#8221; background_animation=&#8221;none&#8221; css_animation=&#8221;&#8221;][vc_column]<div class=\"templatera_shortcode\"><div     class=\"vc_row wpb_row section vc_row-fluid backlink\" style=' text-align:left;'><div class=\" full_section_inner clearfix\"><div class=\"wpb_column vc_column_container vc_col-sm-12\"><div class=\"vc_column-inner\"><div class=\"wpb_wrapper\">\n\t<div class=\"wpb_text_column wpb_content_element \">\n\t\t<div class=\"wpb_wrapper\">\n\t\t\t<p style=\"text-align: center;\"><strong><a href=\"https:\/\/www.climatecoating.com\/pt-pt\/dominios-de-aplicacao\/\">&lt;&lt; Voltar \u00e0 vis\u00e3o geral das \u00e1reas de aplica\u00e7\u00e3o<\/a><\/strong><\/p>\n\n\t\t<\/div>\n\t<\/div><\/div><\/div><\/div><\/div><\/div><\/div>[\/vc_column][\/vc_row]<\/p>\n<\/div>","protected":false},"excerpt":{"rendered":"2004 e 2011 pintados com ThermoProtect. Acabou-se o bolor. A fachada foi pintada pela \u00faltima vez com ClimateCoating\u00ae ThermoProtect em 2011. Anteriormente, era necess\u00e1rio repintar anualmente. Entre outras coisas, por causa de problemas de humidade e fissuras devido \u00e0 carga do tr\u00e1fego. Al\u00e9m disso, a...","protected":false},"author":1,"featured_media":0,"parent":49058,"menu_order":9999,"comment_status":"closed","ping_status":"closed","template":"","meta":{"footnotes":""},"class_list":["post-48779","page","type-page","status-publish","hentry"],"_links":{"self":[{"href":"https:\/\/www.climatecoating.com\/pt-pt\/wp-json\/wp\/v2\/pages\/48779","targetHints":{"allow":["GET"]}}],"collection":[{"href":"https:\/\/www.climatecoating.com\/pt-pt\/wp-json\/wp\/v2\/pages"}],"about":[{"href":"https:\/\/www.climatecoating.com\/pt-pt\/wp-json\/wp\/v2\/types\/page"}],"author":[{"embeddable":true,"href":"https:\/\/www.climatecoating.com\/pt-pt\/wp-json\/wp\/v2\/users\/1"}],"replies":[{"embeddable":true,"href":"https:\/\/www.climatecoating.com\/pt-pt\/wp-json\/wp\/v2\/comments?post=48779"}],"version-history":[{"count":0,"href":"https:\/\/www.climatecoating.com\/pt-pt\/wp-json\/wp\/v2\/pages\/48779\/revisions"}],"up":[{"embeddable":true,"href":"https:\/\/www.climatecoating.com\/pt-pt\/wp-json\/wp\/v2\/pages\/49058"}],"wp:attachment":[{"href":"https:\/\/www.climatecoating.com\/pt-pt\/wp-json\/wp\/v2\/media?parent=48779"}],"curies":[{"name":"wp","href":"https:\/\/api.w.org\/{rel}","templated":true}]}}