{"id":48794,"date":"2023-09-06T11:45:10","date_gmt":"2023-09-06T09:45:10","guid":{"rendered":"https:\/\/www.climatecoating.com\/protecao-dos-monumentos\/"},"modified":"2026-02-16T10:33:11","modified_gmt":"2026-02-16T09:33:11","slug":"protecao-dos-monumentos","status":"publish","type":"page","link":"https:\/\/www.climatecoating.com\/pt-pt\/dominios-de-aplicacao\/protecao-dos-monumentos\/","title":{"rendered":"Prote\u00e7\u00e3o dos monumentos"},"content":{"rendered":"<div class=\"wpb-content-wrapper\"><p>[vc_row row_type=&#8221;row&#8221; use_row_as_full_screen_section=&#8221;no&#8221; type=&#8221;full_width&#8221; text_align=&#8221;left&#8221; background_animation=&#8221;none&#8221; padding_bottom=&#8221;45&#8243; css_animation=&#8221;&#8221;][vc_column][vc_single_image image=&#8221;57932&#8243; img_size=&#8221;full&#8221; css=&#8221;.vc_custom_1605017192328{padding-bottom: 30px !important;}&#8221; qode_css_animation=&#8221;&#8221;][vc_column_text]<\/p>\n<h1>Prote\u00e7\u00e3o dos monumentos<\/h1>\n<p>[\/vc_column_text][vc_column_text css=&#8221;.vc_custom_1771234345169{padding-bottom: 30px !important;}&#8221;]<span style=\"font-size: 20px;\">Com o ClimateCoating<sup>\u00ae<\/sup>\u00a0<\/span><span style=\"font-size: 20px;\">&#8211; Desumidifica\u00e7\u00e3o suave. Estabilidade da cor. Prote\u00e7\u00e3o de fachadas. <\/span><\/p>\n<p>Muitos edif\u00edcios hist\u00f3ricos e classificados t\u00eam substratos minerais sens\u00edveis que requerem uma renova\u00e7\u00e3o particularmente cuidadosa. A tinta para fachadas da ClimateCoating<sup>\u00ae<\/sup> seca com um acabamento mate, desumidifica suavemente e garante <em>uma estabilidade de cor duradoura<\/em>. Al\u00e9m disso, possui fun\u00e7\u00f5es adicionais especiais, como a <em>prote\u00e7\u00e3o a longo prazo, a resist\u00eancia aos raios UV e a prote\u00e7\u00e3o contra a humidade<\/em>. Isto preserva as estruturas carater\u00edsticas e os detalhes hist\u00f3ricos dos edif\u00edcios, ao mesmo tempo que proporciona uma prote\u00e7\u00e3o \u00f3ptima para a fachada &#8211; para uma <em>renova\u00e7\u00e3o sustent\u00e1vel e cuidadosa dos edif\u00edcios classificados<\/em>.[\/vc_column_text][vc_row_inner row_type=&#8221;row&#8221; type=&#8221;full_width&#8221; use_row_as_full_screen_section_slide=&#8221;no&#8221; text_align=&#8221;left&#8221; css_animation=&#8221;&#8221;][vc_column_inner width=&#8221;1\/3&#8243;][vc_column_text css=&#8221;&#8221;]APLICA\u00c7\u00d5ES<br \/>\nINSIDE[\/vc_column_text][vc_gallery interval=&#8221;3&#8243; images=&#8221;48516,48577,48553&#8243; img_size=&#8221;full&#8221; onclick=&#8221;&#8221; css=&#8221;&#8221; el_class=&#8221;flex-noarrows&#8221;][vc_separator type=&#8221;small&#8221; position=&#8221;left&#8221; border_style=&#8221;&#8221; up=&#8221;18&#8243; down=&#8221;20&#8243; color=&#8221;#d6202d&#8221;][vc_column_text]Prote\u00e7\u00e3o contra o bolor<\/p>\n<p>Higiene do quarto<\/p>\n<p>Previne condensa\u00e7\u00e3o<\/p>\n<p>Regula\u00e7\u00e3o da humidade<\/p>\n<p>Melhoria do clima interior<\/p>\n<p>Conforto de vida<\/p>\n<p>Neutralidade de odores<\/p>\n<p>Resist\u00eancia \u00e0 sujidade<\/p>\n<p>Poupan\u00e7a de energia<\/p>\n<p>Estabilidade da cor<\/p>\n<p>Melhoria ac\u00fastica<\/p>\n<p>Ilumina\u00e7\u00e3o de ambientes atrav\u00e9s da reflex\u00e3o da luz[\/vc_column_text][\/vc_column_inner][vc_column_inner width=&#8221;1\/3&#8243;][vc_column_text]PROTEC\u00c7\u00c3O<br \/>\nFACHADAS HIST\u00d3RICAS[\/vc_column_text][vc_gallery interval=&#8221;3&#8243; images=&#8221;57847,48676,49030&#8243; img_size=&#8221;full&#8221; onclick=&#8221;&#8221; css=&#8221;&#8221; el_class=&#8221;flex-noarrows&#8221;][vc_separator type=&#8221;small&#8221; position=&#8221;left&#8221; border_style=&#8221;&#8221; up=&#8221;18&#8243; down=&#8221;20&#8243; color=&#8221;#d6202d&#8221;][vc_column_text]Poupan\u00e7a de energia<\/p>\n<p>Longevidade<\/p>\n<p>Sem fissura\u00e7\u00e3o<\/p>\n<p>Robustez<\/p>\n<p>Repelente de sujidade<\/p>\n<p>Gest\u00e3o da humidade<\/p>\n<p>Retard\u00e2ncia ao fogo<\/p>\n<p>Desumidifica\u00e7\u00e3o suave de fachadas hist\u00f3ricas<\/p>\n<p>Manter o valor das fachadas hist\u00f3ricas[\/vc_column_text][\/vc_column_inner][vc_column_inner width=&#8221;1\/3&#8243;][vc_column_text]PROTEC\u00c7\u00c3O DA MADEIRA EM<br \/>\nAO AR LIVRE[\/vc_column_text][vc_gallery interval=&#8221;3&#8243; images=&#8221;57952,57951,57953&#8243; img_size=&#8221;full&#8221; onclick=&#8221;&#8221; css=&#8221;&#8221; el_class=&#8221;flex-noarrows&#8221;][vc_separator type=&#8221;small&#8221; position=&#8221;left&#8221; border_style=&#8221;&#8221; up=&#8221;18&#8243; down=&#8221;20&#8243; color=&#8221;#d6202d&#8221;][vc_column_text]Prote\u00e7\u00e3o da madeira contra as intemp\u00e9ries a longo prazo<\/p>\n<p>[\/vc_column_text][\/vc_column_inner][\/vc_row_inner][\/vc_column][\/vc_row][vc_row row_type=&#8221;row&#8221; use_row_as_full_screen_section=&#8221;no&#8221; type=&#8221;full_width&#8221; text_align=&#8221;left&#8221; background_animation=&#8221;none&#8221; css_animation=&#8221;&#8221;][vc_column][\/vc_column][\/vc_row]<\/p>\n<\/div>","protected":false},"excerpt":{"rendered":"Prote\u00e7\u00e3o dos monumentos Com o ClimateCoating\u00ae\u00a0- Desumidifica\u00e7\u00e3o suave. Estabilidade da cor. Prote\u00e7\u00e3o de fachadas. Muitos edif\u00edcios hist\u00f3ricos e classificados t\u00eam substratos minerais sens\u00edveis que requerem uma renova\u00e7\u00e3o particularmente cuidadosa. A tinta para fachadas da ClimateCoating\u00ae seca com um acabamento mate, desumidifica suavemente e garante uma...","protected":false},"author":1,"featured_media":0,"parent":49058,"menu_order":110,"comment_status":"closed","ping_status":"closed","template":"","meta":{"footnotes":""},"class_list":["post-48794","page","type-page","status-publish","hentry"],"_links":{"self":[{"href":"https:\/\/www.climatecoating.com\/pt-pt\/wp-json\/wp\/v2\/pages\/48794","targetHints":{"allow":["GET"]}}],"collection":[{"href":"https:\/\/www.climatecoating.com\/pt-pt\/wp-json\/wp\/v2\/pages"}],"about":[{"href":"https:\/\/www.climatecoating.com\/pt-pt\/wp-json\/wp\/v2\/types\/page"}],"author":[{"embeddable":true,"href":"https:\/\/www.climatecoating.com\/pt-pt\/wp-json\/wp\/v2\/users\/1"}],"replies":[{"embeddable":true,"href":"https:\/\/www.climatecoating.com\/pt-pt\/wp-json\/wp\/v2\/comments?post=48794"}],"version-history":[{"count":6,"href":"https:\/\/www.climatecoating.com\/pt-pt\/wp-json\/wp\/v2\/pages\/48794\/revisions"}],"predecessor-version":[{"id":63884,"href":"https:\/\/www.climatecoating.com\/pt-pt\/wp-json\/wp\/v2\/pages\/48794\/revisions\/63884"}],"up":[{"embeddable":true,"href":"https:\/\/www.climatecoating.com\/pt-pt\/wp-json\/wp\/v2\/pages\/49058"}],"wp:attachment":[{"href":"https:\/\/www.climatecoating.com\/pt-pt\/wp-json\/wp\/v2\/media?parent=48794"}],"curies":[{"name":"wp","href":"https:\/\/api.w.org\/{rel}","templated":true}]}}