{"id":48803,"date":"2023-09-06T11:45:10","date_gmt":"2023-09-06T09:45:10","guid":{"rendered":"https:\/\/www.climatecoating.com\/edificios-publicos\/"},"modified":"2026-02-16T11:08:22","modified_gmt":"2026-02-16T10:08:22","slug":"edificios-publicos","status":"publish","type":"page","link":"https:\/\/www.climatecoating.com\/pt-pt\/dominios-de-aplicacao\/edificios-publicos\/","title":{"rendered":"Edif\u00edcios p\u00fablicos"},"content":{"rendered":"<div class=\"wpb-content-wrapper\"><p>[vc_row row_type=&#8221;row&#8221; use_row_as_full_screen_section=&#8221;no&#8221; type=&#8221;full_width&#8221; text_align=&#8221;left&#8221; background_animation=&#8221;none&#8221; padding_bottom=&#8221;45&#8243; css_animation=&#8221;&#8221;][vc_column][vc_single_image image=&#8221;57938&#8243; img_size=&#8221;full&#8221; css=&#8221;.vc_custom_1605018495625{padding-bottom: 30px !important;}&#8221; qode_css_animation=&#8221;&#8221;][vc_column_text]<\/p>\n<h1>Edif\u00edcios p\u00fablicos<\/h1>\n<p>[\/vc_column_text][vc_column_text css=&#8221;.vc_custom_1771236491334{padding-bottom: 30px !important;}&#8221;]<span style=\"font-size: 20px;\">Com ClimateCoating<sup>\u00ae<\/sup> \u2013 Clima interior agrad\u00e1vel. Poupan\u00e7a de energia. Utiliza\u00e7\u00e3o duradoura.<\/span><\/p>\n<p>Corredores longos, tetos altos e grandes superf\u00edcies de telhado tornam os edif\u00edcios p\u00fablicos particularmente intensivos em termos energ\u00e9ticos e imp\u00f5em elevados requisitos de funcionamento e manuten\u00e7\u00e3o. As tintas funcionais ClimateCoating<sup>\u00ae<\/sup> ajudam a r<em>eduzir significativamente os custos de aquecimento, eletricidade e energia<\/em>, garantindo simultaneamente uma distribui\u00e7\u00e3o uniforme da temperatura em todas as divis\u00f5es. Os revestimentos duradouros <em>reduzem os custos de renova\u00e7\u00e3o e manuten\u00e7\u00e3o<\/em>, enquanto os seus princ\u00edpios f\u00edsicos de funcionamento garantem <em>prote\u00e7\u00e3o, efici\u00eancia energ\u00e9tica e um ambiente interior agrad\u00e1vel a longo prazo.<\/em> Assim, as institui\u00e7\u00f5es p\u00fablicas beneficiam de um edif\u00edcio sustent\u00e1vel, eficiente e confort\u00e1vel, com <em>custos operacionais significativamente reduzidos.<\/em>[\/vc_column_text][vc_row_inner row_type=&#8221;row&#8221; type=&#8221;full_width&#8221; use_row_as_full_screen_section_slide=&#8221;no&#8221; text_align=&#8221;left&#8221; css_animation=&#8221;&#8221;][vc_column_inner width=&#8221;1\/3&#8243;][vc_column_text]CLIMA DA SALA[\/vc_column_text][vc_gallery interval=&#8221;3&#8243; images=&#8221;48516,48577,48553,57944&#8243; img_size=&#8221;full&#8221; onclick=&#8221;&#8221; css=&#8221;&#8221; el_class=&#8221;flex-noarrows&#8221;][vc_separator type=&#8221;small&#8221; position=&#8221;left&#8221; border_style=&#8221;&#8221; up=&#8221;18&#8243; down=&#8221;20&#8243; color=&#8221;#d6202d&#8221;][vc_column_text]Prote\u00e7\u00e3o contra o bolor<\/p>\n<p>Higiene do quarto<\/p>\n<p>Preven\u00e7\u00e3o de condensa\u00e7a\u00f5<\/p>\n<p>Regula\u00e7\u00e3o da humidade<\/p>\n<p>Melhoria do clima interior<\/p>\n<p>Conforto de vida<\/p>\n<p>Neutralidade de odores<\/p>\n<p>Resist\u00eancia \u00e0 sujidade<\/p>\n<p>Poupan\u00e7a de energia<\/p>\n<p>Estabilidade da cor<\/p>\n<p>Melhoria ac\u00fastica<\/p>\n<p>Ilumina\u00e7\u00e3o de ambientes atrav\u00e9s da reflex\u00e3o da luz<\/p>\n<p>Renova\u00e7\u00e3o de azulejos de teto[\/vc_column_text][\/vc_column_inner][vc_column_inner width=&#8221;1\/3&#8243;][vc_column_text]MANUTEN\u00c7\u00c3O DO VALOR[\/vc_column_text][vc_gallery interval=&#8221;3&#8243; images=&#8221;55052,57847,57849&#8243; img_size=&#8221;full&#8221; onclick=&#8221;&#8221; css=&#8221;&#8221; el_class=&#8221;flex-noarrows&#8221;][vc_separator type=&#8221;small&#8221; position=&#8221;left&#8221; border_style=&#8221;&#8221; up=&#8221;18&#8243; down=&#8221;20&#8243; color=&#8221;#d6202d&#8221;][vc_column_text]Poupan\u00e7a de energia<\/p>\n<p>Longevidade<\/p>\n<p>Sem fissuras<\/p>\n<p>Robustez<\/p>\n<p>Repel\u00eancia da sujidade<\/p>\n<p>Gest\u00e3o da humidade<\/p>\n<p>Retard\u00e2ncia ao fogo<\/p>\n<p>Desumidifica\u00e7\u00e3o suave de fachadas hist\u00f3ricas<\/p>\n<p>Manter o valor das fachadas hist\u00f3ricas[\/vc_column_text][\/vc_column_inner][vc_column_inner width=&#8221;1\/3&#8243;][vc_column_text]APLICA\u00c7\u00d5ES TELHADO[\/vc_column_text][vc_gallery interval=&#8221;3&#8243; images=&#8221;48593,48541,48509&#8243; img_size=&#8221;full&#8221; onclick=&#8221;&#8221; css=&#8221;&#8221; el_class=&#8221;flex-noarrows&#8221;][vc_separator type=&#8221;small&#8221; position=&#8221;left&#8221; border_style=&#8221;&#8221; up=&#8221;18&#8243; down=&#8221;20&#8243; color=&#8221;#d6202d&#8221;][vc_column_text]Arrefecimento e redu\u00e7\u00e3o dos custos de arrefecimento<\/p>\n<p>Prote\u00e7\u00e3o contra as intemp\u00e9ries<\/p>\n<p>Impermeabilizante<\/p>\n<p>Relaxamento t\u00e9rmico[\/vc_column_text][\/vc_column_inner][\/vc_row_inner][\/vc_column][\/vc_row][vc_row row_type=&#8221;row&#8221; use_row_as_full_screen_section=&#8221;no&#8221; type=&#8221;full_width&#8221; text_align=&#8221;left&#8221; background_animation=&#8221;none&#8221; css_animation=&#8221;&#8221;][vc_column]<div class=\"templatera_shortcode\"><div     class=\"vc_row wpb_row section vc_row-fluid backlink\" style=' text-align:left;'><div class=\" full_section_inner clearfix\"><div class=\"wpb_column vc_column_container vc_col-sm-12\"><div class=\"vc_column-inner\"><div class=\"wpb_wrapper\">\n\t<div class=\"wpb_text_column wpb_content_element \">\n\t\t<div class=\"wpb_wrapper\">\n\t\t\t<p style=\"text-align: center;\"><strong><a href=\"https:\/\/www.climatecoating.com\/pt-pt\/dominios-de-aplicacao\/\">&lt;&lt; Voltar \u00e0 vis\u00e3o geral das \u00e1reas de aplica\u00e7\u00e3o<\/a><\/strong><\/p>\n\n\t\t<\/div>\n\t<\/div><\/div><\/div><\/div><\/div><\/div><\/div>[\/vc_column][\/vc_row]<\/p>\n<\/div>","protected":false},"excerpt":{"rendered":"Edif\u00edcios p\u00fablicos Com ClimateCoating\u00ae \u2013 Clima interior agrad\u00e1vel. Poupan\u00e7a de energia. Utiliza\u00e7\u00e3o duradoura. Corredores longos, tetos altos e grandes superf\u00edcies de telhado tornam os edif\u00edcios p\u00fablicos particularmente intensivos em termos energ\u00e9ticos e imp\u00f5em elevados requisitos de funcionamento e manuten\u00e7\u00e3o. As tintas funcionais ClimateCoating\u00ae ajudam a...","protected":false},"author":1,"featured_media":0,"parent":49058,"menu_order":125,"comment_status":"closed","ping_status":"closed","template":"","meta":{"footnotes":""},"class_list":["post-48803","page","type-page","status-publish","hentry"],"_links":{"self":[{"href":"https:\/\/www.climatecoating.com\/pt-pt\/wp-json\/wp\/v2\/pages\/48803","targetHints":{"allow":["GET"]}}],"collection":[{"href":"https:\/\/www.climatecoating.com\/pt-pt\/wp-json\/wp\/v2\/pages"}],"about":[{"href":"https:\/\/www.climatecoating.com\/pt-pt\/wp-json\/wp\/v2\/types\/page"}],"author":[{"embeddable":true,"href":"https:\/\/www.climatecoating.com\/pt-pt\/wp-json\/wp\/v2\/users\/1"}],"replies":[{"embeddable":true,"href":"https:\/\/www.climatecoating.com\/pt-pt\/wp-json\/wp\/v2\/comments?post=48803"}],"version-history":[{"count":5,"href":"https:\/\/www.climatecoating.com\/pt-pt\/wp-json\/wp\/v2\/pages\/48803\/revisions"}],"predecessor-version":[{"id":63923,"href":"https:\/\/www.climatecoating.com\/pt-pt\/wp-json\/wp\/v2\/pages\/48803\/revisions\/63923"}],"up":[{"embeddable":true,"href":"https:\/\/www.climatecoating.com\/pt-pt\/wp-json\/wp\/v2\/pages\/49058"}],"wp:attachment":[{"href":"https:\/\/www.climatecoating.com\/pt-pt\/wp-json\/wp\/v2\/media?parent=48803"}],"curies":[{"name":"wp","href":"https:\/\/api.w.org\/{rel}","templated":true}]}}