{"id":48807,"date":"2023-09-06T11:45:10","date_gmt":"2023-09-06T09:45:10","guid":{"rendered":"https:\/\/www.climatecoating.com\/industria-hoteleira-e-gastronomia\/"},"modified":"2026-02-17T11:30:20","modified_gmt":"2026-02-17T10:30:20","slug":"industria-hoteleira-e-gastronomia","status":"publish","type":"page","link":"https:\/\/www.climatecoating.com\/pt-pt\/dominios-de-aplicacao\/industria-hoteleira-e-gastronomia\/","title":{"rendered":"Ind\u00fastria hoteleira e gastronomia"},"content":{"rendered":"<div class=\"wpb-content-wrapper\"><p>[vc_row row_type=&#8221;row&#8221; use_row_as_full_screen_section=&#8221;no&#8221; type=&#8221;full_width&#8221; text_align=&#8221;left&#8221; background_animation=&#8221;none&#8221; padding_bottom=&#8221;45&#8243; css_animation=&#8221;&#8221;][vc_column][vc_single_image image=&#8221;57935&#8243; img_size=&#8221;full&#8221; css=&#8221;.vc_custom_1605019224314{padding-bottom: 30px !important;}&#8221; qode_css_animation=&#8221;&#8221;][vc_column_text]<\/p>\n<h1>Ind\u00fastria hoteleira e gastronomia<\/h1>\n<p>[\/vc_column_text][vc_column_text css=&#8221;.vc_custom_1771324208322{padding-bottom: 30px !important;}&#8221;]<span style=\"font-size: 20px;\">Com o ClimateCoating<sup>\u00ae<\/sup><sup>\u00a0<\/sup><\/span><span style=\"font-size: 20px;\">&#8211; Superf\u00edcies higi\u00e9nicas. Conforto no quarto. Poupan\u00e7a de energia. <\/span><\/p>\n<p>Nos hot\u00e9is e estabelecimentos de restaura\u00e7\u00e3o, todos os quartos t\u00eam de satisfazer os mais elevados padr\u00f5es: Desde superf\u00edcies higienicamente limpas e um ambiente acolhedor at\u00e9 revestimentos dur\u00e1veis e robustos, tudo \u00e9 necess\u00e1rio. Os revestimentos funcionais ClimateCoating<sup>\u00ae<\/sup> cumprem estes requisitos de forma fi\u00e1vel: facilitam <em>a limpeza de<\/em> superf\u00edcies muito utilizadas, <em>estabilizam o aspeto da cor<\/em>, uniformizam<em> as temperaturas ambiente<\/em> e <em>protegem as paredes, os tectos e as superf\u00edcies do desgaste.<\/em><\/p>\n<p>Mesmo em \u00e1reas muito frequentadas, como cozinhas, corredores, casas de banho ou zonas de servi\u00e7o, os quartos permanecem limpos e convidativos. <em>Os intervalos de renova\u00e7\u00e3o e manuten\u00e7\u00e3o s\u00e3o alargados<\/em>, os custos de manuten\u00e7\u00e3o s\u00e3o reduzidos e <em>a satisfa\u00e7\u00e3o dos h\u00f3spedes<\/em> aumenta ao mesmo tempo. Gra\u00e7as \u00e0 sua aplicabilidade universal, os revestimentos funcionam em todas as superf\u00edcies de parede, independentemente de se tratar de constru\u00e7\u00f5es novas, edif\u00edcios antigos ou quartos a necessitar de renova\u00e7\u00e3o, e n\u00e3o requerem quaisquer trabalhos de constru\u00e7\u00e3o dispendiosos. Assim, o ClimateCoating<sup>\u00ae<\/sup>\u00a0ajuda os hot\u00e9is e os estabelecimentos de restaura\u00e7\u00e3o a criar espa\u00e7os <em>higi\u00e9nicos, confort\u00e1veis, f\u00e1ceis de limpar e econ\u00f3micos<\/em> &#8211; desde o quarto de h\u00f3spedes \u00e0 \u00e1rea de refei\u00e7\u00f5es e \u00e0s \u00e1reas de servi\u00e7o.[\/vc_column_text][vc_row_inner row_type=&#8221;row&#8221; type=&#8221;full_width&#8221; use_row_as_full_screen_section_slide=&#8221;no&#8221; text_align=&#8221;left&#8221; css_animation=&#8221;&#8221;][vc_column_inner width=&#8221;1\/4&#8243;][vc_column_text]APLICA\u00c7\u00d5ES<br \/>\nINSIDE[\/vc_column_text][vc_gallery interval=&#8221;3&#8243; images=&#8221;48553,57944,63712,63713&#8243; img_size=&#8221;full&#8221; onclick=&#8221;&#8221; css=&#8221;&#8221; el_class=&#8221;flex-noarrows&#8221;][vc_separator type=&#8221;small&#8221; position=&#8221;left&#8221; border_style=&#8221;&#8221; up=&#8221;18&#8243; down=&#8221;20&#8243; color=&#8221;#d6202d&#8221;][vc_column_text]Higiene do quarto e prote\u00e7\u00e3o contra o bolor<\/p>\n<p>Preven\u00e7\u00e3o de condensa\u00e7\u00e3o e regula\u00e7\u00e3o da humidade<\/p>\n<p>Melhoria do clima interior e conforto de vida<\/p>\n<p>Resist\u00eancia \u00e0 sujidade e fotocat\u00e1lise<\/p>\n<p>Poupan\u00e7a de energia e efici\u00eancia econ\u00f3mica<\/p>\n<p>Renova\u00e7\u00e3o de azulejos de teto<\/p>\n<p>Ilumina\u00e7\u00e3o de ambientes atrav\u00e9s da reflex\u00e3o da luz<\/p>\n<p>Revestimento de prote\u00e7\u00e3o para espuma PU[\/vc_column_text][\/vc_column_inner][vc_column_inner width=&#8221;1\/4&#8243;][vc_column_text]APLICA\u00c7\u00d5ES<br \/>\nAO AR LIVRE[\/vc_column_text][vc_gallery interval=&#8221;3&#8243; images=&#8221;55051,57847,57849&#8243; img_size=&#8221;full&#8221; onclick=&#8221;&#8221; css=&#8221;&#8221; el_class=&#8221;flex-noarrows&#8221;][vc_separator type=&#8221;small&#8221; position=&#8221;left&#8221; border_style=&#8221;&#8221; up=&#8221;18&#8243; down=&#8221;20&#8243; color=&#8221;#d6202d&#8221;][vc_column_text]Melhorar o balan\u00e7o energ\u00e9tico do edif\u00edcio<\/p>\n<p>Durabilidade, aus\u00eancia de fissuras e robustez<\/p>\n<p>Redu\u00e7\u00e3o do crescimento de algas, musgo e fungos<\/p>\n<p>Gest\u00e3o da humidade e regula\u00e7\u00e3o da temperatura<\/p>\n<p>Fachadas hist\u00f3ricas: Desumidifica\u00e7\u00e3o suave e reten\u00e7\u00e3o de valor<\/p>\n<p>Retard\u00e2ncia ao fogo<\/p>\n<p>Revestimento de prote\u00e7\u00e3o para espuma PU[\/vc_column_text][\/vc_column_inner][vc_column_inner width=&#8221;1\/4&#8243;][vc_column_text]APLICA\u00c7\u00d5ES<br \/>\nTETO[\/vc_column_text][vc_gallery interval=&#8221;3&#8243; images=&#8221;55067,48509,48541&#8243; img_size=&#8221;full&#8221; onclick=&#8221;&#8221; css=&#8221;&#8221; el_class=&#8221;flex-noarrows&#8221;][vc_separator type=&#8221;small&#8221; position=&#8221;left&#8221; border_style=&#8221;&#8221; up=&#8221;18&#8243; down=&#8221;20&#8243; color=&#8221;#d6202d&#8221;][vc_column_text css=&#8221;&#8221;]<a href=\"https:\/\/www.climatecoating.com\/pt-pt\/dominios-de-aplicacao\/arrefecimento-e-reducao-dos-custos-de-arrefecimento\/\" target=\"_blank\" rel=\"noopener\">Arrefecimento e redu\u00e7\u00e3o da capacidade de arrefecimento<\/a><\/p>\n<p>Prote\u00e7\u00e3o contra as intemp\u00e9ries e durabilidade<\/p>\n<p>Estanquicidade<\/p>\n<p>Relaxamento t\u00e9rmico[\/vc_column_text][\/vc_column_inner][vc_column_inner width=&#8221;1\/4&#8243;][vc_column_text]APLICA\u00c7\u00d5ES<br \/>\nMADEIRA[\/vc_column_text][vc_gallery interval=&#8221;3&#8243; images=&#8221;57952,57951,57953&#8243; img_size=&#8221;full&#8221; onclick=&#8221;&#8221; el_class=&#8221;flex-noarrows&#8221;][vc_separator type=&#8221;small&#8221; position=&#8221;left&#8221; border_style=&#8221;&#8221; up=&#8221;18&#8243; down=&#8221;20&#8243; color=&#8221;#d6202d&#8221;][vc_column_text]Prote\u00e7\u00e3o contra a intemp\u00e9rie a longo prazo[\/vc_column_text][\/vc_column_inner][\/vc_row_inner][\/vc_column][\/vc_row][vc_row row_type=&#8221;row&#8221; use_row_as_full_screen_section=&#8221;no&#8221; type=&#8221;full_width&#8221; text_align=&#8221;left&#8221; background_animation=&#8221;none&#8221; css_animation=&#8221;&#8221;][vc_column][\/vc_column][\/vc_row]<\/p>\n<\/div>","protected":false},"excerpt":{"rendered":"Ind\u00fastria hoteleira e gastronomia Com o ClimateCoating\u00ae\u00a0- Superf\u00edcies higi\u00e9nicas. Conforto no quarto. Poupan\u00e7a de energia. Nos hot\u00e9is e estabelecimentos de restaura\u00e7\u00e3o, todos os quartos t\u00eam de satisfazer os mais elevados padr\u00f5es: Desde superf\u00edcies higienicamente limpas e um ambiente acolhedor at\u00e9 revestimentos dur\u00e1veis e robustos, tudo...","protected":false},"author":1,"featured_media":0,"parent":49058,"menu_order":150,"comment_status":"closed","ping_status":"closed","template":"","meta":{"footnotes":""},"class_list":["post-48807","page","type-page","status-publish","hentry"],"_links":{"self":[{"href":"https:\/\/www.climatecoating.com\/pt-pt\/wp-json\/wp\/v2\/pages\/48807","targetHints":{"allow":["GET"]}}],"collection":[{"href":"https:\/\/www.climatecoating.com\/pt-pt\/wp-json\/wp\/v2\/pages"}],"about":[{"href":"https:\/\/www.climatecoating.com\/pt-pt\/wp-json\/wp\/v2\/types\/page"}],"author":[{"embeddable":true,"href":"https:\/\/www.climatecoating.com\/pt-pt\/wp-json\/wp\/v2\/users\/1"}],"replies":[{"embeddable":true,"href":"https:\/\/www.climatecoating.com\/pt-pt\/wp-json\/wp\/v2\/comments?post=48807"}],"version-history":[{"count":9,"href":"https:\/\/www.climatecoating.com\/pt-pt\/wp-json\/wp\/v2\/pages\/48807\/revisions"}],"predecessor-version":[{"id":63992,"href":"https:\/\/www.climatecoating.com\/pt-pt\/wp-json\/wp\/v2\/pages\/48807\/revisions\/63992"}],"up":[{"embeddable":true,"href":"https:\/\/www.climatecoating.com\/pt-pt\/wp-json\/wp\/v2\/pages\/49058"}],"wp:attachment":[{"href":"https:\/\/www.climatecoating.com\/pt-pt\/wp-json\/wp\/v2\/media?parent=48807"}],"curies":[{"name":"wp","href":"https:\/\/api.w.org\/{rel}","templated":true}]}}