{"id":48820,"date":"2023-09-06T11:45:11","date_gmt":"2023-09-06T09:45:11","guid":{"rendered":"https:\/\/www.climatecoating.com\/construir-e-viver\/"},"modified":"2026-02-16T09:59:50","modified_gmt":"2026-02-16T08:59:50","slug":"construir-e-viver","status":"publish","type":"page","link":"https:\/\/www.climatecoating.com\/pt-pt\/dominios-de-aplicacao\/construir-e-viver\/","title":{"rendered":"Construir e viver"},"content":{"rendered":"<div class=\"wpb-content-wrapper\"><p>[vc_row row_type=&#8221;row&#8221; use_row_as_full_screen_section=&#8221;no&#8221; type=&#8221;full_width&#8221; text_align=&#8221;left&#8221; background_animation=&#8221;none&#8221; padding_bottom=&#8221;45&#8243; css_animation=&#8221;&#8221;][vc_column][vc_single_image image=&#8221;56252&#8243; img_size=&#8221;full&#8221; css=&#8221;.vc_custom_1762171666160{padding-bottom: 30px !important;}&#8221; qode_css_animation=&#8221;&#8221;][vc_column_text]<\/p>\n<h1>Construir e viver<\/h1>\n<p>[\/vc_column_text][vc_column_text css=&#8221;.vc_custom_1771232249420{padding-bottom: 30px !important;}&#8221;]<span style=\"font-size: 20px;\">Com ClimateCoating<sup>\u00ae<\/sup> \u2013 Clima interior saud\u00e1vel. Poupan\u00e7a de energia. Superf\u00edcies duradouras.<\/span><\/p>\n<p>Imagine uma casa totalmente confort\u00e1vel, saud\u00e1vel e energeticamente eficiente \u2013 \u00e9 exatamente isso que o ClimateCoating<sup>\u00ae<\/sup> permite. As nossas tintas funcionais <em>reduzem as perdas de calor, diminuem significativamente os custos de aquecimento e energia e garantem um clima interior agrad\u00e1vel<\/em> e saud\u00e1vel gra\u00e7as a temperaturas superficiais mais elevadas. As superf\u00edcies duradouras mant\u00eam a sua casa em \u00f3timas condi\u00e7\u00f5es durante anos e tornam as <em>renova\u00e7\u00f5es dispendiosas menos frequentes<\/em>. A distribui\u00e7\u00e3o uniforme da temperatura garante ao mesmo tempo que todas as divis\u00f5es sejam confort\u00e1veis \u2013 da sala de estar ao quarto. Seja em apartamentos alugados ou pr\u00f3prios, em edif\u00edcios novos ou antigos: o ClimateCoating<sup>\u00ae<\/sup> pode ser facilmente aplicado em todas as superf\u00edcies \u2013 <em>sem trabalhos de constru\u00e7\u00e3o dispendiosos<\/em>. Assim, <em>combina conforto, efici\u00eancia de custos e habita\u00e7\u00e3o sustent\u00e1vel numa \u00fanica pintura<\/em> \u2013 para uma casa onde se sente completamente \u00e0 vontade.[\/vc_column_text][vc_row_inner row_type=&#8221;row&#8221; type=&#8221;full_width&#8221; use_row_as_full_screen_section_slide=&#8221;no&#8221; text_align=&#8221;left&#8221; css_animation=&#8221;&#8221;][vc_column_inner width=&#8221;1\/4&#8243;][vc_column_text]APLICA\u00c7\u00d5ES<br \/>\nINTERIOR[\/vc_column_text][vc_gallery interval=&#8221;3&#8243; images=&#8221;63712,63713,48553&#8243; img_size=&#8221;full&#8221; onclick=&#8221;&#8221; css=&#8221;&#8221; el_class=&#8221;flex-noarrows&#8221;][vc_separator type=&#8221;small&#8221; position=&#8221;left&#8221; border_style=&#8221;&#8221; up=&#8221;18&#8243; down=&#8221;20&#8243; color=&#8221;#d6202d&#8221;][vc_column_text css=&#8221;&#8221;]<a href=\"https:\/\/www.climatecoating.com\/pt-pt\/dominios-de-aplicacao\/protecao-contra-o-bolor\/\" target=\"_blank\" rel=\"noopener\">Prote\u00e7\u00e3o contra o bolor<\/a><\/p>\n<p>Higiene do quarto<\/p>\n<p>Previne a condensa\u00e7\u00e3o<\/p>\n<p>Regula\u00e7\u00e3o da humidade<\/p>\n<p>Melhoria do clima interior<\/p>\n<p>Conforto de vida<\/p>\n<p>Neutralidade de odores<\/p>\n<p>Resist\u00eancia \u00e0 sujidade<\/p>\n<p>Poupan\u00e7a de energia<\/p>\n<p>Estabilidade da cor<\/p>\n<p>Melhoria ac\u00fastica<\/p>\n<p>Elimina\u00e7\u00e3o de sujidade por fotocat\u00e1lise<\/p>\n<p>Ilumina\u00e7\u00e3o de ambientes atrav\u00e9s da reflex\u00e3o da luz<\/p>\n<p>Renova\u00e7\u00e3o de azulejos de teto<\/p>\n<p>Revestimento de prote\u00e7\u00e3o para espuma PU[\/vc_column_text][\/vc_column_inner][vc_column_inner width=&#8221;1\/4&#8243;][vc_column_text]APLICA\u00c7\u00d5ES<br \/>\nAO AR LIVRE[\/vc_column_text][vc_gallery interval=&#8221;3&#8243; images=&#8221;55052,57848,57845&#8243; img_size=&#8221;full&#8221; onclick=&#8221;&#8221; css=&#8221;&#8221; el_class=&#8221;flex-noarrows&#8221;][vc_separator type=&#8221;small&#8221; position=&#8221;left&#8221; border_style=&#8221;&#8221; up=&#8221;18&#8243; down=&#8221;20&#8243; color=&#8221;#d6202d&#8221;][vc_column_text]Poupan\u00e7a de energia<\/p>\n<p>Longevidade<\/p>\n<p>Previne fissuras<\/p>\n<p>Robustez<\/p>\n<p>Repel\u00eancia da sujidade<\/p>\n<p>Gest\u00e3o da humidade<\/p>\n<p>Retard\u00e2ncia ao fogo<\/p>\n<p>Desumidifica\u00e7\u00e3o suave de fachadas hist\u00f3ricas<\/p>\n<p>Manter o valor das fachadas hist\u00f3ricas<\/p>\n<p>Revestimento de prote\u00e7\u00e3o para espuma PU[\/vc_column_text][\/vc_column_inner][vc_column_inner width=&#8221;1\/4&#8243;][vc_column_text css=&#8221;&#8221;]APLICA\u00c7\u00d5ES<br \/>\nTETO[\/vc_column_text][vc_gallery interval=&#8221;3&#8243; images=&#8221;48593,48509,48541&#8243; img_size=&#8221;full&#8221; onclick=&#8221;&#8221; css=&#8221;&#8221; el_class=&#8221;flex-noarrows&#8221;][vc_separator type=&#8221;small&#8221; position=&#8221;left&#8221; border_style=&#8221;&#8221; up=&#8221;18&#8243; down=&#8221;20&#8243; color=&#8221;#d6202d&#8221;][vc_column_text css=&#8221;&#8221;]<a href=\"https:\/\/www.climatecoating.com\/pt-pt\/dominios-de-aplicacao\/arrefecimento-e-reducao-dos-custos-de-arrefecimento\/\" target=\"_blank\" rel=\"noopener\">Arrefecimento e redu\u00e7\u00e3o dos custos de arrefecimento<\/a><\/p>\n<p>Prote\u00e7\u00e3o contra as intemp\u00e9ries<\/p>\n<p>Impermeabilizante<\/p>\n<p>Relaxamento t\u00e9rmico[\/vc_column_text][\/vc_column_inner][vc_column_inner width=&#8221;1\/4&#8243;][vc_column_text]APLICA\u00c7\u00d5ES<br \/>\nMADEIRA[\/vc_column_text][vc_gallery interval=&#8221;3&#8243; images=&#8221;57952,57951,57953&#8243; img_size=&#8221;full&#8221; onclick=&#8221;&#8221; css=&#8221;&#8221; el_class=&#8221;flex-noarrows&#8221;][vc_separator type=&#8221;small&#8221; position=&#8221;left&#8221; border_style=&#8221;&#8221; up=&#8221;18&#8243; down=&#8221;20&#8243; color=&#8221;#d6202d&#8221;][vc_column_text]Prote\u00e7\u00e3o da madeira contra as intemp\u00e9ries a longo prazo[\/vc_column_text][\/vc_column_inner][\/vc_row_inner][\/vc_column][\/vc_row][vc_row row_type=&#8221;row&#8221; use_row_as_full_screen_section=&#8221;no&#8221; type=&#8221;full_width&#8221; text_align=&#8221;left&#8221; background_animation=&#8221;none&#8221; css_animation=&#8221;&#8221;][vc_column][\/vc_column][\/vc_row]<\/p>\n<\/div>","protected":false},"excerpt":{"rendered":"Construir e viver Com ClimateCoating\u00ae \u2013 Clima interior saud\u00e1vel. Poupan\u00e7a de energia. Superf\u00edcies duradouras. Imagine uma casa totalmente confort\u00e1vel, saud\u00e1vel e energeticamente eficiente \u2013 \u00e9 exatamente isso que o ClimateCoating\u00ae permite. As nossas tintas funcionais reduzem as perdas de calor, diminuem significativamente os custos de...","protected":false},"author":1,"featured_media":0,"parent":49058,"menu_order":105,"comment_status":"closed","ping_status":"closed","template":"","meta":{"footnotes":""},"class_list":["post-48820","page","type-page","status-publish","hentry"],"_links":{"self":[{"href":"https:\/\/www.climatecoating.com\/pt-pt\/wp-json\/wp\/v2\/pages\/48820","targetHints":{"allow":["GET"]}}],"collection":[{"href":"https:\/\/www.climatecoating.com\/pt-pt\/wp-json\/wp\/v2\/pages"}],"about":[{"href":"https:\/\/www.climatecoating.com\/pt-pt\/wp-json\/wp\/v2\/types\/page"}],"author":[{"embeddable":true,"href":"https:\/\/www.climatecoating.com\/pt-pt\/wp-json\/wp\/v2\/users\/1"}],"replies":[{"embeddable":true,"href":"https:\/\/www.climatecoating.com\/pt-pt\/wp-json\/wp\/v2\/comments?post=48820"}],"version-history":[{"count":6,"href":"https:\/\/www.climatecoating.com\/pt-pt\/wp-json\/wp\/v2\/pages\/48820\/revisions"}],"predecessor-version":[{"id":63874,"href":"https:\/\/www.climatecoating.com\/pt-pt\/wp-json\/wp\/v2\/pages\/48820\/revisions\/63874"}],"up":[{"embeddable":true,"href":"https:\/\/www.climatecoating.com\/pt-pt\/wp-json\/wp\/v2\/pages\/49058"}],"wp:attachment":[{"href":"https:\/\/www.climatecoating.com\/pt-pt\/wp-json\/wp\/v2\/media?parent=48820"}],"curies":[{"name":"wp","href":"https:\/\/api.w.org\/{rel}","templated":true}]}}