{"id":48825,"date":"2023-09-06T11:45:12","date_gmt":"2023-09-06T09:45:12","guid":{"rendered":"https:\/\/www.climatecoating.com\/transportes-e-trafego\/"},"modified":"2026-02-16T11:27:52","modified_gmt":"2026-02-16T10:27:52","slug":"transportes-e-trafego","status":"publish","type":"page","link":"https:\/\/www.climatecoating.com\/pt-pt\/dominios-de-aplicacao\/transportes-e-trafego\/","title":{"rendered":"Transportes e tr\u00e1fego"},"content":{"rendered":"<div class=\"wpb-content-wrapper\"><p>[vc_row row_type=&#8221;row&#8221; use_row_as_full_screen_section=&#8221;no&#8221; type=&#8221;full_width&#8221; text_align=&#8221;left&#8221; background_animation=&#8221;none&#8221; padding_bottom=&#8221;45&#8243; css_animation=&#8221;&#8221;][vc_column][vc_single_image image=&#8221;57941&#8243; img_size=&#8221;full&#8221; css=&#8221;.vc_custom_1605018699445{padding-bottom: 30px !important;}&#8221; qode_css_animation=&#8221;&#8221;][vc_column_text]<\/p>\n<h1>Transportes e tr\u00e1fego<\/h1>\n<p>[\/vc_column_text][vc_column_text css=&#8221;.vc_custom_1771237656611{padding-bottom: 30px !important;}&#8221;]<span style=\"font-size: 20px;\">Com o ClimateCoating<sup>\u00ae<\/sup><sup>\u00a0<\/sup><\/span><span style=\"font-size: 20px;\">&#8211; <span class=\"jCAhz ChMk0b\"><span class=\"ryNqvb\">Anticondensa\u00e7\u00e3o.<\/span><\/span> <span class=\"jCAhz\"><span class=\"ryNqvb\">Estabilidade t\u00e9rmica.<\/span><\/span> <span class=\"jCAhz ChMk0b\"><span class=\"ryNqvb\">Resist\u00eancia extrema.<\/span><\/span><\/span><\/p>\n<p>No sector dos transportes e do tr\u00e1fego, as temperaturas extremas, a humidade elevada, a condensa\u00e7\u00e3o e a carga eletrost\u00e1tica imp\u00f5em exig\u00eancias especiais \u00e0s superf\u00edcies. Os revestimentos funcionais ClimateCoating<sup>\u00ae<\/sup> oferecem solu\u00e7\u00f5es fi\u00e1veis para isso. Evitam<em> a condensa\u00e7\u00e3o, estabilizam as temperaturas<\/em> em ve\u00edculos, contentores ou \u00e1reas de armazenamento e <em>protegem contra os efeitos electrost\u00e1ticos<\/em>. Ao mesmo tempo, proporcionam <em>prote\u00e7\u00e3o t\u00e9rmica e superf\u00edcies duradouras<\/em>, mesmo a temperaturas extremas de -40 \u00b0C a +150 \u00b0C. Desta forma, permitem <em>superf\u00edcies seguras, energeticamente eficientes e resistentes<\/em>, garantindo assim a m\u00e1xima seguran\u00e7a operacional e <em>menores custos de manuten\u00e7\u00e3o.<\/em>[\/vc_column_text][vc_row_inner row_type=&#8221;row&#8221; type=&#8221;full_width&#8221; use_row_as_full_screen_section_slide=&#8221;no&#8221; text_align=&#8221;left&#8221; css_animation=&#8221;&#8221;][vc_column_inner width=&#8221;1\/3&#8243;][vc_column_text]BAHN[\/vc_column_text][vc_gallery interval=&#8221;3&#8243; images=&#8221;48620&#8243; img_size=&#8221;full&#8221; onclick=&#8221;&#8221; el_class=&#8221;flex-noarrows&#8221;][vc_separator type=&#8221;small&#8221; position=&#8221;left&#8221; border_style=&#8221;&#8221; up=&#8221;18&#8243; down=&#8221;20&#8243; color=&#8221;#d6202d&#8221;][vc_column_text]Relaxamento t\u00e9rmico<\/p>\n<p>Arrefecimento<\/p>\n<p>Redu\u00e7\u00e3o de condensados[\/vc_column_text][\/vc_column_inner][vc_column_inner width=&#8221;1\/3&#8243;][vc_column_text]FERROVIA[\/vc_column_text][vc_gallery interval=&#8221;3&#8243; images=&#8221;48620&#8243; img_size=&#8221;full&#8221; onclick=&#8221;&#8221; el_class=&#8221;flex-noarrows&#8221;][vc_separator type=&#8221;small&#8221; position=&#8221;left&#8221; border_style=&#8221;&#8221; up=&#8221;18&#8243; down=&#8221;20&#8243; color=&#8221;#d6202d&#8221;][vc_column_text]Arrefecimento<\/p>\n<p>Prote\u00e7\u00e3o contra a deforma\u00e7\u00e3o dos carris[\/vc_column_text][\/vc_column_inner][vc_column_inner width=&#8221;1\/3&#8243;][vc_column_text]CONTENTOR[\/vc_column_text][vc_gallery interval=&#8221;3&#8243; images=&#8221;48620&#8243; img_size=&#8221;full&#8221; onclick=&#8221;&#8221; el_class=&#8221;flex-noarrows&#8221;][vc_separator type=&#8221;small&#8221; position=&#8221;left&#8221; border_style=&#8221;&#8221; up=&#8221;18&#8243; down=&#8221;20&#8243; color=&#8221;#d6202d&#8221;][vc_column_text]Prote\u00e7\u00e3o contra a luz solar<\/p>\n<p>Arrefecimento[\/vc_column_text][\/vc_column_inner][\/vc_row_inner][\/vc_column][\/vc_row][vc_row row_type=&#8221;row&#8221; use_row_as_full_screen_section=&#8221;no&#8221; type=&#8221;full_width&#8221; text_align=&#8221;left&#8221; background_animation=&#8221;none&#8221; css_animation=&#8221;&#8221;][vc_column][\/vc_column][\/vc_row]<\/p>\n<\/div>","protected":false},"excerpt":{"rendered":"Transportes e tr\u00e1fego Com o ClimateCoating\u00ae\u00a0- Anticondensa\u00e7\u00e3o. Estabilidade t\u00e9rmica. Resist\u00eancia extrema. No sector dos transportes e do tr\u00e1fego, as temperaturas extremas, a humidade elevada, a condensa\u00e7\u00e3o e a carga eletrost\u00e1tica imp\u00f5em exig\u00eancias especiais \u00e0s superf\u00edcies. Os revestimentos funcionais ClimateCoating\u00ae oferecem solu\u00e7\u00f5es fi\u00e1veis para isso. Evitam...","protected":false},"author":1,"featured_media":0,"parent":49058,"menu_order":130,"comment_status":"closed","ping_status":"closed","template":"","meta":{"footnotes":""},"class_list":["post-48825","page","type-page","status-publish","hentry"],"_links":{"self":[{"href":"https:\/\/www.climatecoating.com\/pt-pt\/wp-json\/wp\/v2\/pages\/48825","targetHints":{"allow":["GET"]}}],"collection":[{"href":"https:\/\/www.climatecoating.com\/pt-pt\/wp-json\/wp\/v2\/pages"}],"about":[{"href":"https:\/\/www.climatecoating.com\/pt-pt\/wp-json\/wp\/v2\/types\/page"}],"author":[{"embeddable":true,"href":"https:\/\/www.climatecoating.com\/pt-pt\/wp-json\/wp\/v2\/users\/1"}],"replies":[{"embeddable":true,"href":"https:\/\/www.climatecoating.com\/pt-pt\/wp-json\/wp\/v2\/comments?post=48825"}],"version-history":[{"count":10,"href":"https:\/\/www.climatecoating.com\/pt-pt\/wp-json\/wp\/v2\/pages\/48825\/revisions"}],"predecessor-version":[{"id":63932,"href":"https:\/\/www.climatecoating.com\/pt-pt\/wp-json\/wp\/v2\/pages\/48825\/revisions\/63932"}],"up":[{"embeddable":true,"href":"https:\/\/www.climatecoating.com\/pt-pt\/wp-json\/wp\/v2\/pages\/49058"}],"wp:attachment":[{"href":"https:\/\/www.climatecoating.com\/pt-pt\/wp-json\/wp\/v2\/media?parent=48825"}],"curies":[{"name":"wp","href":"https:\/\/api.w.org\/{rel}","templated":true}]}}