{"id":48834,"date":"2023-09-06T11:45:12","date_gmt":"2023-09-06T09:45:12","guid":{"rendered":"https:\/\/www.climatecoating.com\/construcoes-tecnicas\/"},"modified":"2026-02-17T11:51:59","modified_gmt":"2026-02-17T10:51:59","slug":"construcoes-tecnicas","status":"publish","type":"page","link":"https:\/\/www.climatecoating.com\/pt-pt\/dominios-de-aplicacao\/construcoes-tecnicas\/","title":{"rendered":"Constru\u00e7\u00f5es t\u00e9cnicas"},"content":{"rendered":"<div class=\"wpb-content-wrapper\"><p>[vc_row row_type=&#8221;row&#8221; use_row_as_full_screen_section=&#8221;no&#8221; type=&#8221;full_width&#8221; text_align=&#8221;left&#8221; background_animation=&#8221;none&#8221; padding_bottom=&#8221;45&#8243; css_animation=&#8221;&#8221;][vc_column][vc_single_image image=&#8221;57940&#8243; img_size=&#8221;full&#8221; css=&#8221;.vc_custom_1605019300402{padding-bottom: 30px !important;}&#8221; qode_css_animation=&#8221;&#8221;][vc_column_text]<\/p>\n<h1>Constru\u00e7\u00f5es t\u00e9cnicas<\/h1>\n<p>[\/vc_column_text][vc_column_text css=&#8221;.vc_custom_1771325485891{padding-bottom: 30px !important;}&#8221;]<span style=\"font-size: 20px;\">Com o ClimateCoating<sup>\u00ae<\/sup> <\/span><span style=\"font-size: 20px;\">&#8211; Prote\u00e7\u00e3o contra condensa\u00e7\u00e3o. Estabiliza\u00e7\u00e3o da temperatura. Prote\u00e7\u00e3o das superf\u00edcies. <\/span><\/p>\n<p>Os tanques, contentores, tubagens e outros sistemas industriais est\u00e3o expostos a cargas extremas. As flutua\u00e7\u00f5es de temperatura, as tens\u00f5es t\u00e9rmicas, a humidade e as tens\u00f5es mec\u00e2nicas colocam exig\u00eancias especiais aos revestimentos. Um revestimento com o IndustrySpecial da ClimateCoating<sup>\u00ae<\/sup> cumpre estes requisitos de forma fi\u00e1vel. Evita <em>a condensa\u00e7\u00e3o, estabiliza as temperaturas, reduz as tens\u00f5es t\u00e9rmicas e protege as superf\u00edcies contra o desgaste, a corros\u00e3o e as influ\u00eancias qu\u00edmicas<\/em>.<\/p>\n<p>Com o IndustrySpecial, os sistemas industriais permanecem <em>eficientes, seguros e duradouros<\/em>. O revestimento <em>reduz os custos de manuten\u00e7\u00e3o<\/em>, <em>diminui os tempos de paragem<\/em> e permite <em>um funcionamento econ\u00f3mico mesmo em condi\u00e7\u00f5es de funcionamento extremas<\/em>. Mesmo sistemas particularmente complexos ou personalizados podem ser protegidos de forma ideal, uma vez que cada revestimento \u00e9 adaptado exatamente aos requisitos dos seus sistemas industriais.[\/vc_column_text][vc_row_inner row_type=&#8221;row&#8221; type=&#8221;full_width&#8221; use_row_as_full_screen_section_slide=&#8221;no&#8221; text_align=&#8221;left&#8221; css_animation=&#8221;&#8221;][vc_column_inner width=&#8221;1\/3&#8243;][vc_column_text]APLICA\u00c7\u00d5ES<br \/>\nAO AR LIVRE[\/vc_column_text][vc_gallery interval=&#8221;3&#8243; images=&#8221;55051,48620,57853&#8243; img_size=&#8221;full&#8221; onclick=&#8221;&#8221; css=&#8221;&#8221; el_class=&#8221;flex-noarrows&#8221;][vc_separator type=&#8221;small&#8221; position=&#8221;left&#8221; border_style=&#8221;&#8221; up=&#8221;18&#8243; down=&#8221;20&#8243; color=&#8221;#d6202d&#8221;][vc_column_text]Melhorar o balan\u00e7o energ\u00e9tico do edif\u00edcio<\/p>\n<p>Durabilidade, aus\u00eancia de fissuras e robustez<\/p>\n<p>Redu\u00e7\u00e3o do crescimento de algas, musgo e fungos<\/p>\n<p>Gest\u00e3o da humidade e regula\u00e7\u00e3o da temperatura<\/p>\n<p>Fachadas hist\u00f3ricas: Desumidifica\u00e7\u00e3o suave e reten\u00e7\u00e3o de valor<\/p>\n<p>Retard\u00e2ncia ao fogo<\/p>\n<p>Revestimento de prote\u00e7\u00e3o para espuma PU[\/vc_column_text][\/vc_column_inner][vc_column_inner width=&#8221;1\/3&#8243;][vc_column_text]APLICA\u00c7\u00d5ES<br \/>\nTETO[\/vc_column_text][vc_gallery interval=&#8221;3&#8243; images=&#8221;55067,48509,48541&#8243; img_size=&#8221;full&#8221; onclick=&#8221;&#8221; el_class=&#8221;flex-noarrows&#8221;][vc_separator type=&#8221;small&#8221; position=&#8221;left&#8221; border_style=&#8221;&#8221; up=&#8221;18&#8243; down=&#8221;20&#8243; color=&#8221;#d6202d&#8221;][vc_column_text css=&#8221;&#8221;]<a href=\"https:\/\/www.climatecoating.com\/pt-pt\/dominios-de-aplicacao\/arrefecimento-e-reducao-dos-custos-de-arrefecimento\/\" target=\"_blank\" rel=\"noopener\">Arrefecimento e redu\u00e7\u00e3o da capacidade de arrefecimento<\/a><\/p>\n<p>Prote\u00e7\u00e3o contra as intemp\u00e9ries e durabilidade<\/p>\n<p>Estanquicidade<\/p>\n<p>Relaxamento t\u00e9rmico[\/vc_column_text][\/vc_column_inner][vc_column_inner width=&#8221;1\/3&#8243;][vc_column_text]APLICA\u00c7\u00d5ES<br \/>\nMADEIRA[\/vc_column_text][vc_gallery interval=&#8221;3&#8243; images=&#8221;57953,57952,57951&#8243; img_size=&#8221;full&#8221; onclick=&#8221;&#8221; el_class=&#8221;flex-noarrows&#8221;][vc_separator type=&#8221;small&#8221; position=&#8221;left&#8221; border_style=&#8221;&#8221; up=&#8221;18&#8243; down=&#8221;20&#8243; color=&#8221;#d6202d&#8221;][vc_column_text]Prote\u00e7\u00e3o contra a intemp\u00e9rie a longo prazo[\/vc_column_text][\/vc_column_inner][\/vc_row_inner][\/vc_column][\/vc_row][vc_row row_type=&#8221;row&#8221; use_row_as_full_screen_section=&#8221;no&#8221; type=&#8221;full_width&#8221; text_align=&#8221;left&#8221; background_animation=&#8221;none&#8221; css_animation=&#8221;&#8221;][vc_column][\/vc_column][\/vc_row]<\/p>\n<\/div>","protected":false},"excerpt":{"rendered":"Constru\u00e7\u00f5es t\u00e9cnicas Com o ClimateCoating\u00ae - Prote\u00e7\u00e3o contra condensa\u00e7\u00e3o. Estabiliza\u00e7\u00e3o da temperatura. Prote\u00e7\u00e3o das superf\u00edcies. Os tanques, contentores, tubagens e outros sistemas industriais est\u00e3o expostos a cargas extremas. As flutua\u00e7\u00f5es de temperatura, as tens\u00f5es t\u00e9rmicas, a humidade e as tens\u00f5es mec\u00e2nicas colocam exig\u00eancias especiais aos...","protected":false},"author":1,"featured_media":0,"parent":49058,"menu_order":155,"comment_status":"closed","ping_status":"closed","template":"","meta":{"footnotes":""},"class_list":["post-48834","page","type-page","status-publish","hentry"],"_links":{"self":[{"href":"https:\/\/www.climatecoating.com\/pt-pt\/wp-json\/wp\/v2\/pages\/48834","targetHints":{"allow":["GET"]}}],"collection":[{"href":"https:\/\/www.climatecoating.com\/pt-pt\/wp-json\/wp\/v2\/pages"}],"about":[{"href":"https:\/\/www.climatecoating.com\/pt-pt\/wp-json\/wp\/v2\/types\/page"}],"author":[{"embeddable":true,"href":"https:\/\/www.climatecoating.com\/pt-pt\/wp-json\/wp\/v2\/users\/1"}],"replies":[{"embeddable":true,"href":"https:\/\/www.climatecoating.com\/pt-pt\/wp-json\/wp\/v2\/comments?post=48834"}],"version-history":[{"count":7,"href":"https:\/\/www.climatecoating.com\/pt-pt\/wp-json\/wp\/v2\/pages\/48834\/revisions"}],"predecessor-version":[{"id":64007,"href":"https:\/\/www.climatecoating.com\/pt-pt\/wp-json\/wp\/v2\/pages\/48834\/revisions\/64007"}],"up":[{"embeddable":true,"href":"https:\/\/www.climatecoating.com\/pt-pt\/wp-json\/wp\/v2\/pages\/49058"}],"wp:attachment":[{"href":"https:\/\/www.climatecoating.com\/pt-pt\/wp-json\/wp\/v2\/media?parent=48834"}],"curies":[{"name":"wp","href":"https:\/\/api.w.org\/{rel}","templated":true}]}}