{"id":48844,"date":"2023-09-06T11:45:13","date_gmt":"2023-09-06T09:45:13","guid":{"rendered":"https:\/\/www.climatecoating.com\/jardim-e-lazer\/"},"modified":"2026-02-10T14:34:36","modified_gmt":"2026-02-10T13:34:36","slug":"jardim-e-lazer","status":"publish","type":"page","link":"https:\/\/www.climatecoating.com\/pt-pt\/dominios-de-aplicacao\/jardim-e-lazer\/","title":{"rendered":"Jardim e lazer"},"content":{"rendered":"<div class=\"wpb-content-wrapper\"><p>[vc_row row_type=&#8221;row&#8221; use_row_as_full_screen_section=&#8221;no&#8221; type=&#8221;full_width&#8221; text_align=&#8221;left&#8221; background_animation=&#8221;none&#8221; padding_bottom=&#8221;45&#8243; css_animation=&#8221;&#8221;][vc_column][vc_single_image image=&#8221;57933&#8243; img_size=&#8221;full&#8221; css=&#8221;.vc_custom_1605018940325{padding-bottom: 30px !important;}&#8221; qode_css_animation=&#8221;&#8221;][vc_column_text]<\/p>\n<h1>Jardim e lazer<\/h1>\n<p>[\/vc_column_text][vc_column_text css=&#8221;.vc_custom_1770730463451{padding-bottom: 30px !important;}&#8221;]<span style=\"font-size: 20px;\">Com o ClimateCoating<sup>\u00ae <\/sup><\/span><span style=\"font-size: 20px;\">&#8211; Prote\u00e7\u00e3o da madeira. Resist\u00eancia aos raios UV. Prote\u00e7\u00e3o da superf\u00edcie. <\/span><\/p>\n<p>Os revestimentos de alta tecnologia da ClimateCoating\u00ae para componentes de madeira de exterior conseguem o que os outros muitas vezes n\u00e3o conseguem: uma prote\u00e7\u00e3o a longo prazo acima da m\u00e9dia que n\u00e3o descasca. O <em>acabamento perfeito para p\u00e9rgulas, veda\u00e7\u00f5es, cabanas Finn e mobili\u00e1rio de jardim.<\/em><\/p>\n<p><strong>O material mais bonito do mundo <\/strong><br \/>\nNenhum outro material combina mais vantagens do que a madeira em termos de variedade, design, funcionalidade, emo\u00e7\u00e3o, ecologia e qualidade de vida. A madeira \u00e9 o material de constru\u00e7\u00e3o mais antigo e mais natural conhecido pelo homem. No entanto, por ser t\u00e3o viva, a madeira reage de forma sens\u00edvel \u00e0s influ\u00eancias clim\u00e1ticas, como a humidade, a radia\u00e7\u00e3o UV, a polui\u00e7\u00e3o do ar, bem como a fungos, pragas e insectos em \u00e1reas exteriores. Por conseguinte, a madeira necessita de cuidados regulares para manter a sua beleza e fun\u00e7\u00e3o a longo prazo.<\/p>\n<p><strong>Exemplos de aplica\u00e7\u00e3o<br \/>\n<\/strong>Oferecemos revestimentos opacos e transparentes para todos os componentes de madeira limitados dimensionalmente est\u00e1veis e n\u00e3o-dimensionalmente est\u00e1veis em \u00e1reas exteriores. <em>Protege e embeleza<\/em>, por exemplo, t\u00e1buas de madeira, caixilhos de madeira, portadas de janelas, parapeitos de varandas, telhas, mobili\u00e1rio de jardim, p\u00e9rgulas e veda\u00e7\u00f5es. Queres saber mais? Veja estes <a href=\"https:\/\/www.climatecoating.com\/pt-pt\/referencias\/casa-de-madeira\/\" target=\"_blank\" rel=\"noopener\">projectos<\/a> ou envie-nos o seu <a href=\"https:\/\/www.climatecoating.com\/pt-pt\/produkt\/nature\/\" target=\"_blank\" rel=\"noopener\">pedido de informa\u00e7\u00e3o sobre o ClimateCoating<sup>\u00ae<\/sup>\u00a0&#8211; Nature <\/a>.[\/vc_column_text][vc_row_inner row_type=&#8221;row&#8221; type=&#8221;full_width&#8221; use_row_as_full_screen_section_slide=&#8221;no&#8221; text_align=&#8221;left&#8221; css_animation=&#8221;&#8221;][vc_column_inner width=&#8221;1\/4&#8243;][vc_column_text]CONSERVANTE DE MADEIRA COLORIDO[\/vc_column_text][vc_gallery interval=&#8221;3&#8243; images=&#8221;57952,57951,57953&#8243; img_size=&#8221;full&#8221; onclick=&#8221;&#8221; el_class=&#8221;flex-noarrows&#8221;][vc_separator type=&#8221;small&#8221; position=&#8221;left&#8221; border_style=&#8221;&#8221; up=&#8221;18&#8243; down=&#8221;20&#8243; color=&#8221;#d6202d&#8221;][\/vc_column_inner][vc_column_inner width=&#8221;3\/4&#8243;][\/vc_column_inner][\/vc_row_inner][vc_column_text]Prote\u00e7\u00e3o da madeira contra as intemp\u00e9ries a longo prazo[\/vc_column_text][\/vc_column][\/vc_row][vc_row row_type=&#8221;row&#8221; use_row_as_full_screen_section=&#8221;no&#8221; type=&#8221;full_width&#8221; text_align=&#8221;left&#8221; background_animation=&#8221;none&#8221; css_animation=&#8221;&#8221;][vc_column][\/vc_column][\/vc_row]<\/p>\n<\/div>","protected":false},"excerpt":{"rendered":"Jardim e lazer Com o ClimateCoating\u00ae - Prote\u00e7\u00e3o da madeira. Resist\u00eancia aos raios UV. Prote\u00e7\u00e3o da superf\u00edcie. Os revestimentos de alta tecnologia da ClimateCoating\u00ae para componentes de madeira de exterior conseguem o que os outros muitas vezes n\u00e3o conseguem: uma prote\u00e7\u00e3o a longo prazo acima...","protected":false},"author":1,"featured_media":0,"parent":49058,"menu_order":135,"comment_status":"closed","ping_status":"closed","template":"","meta":{"footnotes":""},"class_list":["post-48844","page","type-page","status-publish","hentry"],"_links":{"self":[{"href":"https:\/\/www.climatecoating.com\/pt-pt\/wp-json\/wp\/v2\/pages\/48844","targetHints":{"allow":["GET"]}}],"collection":[{"href":"https:\/\/www.climatecoating.com\/pt-pt\/wp-json\/wp\/v2\/pages"}],"about":[{"href":"https:\/\/www.climatecoating.com\/pt-pt\/wp-json\/wp\/v2\/types\/page"}],"author":[{"embeddable":true,"href":"https:\/\/www.climatecoating.com\/pt-pt\/wp-json\/wp\/v2\/users\/1"}],"replies":[{"embeddable":true,"href":"https:\/\/www.climatecoating.com\/pt-pt\/wp-json\/wp\/v2\/comments?post=48844"}],"version-history":[{"count":7,"href":"https:\/\/www.climatecoating.com\/pt-pt\/wp-json\/wp\/v2\/pages\/48844\/revisions"}],"predecessor-version":[{"id":63814,"href":"https:\/\/www.climatecoating.com\/pt-pt\/wp-json\/wp\/v2\/pages\/48844\/revisions\/63814"}],"up":[{"embeddable":true,"href":"https:\/\/www.climatecoating.com\/pt-pt\/wp-json\/wp\/v2\/pages\/49058"}],"wp:attachment":[{"href":"https:\/\/www.climatecoating.com\/pt-pt\/wp-json\/wp\/v2\/media?parent=48844"}],"curies":[{"name":"wp","href":"https:\/\/api.w.org\/{rel}","templated":true}]}}