{"id":48859,"date":"2023-09-06T11:45:18","date_gmt":"2023-09-06T09:45:18","guid":{"rendered":"https:\/\/www.climatecoating.com\/empresa\/"},"modified":"2023-09-15T18:08:03","modified_gmt":"2023-09-15T16:08:03","slug":"empresa","status":"publish","type":"page","link":"https:\/\/www.climatecoating.com\/pt-pt\/empresa\/","title":{"rendered":"Empresa"},"content":{"rendered":"<div class=\"wpb-content-wrapper\"><p>[vc_row row_type=&#8221;row&#8221; use_row_as_full_screen_section=&#8221;no&#8221; type=&#8221;full_width&#8221; text_align=&#8221;left&#8221; background_animation=&#8221;none&#8221; padding_bottom=&#8221;45&#8243; css_animation=&#8221;&#8221;][vc_column][vc_single_image image=&#8221;48990&#8243; img_size=&#8221;full&#8221; qode_css_animation=&#8221;&#8221; css=&#8221;.vc_custom_1612614583248{padding-bottom: 30px !important;}&#8221;][vc_row_inner row_type=&#8221;row&#8221; type=&#8221;full_width&#8221; use_row_as_full_screen_section_slide=&#8221;no&#8221; text_align=&#8221;left&#8221; css_animation=&#8221;&#8221;][vc_column_inner width=&#8221;1\/4&#8243;]<div class=\"templatera_shortcode\"><div     class=\"vc_row wpb_row section vc_row-fluid backlink\" style=' text-align:left;'><div class=\" full_section_inner clearfix\"><div class=\"wpb_column vc_column_container vc_col-sm-12\"><div class=\"vc_column-inner\"><div class=\"wpb_wrapper\"><div class=\"ult_row_spacer\"><div class=\"ult-sticky-anchor\"><div class=\"ult-sticky-section ult-sticky \"  data-gutter= '100' data-stick_behaviour= 'stick_with_scroll_row'  data-sticky_position= 'top' data-mobile='no' data-support='no'><div  class=\"wpb_widgetised_column wpb_content_element\">\n\t\t<div class=\"wpb_wrapper\">\n\t\t\t\n\t\t\t\n\t\t<\/div>\n\t<\/div>\n\n\t<div class=\"wpb_text_column wpb_content_element \">\n\t\t<div class=\"wpb_wrapper\">\n\t\t\t<p>x<\/p>\n\n\t\t<\/div>\n\t<\/div><\/div><div class=\"ult-space\"><\/div><\/div><\/div><\/div><\/div><\/div><\/div><\/div><\/div>[\/vc_column_inner][vc_column_inner width=&#8221;3\/4&#8243;][vc_column_text]<\/p>\n<h1>Empresa<\/h1>\n<p>A SICC Coatings GmbH, de Berlim, \u00e9 o principal fornecedor especializado de revestimentos activos para o clima, com a mais longa experi\u00eancia em todas as zonas clim\u00e1ticas e \u00e1reas de aplica\u00e7\u00e3o. Os revestimentos funcionais s\u00e3o baseados na tecnologia de membrana reflectora. Pelo efeito de poupan\u00e7a de energia da tecnologia, a SICC Coatings foi galardoada com o &#8220;German Innovation Award&#8221; em 2018 e o &#8220;Energy Efficiency Award&#8221; em Singapura.<\/p>\n<ul>\n<li>2003 Funda\u00e7\u00e3o da empresa como SICC GmbH<\/li>\n<li>Desenvolvimento e produ\u00e7\u00e3o de produtos na Alemanha<\/li>\n<li>14 empregados na sede em Berlim<\/li>\n<li>Representa\u00e7\u00e3o mundial atrav\u00e9s de empresas parceiras<\/li>\n<li>Grupos-alvo: Arquitectos, projectistas, construtores comerciais, empresas de constru\u00e7\u00e3o de habita\u00e7\u00f5es, empresas industriais, empresas de transforma\u00e7\u00e3o, comerciantes especializados.<\/li>\n<li>2018 Mudan\u00e7a de nome para SICC Coatings GmbH<\/li>\n<\/ul>\n<p>[\/vc_column_text][\/vc_column_inner][\/vc_row_inner][\/vc_column][\/vc_row]<\/p>\n<\/div>","protected":false},"excerpt":{"rendered":"x Empresa A SICC Coatings GmbH, de Berlim, \u00e9 o principal fornecedor especializado de revestimentos activos para o clima, com a mais longa experi\u00eancia em todas as zonas clim\u00e1ticas e \u00e1reas de aplica\u00e7\u00e3o. Os revestimentos funcionais s\u00e3o baseados na tecnologia de membrana reflectora. Pelo efeito...","protected":false},"author":1,"featured_media":0,"parent":0,"menu_order":600,"comment_status":"closed","ping_status":"closed","template":"","meta":{"footnotes":""},"class_list":["post-48859","page","type-page","status-publish","hentry"],"_links":{"self":[{"href":"https:\/\/www.climatecoating.com\/pt-pt\/wp-json\/wp\/v2\/pages\/48859","targetHints":{"allow":["GET"]}}],"collection":[{"href":"https:\/\/www.climatecoating.com\/pt-pt\/wp-json\/wp\/v2\/pages"}],"about":[{"href":"https:\/\/www.climatecoating.com\/pt-pt\/wp-json\/wp\/v2\/types\/page"}],"author":[{"embeddable":true,"href":"https:\/\/www.climatecoating.com\/pt-pt\/wp-json\/wp\/v2\/users\/1"}],"replies":[{"embeddable":true,"href":"https:\/\/www.climatecoating.com\/pt-pt\/wp-json\/wp\/v2\/comments?post=48859"}],"version-history":[{"count":0,"href":"https:\/\/www.climatecoating.com\/pt-pt\/wp-json\/wp\/v2\/pages\/48859\/revisions"}],"wp:attachment":[{"href":"https:\/\/www.climatecoating.com\/pt-pt\/wp-json\/wp\/v2\/media?parent=48859"}],"curies":[{"name":"wp","href":"https:\/\/api.w.org\/{rel}","templated":true}]}}