{"id":48861,"date":"2023-09-06T11:45:18","date_gmt":"2023-09-06T09:45:18","guid":{"rendered":"https:\/\/www.climatecoating.com\/aplicacoes-industriais\/"},"modified":"2023-09-06T11:45:26","modified_gmt":"2023-09-06T09:45:26","slug":"aplicacoes-industriais","status":"publish","type":"page","link":"https:\/\/www.climatecoating.com\/pt-pt\/produtos\/aplicacoes-industriais\/","title":{"rendered":"Aplica\u00e7\u00f5es industriais"},"content":{"rendered":"<div class=\"wpb-content-wrapper\"><p>[vc_row row_type=&#8221;row&#8221; use_row_as_full_screen_section=&#8221;no&#8221; type=&#8221;full_width&#8221; text_align=&#8221;left&#8221; background_animation=&#8221;none&#8221; padding_top=&#8221;50&#8243; css_animation=&#8221;&#8221;][vc_column][vc_column_text]<\/p>\n<h1>Produtos &#8211; Aplica\u00e7\u00f5es industriais<\/h1>\n<p>[\/vc_column_text]<div class=\"woocommerce columns-4 \"><ul class=\"products columns-4 clearfix default\">        <li class=\"product type-product post-48619 status-publish first instock product_cat-agricultura-e-criacao-de-animais product_cat-dominios-de-aplicacao product_cat-construir-e-viver product_cat-transportes-e-trafego product_cat-construcoes-tecnicas product_cat-aplicacoes-industriais product_cat-industria-alimentar product_cat-industria-transformadora has-post-thumbnail taxable shipping-taxable product-type-variable\">\n\n                        <div class=\"top-product-section\">\n\n                <a class=\"product_list_thumb_link\" href=\"https:\/\/www.climatecoating.com\/pt-pt\/produkt\/industryspecial\/\">\n                    <span class=\"image-wrapper\">\n                    <img loading=\"lazy\" decoding=\"async\" width=\"300\" height=\"300\" src=\"https:\/\/www.climatecoating.com\/wp-content\/uploads\/2020\/08\/12500ml_INDUSTRY-SPECIAL-m_frei-300x300.jpg\" class=\"attachment-woocommerce_thumbnail size-woocommerce_thumbnail\" alt=\"INDUSTRY SPECIAL 12,5l\" srcset=\"https:\/\/www.climatecoating.com\/wp-content\/uploads\/2020\/08\/12500ml_INDUSTRY-SPECIAL-m_frei-300x300.jpg 300w, https:\/\/www.climatecoating.com\/wp-content\/uploads\/2020\/08\/12500ml_INDUSTRY-SPECIAL-m_frei-100x100.jpg 100w, https:\/\/www.climatecoating.com\/wp-content\/uploads\/2020\/08\/12500ml_INDUSTRY-SPECIAL-m_frei-600x600.jpg 600w, https:\/\/www.climatecoating.com\/wp-content\/uploads\/2020\/08\/12500ml_INDUSTRY-SPECIAL-m_frei-1024x1024.jpg 1024w, https:\/\/www.climatecoating.com\/wp-content\/uploads\/2020\/08\/12500ml_INDUSTRY-SPECIAL-m_frei-150x150.jpg 150w, https:\/\/www.climatecoating.com\/wp-content\/uploads\/2020\/08\/12500ml_INDUSTRY-SPECIAL-m_frei-768x768.jpg 768w, https:\/\/www.climatecoating.com\/wp-content\/uploads\/2020\/08\/12500ml_INDUSTRY-SPECIAL-m_frei-1536x1536.jpg 1536w, https:\/\/www.climatecoating.com\/wp-content\/uploads\/2020\/08\/12500ml_INDUSTRY-SPECIAL-m_frei-550x550.jpg 550w, https:\/\/www.climatecoating.com\/wp-content\/uploads\/2020\/08\/12500ml_INDUSTRY-SPECIAL-m_frei-500x500.jpg 500w, https:\/\/www.climatecoating.com\/wp-content\/uploads\/2020\/08\/12500ml_INDUSTRY-SPECIAL-m_frei-1000x1000.jpg 1000w, https:\/\/www.climatecoating.com\/wp-content\/uploads\/2020\/08\/12500ml_INDUSTRY-SPECIAL-m_frei-700x700.jpg 700w, https:\/\/www.climatecoating.com\/wp-content\/uploads\/2020\/08\/12500ml_INDUSTRY-SPECIAL-m_frei-1100x1100.jpg 1100w, https:\/\/www.climatecoating.com\/wp-content\/uploads\/2020\/08\/12500ml_INDUSTRY-SPECIAL-m_frei.jpg 1920w\" sizes=\"auto, (max-width: 300px) 100vw, 300px\" \/>                    <\/span>\n                <\/a>\n\n                <div class=\"add-to-cart-button-outer\"><div class=\"add-to-cart-button-inner\"><div class=\"add-to-cart-button-inner2\"><a href=\"https:\/\/www.climatecoating.com\/pt-pt\/produkt\/industryspecial\/\" aria-describedby=\"woocommerce_loop_add_to_cart_link_describedby_48619\" data-quantity=\"1\" class=\"qbutton add-to-cart-button button product_type_variable\" data-product_id=\"48619\" data-product_sku=\"\" aria-label=\"Seleccione as op\u00e7\u00f5es para &ldquo;IndustrySpecial&rdquo;\" rel=\"nofollow\">Optionen w\u00e4hlen<\/a><\/div><\/div><\/div>\t<span id=\"woocommerce_loop_add_to_cart_link_describedby_48619\" class=\"screen-reader-text\">\n\t\t\t<\/span>\n\n            <\/div>\n\n            <div class=\"product_info_box\">\n\t            <span class=\"product-categories\"><a href=\"https:\/\/www.climatecoating.com\/pt-pt\/dominios-de-aplicacao\/agricultura-e-criacao-de-animais\/\" rel=\"tag\">Agricultura e cria\u00e7\u00e3o de animais<\/a>, <a href=\"https:\/\/www.climatecoating.com\/pt-pt\/dominios-de-aplicacao\/\" rel=\"tag\">Dom\u00ednios de aplica\u00e7\u00e3o<\/a>, <a href=\"https:\/\/www.climatecoating.com\/pt-pt\/dominios-de-aplicacao\/construir-e-viver\/\" rel=\"tag\">Construir e viver<\/a>, <a href=\"https:\/\/www.climatecoating.com\/pt-pt\/dominios-de-aplicacao\/transportes-e-trafego\/\" rel=\"tag\">Transportes e tr\u00e1fego<\/a>, <a href=\"https:\/\/www.climatecoating.com\/pt-pt\/dominios-de-aplicacao\/construcoes-tecnicas\/\" rel=\"tag\">Constru\u00e7\u00f5es t\u00e9cnicas<\/a>, <a href=\"https:\/\/www.climatecoating.com\/pt-pt\/produtos\/aplicacoes-industriais\/\" rel=\"tag\">Aplica\u00e7\u00f5es industriais<\/a>, <a href=\"https:\/\/www.climatecoating.com\/pt-pt\/dominios-de-aplicacao\/industria-alimentar\/\" rel=\"tag\">Ind\u00fastria alimentar<\/a>, <a href=\"https:\/\/www.climatecoating.com\/pt-pt\/dominios-de-aplicacao\/industria-transformadora\/\" rel=\"tag\">Ind\u00fastria transformadora<\/a><\/span>\n                <a href=\"https:\/\/www.climatecoating.com\/pt-pt\/produkt\/industryspecial\/\" class=\"product-category\">\n                    <span class=\"product-title\">IndustrySpecial<\/span>\n\n                    \n\n\n\n                <\/a>\n            <\/div>\n\n            \n\n\n\n<div class=\"add-to-cart-button-outer\"><div class=\"add-to-cart-button-inner\"><div class=\"add-to-cart-button-inner2\"><a href=\"https:\/\/www.climatecoating.com\/pt-pt\/produkt\/industryspecial\/\" aria-describedby=\"woocommerce_loop_add_to_cart_link_describedby_48619\" data-quantity=\"1\" class=\"qbutton add-to-cart-button button product_type_variable\" data-product_id=\"48619\" data-product_sku=\"\" aria-label=\"Seleccione as op\u00e7\u00f5es para &ldquo;IndustrySpecial&rdquo;\" rel=\"nofollow\">Optionen w\u00e4hlen<\/a><\/div><\/div><\/div>\t<span id=\"woocommerce_loop_add_to_cart_link_describedby_48619\" class=\"screen-reader-text\">\n\t\t\t<\/span>\n        <\/li>\n\n        <\/ul>\n<\/div>[\/vc_column][\/vc_row]<\/p>\n<\/div>","protected":false},"excerpt":{"rendered":"<p>[vc_row row_type=&#8221;row&#8221; use_row_as_full_screen_section=&#8221;no&#8221; type=&#8221;full_width&#8221; text_align=&#8221;left&#8221; background_animation=&#8221;none&#8221; padding_top=&#8221;50&#8243; css_animation=&#8221;&#8221;][vc_column][vc_column_text] Produtos &#8211; Aplica\u00e7\u00f5es industriais [\/vc_column_text][\/vc_column][\/vc_row]<\/p>\n","protected":false},"author":1,"featured_media":0,"parent":48921,"menu_order":250,"comment_status":"closed","ping_status":"closed","template":"","meta":{"footnotes":""},"class_list":["post-48861","page","type-page","status-publish","hentry"],"_links":{"self":[{"href":"https:\/\/www.climatecoating.com\/pt-pt\/wp-json\/wp\/v2\/pages\/48861","targetHints":{"allow":["GET"]}}],"collection":[{"href":"https:\/\/www.climatecoating.com\/pt-pt\/wp-json\/wp\/v2\/pages"}],"about":[{"href":"https:\/\/www.climatecoating.com\/pt-pt\/wp-json\/wp\/v2\/types\/page"}],"author":[{"embeddable":true,"href":"https:\/\/www.climatecoating.com\/pt-pt\/wp-json\/wp\/v2\/users\/1"}],"replies":[{"embeddable":true,"href":"https:\/\/www.climatecoating.com\/pt-pt\/wp-json\/wp\/v2\/comments?post=48861"}],"version-history":[{"count":0,"href":"https:\/\/www.climatecoating.com\/pt-pt\/wp-json\/wp\/v2\/pages\/48861\/revisions"}],"up":[{"embeddable":true,"href":"https:\/\/www.climatecoating.com\/pt-pt\/wp-json\/wp\/v2\/pages\/48921"}],"wp:attachment":[{"href":"https:\/\/www.climatecoating.com\/pt-pt\/wp-json\/wp\/v2\/media?parent=48861"}],"curies":[{"name":"wp","href":"https:\/\/api.w.org\/{rel}","templated":true}]}}