{"id":48983,"date":"2023-09-06T11:45:25","date_gmt":"2023-09-06T09:45:25","guid":{"rendered":"https:\/\/www.climatecoating.com\/juridico\/impressao\/"},"modified":"2023-09-06T11:45:27","modified_gmt":"2023-09-06T09:45:27","slug":"impressao","status":"publish","type":"page","link":"https:\/\/www.climatecoating.com\/pt-pt\/juridico\/impressao\/","title":{"rendered":"Impress\u00e3o"},"content":{"rendered":"<div class=\"wpb-content-wrapper\"><p>[vc_row row_type=&#8221;row&#8221; use_row_as_full_screen_section=&#8221;no&#8221; type=&#8221;full_width&#8221; text_align=&#8221;left&#8221; background_animation=&#8221;none&#8221; padding_bottom=&#8221;45&#8243; css_animation=&#8221;&#8221;][vc_column][vc_column_text]<\/p>\n<h1>Impress\u00e3o<\/h1>\n<p><strong>SICC Coatings GmbH<\/strong><br \/>\nWackenbergstra\u00dfe 78 &#8211; 82<br \/>\nDE-13156 Berlim<\/p>\n<p>Tel.: +49 (0) 30 \/ 50 01 96-0<br \/>\nFax: +49 (0) 30 \/ 50 01 96-20<br \/>\nCorreio eletr\u00f3nico: <span id=\"cloakd78a1e11def09a9b63740395e79511bf\"><br \/>\n  <a href=\"mailto:info@sicc.de\">info@sicc.de<\/a><br \/>\n<\/span><\/p>\n<p><strong>Diretor-geral:<\/strong> Waldemar Walczok<br \/>\n<strong>Tribunal de registo:<\/strong> Tribunal local de Berlin-Charlottenburg<br \/>\n<strong>N\u00famero de registo:<\/strong> HRB 88630<br \/>\n<strong>ID do imposto sobre vendas:<\/strong> DE813670303<\/p>\n<p><strong>Cr\u00e9ditos da imagem<\/strong><br \/>\n\u00a92010 Terry J Alcorn, Inc.[\/vc_column_text][vc_separator type=&#8221;transparent&#8221; border_style=&#8221;&#8221; up=&#8221;20&#8243; down=&#8221;0&#8243; icon_pack=&#8221;font_awesome&#8221;][vc_column_text]<\/p>\n<h2 class=\"\">DECLARA\u00c7\u00c3O DE RESPONSABILIDADE<\/h2>\n<h3 class=\"\">Responsabilidade pelo conte\u00fado<\/h3>\n<p class=\"hyp hyphenate\">O conte\u00fado das nossas p\u00e1ginas foi criado com o maior cuidado. No entanto, n\u00e3o podemos assumir qualquer responsabilidade pela corre\u00e7\u00e3o, integridade e atualidade dos conte\u00fados. Enquanto prestador de servi\u00e7os, somos respons\u00e1veis pelo nosso pr\u00f3prio conte\u00fado nestas p\u00e1ginas, em conformidade com a legisla\u00e7\u00e3o geral. No entanto, enquanto prestador de servi\u00e7os, n\u00e3o somos obrigados a monitorizar as informa\u00e7\u00f5es transmitidas ou armazenadas de terceiros ou a investigar circunst\u00e2ncias que indiquem actividades ilegais. As obriga\u00e7\u00f5es de remover ou bloquear a utiliza\u00e7\u00e3o de informa\u00e7\u00f5es em conformidade com a legisla\u00e7\u00e3o geral n\u00e3o s\u00e3o afectadas por este facto. No entanto, a responsabilidade a este respeito s\u00f3 \u00e9 poss\u00edvel a partir do momento em que se tem conhecimento de uma infra\u00e7\u00e3o concreta. Se tivermos conhecimento de qualquer infra\u00e7\u00e3o deste tipo, removeremos imediatamente o conte\u00fado.<\/p>\n<h3>Responsabilidade pelas liga\u00e7\u00f5es<\/h3>\n<p class=\"hyp hyphenate\">A nossa oferta cont\u00e9m liga\u00e7\u00f5es a s\u00edtios Web externos de terceiros, sobre cujos conte\u00fados n\u00e3o temos qualquer influ\u00eancia. Por conseguinte, n\u00e3o podemos assumir qualquer responsabilidade por estes conte\u00fados externos. O respetivo fornecedor ou operador das p\u00e1ginas \u00e9 sempre respons\u00e1vel pelo conte\u00fado das p\u00e1ginas ligadas. As p\u00e1ginas ligadas foram verificadas quanto a poss\u00edveis viola\u00e7\u00f5es legais no momento da liga\u00e7\u00e3o. Os conte\u00fados ilegais n\u00e3o eram reconhec\u00edveis no momento da liga\u00e7\u00e3o. No entanto, um controlo permanente do conte\u00fado das p\u00e1ginas ligadas n\u00e3o \u00e9 razo\u00e1vel sem indica\u00e7\u00f5es concretas de uma viola\u00e7\u00e3o da lei. Se tivermos conhecimento de quaisquer infrac\u00e7\u00f5es \u00e0 lei, removeremos imediatamente essas liga\u00e7\u00f5es.<\/p>\n<h3>Direitos de autor<\/h3>\n<p class=\"hyp hyphenate\">Os conte\u00fados e obras criados pelos operadores do s\u00edtio nestas p\u00e1ginas est\u00e3o sujeitos \u00e0 legisla\u00e7\u00e3o alem\u00e3 em mat\u00e9ria de direitos de autor. A reprodu\u00e7\u00e3o, edi\u00e7\u00e3o, distribui\u00e7\u00e3o e qualquer tipo de utiliza\u00e7\u00e3o fora dos limites da lei dos direitos de autor requerem o consentimento escrito do respetivo autor ou criador. Os downloads e c\u00f3pias desta p\u00e1gina s\u00f3 s\u00e3o permitidos para uso privado e n\u00e3o comercial. Na medida em que o conte\u00fado desta p\u00e1gina n\u00e3o foi criado pelo operador, os direitos de autor de terceiros s\u00e3o respeitados. Em particular, os conte\u00fados de terceiros s\u00e3o identificados como tal. Se, no entanto, tiver conhecimento de uma infra\u00e7\u00e3o aos direitos de autor, informe-nos desse facto. Se tivermos conhecimento de quaisquer infrac\u00e7\u00f5es, removeremos imediatamente esses conte\u00fados.<\/p>\n<h3>Cr\u00e9ditos da imagem<\/h3>\n<p class=\"hyp hyphenate\">Imagens pr\u00f3prias, Photodune.net, iStockphoto.com, \u00a9Kadmy &#8211; Fotolia.de<\/p>\n<h3>Plataforma de resolu\u00e7\u00e3o de lit\u00edgios em linha (Plataforma RLL)<\/h3>\n<p class=\"hyp hyphenate\">A Comiss\u00e3o Europeia criou um s\u00edtio Web para a resolu\u00e7\u00e3o de lit\u00edgios em linha entre empres\u00e1rios e consumidores (plataforma RLL), ao qual se pode aceder em <a href=\"http:\/\/ec.europa.eu\/consumers\/odr\/\" target=\"_blank\" rel=\"noopener noreferrer\">http:\/\/ec.europa.eu\/consumers\/odr\/.<\/a> <\/p>\n<p>[\/vc_column_text][\/vc_column][\/vc_row]<\/p>\n<\/div>","protected":false},"excerpt":{"rendered":"<p>[vc_row row_type=&#8221;row&#8221; use_row_as_full_screen_section=&#8221;no&#8221; type=&#8221;full_width&#8221; text_align=&#8221;left&#8221; background_animation=&#8221;none&#8221; padding_bottom=&#8221;45&#8243; css_animation=&#8221;&#8221;][vc_column][vc_column_text] Impress\u00e3o SICC Coatings GmbH Wackenbergstra\u00dfe 78 &#8211; 82 DE-13156 Berlim Tel.: +49 (0) 30 \/ 50 01 96-0 Fax: +49 (0) 30 \/ 50 01 96-20 Correio eletr\u00f3nico: info@sicc.de Diretor-geral: Waldemar Walczok Tribunal de registo: Tribunal local&#8230;<\/p>\n","protected":false},"author":1,"featured_media":0,"parent":48836,"menu_order":810,"comment_status":"closed","ping_status":"closed","template":"","meta":{"footnotes":""},"class_list":["post-48983","page","type-page","status-publish","hentry"],"_links":{"self":[{"href":"https:\/\/www.climatecoating.com\/pt-pt\/wp-json\/wp\/v2\/pages\/48983","targetHints":{"allow":["GET"]}}],"collection":[{"href":"https:\/\/www.climatecoating.com\/pt-pt\/wp-json\/wp\/v2\/pages"}],"about":[{"href":"https:\/\/www.climatecoating.com\/pt-pt\/wp-json\/wp\/v2\/types\/page"}],"author":[{"embeddable":true,"href":"https:\/\/www.climatecoating.com\/pt-pt\/wp-json\/wp\/v2\/users\/1"}],"replies":[{"embeddable":true,"href":"https:\/\/www.climatecoating.com\/pt-pt\/wp-json\/wp\/v2\/comments?post=48983"}],"version-history":[{"count":0,"href":"https:\/\/www.climatecoating.com\/pt-pt\/wp-json\/wp\/v2\/pages\/48983\/revisions"}],"up":[{"embeddable":true,"href":"https:\/\/www.climatecoating.com\/pt-pt\/wp-json\/wp\/v2\/pages\/48836"}],"wp:attachment":[{"href":"https:\/\/www.climatecoating.com\/pt-pt\/wp-json\/wp\/v2\/media?parent=48983"}],"curies":[{"name":"wp","href":"https:\/\/api.w.org\/{rel}","templated":true}]}}