{"id":49038,"date":"2023-09-06T11:45:45","date_gmt":"2023-09-06T09:45:45","guid":{"rendered":"https:\/\/www.climatecoating.com\/empresa\/servico\/"},"modified":"2023-09-15T18:14:11","modified_gmt":"2023-09-15T16:14:11","slug":"servico","status":"publish","type":"page","link":"https:\/\/www.climatecoating.com\/pt-pt\/empresa\/servico\/","title":{"rendered":"Servi\u00e7o"},"content":{"rendered":"<div class=\"wpb-content-wrapper\"><p>[vc_row row_type=&#8221;row&#8221; use_row_as_full_screen_section=&#8221;no&#8221; type=&#8221;full_width&#8221; text_align=&#8221;left&#8221; background_animation=&#8221;none&#8221; padding_bottom=&#8221;45&#8243; css_animation=&#8221;&#8221;][vc_column][vc_single_image image=&#8221;48867&#8243; img_size=&#8221;full&#8221; qode_css_animation=&#8221;&#8221; css=&#8221;.vc_custom_1604618064781{padding-bottom: 30px !important;}&#8221;][\/vc_column][\/vc_row][vc_row row_type=&#8221;row&#8221; use_row_as_full_screen_section=&#8221;no&#8221; type=&#8221;full_width&#8221; text_align=&#8221;left&#8221; background_animation=&#8221;none&#8221; css_animation=&#8221;&#8221;][vc_column width=&#8221;1\/4&#8243; el_class=&#8221;serviceboxes&#8221;]<div class=\"ult_row_spacer\"><div class=\"ult-sticky-anchor\"><div class=\"ult-sticky-section ult-sticky \"  data-gutter= '100' data-stick_behaviour= 'stick_with_scroll_row'  data-sticky_position= 'top' data-mobile='no' data-support='no'>[vc_raw_html]W2Ntd2l6YXJkIHdpZGdldD0iMiIgL10=[\/vc_raw_html]<\/div><div class=\"ult-space\"><\/div><\/div><\/div>[\/vc_column][vc_column width=&#8221;3\/4&#8243;][vc_column_text css=&#8221;.vc_custom_1610449799770{padding-bottom: 20px !important;}&#8221;]<\/p>\n<h1>Servi\u00e7o<\/h1>\n<p>[\/vc_column_text][vc_row_inner row_type=&#8221;row&#8221; type=&#8221;full_width&#8221; use_row_as_full_screen_section_slide=&#8221;no&#8221; text_align=&#8221;left&#8221; css_animation=&#8221;&#8221; css=&#8221;.vc_custom_1610450945201{padding-bottom: 30px !important;}&#8221;][vc_column_inner width=&#8221;1\/3&#8243;]<div class=\"image_with_text\"><img decoding=\"async\" src=\"https:\/\/www.climatecoating.com\/wp-content\/uploads\/2020\/12\/service_Planer-Beratung.jpg\" alt=\"Service - Planer Beratung\" \/><h2 >Conselhos aos respons\u00e1veis pelo planeamento<\/h2><span style=\"margin: 6px 0px;\" class=\"separator transparent\"><\/span>Os seus projectos s\u00e3o o nosso trabalho di\u00e1rio. Apoiamo-lo nas tarefas de revestimento, desde o planeamento \u00e0 implementa\u00e7\u00e3o.<\/div>[\/vc_column_inner][vc_column_inner width=&#8221;1\/3&#8243;]<div class=\"image_with_text\"><img decoding=\"async\" src=\"https:\/\/www.climatecoating.com\/wp-content\/uploads\/2020\/12\/service_Farbfaecher.jpg\" alt=\"Service - Farbf\u00e4cher\" \/><h2 >Variedade de cores para o seu projeto<\/h2><span style=\"margin: 6px 0px;\" class=\"separator transparent\"><\/span>S\u00e3o eles que d\u00e3o o tom. Tornamos os seus sonhos de cor realidade &#8211; com mais de 100.000 tonalidades de cor, de bom grado tamb\u00e9m de acordo com RAL, NCS ou outro sistema de cor comum.<\/div>[\/vc_column_inner][vc_column_inner width=&#8221;1\/3&#8243;]<div class=\"image_with_text\"><img decoding=\"async\" src=\"https:\/\/www.climatecoating.com\/wp-content\/uploads\/2020\/12\/service_Broschuere-Werbemittel.jpg\" alt=\"Service - Brosch\u00fcre Werbemittel\" \/><h2 >Informa\u00e7\u00f5es especiais sobre produtos<\/h2><span style=\"margin: 6px 0px;\" class=\"separator transparent\"><\/span>Informe-se. <a href=\"https:\/\/www.climatecoating.com\/pt-pt\/biblioteca-multimedia\/\">Aqui encontrar\u00e1 informa\u00e7\u00f5es actuais sobre os produtos sob a forma de transfer\u00eancia ou interactiva.<\/a><\/div>[\/vc_column_inner][\/vc_row_inner][vc_row_inner row_type=&#8221;row&#8221; type=&#8221;full_width&#8221; use_row_as_full_screen_section_slide=&#8221;no&#8221; text_align=&#8221;left&#8221; css_animation=&#8221;&#8221; css=&#8221;.vc_custom_1610451346022{padding-bottom: 20px !important;}&#8221;][vc_column_inner width=&#8221;1\/3&#8243;]<div class=\"image_with_text\"><img decoding=\"async\" src=\"https:\/\/www.climatecoating.com\/wp-content\/uploads\/2020\/12\/service_Versand.jpg\" alt=\"Service - Versand\" \/><h2 >Expedi\u00e7\u00e3o global<\/h2><span style=\"margin: 6px 0px;\" class=\"separator transparent\"><\/span>Necessita de diferentes tipos de contentores a curto prazo na \u00c1sia? Organizamos todos os transportes para si, de acordo com os seus desejos.<\/div>[\/vc_column_inner][vc_column_inner width=&#8221;1\/3&#8243;]<div class=\"image_with_text\"><img decoding=\"async\" src=\"https:\/\/www.climatecoating.com\/wp-content\/uploads\/2020\/12\/service_Referenzen.jpg\" alt=\"Service - Referenzen\" \/><h2 >Refer\u00eancias mundiais<\/h2><span style=\"margin: 6px 0px;\" class=\"separator transparent\"><\/span>Convencer-se de solu\u00e7\u00f5es de revestimento e desafios dominados. <a href=\"https:\/\/www.climatecoating.com\/pt-pt\/referencias\/\">Mergulhe nos nossos testemunhos.<\/a><\/div>[\/vc_column_inner][vc_column_inner width=&#8221;1\/3&#8243;]<div class=\"image_with_text\"><img decoding=\"async\" src=\"https:\/\/www.climatecoating.com\/wp-content\/uploads\/2020\/12\/service_SocialMedia.jpg\" alt=\"Service - SocialMedia\" \/><h2 >Redes sociais<\/h2><span style=\"margin: 6px 0px;\" class=\"separator transparent\"><\/span>Aqui pode encontrar-nos e aos nossos parceiros:<\/p>\n<ul>\n<li><a href=\"https:\/\/www.facebook.com\/climatecoating\">Facebook<\/a><\/li>\n<li><a href=\"https:\/\/www.youtube.com\/channel\/UCSMRr-e31t2xlUXyIAlmw-Q\">YouTube<\/a><\/li>\n<\/ul>\n<p><\/div>[\/vc_column_inner][\/vc_row_inner][vc_column_text css=&#8221;.vc_custom_1610451352838{padding-bottom: 30px !important;}&#8221;]Teremos todo o gosto em apoi\u00e1-lo com a nossa experi\u00eancia e a nossa rede mundial.<br \/>\n<a href=\"https:\/\/www.climatecoating.com\/pt-pt\/contacto\/\">Utilize-nos!<\/a>[\/vc_column_text][\/vc_column][\/vc_row]<\/p>\n<\/div>","protected":false},"excerpt":{"rendered":"<p>[vc_row row_type=&#8221;row&#8221; use_row_as_full_screen_section=&#8221;no&#8221; type=&#8221;full_width&#8221; text_align=&#8221;left&#8221; background_animation=&#8221;none&#8221; padding_bottom=&#8221;45&#8243; css_animation=&#8221;&#8221;][vc_column][vc_single_image image=&#8221;48867&#8243; img_size=&#8221;full&#8221; qode_css_animation=&#8221;&#8221; css=&#8221;.vc_custom_1604618064781{padding-bottom: 30px !important;}&#8221;][\/vc_column][\/vc_row][vc_row row_type=&#8221;row&#8221; use_row_as_full_screen_section=&#8221;no&#8221; type=&#8221;full_width&#8221; text_align=&#8221;left&#8221; background_animation=&#8221;none&#8221; css_animation=&#8221;&#8221;][vc_column width=&#8221;1\/4&#8243; el_class=&#8221;serviceboxes&#8221;][\/vc_column][vc_column width=&#8221;3\/4&#8243;][vc_column_text css=&#8221;.vc_custom_1610449799770{padding-bottom: 20px !important;}&#8221;] Servi\u00e7o [\/vc_column_text][vc_row_inner row_type=&#8221;row&#8221; type=&#8221;full_width&#8221; use_row_as_full_screen_section_slide=&#8221;no&#8221; text_align=&#8221;left&#8221; css_animation=&#8221;&#8221; css=&#8221;.vc_custom_1610450945201{padding-bottom: 30px !important;}&#8221;][vc_column_inner width=&#8221;1\/3&#8243;][\/vc_column_inner][vc_column_inner width=&#8221;1\/3&#8243;][\/vc_column_inner][vc_column_inner width=&#8221;1\/3&#8243;][\/vc_column_inner][\/vc_row_inner][vc_row_inner row_type=&#8221;row&#8221; type=&#8221;full_width&#8221; use_row_as_full_screen_section_slide=&#8221;no&#8221; text_align=&#8221;left&#8221; css_animation=&#8221;&#8221; css=&#8221;.vc_custom_1610451346022{padding-bottom:&#8230;<\/p>\n","protected":false},"author":1,"featured_media":0,"parent":48859,"menu_order":685,"comment_status":"closed","ping_status":"closed","template":"","meta":{"footnotes":""},"class_list":["post-49038","page","type-page","status-publish","hentry"],"_links":{"self":[{"href":"https:\/\/www.climatecoating.com\/pt-pt\/wp-json\/wp\/v2\/pages\/49038","targetHints":{"allow":["GET"]}}],"collection":[{"href":"https:\/\/www.climatecoating.com\/pt-pt\/wp-json\/wp\/v2\/pages"}],"about":[{"href":"https:\/\/www.climatecoating.com\/pt-pt\/wp-json\/wp\/v2\/types\/page"}],"author":[{"embeddable":true,"href":"https:\/\/www.climatecoating.com\/pt-pt\/wp-json\/wp\/v2\/users\/1"}],"replies":[{"embeddable":true,"href":"https:\/\/www.climatecoating.com\/pt-pt\/wp-json\/wp\/v2\/comments?post=49038"}],"version-history":[{"count":0,"href":"https:\/\/www.climatecoating.com\/pt-pt\/wp-json\/wp\/v2\/pages\/49038\/revisions"}],"up":[{"embeddable":true,"href":"https:\/\/www.climatecoating.com\/pt-pt\/wp-json\/wp\/v2\/pages\/48859"}],"wp:attachment":[{"href":"https:\/\/www.climatecoating.com\/pt-pt\/wp-json\/wp\/v2\/media?parent=49038"}],"curies":[{"name":"wp","href":"https:\/\/api.w.org\/{rel}","templated":true}]}}