{"id":49058,"date":"2023-09-06T11:45:51","date_gmt":"2023-09-06T09:45:51","guid":{"rendered":"https:\/\/www.climatecoating.com\/dominios-de-aplicacao\/"},"modified":"2026-02-10T13:07:30","modified_gmt":"2026-02-10T12:07:30","slug":"dominios-de-aplicacao","status":"publish","type":"page","link":"https:\/\/www.climatecoating.com\/pt-pt\/dominios-de-aplicacao\/","title":{"rendered":"Dom\u00ednios de aplica\u00e7\u00e3o"},"content":{"rendered":"<div class=\"wpb-content-wrapper\"><p>[vc_row row_type=&#8221;row&#8221; use_row_as_full_screen_section=&#8221;no&#8221; type=&#8221;full_width&#8221; text_align=&#8221;left&#8221; background_animation=&#8221;none&#8221; padding_bottom=&#8221;45&#8243; css_animation=&#8221;&#8221;][vc_column][vc_column_text]<\/p>\n<h1>Dom\u00ednios de aplica\u00e7\u00e3o<\/h1>\n<p>[\/vc_column_text][vc_column_text css=&#8221;.vc_custom_1760008277967{padding-bottom: 30px !important;}&#8221;]Aqui encontrar\u00e1s revestimentos funcionais inovadores para todas as \u00e1reas de aplica\u00e7\u00e3o e desafios da tua ind\u00fastria &#8211; quer se trate da reflex\u00e3o da luz solar, da prote\u00e7\u00e3o a longo prazo ou da otimiza\u00e7\u00e3o do equil\u00edbrio energ\u00e9tico dos edif\u00edcios. Porque os produtos ClimateCoating\u00ae s\u00e3o mais do que simples tintas ou revestimentos protectores. Oferecem <a href=\"https:\/\/www.climatecoating.com\/unternehmen\/glossar\/\">prote\u00e7\u00e3o contra o calor no ver\u00e3o<\/a> e <a href=\"https:\/\/www.climatecoating.com\/unternehmen\/glossar\/\">no inverno<\/a>, contribuindo assim para um clima interior agrad\u00e1vel e uma melhor efici\u00eancia energ\u00e9tica durante todo o ano. Isto significa que beneficia de revestimentos sustent\u00e1veis que proporcionam uma prote\u00e7\u00e3o fi\u00e1vel, poupam custos de aquecimento, eletricidade e energia e s\u00e3o eficazes durante muitos anos.   <\/p>\n<p>O <a href=\"https:\/\/www.climatecoating.com\/pt-pt\/calculus\/\">calculador de temperatura baseado em IA <sup>Calculus\u00ae<\/sup><\/a> ajuda a visualizar a redu\u00e7\u00e3o da temperatura e a poupan\u00e7a de energia &#8211; atrav\u00e9s da aplica\u00e7\u00e3o dos revestimentos exteriores ThermoProtect e ThermoActive.[\/vc_column_text]<div class=\"woocommerce columns-4\"><ul class=\"products columns-4 clearfix default\"><li class=\"product-category product first\">\n\t<a aria-label=\"Visit product category Ind\u00fastria hoteleira e gastronomia\" href=\"https:\/\/www.climatecoating.com\/pt-pt\/dominios-de-aplicacao\/industria-hoteleira-e-gastronomia\/\"><img loading=\"lazy\" decoding=\"async\" src=\"https:\/\/www.climatecoating.com\/wp-content\/uploads\/2020\/10\/Hotellerie-Gastronomie_600px-300x300.jpg\" alt=\"Ind\u00fastria hoteleira e gastronomia\" width=\"300\" height=\"300\" srcset=\"https:\/\/www.climatecoating.com\/wp-content\/uploads\/2020\/10\/Hotellerie-Gastronomie_600px-300x300.jpg 300w, https:\/\/www.climatecoating.com\/wp-content\/uploads\/2020\/10\/Hotellerie-Gastronomie_600px-100x100.jpg 100w, https:\/\/www.climatecoating.com\/wp-content\/uploads\/2020\/10\/Hotellerie-Gastronomie_600px-150x150.jpg 150w, https:\/\/www.climatecoating.com\/wp-content\/uploads\/2020\/10\/Hotellerie-Gastronomie_600px-550x550.jpg 550w, https:\/\/www.climatecoating.com\/wp-content\/uploads\/2020\/10\/Hotellerie-Gastronomie_600px-500x500.jpg 500w, https:\/\/www.climatecoating.com\/wp-content\/uploads\/2020\/10\/Hotellerie-Gastronomie_600px.jpg 600w\" sizes=\"auto, (max-width: 300px) 100vw, 300px\" \/>\t\t<h2 class=\"woocommerce-loop-category__title\">\n\t\t\tInd\u00fastria hoteleira e gastronomia <mark class=\"count\">(8)<\/mark>\t\t<\/h2>\n\t\t<\/a><\/li>\n<li class=\"product-category product\">\n\t<a aria-label=\"Visit product category Ind\u00fastria alimentar\" href=\"https:\/\/www.climatecoating.com\/pt-pt\/dominios-de-aplicacao\/industria-alimentar\/\"><img loading=\"lazy\" decoding=\"async\" src=\"https:\/\/www.climatecoating.com\/wp-content\/uploads\/2020\/10\/Lebensmittelindustrie_600px-300x300.jpg\" alt=\"Ind\u00fastria alimentar\" width=\"300\" height=\"300\" srcset=\"https:\/\/www.climatecoating.com\/wp-content\/uploads\/2020\/10\/Lebensmittelindustrie_600px-300x300.jpg 300w, https:\/\/www.climatecoating.com\/wp-content\/uploads\/2020\/10\/Lebensmittelindustrie_600px-100x100.jpg 100w, https:\/\/www.climatecoating.com\/wp-content\/uploads\/2020\/10\/Lebensmittelindustrie_600px-150x150.jpg 150w, https:\/\/www.climatecoating.com\/wp-content\/uploads\/2020\/10\/Lebensmittelindustrie_600px-550x550.jpg 550w, https:\/\/www.climatecoating.com\/wp-content\/uploads\/2020\/10\/Lebensmittelindustrie_600px-500x500.jpg 500w, https:\/\/www.climatecoating.com\/wp-content\/uploads\/2020\/10\/Lebensmittelindustrie_600px.jpg 600w\" sizes=\"auto, (max-width: 300px) 100vw, 300px\" \/>\t\t<h2 class=\"woocommerce-loop-category__title\">\n\t\t\tInd\u00fastria alimentar <mark class=\"count\">(3)<\/mark>\t\t<\/h2>\n\t\t<\/a><\/li>\n<li class=\"product-category product\">\n\t<a aria-label=\"Visit product category Ind\u00fastria transformadora\" href=\"https:\/\/www.climatecoating.com\/pt-pt\/dominios-de-aplicacao\/industria-transformadora\/\"><img loading=\"lazy\" decoding=\"async\" src=\"https:\/\/www.climatecoating.com\/wp-content\/uploads\/2020\/10\/Produzierendes-Gewerbe1_600px-300x300.jpg\" alt=\"Ind\u00fastria transformadora\" width=\"300\" height=\"300\" srcset=\"https:\/\/www.climatecoating.com\/wp-content\/uploads\/2020\/10\/Produzierendes-Gewerbe1_600px-300x300.jpg 300w, https:\/\/www.climatecoating.com\/wp-content\/uploads\/2020\/10\/Produzierendes-Gewerbe1_600px-100x100.jpg 100w, https:\/\/www.climatecoating.com\/wp-content\/uploads\/2020\/10\/Produzierendes-Gewerbe1_600px-150x150.jpg 150w, https:\/\/www.climatecoating.com\/wp-content\/uploads\/2020\/10\/Produzierendes-Gewerbe1_600px-550x550.jpg 550w, https:\/\/www.climatecoating.com\/wp-content\/uploads\/2020\/10\/Produzierendes-Gewerbe1_600px-500x500.jpg 500w, https:\/\/www.climatecoating.com\/wp-content\/uploads\/2020\/10\/Produzierendes-Gewerbe1_600px.jpg 600w\" sizes=\"auto, (max-width: 300px) 100vw, 300px\" \/>\t\t<h2 class=\"woocommerce-loop-category__title\">\n\t\t\tInd\u00fastria transformadora <mark class=\"count\">(5)<\/mark>\t\t<\/h2>\n\t\t<\/a><\/li>\n<li class=\"product-category product last\">\n\t<a aria-label=\"Visit product category Agricultura e cria\u00e7\u00e3o de animais\" href=\"https:\/\/www.climatecoating.com\/pt-pt\/dominios-de-aplicacao\/agricultura-e-criacao-de-animais\/\"><img loading=\"lazy\" decoding=\"async\" src=\"https:\/\/www.climatecoating.com\/wp-content\/uploads\/2020\/10\/Landwirtschaft-Tierhaltung_600px-300x300.jpg\" alt=\"Agricultura e cria\u00e7\u00e3o de animais\" width=\"300\" height=\"300\" srcset=\"https:\/\/www.climatecoating.com\/wp-content\/uploads\/2020\/10\/Landwirtschaft-Tierhaltung_600px-300x300.jpg 300w, https:\/\/www.climatecoating.com\/wp-content\/uploads\/2020\/10\/Landwirtschaft-Tierhaltung_600px-100x100.jpg 100w, https:\/\/www.climatecoating.com\/wp-content\/uploads\/2020\/10\/Landwirtschaft-Tierhaltung_600px-150x150.jpg 150w, https:\/\/www.climatecoating.com\/wp-content\/uploads\/2020\/10\/Landwirtschaft-Tierhaltung_600px-550x550.jpg 550w, https:\/\/www.climatecoating.com\/wp-content\/uploads\/2020\/10\/Landwirtschaft-Tierhaltung_600px-500x500.jpg 500w, https:\/\/www.climatecoating.com\/wp-content\/uploads\/2020\/10\/Landwirtschaft-Tierhaltung_600px.jpg 600w\" sizes=\"auto, (max-width: 300px) 100vw, 300px\" \/>\t\t<h2 class=\"woocommerce-loop-category__title\">\n\t\t\tAgricultura e cria\u00e7\u00e3o de animais <mark class=\"count\">(5)<\/mark>\t\t<\/h2>\n\t\t<\/a><\/li>\n<li class=\"product-category product first\">\n\t<a aria-label=\"Visit product category Cuidados de sa\u00fade\" href=\"https:\/\/www.climatecoating.com\/pt-pt\/dominios-de-aplicacao\/cuidados-de-saude\/\"><img loading=\"lazy\" decoding=\"async\" src=\"https:\/\/www.climatecoating.com\/wp-content\/uploads\/2020\/10\/Gesundheitswesen_600px-300x300.jpg\" alt=\"Cuidados de sa\u00fade\" width=\"300\" height=\"300\" srcset=\"https:\/\/www.climatecoating.com\/wp-content\/uploads\/2020\/10\/Gesundheitswesen_600px-300x300.jpg 300w, https:\/\/www.climatecoating.com\/wp-content\/uploads\/2020\/10\/Gesundheitswesen_600px-100x100.jpg 100w, https:\/\/www.climatecoating.com\/wp-content\/uploads\/2020\/10\/Gesundheitswesen_600px-150x150.jpg 150w, https:\/\/www.climatecoating.com\/wp-content\/uploads\/2020\/10\/Gesundheitswesen_600px-550x550.jpg 550w, https:\/\/www.climatecoating.com\/wp-content\/uploads\/2020\/10\/Gesundheitswesen_600px-500x500.jpg 500w, https:\/\/www.climatecoating.com\/wp-content\/uploads\/2020\/10\/Gesundheitswesen_600px.jpg 600w\" sizes=\"auto, (max-width: 300px) 100vw, 300px\" \/>\t\t<h2 class=\"woocommerce-loop-category__title\">\n\t\t\tCuidados de sa\u00fade <mark class=\"count\">(1)<\/mark>\t\t<\/h2>\n\t\t<\/a><\/li>\n<li class=\"product-category product\">\n\t<a aria-label=\"Visit product category Transportes e tr\u00e1fego\" href=\"https:\/\/www.climatecoating.com\/pt-pt\/dominios-de-aplicacao\/transportes-e-trafego\/\"><img loading=\"lazy\" decoding=\"async\" src=\"https:\/\/www.climatecoating.com\/wp-content\/uploads\/2020\/10\/Transport-Verkehr_600px-300x300.jpg\" alt=\"Transportes e tr\u00e1fego\" width=\"300\" height=\"300\" srcset=\"https:\/\/www.climatecoating.com\/wp-content\/uploads\/2020\/10\/Transport-Verkehr_600px-300x300.jpg 300w, https:\/\/www.climatecoating.com\/wp-content\/uploads\/2020\/10\/Transport-Verkehr_600px-100x100.jpg 100w, https:\/\/www.climatecoating.com\/wp-content\/uploads\/2020\/10\/Transport-Verkehr_600px-150x150.jpg 150w, https:\/\/www.climatecoating.com\/wp-content\/uploads\/2020\/10\/Transport-Verkehr_600px-550x550.jpg 550w, https:\/\/www.climatecoating.com\/wp-content\/uploads\/2020\/10\/Transport-Verkehr_600px-500x500.jpg 500w, https:\/\/www.climatecoating.com\/wp-content\/uploads\/2020\/10\/Transport-Verkehr_600px.jpg 600w\" sizes=\"auto, (max-width: 300px) 100vw, 300px\" \/>\t\t<h2 class=\"woocommerce-loop-category__title\">\n\t\t\tTransportes e tr\u00e1fego <mark class=\"count\">(1)<\/mark>\t\t<\/h2>\n\t\t<\/a><\/li>\n<li class=\"product-category product\">\n\t<a aria-label=\"Visit product category Constru\u00e7\u00f5es t\u00e9cnicas\" href=\"https:\/\/www.climatecoating.com\/pt-pt\/dominios-de-aplicacao\/construcoes-tecnicas\/\"><img loading=\"lazy\" decoding=\"async\" src=\"https:\/\/www.climatecoating.com\/wp-content\/uploads\/2020\/10\/Technische-Konstruktionen_600px-300x300.jpg\" alt=\"Constru\u00e7\u00f5es t\u00e9cnicas\" width=\"300\" height=\"300\" srcset=\"https:\/\/www.climatecoating.com\/wp-content\/uploads\/2020\/10\/Technische-Konstruktionen_600px-300x300.jpg 300w, https:\/\/www.climatecoating.com\/wp-content\/uploads\/2020\/10\/Technische-Konstruktionen_600px-100x100.jpg 100w, https:\/\/www.climatecoating.com\/wp-content\/uploads\/2020\/10\/Technische-Konstruktionen_600px-150x150.jpg 150w, https:\/\/www.climatecoating.com\/wp-content\/uploads\/2020\/10\/Technische-Konstruktionen_600px-550x550.jpg 550w, https:\/\/www.climatecoating.com\/wp-content\/uploads\/2020\/10\/Technische-Konstruktionen_600px-500x500.jpg 500w, https:\/\/www.climatecoating.com\/wp-content\/uploads\/2020\/10\/Technische-Konstruktionen_600px.jpg 600w\" sizes=\"auto, (max-width: 300px) 100vw, 300px\" \/>\t\t<h2 class=\"woocommerce-loop-category__title\">\n\t\t\tConstru\u00e7\u00f5es t\u00e9cnicas <mark class=\"count\">(1)<\/mark>\t\t<\/h2>\n\t\t<\/a><\/li>\n<li class=\"product-category product last\">\n\t<a aria-label=\"Visit product category Prote\u00e7\u00e3o dos monumentos\" href=\"https:\/\/www.climatecoating.com\/pt-pt\/dominios-de-aplicacao\/protecao-dos-monumentos\/\"><img loading=\"lazy\" decoding=\"async\" src=\"https:\/\/www.climatecoating.com\/wp-content\/uploads\/2020\/10\/Denkmalschutz_600px-300x300.jpg\" alt=\"Prote\u00e7\u00e3o dos monumentos\" width=\"300\" height=\"300\" srcset=\"https:\/\/www.climatecoating.com\/wp-content\/uploads\/2020\/10\/Denkmalschutz_600px-300x300.jpg 300w, https:\/\/www.climatecoating.com\/wp-content\/uploads\/2020\/10\/Denkmalschutz_600px-100x100.jpg 100w, https:\/\/www.climatecoating.com\/wp-content\/uploads\/2020\/10\/Denkmalschutz_600px-150x150.jpg 150w, https:\/\/www.climatecoating.com\/wp-content\/uploads\/2020\/10\/Denkmalschutz_600px-550x550.jpg 550w, https:\/\/www.climatecoating.com\/wp-content\/uploads\/2020\/10\/Denkmalschutz_600px-500x500.jpg 500w, https:\/\/www.climatecoating.com\/wp-content\/uploads\/2020\/10\/Denkmalschutz_600px.jpg 600w\" sizes=\"auto, (max-width: 300px) 100vw, 300px\" \/>\t\t<h2 class=\"woocommerce-loop-category__title\">\n\t\t\tProte\u00e7\u00e3o dos monumentos <mark class=\"count\">(1)<\/mark>\t\t<\/h2>\n\t\t<\/a><\/li>\n<li class=\"product-category product first\">\n\t<a aria-label=\"Visit product category Jardim e Lazer\" href=\"https:\/\/www.climatecoating.com\/pt-pt\/dominios-de-aplicacao\/jardim-e-lazer\/\"><img loading=\"lazy\" decoding=\"async\" src=\"https:\/\/www.climatecoating.com\/wp-content\/uploads\/2020\/10\/Garten-Freizeit_600px-300x300.jpg\" alt=\"Jardim e Lazer\" width=\"300\" height=\"300\" srcset=\"https:\/\/www.climatecoating.com\/wp-content\/uploads\/2020\/10\/Garten-Freizeit_600px-300x300.jpg 300w, https:\/\/www.climatecoating.com\/wp-content\/uploads\/2020\/10\/Garten-Freizeit_600px-100x100.jpg 100w, https:\/\/www.climatecoating.com\/wp-content\/uploads\/2020\/10\/Garten-Freizeit_600px-150x150.jpg 150w, https:\/\/www.climatecoating.com\/wp-content\/uploads\/2020\/10\/Garten-Freizeit_600px-550x550.jpg 550w, https:\/\/www.climatecoating.com\/wp-content\/uploads\/2020\/10\/Garten-Freizeit_600px-500x500.jpg 500w, https:\/\/www.climatecoating.com\/wp-content\/uploads\/2020\/10\/Garten-Freizeit_600px.jpg 600w\" sizes=\"auto, (max-width: 300px) 100vw, 300px\" \/>\t\t<h2 class=\"woocommerce-loop-category__title\">\n\t\t\tJardim e Lazer\t\t<\/h2>\n\t\t<\/a><\/li>\n<li class=\"product-category product\">\n\t<a aria-label=\"Visit product category Ind\u00fastria e solu\u00e7\u00f5es especiais\" href=\"https:\/\/www.climatecoating.com\/pt-pt\/dominios-de-aplicacao\/industria-e-solucoes-especiais\/\"><img loading=\"lazy\" decoding=\"async\" src=\"https:\/\/www.climatecoating.com\/wp-content\/uploads\/2020\/10\/Branchen-Spezialloesungen_600px-300x300.jpg\" alt=\"Ind\u00fastria e solu\u00e7\u00f5es especiais\" width=\"300\" height=\"300\" srcset=\"https:\/\/www.climatecoating.com\/wp-content\/uploads\/2020\/10\/Branchen-Spezialloesungen_600px-300x300.jpg 300w, https:\/\/www.climatecoating.com\/wp-content\/uploads\/2020\/10\/Branchen-Spezialloesungen_600px-100x100.jpg 100w, https:\/\/www.climatecoating.com\/wp-content\/uploads\/2020\/10\/Branchen-Spezialloesungen_600px-150x150.jpg 150w, https:\/\/www.climatecoating.com\/wp-content\/uploads\/2020\/10\/Branchen-Spezialloesungen_600px-550x550.jpg 550w, https:\/\/www.climatecoating.com\/wp-content\/uploads\/2020\/10\/Branchen-Spezialloesungen_600px-500x500.jpg 500w, https:\/\/www.climatecoating.com\/wp-content\/uploads\/2020\/10\/Branchen-Spezialloesungen_600px.jpg 600w\" sizes=\"auto, (max-width: 300px) 100vw, 300px\" \/>\t\t<h2 class=\"woocommerce-loop-category__title\">\n\t\t\tInd\u00fastria e solu\u00e7\u00f5es especiais\t\t<\/h2>\n\t\t<\/a><\/li>\n<li class=\"product-category product\">\n\t<a aria-label=\"Visit product category Construir e viver\" href=\"https:\/\/www.climatecoating.com\/pt-pt\/dominios-de-aplicacao\/construir-e-viver\/\"><img loading=\"lazy\" decoding=\"async\" src=\"https:\/\/www.climatecoating.com\/wp-content\/uploads\/2025\/10\/Bauen-Wohnen_600px_2-300x300.jpg\" alt=\"Construir e viver\" width=\"300\" height=\"300\" srcset=\"https:\/\/www.climatecoating.com\/wp-content\/uploads\/2025\/10\/Bauen-Wohnen_600px_2-300x300.jpg 300w, https:\/\/www.climatecoating.com\/wp-content\/uploads\/2025\/10\/Bauen-Wohnen_600px_2-100x100.jpg 100w, https:\/\/www.climatecoating.com\/wp-content\/uploads\/2025\/10\/Bauen-Wohnen_600px_2-150x150.jpg 150w, https:\/\/www.climatecoating.com\/wp-content\/uploads\/2025\/10\/Bauen-Wohnen_600px_2-550x550.jpg 550w, https:\/\/www.climatecoating.com\/wp-content\/uploads\/2025\/10\/Bauen-Wohnen_600px_2-500x500.jpg 500w, https:\/\/www.climatecoating.com\/wp-content\/uploads\/2025\/10\/Bauen-Wohnen_600px_2.jpg 600w\" sizes=\"auto, (max-width: 300px) 100vw, 300px\" \/>\t\t<h2 class=\"woocommerce-loop-category__title\">\n\t\t\tConstruir e viver <mark class=\"count\">(17)<\/mark>\t\t<\/h2>\n\t\t<\/a><\/li>\n<li class=\"product-category product last\">\n\t<a aria-label=\"Visit product category Edif\u00edcios p\u00fablicos\" href=\"https:\/\/www.climatecoating.com\/pt-pt\/dominios-de-aplicacao\/edificios-publicos\/\"><img loading=\"lazy\" decoding=\"async\" src=\"https:\/\/www.climatecoating.com\/wp-content\/uploads\/2020\/10\/Oeffentliche-Gebaeude_2560x1440px-1-300x300.jpg\" alt=\"Edif\u00edcios p\u00fablicos\" width=\"300\" height=\"300\" srcset=\"https:\/\/www.climatecoating.com\/wp-content\/uploads\/2020\/10\/Oeffentliche-Gebaeude_2560x1440px-1-300x300.jpg 300w, https:\/\/www.climatecoating.com\/wp-content\/uploads\/2020\/10\/Oeffentliche-Gebaeude_2560x1440px-1-100x100.jpg 100w, https:\/\/www.climatecoating.com\/wp-content\/uploads\/2020\/10\/Oeffentliche-Gebaeude_2560x1440px-1-150x150.jpg 150w, https:\/\/www.climatecoating.com\/wp-content\/uploads\/2020\/10\/Oeffentliche-Gebaeude_2560x1440px-1-550x550.jpg 550w, https:\/\/www.climatecoating.com\/wp-content\/uploads\/2020\/10\/Oeffentliche-Gebaeude_2560x1440px-1-500x500.jpg 500w, https:\/\/www.climatecoating.com\/wp-content\/uploads\/2020\/10\/Oeffentliche-Gebaeude_2560x1440px-1.jpg 600w\" sizes=\"auto, (max-width: 300px) 100vw, 300px\" \/>\t\t<h2 class=\"woocommerce-loop-category__title\">\n\t\t\tEdif\u00edcios p\u00fablicos <mark class=\"count\">(12)<\/mark>\t\t<\/h2>\n\t\t<\/a><\/li>\n<\/ul>\n<\/div>[\/vc_column][\/vc_row]<\/p>\n<\/div>","protected":false},"excerpt":{"rendered":"<p>[vc_row row_type=&#8221;row&#8221; use_row_as_full_screen_section=&#8221;no&#8221; type=&#8221;full_width&#8221; text_align=&#8221;left&#8221; background_animation=&#8221;none&#8221; padding_bottom=&#8221;45&#8243; css_animation=&#8221;&#8221;][vc_column][vc_column_text] Dom\u00ednios de aplica\u00e7\u00e3o [\/vc_column_text][vc_column_text css=&#8221;.vc_custom_1760008277967{padding-bottom: 30px !important;}&#8221;]Aqui encontrar\u00e1s revestimentos funcionais inovadores para todas as \u00e1reas de aplica\u00e7\u00e3o e desafios da tua ind\u00fastria &#8211; quer se trate da reflex\u00e3o da luz solar, da prote\u00e7\u00e3o a longo prazo ou&#8230;<\/p>\n","protected":false},"author":1,"featured_media":0,"parent":0,"menu_order":100,"comment_status":"closed","ping_status":"closed","template":"","meta":{"footnotes":""},"class_list":["post-49058","page","type-page","status-publish","hentry"],"_links":{"self":[{"href":"https:\/\/www.climatecoating.com\/pt-pt\/wp-json\/wp\/v2\/pages\/49058","targetHints":{"allow":["GET"]}}],"collection":[{"href":"https:\/\/www.climatecoating.com\/pt-pt\/wp-json\/wp\/v2\/pages"}],"about":[{"href":"https:\/\/www.climatecoating.com\/pt-pt\/wp-json\/wp\/v2\/types\/page"}],"author":[{"embeddable":true,"href":"https:\/\/www.climatecoating.com\/pt-pt\/wp-json\/wp\/v2\/users\/1"}],"replies":[{"embeddable":true,"href":"https:\/\/www.climatecoating.com\/pt-pt\/wp-json\/wp\/v2\/comments?post=49058"}],"version-history":[{"count":3,"href":"https:\/\/www.climatecoating.com\/pt-pt\/wp-json\/wp\/v2\/pages\/49058\/revisions"}],"predecessor-version":[{"id":63709,"href":"https:\/\/www.climatecoating.com\/pt-pt\/wp-json\/wp\/v2\/pages\/49058\/revisions\/63709"}],"wp:attachment":[{"href":"https:\/\/www.climatecoating.com\/pt-pt\/wp-json\/wp\/v2\/media?parent=49058"}],"curies":[{"name":"wp","href":"https:\/\/api.w.org\/{rel}","templated":true}]}}