{"id":61159,"date":"2023-09-06T11:42:57","date_gmt":"2023-09-06T09:42:57","guid":{"rendered":"https:\/\/www.climatecoating.com\/empresa\/noticias\/"},"modified":"2025-12-16T12:21:50","modified_gmt":"2025-12-16T11:21:50","slug":"noticias-2","status":"publish","type":"page","link":"https:\/\/www.climatecoating.com\/pt-pt\/empresa\/noticias-2\/","title":{"rendered":"Not\u00edcias"},"content":{"rendered":"<div class=\"wpb-content-wrapper\"><p>[vc_row row_type=&#8221;row&#8221; use_row_as_full_screen_section=&#8221;no&#8221; type=&#8221;full_width&#8221; text_align=&#8221;left&#8221; background_animation=&#8221;none&#8221; css_animation=&#8221;&#8221;][vc_column][vc_single_image image=&#8221;60140&#8243; img_size=&#8221;full&#8221; css=&#8221;.vc_custom_1764325158516{padding-bottom: 30px !important;}&#8221; qode_css_animation=&#8221;&#8221;][\/vc_column][\/vc_row][vc_row row_type=&#8221;row&#8221; use_row_as_full_screen_section=&#8221;no&#8221; type=&#8221;full_width&#8221; text_align=&#8221;left&#8221; background_animation=&#8221;none&#8221; padding_bottom=&#8221;45&#8243; css_animation=&#8221;&#8221;][vc_column width=&#8221;1\/4&#8243;][vc_row_inner row_type=&#8221;row&#8221; type=&#8221;full_width&#8221; use_row_as_full_screen_section_slide=&#8221;no&#8221; text_align=&#8221;left&#8221; css_animation=&#8221;&#8221;][vc_column_inner]<div class=\"ult_row_spacer\"><div class=\"ult-sticky-anchor\"><div class=\"ult-sticky-section ult-sticky \"  data-gutter= '100' data-stick_behaviour= 'stick_with_scroll_row'  data-sticky_position= 'top' data-mobile='no' data-support='no'>[vc_raw_html]W2Ntd2l6YXJkIHdpZGdldD0iMiIgL10=[\/vc_raw_html]<\/div><div class=\"ult-space\"><\/div><\/div><\/div>[\/vc_column_inner][\/vc_row_inner][\/vc_column][vc_column width=&#8221;3\/4&#8243;][vc_column_text]<\/p>\n<h1>News<\/h1>\n<p>[\/vc_column_text][vc_separator type=&#8221;normal&#8221; border_style=&#8221;&#8221; down=&#8221;30&#8243;]<div class='latest_post_holder boxes two_columns six_rows'><ul><li class=\"clearfix\"><div class=\"boxes_image\"><a href=\"https:\/\/www.climatecoating.com\/pt-pt\/cor-com-cerebro-sicc-mostrou-ideias-na-faf-em-colonia-20-23-de-marco-de-2019\/\"><img loading=\"lazy\" decoding=\"async\" width=\"550\" height=\"498\" src=\"https:\/\/www.climatecoating.com\/wp-content\/uploads\/2021\/11\/IMG_1498-550x498.jpg\" class=\"attachment-portfolio-default size-portfolio-default wp-post-image\" alt=\"\" srcset=\"https:\/\/www.climatecoating.com\/wp-content\/uploads\/2021\/11\/IMG_1498-550x498.jpg 550w, https:\/\/www.climatecoating.com\/wp-content\/uploads\/2021\/11\/IMG_1498-480x434.jpg 480w, https:\/\/www.climatecoating.com\/wp-content\/uploads\/2021\/11\/IMG_1498-125x112.jpg 125w\" sizes=\"auto, (max-width: 550px) 100vw, 550px\" \/><span class=\"latest_post_overlay\"><i class=\"icon_plus\" aria-hidden=\"true\"><\/i><\/span><\/a><\/div><div class=\"latest_post\" ><div class=\"latest_post_text\"><span class=\"date_holder post_info_section\"><span class=\"date\">15 de Setembro, 2023<\/span><\/span><h2 class=\"latest_post_title \"><a href=\"https:\/\/www.climatecoating.com\/pt-pt\/cor-com-cerebro-sicc-mostrou-ideias-na-faf-em-colonia-20-23-de-marco-de-2019\/\">Cor com c\u00e9rebro &#8211; SICC mostrou ideias na FAF em Col\u00f3nia, 20-23 de mar\u00e7o de 2019<\/a><\/h2><p class=\"excerpt\">Mostrar ideias. Celebrar o sucesso! De acordo com este lema da feira, apresent\u00e1mos tr\u00eas novos produtos na Feira Europeia de Design de Fachadas e Design de Interiores (FAF): PU Safe, Lumen e Opti-Mal Air. Enquanto os dois \u00faltimos novos desenvolvimentos s\u00e3o revestimentos de paredes interiores......<\/p><\/div><\/div><\/li><li class=\"clearfix\"><div class=\"boxes_image\"><a href=\"https:\/\/www.climatecoating.com\/pt-pt\/com-a-delegacao-empresarial-de-berlim-em-singapura-de-12-a-17-de-outubro-de-2019\/\"><img loading=\"lazy\" decoding=\"async\" width=\"550\" height=\"498\" src=\"https:\/\/www.climatecoating.com\/wp-content\/uploads\/2021\/11\/141019-SGC-Delegates-Day-2-157-550x498.jpg\" class=\"attachment-portfolio-default size-portfolio-default wp-post-image\" alt=\"\" srcset=\"https:\/\/www.climatecoating.com\/wp-content\/uploads\/2021\/11\/141019-SGC-Delegates-Day-2-157-550x498.jpg 550w, https:\/\/www.climatecoating.com\/wp-content\/uploads\/2021\/11\/141019-SGC-Delegates-Day-2-157-480x434.jpg 480w, https:\/\/www.climatecoating.com\/wp-content\/uploads\/2021\/11\/141019-SGC-Delegates-Day-2-157-125x112.jpg 125w\" sizes=\"auto, (max-width: 550px) 100vw, 550px\" \/><span class=\"latest_post_overlay\"><i class=\"icon_plus\" aria-hidden=\"true\"><\/i><\/span><\/a><\/div><div class=\"latest_post\" ><div class=\"latest_post_text\"><span class=\"date_holder post_info_section\"><span class=\"date\">15 de Setembro, 2023<\/span><\/span><h2 class=\"latest_post_title \"><a href=\"https:\/\/www.climatecoating.com\/pt-pt\/com-a-delegacao-empresarial-de-berlim-em-singapura-de-12-a-17-de-outubro-de-2019\/\">Com a Delega\u00e7\u00e3o Empresarial de Berlim em Singapura, de 12 a 17 de outubro de 2019<\/a><\/h2><p class=\"excerpt\">Juntamente com o antigo Presidente do Governo de Berlim, Michael M\u00fcller, 20 empresas berlinenses procuraram estabelecer contactos econ\u00f3micos em Singapura. Estivemos l\u00e1....<\/p><\/div><\/div><\/li><li class=\"clearfix\"><div class=\"boxes_image\"><a href=\"https:\/\/www.climatecoating.com\/pt-pt\/premio-empregador-do-futuro\/\"><img loading=\"lazy\" decoding=\"async\" width=\"550\" height=\"498\" src=\"https:\/\/www.climatecoating.com\/wp-content\/uploads\/2023\/03\/ADZ-Preisverleihung_2023_web-550x498.jpg\" class=\"attachment-portfolio-default size-portfolio-default wp-post-image\" alt=\"\" srcset=\"https:\/\/www.climatecoating.com\/wp-content\/uploads\/2023\/03\/ADZ-Preisverleihung_2023_web-550x498.jpg 550w, https:\/\/www.climatecoating.com\/wp-content\/uploads\/2023\/03\/ADZ-Preisverleihung_2023_web-480x434.jpg 480w, https:\/\/www.climatecoating.com\/wp-content\/uploads\/2023\/03\/ADZ-Preisverleihung_2023_web-125x112.jpg 125w\" sizes=\"auto, (max-width: 550px) 100vw, 550px\" \/><span class=\"latest_post_overlay\"><i class=\"icon_plus\" aria-hidden=\"true\"><\/i><\/span><\/a><\/div><div class=\"latest_post\" ><div class=\"latest_post_text\"><span class=\"date_holder post_info_section\"><span class=\"date\">6 de Setembro, 2023<\/span><\/span><h2 class=\"latest_post_title \"><a href=\"https:\/\/www.climatecoating.com\/pt-pt\/premio-empregador-do-futuro\/\">Pr\u00e9mio &#8220;Empregador do Futuro<\/a><\/h2><p class=\"excerpt\">SICC Coatings \u00e9 &#8220;Empregador do Futuro A SICC Coatings GmbH foi galardoada com o pr\u00e9mio &#8220;Empregador do Futuro&#8221; pelo Instituto Alem\u00e3o de Inova\u00e7\u00e3o para a Sustentabilidade e Digitaliza\u00e7\u00e3o (DIND) em 14 de mar\u00e7o. Os colaboradores da \u00e1rea da tecnologia e investiga\u00e7\u00e3o, Franziska Felsch e Marius......<\/p><\/div><\/div><\/li><li class=\"clearfix\"><div class=\"boxes_image\"><a href=\"https:\/\/www.climatecoating.com\/pt-pt\/calculadora-de-temperatura-baseada-em-ia-calculus-esta-online\/\"><img loading=\"lazy\" decoding=\"async\" width=\"550\" height=\"498\" src=\"https:\/\/www.climatecoating.com\/wp-content\/uploads\/2023\/03\/KI-Tool_01_1920x1920px-550x498.jpg\" class=\"attachment-portfolio-default size-portfolio-default wp-post-image\" alt=\"\" srcset=\"https:\/\/www.climatecoating.com\/wp-content\/uploads\/2023\/03\/KI-Tool_01_1920x1920px-550x498.jpg 550w, https:\/\/www.climatecoating.com\/wp-content\/uploads\/2023\/03\/KI-Tool_01_1920x1920px-480x434.jpg 480w, https:\/\/www.climatecoating.com\/wp-content\/uploads\/2023\/03\/KI-Tool_01_1920x1920px-125x112.jpg 125w\" sizes=\"auto, (max-width: 550px) 100vw, 550px\" \/><span class=\"latest_post_overlay\"><i class=\"icon_plus\" aria-hidden=\"true\"><\/i><\/span><\/a><\/div><div class=\"latest_post\" ><div class=\"latest_post_text\"><span class=\"date_holder post_info_section\"><span class=\"date\">6 de Setembro, 2023<\/span><\/span><h2 class=\"latest_post_title \"><a href=\"https:\/\/www.climatecoating.com\/pt-pt\/calculadora-de-temperatura-baseada-em-ia-calculus-esta-online\/\">Calculadora de temperatura baseada em IA Calculus<sup>\u00ae<\/sup> est\u00e1 online<\/a><\/h2><p class=\"excerpt\">Ap\u00f3s cerca de tr\u00eas anos de prepara\u00e7\u00e3o, disponibiliz\u00e1mos ao p\u00fablico o calculador de temperatura baseado em intelig\u00eancia artificial Calculus\u00ae. Em coopera\u00e7\u00e3o internacional com a empresa de log\u00edstica AD Ports Group dos Emirados \u00c1rabes Unidos e a start-up M&amp;M Network-Ing UG da Alemanha, desenvolvemos a ferramenta......<\/p><\/div><\/div><\/li><li class=\"clearfix\"><div class=\"boxes_image\"><a href=\"https:\/\/www.climatecoating.com\/pt-pt\/20-anos-da-sicc-coatings-gmbh\/\"><img loading=\"lazy\" decoding=\"async\" width=\"550\" height=\"498\" src=\"https:\/\/www.climatecoating.com\/wp-content\/uploads\/2023\/03\/SICC_20Jahre-550x498.jpg\" class=\"attachment-portfolio-default size-portfolio-default wp-post-image\" alt=\"\" srcset=\"https:\/\/www.climatecoating.com\/wp-content\/uploads\/2023\/03\/SICC_20Jahre-550x498.jpg 550w, https:\/\/www.climatecoating.com\/wp-content\/uploads\/2023\/03\/SICC_20Jahre-480x434.jpg 480w, https:\/\/www.climatecoating.com\/wp-content\/uploads\/2023\/03\/SICC_20Jahre-125x112.jpg 125w\" sizes=\"auto, (max-width: 550px) 100vw, 550px\" \/><span class=\"latest_post_overlay\"><i class=\"icon_plus\" aria-hidden=\"true\"><\/i><\/span><\/a><\/div><div class=\"latest_post\" ><div class=\"latest_post_text\"><span class=\"date_holder post_info_section\"><span class=\"date\">6 de Setembro, 2023<\/span><\/span><h2 class=\"latest_post_title \"><a href=\"https:\/\/www.climatecoating.com\/pt-pt\/20-anos-da-sicc-coatings-gmbh\/\">20 anos da SICC Coatings GmbH<\/a><\/h2><p class=\"excerpt\">Revestimentos funcionais inteligentes &#8211; Amigo do ambiente &#8211; Alto desempenho &#8211; Eficaz &#8211; Sustent\u00e1vel &#8211; Clima interior saud\u00e1vel &#8211; Reflect\u00e2ncia da luz solar &#8211; Efici\u00eancia energ\u00e9tica fabricado na Alemanha &#8211; Greenguard Gold &#8211; Pr\u00e9mio alem\u00e3o de inova\u00e7\u00e3o &#8211; ISO 9001 &#8211; ISO 14001 &#8211; Servi\u00e7os......<\/p><\/div><\/div><\/li><\/ul><\/div>[\/vc_column][\/vc_row]<\/p>\n<\/div>","protected":false},"excerpt":{"rendered":"<p>[vc_row row_type=&#8221;row&#8221; use_row_as_full_screen_section=&#8221;no&#8221; type=&#8221;full_width&#8221; text_align=&#8221;left&#8221; background_animation=&#8221;none&#8221; css_animation=&#8221;&#8221;][vc_column][vc_single_image image=&#8221;60140&#8243; img_size=&#8221;full&#8221; css=&#8221;.vc_custom_1764325158516{padding-bottom: 30px !important;}&#8221; qode_css_animation=&#8221;&#8221;][\/vc_column][\/vc_row][vc_row row_type=&#8221;row&#8221; use_row_as_full_screen_section=&#8221;no&#8221; type=&#8221;full_width&#8221; text_align=&#8221;left&#8221; background_animation=&#8221;none&#8221; padding_bottom=&#8221;45&#8243; css_animation=&#8221;&#8221;][vc_column width=&#8221;1\/4&#8243;][vc_row_inner row_type=&#8221;row&#8221; type=&#8221;full_width&#8221; use_row_as_full_screen_section_slide=&#8221;no&#8221; text_align=&#8221;left&#8221; css_animation=&#8221;&#8221;][vc_column_inner][\/vc_column_inner][\/vc_row_inner][\/vc_column][vc_column width=&#8221;3\/4&#8243;][vc_column_text] News [\/vc_column_text][vc_separator type=&#8221;normal&#8221; border_style=&#8221;&#8221; down=&#8221;30&#8243;][\/vc_column][\/vc_row]<\/p>\n","protected":false},"author":1,"featured_media":0,"parent":48859,"menu_order":605,"comment_status":"closed","ping_status":"closed","template":"blog-animated.php","meta":{"footnotes":""},"class_list":["post-61159","page","type-page","status-publish","hentry"],"_links":{"self":[{"href":"https:\/\/www.climatecoating.com\/pt-pt\/wp-json\/wp\/v2\/pages\/61159","targetHints":{"allow":["GET"]}}],"collection":[{"href":"https:\/\/www.climatecoating.com\/pt-pt\/wp-json\/wp\/v2\/pages"}],"about":[{"href":"https:\/\/www.climatecoating.com\/pt-pt\/wp-json\/wp\/v2\/types\/page"}],"author":[{"embeddable":true,"href":"https:\/\/www.climatecoating.com\/pt-pt\/wp-json\/wp\/v2\/users\/1"}],"replies":[{"embeddable":true,"href":"https:\/\/www.climatecoating.com\/pt-pt\/wp-json\/wp\/v2\/comments?post=61159"}],"version-history":[{"count":2,"href":"https:\/\/www.climatecoating.com\/pt-pt\/wp-json\/wp\/v2\/pages\/61159\/revisions"}],"predecessor-version":[{"id":61181,"href":"https:\/\/www.climatecoating.com\/pt-pt\/wp-json\/wp\/v2\/pages\/61159\/revisions\/61181"}],"up":[{"embeddable":true,"href":"https:\/\/www.climatecoating.com\/pt-pt\/wp-json\/wp\/v2\/pages\/48859"}],"wp:attachment":[{"href":"https:\/\/www.climatecoating.com\/pt-pt\/wp-json\/wp\/v2\/media?parent=61159"}],"curies":[{"name":"wp","href":"https:\/\/api.w.org\/{rel}","templated":true}]}}