{"id":61240,"date":"2023-09-06T11:43:00","date_gmt":"2023-09-06T09:43:00","guid":{"rendered":"https:\/\/www.climatecoating.com\/empresa\/imprensa\/"},"modified":"2025-12-17T12:02:16","modified_gmt":"2025-12-17T11:02:16","slug":"imprensa-2","status":"publish","type":"page","link":"https:\/\/www.climatecoating.com\/pt-pt\/empresa\/imprensa-2\/","title":{"rendered":"Imprensa"},"content":{"rendered":"<div class=\"wpb-content-wrapper\"><p>[vc_row row_type=&#8221;row&#8221; use_row_as_full_screen_section=&#8221;no&#8221; type=&#8221;full_width&#8221; text_align=&#8221;left&#8221; background_animation=&#8221;none&#8221; css_animation=&#8221;&#8221;][vc_column][vc_single_image image=&#8221;60138&#8243; img_size=&#8221;full&#8221; css=&#8221;.vc_custom_1764323544892{padding-bottom: 30px !important;}&#8221; qode_css_animation=&#8221;&#8221;][\/vc_column][\/vc_row][vc_row row_type=&#8221;row&#8221; use_row_as_full_screen_section=&#8221;no&#8221; type=&#8221;full_width&#8221; text_align=&#8221;left&#8221; background_animation=&#8221;none&#8221; padding_bottom=&#8221;45&#8243; css_animation=&#8221;&#8221;][vc_column width=&#8221;1\/4&#8243;][vc_row_inner row_type=&#8221;row&#8221; type=&#8221;full_width&#8221; use_row_as_full_screen_section_slide=&#8221;no&#8221; text_align=&#8221;left&#8221; css_animation=&#8221;&#8221;][vc_column_inner]<div class=\"ult_row_spacer\"><div class=\"ult-sticky-anchor\"><div class=\"ult-sticky-section ult-sticky \"  data-gutter= '100' data-stick_behaviour= 'stick_with_scroll_row'  data-sticky_position= 'top' data-mobile='no' data-support='no'>[vc_raw_html]W2Ntd2l6YXJkIHdpZGdldD0iMiIgL10=[\/vc_raw_html]<\/div><div class=\"ult-space\"><\/div><\/div><\/div>[\/vc_column_inner][\/vc_row_inner][\/vc_column][vc_column width=&#8221;3\/4&#8243;][vc_column_text]<\/p>\n<h1>Imprensa<\/h1>\n<p>[\/vc_column_text][vc_separator type=&#8221;normal&#8221; border_style=&#8221;&#8221; down=&#8221;30&#8243;]<div class='latest_post_holder boxes two_columns six_rows'><ul><li class=\"clearfix\"><div class=\"boxes_image\"><a href=\"https:\/\/www.climatecoating.com\/pt-pt\/comunicado-de-imprensa-trazer-luz-para-a-escuridao-com-lumen\/\"><img loading=\"lazy\" decoding=\"async\" width=\"550\" height=\"498\" src=\"https:\/\/www.climatecoating.com\/wp-content\/uploads\/2022\/02\/Lumen_Applikation_01-550x498.jpg\" class=\"attachment-portfolio-default size-portfolio-default wp-post-image\" alt=\"\" srcset=\"https:\/\/www.climatecoating.com\/wp-content\/uploads\/2022\/02\/Lumen_Applikation_01-550x498.jpg 550w, https:\/\/www.climatecoating.com\/wp-content\/uploads\/2022\/02\/Lumen_Applikation_01-480x434.jpg 480w, https:\/\/www.climatecoating.com\/wp-content\/uploads\/2022\/02\/Lumen_Applikation_01-125x112.jpg 125w\" sizes=\"auto, (max-width: 550px) 100vw, 550px\" \/><span class=\"latest_post_overlay\"><i class=\"icon_plus\" aria-hidden=\"true\"><\/i><\/span><\/a><\/div><div class=\"latest_post\" ><div class=\"latest_post_text\"><span class=\"date_holder post_info_section\"><span class=\"date\">6 de Setembro, 2023<\/span><\/span><h2 class=\"latest_post_title \"><a href=\"https:\/\/www.climatecoating.com\/pt-pt\/comunicado-de-imprensa-trazer-luz-para-a-escuridao-com-lumen\/\">Comunicado de imprensa: Trazer luz para a escurid\u00e3o com &#8220;Lumen<\/a><\/h2><p class=\"excerpt\">Berlim, setembro de 2021 &#8211; A luz suficiente desempenha um papel importante, especialmente na esta\u00e7\u00e3o escura. As salas mal iluminadas n\u00e3o s\u00f3 afectam a concentra\u00e7\u00e3o e o humor, como tamb\u00e9m prejudicam a sa\u00fade. Escrit\u00f3rio, cozinha, corredor: cada divis\u00e3o tem necessidades diferentes em termos de intensidade......<\/p><\/div><\/div><\/li><li class=\"clearfix\"><div class=\"boxes_image\"><a href=\"https:\/\/www.climatecoating.com\/pt-pt\/comunicado-de-imprensa-a-arte-na-ribalta\/\"><img loading=\"lazy\" decoding=\"async\" width=\"550\" height=\"498\" src=\"https:\/\/www.climatecoating.com\/wp-content\/uploads\/2022\/01\/Die-Kunst-im-Rampenlicht_01-550x498.jpg\" class=\"attachment-portfolio-default size-portfolio-default wp-post-image\" alt=\"\" srcset=\"https:\/\/www.climatecoating.com\/wp-content\/uploads\/2022\/01\/Die-Kunst-im-Rampenlicht_01-550x498.jpg 550w, https:\/\/www.climatecoating.com\/wp-content\/uploads\/2022\/01\/Die-Kunst-im-Rampenlicht_01-480x434.jpg 480w, https:\/\/www.climatecoating.com\/wp-content\/uploads\/2022\/01\/Die-Kunst-im-Rampenlicht_01-125x112.jpg 125w\" sizes=\"auto, (max-width: 550px) 100vw, 550px\" \/><span class=\"latest_post_overlay\"><i class=\"icon_plus\" aria-hidden=\"true\"><\/i><\/span><\/a><\/div><div class=\"latest_post\" ><div class=\"latest_post_text\"><span class=\"date_holder post_info_section\"><span class=\"date\">6 de Setembro, 2023<\/span><\/span><h2 class=\"latest_post_title \"><a href=\"https:\/\/www.climatecoating.com\/pt-pt\/comunicado-de-imprensa-a-arte-na-ribalta\/\">Comunicado de imprensa: A arte na ribalta<\/a><\/h2><p class=\"excerpt\">Berlim, novembro de 2021 &#8211; A experi\u00eancia visual das exposi\u00e7\u00f5es depende da intera\u00e7\u00e3o entre a cor e a luz. Este facto pode ser observado nas exposi\u00e7\u00f5es dos Opelvillen em R\u00fcsselsheim. H\u00e1 v\u00e1rios anos que o recinto de exposi\u00e7\u00f5es confia na tinta para paredes e tectos......<\/p><\/div><\/div><\/li><li class=\"clearfix\"><div class=\"boxes_image\"><a href=\"https:\/\/www.climatecoating.com\/pt-pt\/comunicado-de-imprensa-revestimento-de-edificios-com-acao-climatica-fabricado-na-alemanha-testado-em-abu-dhabi\/\"><img loading=\"lazy\" decoding=\"async\" width=\"550\" height=\"498\" src=\"https:\/\/www.climatecoating.com\/wp-content\/uploads\/2022\/06\/SICC-Coatings_PM-02_2022_AD-Ports-Kooperation_Products-550x498.jpg\" class=\"attachment-portfolio-default size-portfolio-default wp-post-image\" alt=\"\" srcset=\"https:\/\/www.climatecoating.com\/wp-content\/uploads\/2022\/06\/SICC-Coatings_PM-02_2022_AD-Ports-Kooperation_Products-550x498.jpg 550w, https:\/\/www.climatecoating.com\/wp-content\/uploads\/2022\/06\/SICC-Coatings_PM-02_2022_AD-Ports-Kooperation_Products-480x434.jpg 480w, https:\/\/www.climatecoating.com\/wp-content\/uploads\/2022\/06\/SICC-Coatings_PM-02_2022_AD-Ports-Kooperation_Products-125x112.jpg 125w\" sizes=\"auto, (max-width: 550px) 100vw, 550px\" \/><span class=\"latest_post_overlay\"><i class=\"icon_plus\" aria-hidden=\"true\"><\/i><\/span><\/a><\/div><div class=\"latest_post\" ><div class=\"latest_post_text\"><span class=\"date_holder post_info_section\"><span class=\"date\">6 de Setembro, 2023<\/span><\/span><h2 class=\"latest_post_title \"><a href=\"https:\/\/www.climatecoating.com\/pt-pt\/comunicado-de-imprensa-revestimento-de-edificios-com-acao-climatica-fabricado-na-alemanha-testado-em-abu-dhabi\/\">Comunicado de imprensa: Revestimento de edif\u00edcios com a\u00e7\u00e3o clim\u00e1tica &#8211; Fabricado na Alemanha, testado em Abu Dhabi<\/a><\/h2><p class=\"excerpt\">Efic\u00e1cia comprovada em projeto de investiga\u00e7\u00e3o Berlim, junho de 2022 &#8211; Os produtos ClimateCoating ThermoActive e ThermoProtect da empresa berlinense SICC Coatings fizeram parte de um estudo em coopera\u00e7\u00e3o com a empresa de log\u00edstica Abu Dhabi Ports Group dos Emirados \u00c1rabes Unidos. No projeto de......<\/p><\/div><\/div><\/li><li class=\"clearfix\"><div class=\"boxes_image\"><a href=\"https:\/\/www.climatecoating.com\/pt-pt\/comunicado-de-imprensa-revestimento-de-fachada-inovador-ajuda-a-poupar-dinheiro\/\"><img loading=\"lazy\" decoding=\"async\" width=\"550\" height=\"498\" src=\"https:\/\/www.climatecoating.com\/wp-content\/uploads\/2022\/06\/SICC-Coatings_PM-01_2022_ThermoProtect_BILD-01-550x498.jpg\" class=\"attachment-portfolio-default size-portfolio-default wp-post-image\" alt=\"\" srcset=\"https:\/\/www.climatecoating.com\/wp-content\/uploads\/2022\/06\/SICC-Coatings_PM-01_2022_ThermoProtect_BILD-01-550x498.jpg 550w, https:\/\/www.climatecoating.com\/wp-content\/uploads\/2022\/06\/SICC-Coatings_PM-01_2022_ThermoProtect_BILD-01-480x434.jpg 480w, https:\/\/www.climatecoating.com\/wp-content\/uploads\/2022\/06\/SICC-Coatings_PM-01_2022_ThermoProtect_BILD-01-125x112.jpg 125w\" sizes=\"auto, (max-width: 550px) 100vw, 550px\" \/><span class=\"latest_post_overlay\"><i class=\"icon_plus\" aria-hidden=\"true\"><\/i><\/span><\/a><\/div><div class=\"latest_post\" ><div class=\"latest_post_text\"><span class=\"date_holder post_info_section\"><span class=\"date\">6 de Setembro, 2023<\/span><\/span><h2 class=\"latest_post_title \"><a href=\"https:\/\/www.climatecoating.com\/pt-pt\/comunicado-de-imprensa-revestimento-de-fachada-inovador-ajuda-a-poupar-dinheiro\/\">Comunicado de imprensa: Revestimento de fachada inovador ajuda a poupar dinheiro<\/a><\/h2><p class=\"excerpt\">Berlim, maio de 2022 &#8211; A cooperativa de habita\u00e7\u00e3o WGP Perleberg eG \u00e9 propriet\u00e1ria de um total de 30 edif\u00edcios residenciais de v\u00e1rios andares. No entanto, ap\u00f3s uma extensa renova\u00e7\u00e3o das fachadas em meados da d\u00e9cada de 1990, os primeiros edif\u00edcios come\u00e7aram a apresentar vest\u00edgios......<\/p><\/div><\/div><\/li><li class=\"clearfix\"><div class=\"boxes_image\"><a href=\"https:\/\/www.climatecoating.com\/pt-pt\/comunicado-de-imprensa-a-sicc-coatings-gmbh-ajuda-a-poupar-energia-com-a-tinta-para-paredes-interiores-thermoplus\/\"><img loading=\"lazy\" decoding=\"async\" width=\"550\" height=\"498\" src=\"https:\/\/www.climatecoating.com\/wp-content\/uploads\/2022\/11\/SICC-Coatings_PM-04_2022_ThermoPlus_Bild_01-550x498.png\" class=\"attachment-portfolio-default size-portfolio-default wp-post-image\" alt=\"\" srcset=\"https:\/\/www.climatecoating.com\/wp-content\/uploads\/2022\/11\/SICC-Coatings_PM-04_2022_ThermoPlus_Bild_01-550x498.png 550w, https:\/\/www.climatecoating.com\/wp-content\/uploads\/2022\/11\/SICC-Coatings_PM-04_2022_ThermoPlus_Bild_01-480x434.png 480w, https:\/\/www.climatecoating.com\/wp-content\/uploads\/2022\/11\/SICC-Coatings_PM-04_2022_ThermoPlus_Bild_01-125x112.png 125w\" sizes=\"auto, (max-width: 550px) 100vw, 550px\" \/><span class=\"latest_post_overlay\"><i class=\"icon_plus\" aria-hidden=\"true\"><\/i><\/span><\/a><\/div><div class=\"latest_post\" ><div class=\"latest_post_text\"><span class=\"date_holder post_info_section\"><span class=\"date\">6 de Setembro, 2023<\/span><\/span><h2 class=\"latest_post_title \"><a href=\"https:\/\/www.climatecoating.com\/pt-pt\/comunicado-de-imprensa-a-sicc-coatings-gmbh-ajuda-a-poupar-energia-com-a-tinta-para-paredes-interiores-thermoplus\/\">Comunicado de imprensa: A SICC Coatings GmbH ajuda a poupar energia com a tinta para paredes interiores ThermoPlus<\/a><\/h2><p class=\"excerpt\">Uma mais-valia em termos de calor e conforto de vida Berlim, outubro de 2022 &#8211; A exig\u00eancia pol\u00edtica de poupar energia est\u00e1 a tornar-se cada vez mais urgente. Para poupar custos, \u00e9 necess\u00e1rio utilizar menos aquecimento. Isto reduz o consumo de energia, mas, ao mesmo......<\/p><\/div><\/div><\/li><li class=\"clearfix\"><div class=\"boxes_image\"><a href=\"https:\/\/www.climatecoating.com\/pt-pt\/comunicado-de-imprensa-pme-de-berlim-investe-na-investigacao-de-modelos-de-ia-para-a-fisica-dos-edificios\/\"><img loading=\"lazy\" decoding=\"async\" width=\"550\" height=\"498\" src=\"https:\/\/www.climatecoating.com\/wp-content\/uploads\/2021\/02\/Wohnbloecke-in-Botkyrka_11-550x498.jpg\" class=\"attachment-portfolio-default size-portfolio-default wp-post-image\" alt=\"\" srcset=\"https:\/\/www.climatecoating.com\/wp-content\/uploads\/2021\/02\/Wohnbloecke-in-Botkyrka_11-550x498.jpg 550w, https:\/\/www.climatecoating.com\/wp-content\/uploads\/2021\/02\/Wohnbloecke-in-Botkyrka_11-480x434.jpg 480w, https:\/\/www.climatecoating.com\/wp-content\/uploads\/2021\/02\/Wohnbloecke-in-Botkyrka_11-125x112.jpg 125w\" sizes=\"auto, (max-width: 550px) 100vw, 550px\" \/><span class=\"latest_post_overlay\"><i class=\"icon_plus\" aria-hidden=\"true\"><\/i><\/span><\/a><\/div><div class=\"latest_post\" ><div class=\"latest_post_text\"><span class=\"date_holder post_info_section\"><span class=\"date\">6 de Setembro, 2023<\/span><\/span><h2 class=\"latest_post_title \"><a href=\"https:\/\/www.climatecoating.com\/pt-pt\/comunicado-de-imprensa-pme-de-berlim-investe-na-investigacao-de-modelos-de-ia-para-a-fisica-dos-edificios\/\">Comunicado de imprensa: PME de Berlim investe na investiga\u00e7\u00e3o de modelos de IA para a f\u00edsica dos edif\u00edcios<\/a><\/h2><p class=\"excerpt\">A SICC Coatings GmbH desenvolve o seu pr\u00f3prio software de c\u00e1lculo Berlim, setembro de 2022 &#8211; A empresa SICC Coatings GmbH, sediada em Berlim, continua a desenvolver as suas actividades de investiga\u00e7\u00e3o e est\u00e1 a desenvolver um modelo de IA para a f\u00edsica dos edif\u00edcios......<\/p><\/div><\/div><\/li><li class=\"clearfix\"><div class=\"boxes_image\"><a href=\"https:\/\/www.climatecoating.com\/pt-pt\/comunicado-de-imprensa-empresa-de-berlim-desenvolve-ferramenta-de-ia-para-aumentar-a-eficiencia-energetica\/\"><img loading=\"lazy\" decoding=\"async\" width=\"550\" height=\"498\" src=\"https:\/\/www.climatecoating.com\/wp-content\/uploads\/2023\/03\/KI-Tool-Calculus-Ansicht_aus-Pressemitteilung-01-2023_-550x498.jpg\" class=\"attachment-portfolio-default size-portfolio-default wp-post-image\" alt=\"\" srcset=\"https:\/\/www.climatecoating.com\/wp-content\/uploads\/2023\/03\/KI-Tool-Calculus-Ansicht_aus-Pressemitteilung-01-2023_-550x498.jpg 550w, https:\/\/www.climatecoating.com\/wp-content\/uploads\/2023\/03\/KI-Tool-Calculus-Ansicht_aus-Pressemitteilung-01-2023_-480x434.jpg 480w, https:\/\/www.climatecoating.com\/wp-content\/uploads\/2023\/03\/KI-Tool-Calculus-Ansicht_aus-Pressemitteilung-01-2023_-125x112.jpg 125w\" sizes=\"auto, (max-width: 550px) 100vw, 550px\" \/><span class=\"latest_post_overlay\"><i class=\"icon_plus\" aria-hidden=\"true\"><\/i><\/span><\/a><\/div><div class=\"latest_post\" ><div class=\"latest_post_text\"><span class=\"date_holder post_info_section\"><span class=\"date\">6 de Setembro, 2023<\/span><\/span><h2 class=\"latest_post_title \"><a href=\"https:\/\/www.climatecoating.com\/pt-pt\/comunicado-de-imprensa-empresa-de-berlim-desenvolve-ferramenta-de-ia-para-aumentar-a-eficiencia-energetica\/\">Comunicado de imprensa: Empresa de Berlim desenvolve ferramenta de IA para aumentar a efici\u00eancia energ\u00e9tica<\/a><\/h2><p class=\"excerpt\">Empresa berlinense desenvolve ferramenta de IA para aumentar a efici\u00eancia energ\u00e9tica Berlim, fevereiro de 2023 &#8211; O tema da digitaliza\u00e7\u00e3o est\u00e1 a assumir um papel cada vez mais importante em quase todas as \u00e1reas da vida social, econ\u00f3mica e pol\u00edtica. Os esfor\u00e7os para tornar os......<\/p><\/div><\/div><\/li><li class=\"clearfix\"><div class=\"boxes_image\"><a href=\"https:\/\/www.climatecoating.com\/pt-pt\/comunicado-de-imprensa-revestimento-de-fachadas-como-um-auxilio-eficaz-para-a-poupanca-de-energia\/\"><img loading=\"lazy\" decoding=\"async\" width=\"550\" height=\"498\" src=\"https:\/\/www.climatecoating.com\/wp-content\/uploads\/2023\/04\/SICC-Coatings_PM-02_2023_ThermoProtect-Bild-01-550x498.jpg\" class=\"attachment-portfolio-default size-portfolio-default wp-post-image\" alt=\"\" srcset=\"https:\/\/www.climatecoating.com\/wp-content\/uploads\/2023\/04\/SICC-Coatings_PM-02_2023_ThermoProtect-Bild-01-550x498.jpg 550w, https:\/\/www.climatecoating.com\/wp-content\/uploads\/2023\/04\/SICC-Coatings_PM-02_2023_ThermoProtect-Bild-01-480x434.jpg 480w, https:\/\/www.climatecoating.com\/wp-content\/uploads\/2023\/04\/SICC-Coatings_PM-02_2023_ThermoProtect-Bild-01-125x112.jpg 125w\" sizes=\"auto, (max-width: 550px) 100vw, 550px\" \/><span class=\"latest_post_overlay\"><i class=\"icon_plus\" aria-hidden=\"true\"><\/i><\/span><\/a><\/div><div class=\"latest_post\" ><div class=\"latest_post_text\"><span class=\"date_holder post_info_section\"><span class=\"date\">6 de Setembro, 2023<\/span><\/span><h2 class=\"latest_post_title \"><a href=\"https:\/\/www.climatecoating.com\/pt-pt\/comunicado-de-imprensa-revestimento-de-fachadas-como-um-auxilio-eficaz-para-a-poupanca-de-energia\/\">Comunicado de imprensa: Revestimento de fachadas como um aux\u00edlio eficaz para a poupan\u00e7a de energia<\/a><\/h2><p class=\"excerpt\">ThermoProtect da SICC Coatings GmbH Berlim, abril de 2023 &#8211; A transi\u00e7\u00e3o energ\u00e9tica na Alemanha est\u00e1 em pleno andamento. De acordo com a Ag\u00eancia Alem\u00e3 da Energia (dena), existem cerca de 21 milh\u00f5es de edif\u00edcios na Alemanha, que, no seu conjunto, s\u00e3o respons\u00e1veis por 35%......<\/p><\/div><\/div><\/li><\/ul><\/div>[\/vc_column][\/vc_row]<\/p>\n<\/div>","protected":false},"excerpt":{"rendered":"<p>[vc_row row_type=&#8221;row&#8221; use_row_as_full_screen_section=&#8221;no&#8221; type=&#8221;full_width&#8221; text_align=&#8221;left&#8221; background_animation=&#8221;none&#8221; css_animation=&#8221;&#8221;][vc_column][vc_single_image image=&#8221;60138&#8243; img_size=&#8221;full&#8221; css=&#8221;.vc_custom_1764323544892{padding-bottom: 30px !important;}&#8221; qode_css_animation=&#8221;&#8221;][\/vc_column][\/vc_row][vc_row row_type=&#8221;row&#8221; use_row_as_full_screen_section=&#8221;no&#8221; type=&#8221;full_width&#8221; text_align=&#8221;left&#8221; background_animation=&#8221;none&#8221; padding_bottom=&#8221;45&#8243; css_animation=&#8221;&#8221;][vc_column width=&#8221;1\/4&#8243;][vc_row_inner row_type=&#8221;row&#8221; type=&#8221;full_width&#8221; use_row_as_full_screen_section_slide=&#8221;no&#8221; text_align=&#8221;left&#8221; css_animation=&#8221;&#8221;][vc_column_inner][\/vc_column_inner][\/vc_row_inner][\/vc_column][vc_column width=&#8221;3\/4&#8243;][vc_column_text] Imprensa [\/vc_column_text][vc_separator type=&#8221;normal&#8221; border_style=&#8221;&#8221; down=&#8221;30&#8243;][\/vc_column][\/vc_row]<\/p>\n","protected":false},"author":1,"featured_media":0,"parent":48859,"menu_order":670,"comment_status":"closed","ping_status":"closed","template":"","meta":{"footnotes":""},"class_list":["post-61240","page","type-page","status-publish","hentry"],"_links":{"self":[{"href":"https:\/\/www.climatecoating.com\/pt-pt\/wp-json\/wp\/v2\/pages\/61240","targetHints":{"allow":["GET"]}}],"collection":[{"href":"https:\/\/www.climatecoating.com\/pt-pt\/wp-json\/wp\/v2\/pages"}],"about":[{"href":"https:\/\/www.climatecoating.com\/pt-pt\/wp-json\/wp\/v2\/types\/page"}],"author":[{"embeddable":true,"href":"https:\/\/www.climatecoating.com\/pt-pt\/wp-json\/wp\/v2\/users\/1"}],"replies":[{"embeddable":true,"href":"https:\/\/www.climatecoating.com\/pt-pt\/wp-json\/wp\/v2\/comments?post=61240"}],"version-history":[{"count":6,"href":"https:\/\/www.climatecoating.com\/pt-pt\/wp-json\/wp\/v2\/pages\/61240\/revisions"}],"predecessor-version":[{"id":61508,"href":"https:\/\/www.climatecoating.com\/pt-pt\/wp-json\/wp\/v2\/pages\/61240\/revisions\/61508"}],"up":[{"embeddable":true,"href":"https:\/\/www.climatecoating.com\/pt-pt\/wp-json\/wp\/v2\/pages\/48859"}],"wp:attachment":[{"href":"https:\/\/www.climatecoating.com\/pt-pt\/wp-json\/wp\/v2\/media?parent=61240"}],"curies":[{"name":"wp","href":"https:\/\/api.w.org\/{rel}","templated":true}]}}