{"id":61505,"date":"2023-09-06T11:45:20","date_gmt":"2023-09-06T09:45:20","guid":{"rendered":"https:\/\/www.climatecoating.com\/empresa\/glossario\/"},"modified":"2026-02-03T15:47:02","modified_gmt":"2026-02-03T14:47:02","slug":"area-do-cliente","status":"publish","type":"page","link":"https:\/\/www.climatecoating.com\/pt-pt\/area-do-cliente\/","title":{"rendered":"\u00c1rea do cliente"},"content":{"rendered":"<div class=\"wpb-content-wrapper\"><p>[vc_row row_type=&#8221;row&#8221; use_row_as_full_screen_section=&#8221;no&#8221; type=&#8221;full_width&#8221; text_align=&#8221;left&#8221; background_animation=&#8221;none&#8221; css_animation=&#8221;&#8221;][vc_column][vc_single_image image=&#8221;62822&#8243; img_size=&#8221;full&#8221; css=&#8221;.vc_custom_1766060041546{padding-bottom: 30px !important;}&#8221; qode_css_animation=&#8221;&#8221;][\/vc_column][\/vc_row][vc_row row_type=&#8221;row&#8221; use_row_as_full_screen_section=&#8221;no&#8221; type=&#8221;full_width&#8221; text_align=&#8221;left&#8221; background_animation=&#8221;none&#8221; padding_bottom=&#8221;45&#8243; css_animation=&#8221;&#8221;][vc_column width=&#8221;1\/4&#8243;]<div class=\"ult_row_spacer\"><div class=\"ult-sticky-anchor\"><div class=\"ult-sticky-section ult-sticky \"  data-gutter= '100' data-stick_behaviour= 'stick_with_scroll_row'  data-sticky_position= 'top' data-mobile='no' data-support='no'>[vc_raw_html css=&#8221;&#8221;]JTVCY213aXphcmQlMjB3aWRnZXQlM0QyJTJGJTVE[\/vc_raw_html]<\/div><div class=\"ult-space\"><\/div><\/div><\/div>[\/vc_column][vc_column width=&#8221;3\/4&#8243;][vc_column_text css=&#8221;.vc_custom_1766480460093{padding-bottom: 30px !important;}&#8221;]<\/p>\n<h1>\u00c1rea do cliente<\/h1>\n<p>A \u00e1rea de clientes <strong data-start=\"339\" data-end=\"356\">SICC Coatings<\/strong> \u00e9 a tua plataforma central para o conhecimento, ferramentas digitais e solu\u00e7\u00f5es pr\u00e1ticas relacionadas com cores funcionais climaticamente activas. Ajuda-o a planear projectos de forma eficiente, a tomar decis\u00f5es informadas e a utilizar todo o potencial da nossa tecnologia.<\/p>\n<p data-start=\"646\" data-end=\"886\"><strong data-start=\"646\" data-end=\"664\">KI-Calculus<\/strong><br data-start=\"664\" data-end=\"667\" \/>Ajudas de planeamento inteligentes para avaliar a efici\u00eancia energ\u00e9tica, a redu\u00e7\u00e3o de CO\u2082 e o potencial de poupan\u00e7a. Simula cen\u00e1rios e obt\u00e9m uma base fi\u00e1vel para a tomada de decis\u00f5es &#8211; de forma r\u00e1pida, transparente e baseada em dados.<\/p>\n<p data-start=\"888\" data-end=\"1066\">\ud83d\udcc1 <strong data-start=\"888\" data-end=\"904\">Centro multim\u00e9dia<\/strong><br data-start=\"904\" data-end=\"907\" \/>Acesso centralizado a v\u00eddeos sobre os nossos produtos e as suas vantagens, tecnologia de produtos e muito mais &#8211; claros, actualizados e dispon\u00edveis a qualquer momento.<\/p>\n<p data-start=\"1068\" data-end=\"1309\"><strong data-start=\"1068\" data-end=\"1085\">\ud83c\udf0d Refer\u00eancias<\/strong><br data-start=\"1085\" data-end=\"1088\" \/>Inspira-te em projectos realizados em todo o mundo. Descobre exemplos pr\u00e1ticos de aplica\u00e7\u00e3o e descobre como as nossas solu\u00e7\u00f5es funcionam em diferentes zonas clim\u00e1ticas e \u00e1reas de aplica\u00e7\u00e3o.<\/p>\n<p data-start=\"1311\" data-end=\"1476\"><strong data-start=\"1311\" data-end=\"1320\">FAQ<\/strong><br data-start=\"1320\" data-end=\"1323\" \/>Respostas compactas a perguntas frequentes sobre tecnologia, aplica\u00e7\u00e3o, efeito e implementa\u00e7\u00e3o &#8211; apresentadas de forma clara para planeamento, consulta e tomada de decis\u00f5es.<\/p>\n<p data-start=\"1478\" data-end=\"1664\"><strong data-start=\"1478\" data-end=\"1489\">\ud83d\udcf0 Blogue<\/strong><br data-start=\"1489\" data-end=\"1492\" \/>Artigos actuais sobre tecnologia, sustentabilidade, investiga\u00e7\u00e3o e tend\u00eancias de mercado. Mant\u00e9m-te informado sobre inova\u00e7\u00f5es e desenvolvimentos no campo das superf\u00edcies climaticamente activas.<\/p>\n<p data-start=\"1666\" data-end=\"1833\"><strong data-start=\"1666\" data-end=\"1680\">\ud83d\udcd8 Gloss\u00e1rio<\/strong><br data-start=\"1680\" data-end=\"1683\" \/>Orienta\u00e7\u00e3o r\u00e1pida em terminologia especializada. Os termos claramente explicados garantem-te confian\u00e7a ao lidares com conte\u00fados t\u00e9cnicos e cient\u00edficos.<\/p>\n<p>[\/vc_column_text][\/vc_column][\/vc_row]<\/p>\n<\/div>","protected":false},"excerpt":{"rendered":"<p>[vc_row row_type=&#8221;row&#8221; use_row_as_full_screen_section=&#8221;no&#8221; type=&#8221;full_width&#8221; text_align=&#8221;left&#8221; background_animation=&#8221;none&#8221; css_animation=&#8221;&#8221;][vc_column][vc_single_image image=&#8221;62822&#8243; img_size=&#8221;full&#8221; css=&#8221;.vc_custom_1766060041546{padding-bottom: 30px !important;}&#8221; qode_css_animation=&#8221;&#8221;][\/vc_column][\/vc_row][vc_row row_type=&#8221;row&#8221; use_row_as_full_screen_section=&#8221;no&#8221; type=&#8221;full_width&#8221; text_align=&#8221;left&#8221; background_animation=&#8221;none&#8221; padding_bottom=&#8221;45&#8243; css_animation=&#8221;&#8221;][vc_column width=&#8221;1\/4&#8243;][\/vc_column][vc_column width=&#8221;3\/4&#8243;][vc_column_text css=&#8221;.vc_custom_1766480460093{padding-bottom: 30px !important;}&#8221;] \u00c1rea do cliente A \u00e1rea de clientes SICC Coatings \u00e9 a tua plataforma central para o conhecimento, ferramentas digitais e&#8230;<\/p>\n","protected":false},"author":1,"featured_media":0,"parent":0,"menu_order":600,"comment_status":"closed","ping_status":"closed","template":"","meta":{"footnotes":""},"class_list":["post-61505","page","type-page","status-publish","hentry"],"_links":{"self":[{"href":"https:\/\/www.climatecoating.com\/pt-pt\/wp-json\/wp\/v2\/pages\/61505","targetHints":{"allow":["GET"]}}],"collection":[{"href":"https:\/\/www.climatecoating.com\/pt-pt\/wp-json\/wp\/v2\/pages"}],"about":[{"href":"https:\/\/www.climatecoating.com\/pt-pt\/wp-json\/wp\/v2\/types\/page"}],"author":[{"embeddable":true,"href":"https:\/\/www.climatecoating.com\/pt-pt\/wp-json\/wp\/v2\/users\/1"}],"replies":[{"embeddable":true,"href":"https:\/\/www.climatecoating.com\/pt-pt\/wp-json\/wp\/v2\/comments?post=61505"}],"version-history":[{"count":13,"href":"https:\/\/www.climatecoating.com\/pt-pt\/wp-json\/wp\/v2\/pages\/61505\/revisions"}],"predecessor-version":[{"id":63018,"href":"https:\/\/www.climatecoating.com\/pt-pt\/wp-json\/wp\/v2\/pages\/61505\/revisions\/63018"}],"wp:attachment":[{"href":"https:\/\/www.climatecoating.com\/pt-pt\/wp-json\/wp\/v2\/media?parent=61505"}],"curies":[{"name":"wp","href":"https:\/\/api.w.org\/{rel}","templated":true}]}}