{"id":62717,"date":"2026-02-02T18:56:55","date_gmt":"2026-02-02T17:56:55","guid":{"rendered":"https:\/\/www.climatecoating.com\/glossario-2\/blogue\/"},"modified":"2026-03-03T15:41:53","modified_gmt":"2026-03-03T14:41:53","slug":"blogue","status":"publish","type":"page","link":"https:\/\/www.climatecoating.com\/pt-pt\/area-do-cliente\/blogue\/","title":{"rendered":"Blogue"},"content":{"rendered":"<div class=\"wpb-content-wrapper\"><p>[vc_row row_type=&#8221;row&#8221; use_row_as_full_screen_section=&#8221;no&#8221; type=&#8221;full_width&#8221; text_align=&#8221;left&#8221; background_animation=&#8221;none&#8221; css_animation=&#8221;&#8221;][vc_column][vc_single_image image=&#8221;62718&#8243; img_size=&#8221;full&#8221; css=&#8221;.vc_custom_1765980611037{padding-bottom: 30px !important;}&#8221; qode_css_animation=&#8221;&#8221;][\/vc_column][\/vc_row][vc_row row_type=&#8221;row&#8221; use_row_as_full_screen_section=&#8221;no&#8221; type=&#8221;full_width&#8221; text_align=&#8221;left&#8221; background_animation=&#8221;none&#8221; padding_bottom=&#8221;45&#8243; css_animation=&#8221;&#8221;][vc_column][vc_column_text css=&#8221;&#8221;]<\/p>\n<h1>Blogue<\/h1>\n<p>[\/vc_column_text][vc_separator type=&#8221;normal&#8221; border_style=&#8221;&#8221; down=&#8221;30&#8243;]<div class='latest_post_holder boxes three_columns six_rows'><ul><li class=\"clearfix\"><div class=\"boxes_image\"><a href=\"https:\/\/www.climatecoating.com\/pt-pt\/evita-eficazmente-o-bolor-no-inverno\/\"><img loading=\"lazy\" decoding=\"async\" width=\"550\" height=\"498\" src=\"https:\/\/www.climatecoating.com\/wp-content\/uploads\/2026\/01\/Schimmel-in-der-Wohnung-1-550x498.png\" class=\"attachment-portfolio-default size-portfolio-default wp-post-image\" alt=\"Bolor em casa\" srcset=\"https:\/\/www.climatecoating.com\/wp-content\/uploads\/2026\/01\/Schimmel-in-der-Wohnung-1-550x498.png 550w, https:\/\/www.climatecoating.com\/wp-content\/uploads\/2026\/01\/Schimmel-in-der-Wohnung-1-480x434.png 480w, https:\/\/www.climatecoating.com\/wp-content\/uploads\/2026\/01\/Schimmel-in-der-Wohnung-1-125x112.png 125w\" sizes=\"auto, (max-width: 550px) 100vw, 550px\" \/><span class=\"latest_post_overlay\"><i class=\"icon_plus\" aria-hidden=\"true\"><\/i><\/span><\/a><\/div><div class=\"latest_post\" ><div class=\"latest_post_text\"><span class=\"date_holder post_info_section\"><span class=\"date\">3 de Mar\u00e7o, 2026<\/span><\/span><h2 class=\"latest_post_title \"><a href=\"https:\/\/www.climatecoating.com\/pt-pt\/evita-eficazmente-o-bolor-no-inverno\/\">Evita eficazmente o bolor no inverno<\/a><\/h2><p class=\"excerpt\">An\u00e1lise de causas e preven\u00e7\u00e3o com cores funcionais O crescimento de bolor nos espa\u00e7os habitacionais e de trabalho ocorre principalmente nos meses de outono e inverno. Mesmo com aquecimento regular, podem aparecer vest\u00edgios de humidade ou manchas de bolor nas paredes, nos tectos e nos......<\/p><\/div><\/div><\/li><li class=\"clearfix\"><div class=\"boxes_image\"><a href=\"https:\/\/www.climatecoating.com\/pt-pt\/porque-e-que-os-quartos-parecem-frios-apesar-do-aquecimento\/\"><img loading=\"lazy\" decoding=\"async\" width=\"550\" height=\"498\" src=\"https:\/\/www.climatecoating.com\/wp-content\/uploads\/2025\/12\/PS_Kalter-Raum-1-550x498.png\" class=\"attachment-portfolio-default size-portfolio-default wp-post-image\" alt=\"C\u00e2mara frigor\u00edfica\" srcset=\"https:\/\/www.climatecoating.com\/wp-content\/uploads\/2025\/12\/PS_Kalter-Raum-1-550x498.png 550w, https:\/\/www.climatecoating.com\/wp-content\/uploads\/2025\/12\/PS_Kalter-Raum-1-480x434.png 480w, https:\/\/www.climatecoating.com\/wp-content\/uploads\/2025\/12\/PS_Kalter-Raum-1-125x112.png 125w\" sizes=\"auto, (max-width: 550px) 100vw, 550px\" \/><span class=\"latest_post_overlay\"><i class=\"icon_plus\" aria-hidden=\"true\"><\/i><\/span><\/a><\/div><div class=\"latest_post\" ><div class=\"latest_post_text\"><span class=\"date_holder post_info_section\"><span class=\"date\">2 de Mar\u00e7o, 2026<\/span><\/span><h2 class=\"latest_post_title \"><a href=\"https:\/\/www.climatecoating.com\/pt-pt\/porque-e-que-os-quartos-parecem-frios-apesar-do-aquecimento\/\">Porque \u00e9 que os quartos parecem frios apesar do aquecimento?<\/a><\/h2><p class=\"excerpt\">Causas f\u00edsicas e solu\u00e7\u00f5es com cores funcionais A sensa\u00e7\u00e3o subjectiva de frio em salas aquecidas \u00e9 um problema generalizado. N\u00e3o pode ser explicada apenas pela temperatura do ar medida. Em vez disso, \u00e9 a temperatura radiante m\u00e9dia das superf\u00edcies da divis\u00e3o que \u00e9 decisiva. Mesmo......<\/p><\/div><\/div><\/li><li class=\"clearfix\"><div class=\"boxes_image\"><a href=\"https:\/\/www.climatecoating.com\/pt-pt\/protecao-inteligente-contra-o-frio-do-inverno\/\"><img loading=\"lazy\" decoding=\"async\" width=\"550\" height=\"498\" src=\"https:\/\/www.climatecoating.com\/wp-content\/uploads\/2025\/12\/GPT-PS_Winterlicher-Waermeschutz_2-550x498.png\" class=\"attachment-portfolio-default size-portfolio-default wp-post-image\" alt=\"Isolamento t\u00e9rmico no inverno\" srcset=\"https:\/\/www.climatecoating.com\/wp-content\/uploads\/2025\/12\/GPT-PS_Winterlicher-Waermeschutz_2-550x498.png 550w, https:\/\/www.climatecoating.com\/wp-content\/uploads\/2025\/12\/GPT-PS_Winterlicher-Waermeschutz_2-480x434.png 480w, https:\/\/www.climatecoating.com\/wp-content\/uploads\/2025\/12\/GPT-PS_Winterlicher-Waermeschutz_2-125x112.png 125w\" sizes=\"auto, (max-width: 550px) 100vw, 550px\" \/><span class=\"latest_post_overlay\"><i class=\"icon_plus\" aria-hidden=\"true\"><\/i><\/span><\/a><\/div><div class=\"latest_post\" ><div class=\"latest_post_text\"><span class=\"date_holder post_info_section\"><span class=\"date\">2 de Mar\u00e7o, 2026<\/span><\/span><h2 class=\"latest_post_title \"><a href=\"https:\/\/www.climatecoating.com\/pt-pt\/protecao-inteligente-contra-o-frio-do-inverno\/\">Prote\u00e7\u00e3o inteligente contra o frio do inverno<\/a><\/h2><p class=\"excerpt\">Isolamento t\u00e9rmico de inverno no interior: solu\u00e7\u00f5es energeticamente eficientes com cores funcionais O isolamento t\u00e9rmico no inverno \u00e9 uma componente central do planeamento de edif\u00edcios energeticamente eficientes. O objetivo \u00e9 minimizar as perdas de calor durante a esta\u00e7\u00e3o fria, reduzir as necessidades de energia para......<\/p><\/div><\/div><\/li><\/ul><\/div>[\/vc_column][\/vc_row]<\/p>\n<\/div>","protected":false},"excerpt":{"rendered":"<p>[vc_row row_type=&#8221;row&#8221; use_row_as_full_screen_section=&#8221;no&#8221; type=&#8221;full_width&#8221; text_align=&#8221;left&#8221; background_animation=&#8221;none&#8221; css_animation=&#8221;&#8221;][vc_column][vc_single_image image=&#8221;62718&#8243; img_size=&#8221;full&#8221; css=&#8221;.vc_custom_1765980611037{padding-bottom: 30px !important;}&#8221; qode_css_animation=&#8221;&#8221;][\/vc_column][\/vc_row][vc_row row_type=&#8221;row&#8221; use_row_as_full_screen_section=&#8221;no&#8221; type=&#8221;full_width&#8221; text_align=&#8221;left&#8221; background_animation=&#8221;none&#8221; padding_bottom=&#8221;45&#8243; css_animation=&#8221;&#8221;][vc_column][vc_column_text css=&#8221;&#8221;] Blogue [\/vc_column_text][vc_separator type=&#8221;normal&#8221; border_style=&#8221;&#8221; down=&#8221;30&#8243;][\/vc_column][\/vc_row]<\/p>\n","protected":false},"author":1,"featured_media":0,"parent":61505,"menu_order":670,"comment_status":"closed","ping_status":"closed","template":"","meta":{"footnotes":""},"class_list":["post-62717","page","type-page","status-publish","hentry"],"_links":{"self":[{"href":"https:\/\/www.climatecoating.com\/pt-pt\/wp-json\/wp\/v2\/pages\/62717","targetHints":{"allow":["GET"]}}],"collection":[{"href":"https:\/\/www.climatecoating.com\/pt-pt\/wp-json\/wp\/v2\/pages"}],"about":[{"href":"https:\/\/www.climatecoating.com\/pt-pt\/wp-json\/wp\/v2\/types\/page"}],"author":[{"embeddable":true,"href":"https:\/\/www.climatecoating.com\/pt-pt\/wp-json\/wp\/v2\/users\/1"}],"replies":[{"embeddable":true,"href":"https:\/\/www.climatecoating.com\/pt-pt\/wp-json\/wp\/v2\/comments?post=62717"}],"version-history":[{"count":7,"href":"https:\/\/www.climatecoating.com\/pt-pt\/wp-json\/wp\/v2\/pages\/62717\/revisions"}],"predecessor-version":[{"id":64375,"href":"https:\/\/www.climatecoating.com\/pt-pt\/wp-json\/wp\/v2\/pages\/62717\/revisions\/64375"}],"up":[{"embeddable":true,"href":"https:\/\/www.climatecoating.com\/pt-pt\/wp-json\/wp\/v2\/pages\/61505"}],"wp:attachment":[{"href":"https:\/\/www.climatecoating.com\/pt-pt\/wp-json\/wp\/v2\/media?parent=62717"}],"curies":[{"name":"wp","href":"https:\/\/api.w.org\/{rel}","templated":true}]}}