{"id":48498,"date":"2020-08-26T10:09:51","date_gmt":"2020-08-26T08:09:51","guid":{"rendered":"https:\/\/www.climatecoating.com\/produkt\/zincprimer\/"},"modified":"2026-03-02T11:09:48","modified_gmt":"2026-03-02T10:09:48","slug":"zincprimer","status":"publish","type":"product","link":"https:\/\/www.climatecoating.com\/pt-pt\/produkt\/zincprimer\/","title":{"rendered":"ZincPrimer"},"content":{"rendered":"<p>O ZincPrimer \u00e9 um promotor de ader\u00eancia \u00e0 base de resina acr\u00edlica, aquoso, isento de solventes, chumbo e cromatos, para utiliza\u00e7\u00e3o em interiores e exteriores. ZincPrimer \u00e9 utilizado como promotor de ader\u00eancia para metais n\u00e3o ferrosos, tais como zinco, a\u00e7o galvanizado, a\u00e7o inoxid\u00e1vel, a\u00e7o alum\u00ednio, alum\u00ednio e cobre e pode tamb\u00e9m ser utilizado como prim\u00e1rio para prote\u00e7\u00e3o contra a corros\u00e3o ligeira em superf\u00edcies de ferro e a\u00e7o.<\/p>\n","protected":false},"excerpt":{"rendered":"<hr \/>\n<p>Uma boa ader\u00eancia necessita de um parceiro forte. ZincPrimer \u00e9 o complemento ideal para todos os revestimentos ClimateCoating<sup>\u00ae<\/sup> em metais n\u00e3o ferrosos.<\/p>\n","protected":false},"featured_media":48509,"template":"","meta":[],"product_brand":[],"product_cat":[3475,3479,3387],"product_tag":[],"class_list":{"0":"post-48498","1":"product","2":"type-product","3":"status-publish","4":"has-post-thumbnail","6":"product_cat-dominios-de-aplicacao","7":"product_cat-construir-e-viver","8":"product_cat-produtos-adicionais","10":"first","11":"instock","12":"taxable","13":"shipping-taxable","14":"purchasable","15":"product-type-variable"},"_links":{"self":[{"href":"https:\/\/www.climatecoating.com\/pt-pt\/wp-json\/wp\/v2\/product\/48498","targetHints":{"allow":["GET"]}}],"collection":[{"href":"https:\/\/www.climatecoating.com\/pt-pt\/wp-json\/wp\/v2\/product"}],"about":[{"href":"https:\/\/www.climatecoating.com\/pt-pt\/wp-json\/wp\/v2\/types\/product"}],"wp:featuredmedia":[{"embeddable":true,"href":"https:\/\/www.climatecoating.com\/pt-pt\/wp-json\/wp\/v2\/media\/48509"}],"wp:attachment":[{"href":"https:\/\/www.climatecoating.com\/pt-pt\/wp-json\/wp\/v2\/media?parent=48498"}],"wp:term":[{"taxonomy":"product_brand","embeddable":true,"href":"https:\/\/www.climatecoating.com\/pt-pt\/wp-json\/wp\/v2\/product_brand?post=48498"},{"taxonomy":"product_cat","embeddable":true,"href":"https:\/\/www.climatecoating.com\/pt-pt\/wp-json\/wp\/v2\/product_cat?post=48498"},{"taxonomy":"product_tag","embeddable":true,"href":"https:\/\/www.climatecoating.com\/pt-pt\/wp-json\/wp\/v2\/product_tag?post=48498"}],"curies":[{"name":"wp","href":"https:\/\/api.w.org\/{rel}","templated":true}]}}