{"id":48499,"date":"2020-08-26T09:45:36","date_gmt":"2020-08-26T07:45:36","guid":{"rendered":"https:\/\/www.climatecoating.com\/produkt\/thermoplus\/"},"modified":"2026-02-24T13:56:05","modified_gmt":"2026-02-24T12:56:05","slug":"thermoplus","status":"publish","type":"product","link":"https:\/\/www.climatecoating.com\/pt-pt\/produkt\/thermoplus\/","title":{"rendered":"ThermoPlus"},"content":{"rendered":"<p><strong>Um clima interior saud\u00e1vel para todas as esta\u00e7\u00f5es<br \/>\n<\/strong>ThermoPlus \u00e9 uma tinta funcional inovadora com valor acrescentado. A tinta de interior de alto desempenho combina o design est\u00e9tico com um not\u00e1vel conforto de vida. Gra\u00e7as \u00e0 sua <a href=\"https:\/\/www.climatecoating.com\/pt-pt\/area-do-cliente\/glossario\/\" target=\"_blank\" rel=\"noopener\">tecnologia de membrana reflect<\/a> ora, regula automaticamente o clima interior e aumenta visivelmente o conforto de vida. Ap\u00f3s a aplica\u00e7\u00e3o, a tinta forma uma <a href=\"https:\/\/www.climatecoating.com\/pt-pt\/area-do-cliente\/glossario\/\" target=\"_blank\" rel=\"noopener\">membrana reflectora<\/a>.<\/p>\n<p><strong>Prote\u00e7\u00e3o contra o calor no ver\u00e3o<br \/>\n<\/strong><em>No ver\u00e3o,<\/em> a cor clim\u00e1tica absorve o excesso de humidade do ar, armazena-a na membrana e equilibra-a com o ar ambiente mais seco. Isto cria um arrefecimento evaporativo, que arrefece as superf\u00edcies da parede e baixa visivelmente a temperatura ambiente &#8211; sem necessidade de ar condicionado. O calor do exterior n\u00e3o consegue penetrar livremente no interior, criando uma atmosfera agradavelmente fresca.<\/p>\n<p><strong>Isolamento t\u00e9rmico no inverno<br \/>\n<\/strong><em>No inverno,<\/em> o ThermoPlus minimiza a perda de calor e poupa custos de aquecimento, eletricidade e energia. O calor da divis\u00e3o \u00e9 armazenado, distribu\u00eddo uniformemente na membrana e refletido de volta para a divis\u00e3o, tal como numa salamandra de azulejos. Ao mesmo tempo, a tinta respir\u00e1vel reduz <a href=\"https:\/\/www.climatecoating.com\/pt-pt\/area-do-cliente\/glossario\/\" target=\"_blank\" rel=\"noopener\">as correntes de convec\u00e7\u00e3o<\/a>, minimiza <a href=\"https:\/\/www.climatecoating.com\/pt-pt\/area-do-cliente\/glossario\/\" target=\"_blank\" rel=\"noopener\">as pontes t\u00e9rmicas <\/a>e equilibra as diferen\u00e7as de temperatura entre o ch\u00e3o e o teto. O resultado \u00e9 um conforto t\u00e9rmico visivelmente maior.<\/p>\n<p>O ThermoPlus tamb\u00e9m regula a humidade na divis\u00e3o para um n\u00edvel saud\u00e1vel de cerca de 55%. Isto mant\u00e9m o ar agrad\u00e1vel, evita o ar de aquecimento seco e previne eficazmente o crescimento de bolor. Cria assim um clima ambiente permanentemente agrad\u00e1vel e equilibrado.<\/p>\n<p><img loading=\"lazy\" decoding=\"async\" class=\"alignnone wp-image-59828 size-full\" title=\"Esquema ThermoPlus Climo\" src=\"https:\/\/www.climatecoating.com\/wp-content\/uploads\/2026\/02\/ThermoPlus_Schema_Climo_PT.png\" alt=\"Esquema ThermoPlus Climo\" width=\"1536\" height=\"1024\" \/><\/p>\n<p><strong>Intervalos de renova\u00e7\u00e3o: Mais \u00e9 menos aqui<br \/>\n<\/strong>A tinta de parede ThermoPlus ideal garante um prazer duradouro nas tuas paredes interiores. Gra\u00e7as ao seu efeito anti-eletrost\u00e1tico, reduz os dep\u00f3sitos de p\u00f3 e nicotina, uma vez que as part\u00edculas de sujidade n\u00e3o formam uma liga\u00e7\u00e3o qu\u00edmica com a superf\u00edcie. As mat\u00e9rias-primas e os pigmentos de alta qualidade asseguram uma excelente resist\u00eancia \u00e0 luz e protegem contra o desbotamento, o amarelecimento ou a forma\u00e7\u00e3o de giz.<\/p>\n<p>Quer seja no hall de entrada, no escrit\u00f3rio, no restaurante ou como uma solu\u00e7\u00e3o inspiradora para pintar ideias de salas de estar e viver bem &#8211; o ThermoPlus impressiona em todo o lado com o seu aspeto elegante e valor acrescentado funcional. Isto permite-te combinar um design de interiores criativo com um conforto de vida sustent\u00e1vel e prolongar significativamente os intervalos entre renova\u00e7\u00f5es.<\/p>\n<p><strong>Faz com que as tuas divis\u00f5es brilhem com o ThermoPlus, poupa custos de aquecimento, eletricidade e energia e desfruta de um clima interior saud\u00e1vel durante todo o ano.<\/strong><\/p>\n","protected":false},"excerpt":{"rendered":"<hr \/>\n<p><strong>Cor economizadora de energia para uma vida moderna<\/strong><\/p>\n<p>ThermoPlus \u00e9 mais do que apenas uma cor de parede cl\u00e1ssica. Gra\u00e7as \u00e0s suas propriedades especiais, assegura um clima interior saud\u00e1vel e agrad\u00e1vel durante todo o ano. Oferece um amplo espetro de cores com mais de 100.000 tonalidades para paredes e tectos. O ThermoPlus regula a temperatura, a humidade e a ac\u00fastica da divis\u00e3o, contribui ativamente para a poupan\u00e7a de custos de aquecimento, eletricidade e energia e apoia uma casa acolhedora.<\/p>\n<p><strong>V\u00ea as vantagens mais importantes num relance:<\/strong><\/p>\n<blockquote>\n<div><img loading=\"lazy\" decoding=\"async\" class=\"alignnone wp-image-59776\" title=\"\u00cdcone clima interior saud\u00e1vel verde\" src=\"https:\/\/www.climatecoating.com\/wp-content\/uploads\/2025\/11\/Icon_healthy-indoor-climate_green.png\" alt=\"\u00cdcone clima interior saud\u00e1vel verde\" width=\"50\" height=\"50\" srcset=\"https:\/\/www.climatecoating.com\/wp-content\/uploads\/2025\/11\/Icon_healthy-indoor-climate_green.png 242w, https:\/\/www.climatecoating.com\/wp-content\/uploads\/2025\/11\/Icon_healthy-indoor-climate_green-150x150.png 150w, https:\/\/www.climatecoating.com\/wp-content\/uploads\/2025\/11\/Icon_healthy-indoor-climate_green-100x100.png 100w\" sizes=\"auto, (max-width: 50px) 100vw, 50px\" \/> clima interior saud\u00e1vel<\/div>\n<div><img loading=\"lazy\" decoding=\"async\" class=\"alignnone wp-image-59777\" title=\"Icon humidity and temperature regulating green 2\" src=\"https:\/\/www.climatecoating.com\/wp-content\/uploads\/2025\/11\/Icon_humidity-and-temperature-regulating_green_2-1.png\" alt=\"Icon humidity and temperature regulating green 2\" width=\"50\" height=\"50\" srcset=\"https:\/\/www.climatecoating.com\/wp-content\/uploads\/2025\/11\/Icon_humidity-and-temperature-regulating_green_2-1.png 242w, https:\/\/www.climatecoating.com\/wp-content\/uploads\/2025\/11\/Icon_humidity-and-temperature-regulating_green_2-1-150x150.png 150w, https:\/\/www.climatecoating.com\/wp-content\/uploads\/2025\/11\/Icon_humidity-and-temperature-regulating_green_2-1-100x100.png 100w\" sizes=\"auto, (max-width: 50px) 100vw, 50px\" \/> regula\u00e7\u00e3o da humidade e da temperatura<\/div>\n<div><img loading=\"lazy\" decoding=\"async\" class=\"alignnone wp-image-59778\" title=\"Icon energy saving green\" src=\"https:\/\/www.climatecoating.com\/wp-content\/uploads\/2025\/11\/Icon_energy-saving_green-1.png\" alt=\"Icon energy saving green\" width=\"50\" height=\"50\" srcset=\"https:\/\/www.climatecoating.com\/wp-content\/uploads\/2025\/11\/Icon_energy-saving_green-1.png 242w, https:\/\/www.climatecoating.com\/wp-content\/uploads\/2025\/11\/Icon_energy-saving_green-1-150x150.png 150w, https:\/\/www.climatecoating.com\/wp-content\/uploads\/2025\/11\/Icon_energy-saving_green-1-100x100.png 100w\" sizes=\"auto, (max-width: 50px) 100vw, 50px\" \/> efici\u00eancia energ\u00e9tica e poupan\u00e7a de custos<\/div>\n<div><img loading=\"lazy\" decoding=\"async\" class=\"alignnone wp-image-59779\" title=\"Repelente de sujidade e nicotina Icon\" src=\"https:\/\/www.climatecoating.com\/wp-content\/uploads\/2025\/11\/Icon_dirt-nicotine-repellent.png\" alt=\"Repelente de sujidade e nicotina Icon\" width=\"50\" height=\"50\" srcset=\"https:\/\/www.climatecoating.com\/wp-content\/uploads\/2025\/11\/Icon_dirt-nicotine-repellent.png 242w, https:\/\/www.climatecoating.com\/wp-content\/uploads\/2025\/11\/Icon_dirt-nicotine-repellent-150x150.png 150w, https:\/\/www.climatecoating.com\/wp-content\/uploads\/2025\/11\/Icon_dirt-nicotine-repellent-100x100.png 100w\" sizes=\"auto, (max-width: 50px) 100vw, 50px\" \/> repelente de sujidade e nicotina<\/div>\n<div><img loading=\"lazy\" decoding=\"async\" class=\"alignnone wp-image-59780\" title=\"\u00cdcone intervalos de renova\u00e7\u00e3o verde\" src=\"https:\/\/www.climatecoating.com\/wp-content\/uploads\/2025\/11\/Icon_renovation-intervals_green.png\" alt=\"\u00cdcone intervalos de renova\u00e7\u00e3o verde\" width=\"50\" height=\"50\" srcset=\"https:\/\/www.climatecoating.com\/wp-content\/uploads\/2025\/11\/Icon_renovation-intervals_green.png 242w, https:\/\/www.climatecoating.com\/wp-content\/uploads\/2025\/11\/Icon_renovation-intervals_green-150x150.png 150w, https:\/\/www.climatecoating.com\/wp-content\/uploads\/2025\/11\/Icon_renovation-intervals_green-100x100.png 100w\" sizes=\"auto, (max-width: 50px) 100vw, 50px\" \/> prolonga os intervalos de renova\u00e7\u00e3o<\/div>\n<div><img loading=\"lazy\" decoding=\"async\" class=\"alignnone wp-image-59791\" title=\"Icon 100 000 colors green 2\" src=\"https:\/\/www.climatecoating.com\/wp-content\/uploads\/2020\/08\/Icon_100-000-colors_green_2.png\" alt=\"Icon 100 000 colors green 2\" width=\"50\" height=\"50\" srcset=\"https:\/\/www.climatecoating.com\/wp-content\/uploads\/2020\/08\/Icon_100-000-colors_green_2.png 242w, https:\/\/www.climatecoating.com\/wp-content\/uploads\/2020\/08\/Icon_100-000-colors_green_2-150x150.png 150w, https:\/\/www.climatecoating.com\/wp-content\/uploads\/2020\/08\/Icon_100-000-colors_green_2-100x100.png 100w\" sizes=\"auto, (max-width: 50px) 100vw, 50px\" \/> &gt; 100.000 tonalidades de cores<\/div>\n<\/blockquote>\n","protected":false},"featured_media":60392,"template":"","meta":[],"product_brand":[],"product_cat":[3488,3479,3486,3475,3487],"product_tag":[],"class_list":{"0":"post-48499","1":"product","2":"type-product","3":"status-publish","4":"has-post-thumbnail","6":"product_cat-no-interior","7":"product_cat-construir-e-viver","8":"product_cat-edificios-publicos","9":"product_cat-dominios-de-aplicacao","10":"product_cat-industria-hoteleira-e-gastronomia","12":"first","13":"instock","14":"taxable","15":"shipping-taxable","16":"purchasable","17":"product-type-variable"},"_links":{"self":[{"href":"https:\/\/www.climatecoating.com\/pt-pt\/wp-json\/wp\/v2\/product\/48499","targetHints":{"allow":["GET"]}}],"collection":[{"href":"https:\/\/www.climatecoating.com\/pt-pt\/wp-json\/wp\/v2\/product"}],"about":[{"href":"https:\/\/www.climatecoating.com\/pt-pt\/wp-json\/wp\/v2\/types\/product"}],"wp:featuredmedia":[{"embeddable":true,"href":"https:\/\/www.climatecoating.com\/pt-pt\/wp-json\/wp\/v2\/media\/60392"}],"wp:attachment":[{"href":"https:\/\/www.climatecoating.com\/pt-pt\/wp-json\/wp\/v2\/media?parent=48499"}],"wp:term":[{"taxonomy":"product_brand","embeddable":true,"href":"https:\/\/www.climatecoating.com\/pt-pt\/wp-json\/wp\/v2\/product_brand?post=48499"},{"taxonomy":"product_cat","embeddable":true,"href":"https:\/\/www.climatecoating.com\/pt-pt\/wp-json\/wp\/v2\/product_cat?post=48499"},{"taxonomy":"product_tag","embeddable":true,"href":"https:\/\/www.climatecoating.com\/pt-pt\/wp-json\/wp\/v2\/product_tag?post=48499"}],"curies":[{"name":"wp","href":"https:\/\/api.w.org\/{rel}","templated":true}]}}