{"id":48540,"date":"2020-08-26T10:09:34","date_gmt":"2020-08-26T08:09:34","guid":{"rendered":"https:\/\/www.climatecoating.com\/produkt\/ferrugemprima\/"},"modified":"2026-03-02T10:59:23","modified_gmt":"2026-03-02T09:59:23","slug":"rustprimer","status":"publish","type":"product","link":"https:\/\/www.climatecoating.com\/pt-pt\/produkt\/rustprimer\/","title":{"rendered":"RustPrimer"},"content":{"rendered":"<p>RustPrimer \u00e9 um prim\u00e1rio de prote\u00e7\u00e3o anticorrosiva \u00e0 base de \u00e1gua, isento de solventes, chumbo e cromatos, baseado em resina acr\u00edlica para utiliza\u00e7\u00e3o em interiores e exteriores. RustPrimer \u00e9 utilizado como prim\u00e1rio para prote\u00e7\u00e3o anticorrosiva m\u00e9dia em superf\u00edcies de ferro e a\u00e7o.<\/p>\n","protected":false},"excerpt":{"rendered":"<hr \/>\n<p>Quando as coisas ficam muito enferrujadas, o RustPrimer pode fazer maravilhas e proporcionar a ader\u00eancia correcta.<\/p>\n","protected":false},"featured_media":48541,"template":"","meta":[],"product_brand":[],"product_cat":[3387,3475,3479],"product_tag":[],"class_list":{"0":"post-48540","1":"product","2":"type-product","3":"status-publish","4":"has-post-thumbnail","6":"product_cat-produtos-adicionais","7":"product_cat-dominios-de-aplicacao","8":"product_cat-construir-e-viver","10":"first","11":"instock","12":"taxable","13":"shipping-taxable","14":"purchasable","15":"product-type-variable"},"_links":{"self":[{"href":"https:\/\/www.climatecoating.com\/pt-pt\/wp-json\/wp\/v2\/product\/48540","targetHints":{"allow":["GET"]}}],"collection":[{"href":"https:\/\/www.climatecoating.com\/pt-pt\/wp-json\/wp\/v2\/product"}],"about":[{"href":"https:\/\/www.climatecoating.com\/pt-pt\/wp-json\/wp\/v2\/types\/product"}],"wp:featuredmedia":[{"embeddable":true,"href":"https:\/\/www.climatecoating.com\/pt-pt\/wp-json\/wp\/v2\/media\/48541"}],"wp:attachment":[{"href":"https:\/\/www.climatecoating.com\/pt-pt\/wp-json\/wp\/v2\/media?parent=48540"}],"wp:term":[{"taxonomy":"product_brand","embeddable":true,"href":"https:\/\/www.climatecoating.com\/pt-pt\/wp-json\/wp\/v2\/product_brand?post=48540"},{"taxonomy":"product_cat","embeddable":true,"href":"https:\/\/www.climatecoating.com\/pt-pt\/wp-json\/wp\/v2\/product_cat?post=48540"},{"taxonomy":"product_tag","embeddable":true,"href":"https:\/\/www.climatecoating.com\/pt-pt\/wp-json\/wp\/v2\/product_tag?post=48540"}],"curies":[{"name":"wp","href":"https:\/\/api.w.org\/{rel}","templated":true}]}}