{"id":48548,"date":"2020-08-26T10:00:22","date_gmt":"2020-08-26T08:00:22","guid":{"rendered":"https:\/\/www.climatecoating.com\/produkt\/glossplus\/"},"modified":"2026-03-02T11:15:15","modified_gmt":"2026-03-02T10:15:15","slug":"glossplus","status":"publish","type":"product","link":"https:\/\/www.climatecoating.com\/pt-pt\/produkt\/glossplus\/","title":{"rendered":"GlossPlus"},"content":{"rendered":"<p>GlossPlus \u00e9 um revestimento protetor incolor, \u00e0 base de \u00e1gua, com bloqueador de UV para utiliza\u00e7\u00e3o no exterior. GlossPlus melhora a capacidade de limpeza dos revestimentos ClimateCoating<sup>\u00ae<\/sup>\u00a0e aumenta a sua resist\u00eancia mec\u00e2nica.<\/p>\n","protected":false},"excerpt":{"rendered":"<hr \/>\n<p>O aspeto brilhante do edif\u00edcio.<\/p>\n","protected":false},"featured_media":48550,"template":"","meta":[],"product_brand":[],"product_cat":[3475,3479,3387],"product_tag":[],"class_list":{"0":"post-48548","1":"product","2":"type-product","3":"status-publish","4":"has-post-thumbnail","6":"product_cat-dominios-de-aplicacao","7":"product_cat-construir-e-viver","8":"product_cat-produtos-adicionais","10":"first","11":"instock","12":"taxable","13":"shipping-taxable","14":"purchasable","15":"product-type-variable"},"_links":{"self":[{"href":"https:\/\/www.climatecoating.com\/pt-pt\/wp-json\/wp\/v2\/product\/48548","targetHints":{"allow":["GET"]}}],"collection":[{"href":"https:\/\/www.climatecoating.com\/pt-pt\/wp-json\/wp\/v2\/product"}],"about":[{"href":"https:\/\/www.climatecoating.com\/pt-pt\/wp-json\/wp\/v2\/types\/product"}],"wp:featuredmedia":[{"embeddable":true,"href":"https:\/\/www.climatecoating.com\/pt-pt\/wp-json\/wp\/v2\/media\/48550"}],"wp:attachment":[{"href":"https:\/\/www.climatecoating.com\/pt-pt\/wp-json\/wp\/v2\/media?parent=48548"}],"wp:term":[{"taxonomy":"product_brand","embeddable":true,"href":"https:\/\/www.climatecoating.com\/pt-pt\/wp-json\/wp\/v2\/product_brand?post=48548"},{"taxonomy":"product_cat","embeddable":true,"href":"https:\/\/www.climatecoating.com\/pt-pt\/wp-json\/wp\/v2\/product_cat?post=48548"},{"taxonomy":"product_tag","embeddable":true,"href":"https:\/\/www.climatecoating.com\/pt-pt\/wp-json\/wp\/v2\/product_tag?post=48548"}],"curies":[{"name":"wp","href":"https:\/\/api.w.org\/{rel}","templated":true}]}}