{"id":48549,"date":"2020-08-09T15:39:52","date_gmt":"2020-08-09T13:39:52","guid":{"rendered":"https:\/\/www.climatecoating.com\/produkt\/thermovital\/"},"modified":"2026-03-13T13:43:19","modified_gmt":"2026-03-13T12:43:19","slug":"termovital","status":"publish","type":"product","link":"https:\/\/www.climatecoating.com\/pt-pt\/produkt\/termovital\/","title":{"rendered":"ThermoVital"},"content":{"rendered":"<p><strong>Contamina\u00e7\u00e3o por bolor &#8211; porque \u00e9 que o bolor \u00e9 t\u00e3o perigoso<br \/>\n<\/strong>As manchas de bolor nas paredes n\u00e3o s\u00f3 t\u00eam um aspeto desagrad\u00e1vel, como tamb\u00e9m s\u00e3o um perigo para a sa\u00fade. Mesmo pequenas quantidades de esporos de bolor podem desencadear reac\u00e7\u00f5es al\u00e9rgicas, enquanto que quantidades maiores podem at\u00e9 danificar o corpo.<\/p>\n<p>Os fungos precisam de nutrientes e humidade para se desenvolverem. Uma vez que os nutrientes est\u00e3o mais ou menos facilmente dispon\u00edveis nos edif\u00edcios, a humidade \u00e9 de import\u00e2ncia crucial. A temperatura e o valor do pH tendem a desempenhar um papel secund\u00e1rio, uma vez que os fungos de bolor podem crescer numa vasta gama de temperaturas e de pH. Se j\u00e1 forem vis\u00edveis manchas pretas de bolor ou penugem branca de bolor, tens de tomar medidas.<\/p>\n<p style=\"text-align: left;\" data-pm-slice=\"1 1 []\"><strong>1, 2, 3&#8230; sem bolor &#8211;<\/strong><strong> elimina sistematicamente os bolores<\/strong><\/p>\n<ol>\n<li><em><strong>Tratamento de culturas de bolores vis\u00edveis com <a href=\"https:\/\/www.climatecoating.com\/pt-pt\/produkt\/sanosil-s010\/\" target=\"_blank\" rel=\"noopener\">Sanosil S010<\/a>.<\/strong><\/em> Tempo de aplica\u00e7\u00e3o de, pelo menos, 60 minutos. (Usa um respirador!)<\/li>\n<li><em><strong>Tratamento do ar ambiente e da contamina\u00e7\u00e3o secund\u00e1ria com <a href=\"https:\/\/www.climatecoating.com\/pt-pt\/produkt\/sanosil-s003\/\" target=\"_blank\" rel=\"noopener\">Sanosil S003<\/a>.<\/strong><\/em> Tempo de contacto de cerca de 120 minutos.<\/li>\n<li><em><strong>Revestimento interior com ThermoVital<\/strong><\/em> para uma prote\u00e7\u00e3o duradoura e puramente f\u00edsica contra o desenvolvimento de novos bolores.<\/li>\n<\/ol>\n<p><strong>Efeito f\u00edsico &#8211; grandes benef\u00edcios<br \/>\n<\/strong>ThermoVital \u00e9 um inovador escudo protetor a longo prazo contra o bolor e garante a higiene do quarto e uma vida saud\u00e1vel. A dispers\u00e3o \u00fanica promove fisicamente a secagem das paredes at\u00e9 ao n\u00edvel de humidade do edif\u00edcio e regula a humidade na divis\u00e3o. Milh\u00f5es de <a href=\"https:\/\/www.climatecoating.com\/pt-pt\/area-do-cliente\/glossario\/\" target=\"_blank\" rel=\"noopener\">part\u00edculas ocas de vitrocer\u00e2mica<\/a> microscopicamente pequenas, uma dispers\u00e3o de poliacrilato especialmente desenvolvida e activadores sincronizados s\u00e3o respons\u00e1veis por isso. Ap\u00f3s a aplica\u00e7\u00e3o, a cor climaticamente ativa est\u00e1 aberta \u00e0 difus\u00e3o de forma vari\u00e1vel. Apoia o transporte capilar da humidade para fora da parede, eliminando assim a base para o bolor. Outro efeito positivo \u00e9 a redu\u00e7\u00e3o das pontes t\u00e9rmicas e o aumento do conforto t\u00e9rmico na divis\u00e3o.<\/p>\n<p><img loading=\"lazy\" decoding=\"async\" class=\"alignnone wp-image-0 size-full\" title=\"Sec\u00e7\u00f5es de parede ThermoVital\" src=\"https:\/\/www.climatecoating.com\/wp-content\/uploads\/2026\/02\/Wandschnitte_ThermoVital_PT-scaled.png\" alt=\"Sec\u00e7\u00f5es de parede ThermoVital\" width=\"2560\" height=\"2227\" \/><strong>Mais vale prevenir do que remediar &#8211; preven\u00e7\u00e3o inteligente em todas as cores<br \/>\n<\/strong>Se quiseres prevenir, podes pintar com ThermoVital as divis\u00f5es com n\u00edveis de humidade elevados: Cozinha, casa de banho e cave ou mesmo todo o apartamento ou armaz\u00e9m. Como o ThermoVital \u00e9 um desenvolvimento do <a href=\"https:\/\/www.climatecoating.com\/pt-pt\/produkt\/thermoplus\/\" target=\"_blank\" rel=\"noopener\">ThermoPlus<\/a>, n\u00e3o h\u00e1 limites para o design de cores. O ThermoVital pode ser misturado de forma flex\u00edvel, de acordo com as cores RAL, de modo a possibilitar a conce\u00e7\u00e3o de cores individuais. A tinta especial processada \u00e9 isenta de fungicidas e quase inodora.<\/p>\n<p><strong>ThermoVital mant\u00e9m as tuas paredes secas, limpas e sem bolor &#8211; para um clima interior saud\u00e1vel e uma qualidade de vida sustent\u00e1vel em todos os interiores.<\/strong><\/p>\n","protected":false},"excerpt":{"rendered":"<hr \/>\n<p><strong>ThermoVital &#8211; n\u00e3o h\u00e1 hip\u00f3tese de bolor!<br \/>\n<\/strong>ThermoVital \u00e9 uma prote\u00e7\u00e3o f\u00edsica eficaz a longo prazo que garante a higiene do quarto e uma vida saud\u00e1vel. Quer se trate de divis\u00f5es com humidade elevada, como casas de banho, cozinhas e caves, quer se trate de salas de produ\u00e7\u00e3o e armaz\u00e9ns, por exemplo na ind\u00fastria alimentar, o ThermoVital oferece prote\u00e7\u00e3o a longo prazo contra o crescimento de bolor nas paredes. <span class=\"jCAhz ChMk0b\"><span class=\"ryNqvb\">A tinta respir\u00e1vel regula a humidade e reduz os efeitos negativos das pontes t\u00e9rmicas.<\/span><\/span> <span class=\"jCAhz ChMk0b\"><span class=\"ryNqvb\">Isto torna-a ideal para quem procura ideias de pintura para a sala de estar com benef\u00edcios adicionais para a sa\u00fade.<\/span><\/span><\/p>\n<p><strong>V\u00ea as vantagens mais importantes num relance:<\/strong><\/p>\n<div>\n<div><img loading=\"lazy\" decoding=\"async\" class=\"alignnone wp-image-59776\" title=\"\u00cdcone clima interior saud\u00e1vel verde\" src=\"https:\/\/www.climatecoating.com\/wp-content\/uploads\/2025\/11\/Icon_healthy-indoor-climate_green.png\" alt=\"\u00cdcone clima interior saud\u00e1vel verde\" width=\"50\" height=\"50\" srcset=\"https:\/\/www.climatecoating.com\/wp-content\/uploads\/2025\/11\/Icon_healthy-indoor-climate_green.png 242w, https:\/\/www.climatecoating.com\/wp-content\/uploads\/2025\/11\/Icon_healthy-indoor-climate_green-150x150.png 150w, https:\/\/www.climatecoating.com\/wp-content\/uploads\/2025\/11\/Icon_healthy-indoor-climate_green-100x100.png 100w\" sizes=\"auto, (max-width: 50px) 100vw, 50px\" \/> clima interior saud\u00e1vel<\/div>\n<div><img loading=\"lazy\" decoding=\"async\" class=\"alignnone wp-image-60446\" title=\"Icon evaporative cooling moisture regulating green\" src=\"https:\/\/www.climatecoating.com\/wp-content\/uploads\/2020\/08\/Icon_evaporative-cooling_moisture-regulating_green.png\" alt=\"Icon evaporative cooling moisture regulating green\" width=\"50\" height=\"50\" srcset=\"https:\/\/www.climatecoating.com\/wp-content\/uploads\/2020\/08\/Icon_evaporative-cooling_moisture-regulating_green.png 242w, https:\/\/www.climatecoating.com\/wp-content\/uploads\/2020\/08\/Icon_evaporative-cooling_moisture-regulating_green-150x150.png 150w, https:\/\/www.climatecoating.com\/wp-content\/uploads\/2020\/08\/Icon_evaporative-cooling_moisture-regulating_green-100x100.png 100w\" sizes=\"auto, (max-width: 50px) 100vw, 50px\" \/> regula\u00e7\u00e3o da humidade<\/div>\n<div><img loading=\"lazy\" decoding=\"async\" class=\"alignnone wp-image-60447\" title=\"Icon safe for health green\" src=\"https:\/\/www.climatecoating.com\/wp-content\/uploads\/2020\/08\/Icon_safe-for-health_green.png\" alt=\"Icon safe for health green\" width=\"50\" height=\"50\" srcset=\"https:\/\/www.climatecoating.com\/wp-content\/uploads\/2020\/08\/Icon_safe-for-health_green.png 242w, https:\/\/www.climatecoating.com\/wp-content\/uploads\/2020\/08\/Icon_safe-for-health_green-150x150.png 150w, https:\/\/www.climatecoating.com\/wp-content\/uploads\/2020\/08\/Icon_safe-for-health_green-100x100.png 100w\" sizes=\"auto, (max-width: 50px) 100vw, 50px\" \/> inofensivo para a sa\u00fade<\/div>\n<div><img loading=\"lazy\" decoding=\"async\" class=\"alignnone wp-image-60450\" title=\"Icon long term effective\" src=\"https:\/\/www.climatecoating.com\/wp-content\/uploads\/2020\/08\/Icon_long-term-effective.png\" alt=\"Icon long term effective\" width=\"50\" height=\"50\" srcset=\"https:\/\/www.climatecoating.com\/wp-content\/uploads\/2020\/08\/Icon_long-term-effective.png 242w, https:\/\/www.climatecoating.com\/wp-content\/uploads\/2020\/08\/Icon_long-term-effective-150x150.png 150w, https:\/\/www.climatecoating.com\/wp-content\/uploads\/2020\/08\/Icon_long-term-effective-100x100.png 100w\" sizes=\"auto, (max-width: 50px) 100vw, 50px\" \/> eficaz a longo prazo<\/div>\n<div><img loading=\"lazy\" decoding=\"async\" class=\"alignnone wp-image-60449\" title=\"Icon protection mold green\" src=\"https:\/\/www.climatecoating.com\/wp-content\/uploads\/2020\/08\/Icon_protection-mold_green.png\" alt=\"Icon protection mold green\" width=\"50\" height=\"50\" srcset=\"https:\/\/www.climatecoating.com\/wp-content\/uploads\/2020\/08\/Icon_protection-mold_green.png 242w, https:\/\/www.climatecoating.com\/wp-content\/uploads\/2020\/08\/Icon_protection-mold_green-150x150.png 150w, https:\/\/www.climatecoating.com\/wp-content\/uploads\/2020\/08\/Icon_protection-mold_green-100x100.png 100w\" sizes=\"auto, (max-width: 50px) 100vw, 50px\" \/> reduz o risco de forma\u00e7\u00e3o de bolor<\/div>\n<div><img loading=\"lazy\" decoding=\"async\" class=\"alignnone wp-image-59791\" title=\"Icon 100 000 colors green 2\" src=\"https:\/\/www.climatecoating.com\/wp-content\/uploads\/2020\/08\/Icon_100-000-colors_green_2.png\" alt=\"Icon 100 000 colors green 2\" width=\"50\" height=\"50\" srcset=\"https:\/\/www.climatecoating.com\/wp-content\/uploads\/2020\/08\/Icon_100-000-colors_green_2.png 242w, https:\/\/www.climatecoating.com\/wp-content\/uploads\/2020\/08\/Icon_100-000-colors_green_2-150x150.png 150w, https:\/\/www.climatecoating.com\/wp-content\/uploads\/2020\/08\/Icon_100-000-colors_green_2-100x100.png 100w\" sizes=\"auto, (max-width: 50px) 100vw, 50px\" \/> &gt; 100.000 tonalidades de cor<\/div>\n<\/div>\n","protected":false},"featured_media":48553,"template":"","meta":[],"product_brand":[],"product_cat":[3479,3513,3514,3486,3515,3487,3516,3488,3475],"product_tag":[],"class_list":{"0":"post-48549","1":"product","2":"type-product","3":"status-publish","4":"has-post-thumbnail","6":"product_cat-construir-e-viver","7":"product_cat-industria-alimentar","8":"product_cat-industria-transformadora","9":"product_cat-edificios-publicos","10":"product_cat-agricultura-e-criacao-de-animais","11":"product_cat-industria-hoteleira-e-gastronomia","12":"product_cat-cuidados-de-saude","13":"product_cat-no-interior","14":"product_cat-dominios-de-aplicacao","16":"first","17":"instock","18":"taxable","19":"shipping-taxable","20":"purchasable","21":"product-type-variable"},"_links":{"self":[{"href":"https:\/\/www.climatecoating.com\/pt-pt\/wp-json\/wp\/v2\/product\/48549","targetHints":{"allow":["GET"]}}],"collection":[{"href":"https:\/\/www.climatecoating.com\/pt-pt\/wp-json\/wp\/v2\/product"}],"about":[{"href":"https:\/\/www.climatecoating.com\/pt-pt\/wp-json\/wp\/v2\/types\/product"}],"wp:featuredmedia":[{"embeddable":true,"href":"https:\/\/www.climatecoating.com\/pt-pt\/wp-json\/wp\/v2\/media\/48553"}],"wp:attachment":[{"href":"https:\/\/www.climatecoating.com\/pt-pt\/wp-json\/wp\/v2\/media?parent=48549"}],"wp:term":[{"taxonomy":"product_brand","embeddable":true,"href":"https:\/\/www.climatecoating.com\/pt-pt\/wp-json\/wp\/v2\/product_brand?post=48549"},{"taxonomy":"product_cat","embeddable":true,"href":"https:\/\/www.climatecoating.com\/pt-pt\/wp-json\/wp\/v2\/product_cat?post=48549"},{"taxonomy":"product_tag","embeddable":true,"href":"https:\/\/www.climatecoating.com\/pt-pt\/wp-json\/wp\/v2\/product_tag?post=48549"}],"curies":[{"name":"wp","href":"https:\/\/api.w.org\/{rel}","templated":true}]}}