{"id":48566,"date":"2020-08-26T09:54:18","date_gmt":"2020-08-26T07:54:18","guid":{"rendered":"https:\/\/www.climatecoating.com\/produkt\/fixplus\/"},"modified":"2026-03-02T11:07:28","modified_gmt":"2026-03-02T10:07:28","slug":"fixplus","status":"publish","type":"product","link":"https:\/\/www.climatecoating.com\/pt-pt\/produkt\/fixplus\/","title":{"rendered":"FixPlus"},"content":{"rendered":"<p>FixPlus consolida todos os suportes de reboco de acordo com a norma DIN 18500 se a sua capacidade de carga for insuficiente e ajusta a sua absor\u00e7\u00e3o. FixPlus tem uma penetra\u00e7\u00e3o muito boa no substrato, seca rapidamente, \u00e9 aberto \u00e0 difus\u00e3o, n\u00e3o cont\u00e9m solventes e tem uma elevada resist\u00eancia final.<\/p>\n","protected":false},"excerpt":{"rendered":"<hr \/>\n<p>Uma boa prepara\u00e7\u00e3o \u00e9 meio caminho andado.<\/p>\n","protected":false},"featured_media":48567,"template":"","meta":[],"product_brand":[],"product_cat":[3475,3479,3387],"product_tag":[],"class_list":{"0":"post-48566","1":"product","2":"type-product","3":"status-publish","4":"has-post-thumbnail","6":"product_cat-dominios-de-aplicacao","7":"product_cat-construir-e-viver","8":"product_cat-produtos-adicionais","10":"first","11":"instock","12":"taxable","13":"shipping-taxable","14":"purchasable","15":"product-type-variable"},"_links":{"self":[{"href":"https:\/\/www.climatecoating.com\/pt-pt\/wp-json\/wp\/v2\/product\/48566","targetHints":{"allow":["GET"]}}],"collection":[{"href":"https:\/\/www.climatecoating.com\/pt-pt\/wp-json\/wp\/v2\/product"}],"about":[{"href":"https:\/\/www.climatecoating.com\/pt-pt\/wp-json\/wp\/v2\/types\/product"}],"wp:featuredmedia":[{"embeddable":true,"href":"https:\/\/www.climatecoating.com\/pt-pt\/wp-json\/wp\/v2\/media\/48567"}],"wp:attachment":[{"href":"https:\/\/www.climatecoating.com\/pt-pt\/wp-json\/wp\/v2\/media?parent=48566"}],"wp:term":[{"taxonomy":"product_brand","embeddable":true,"href":"https:\/\/www.climatecoating.com\/pt-pt\/wp-json\/wp\/v2\/product_brand?post=48566"},{"taxonomy":"product_cat","embeddable":true,"href":"https:\/\/www.climatecoating.com\/pt-pt\/wp-json\/wp\/v2\/product_cat?post=48566"},{"taxonomy":"product_tag","embeddable":true,"href":"https:\/\/www.climatecoating.com\/pt-pt\/wp-json\/wp\/v2\/product_tag?post=48566"}],"curies":[{"name":"wp","href":"https:\/\/api.w.org\/{rel}","templated":true}]}}