{"id":48574,"date":"2020-08-26T09:46:31","date_gmt":"2020-08-26T07:46:31","guid":{"rendered":"https:\/\/www.climatecoating.com\/produkt\/lumen\/"},"modified":"2026-02-24T14:34:22","modified_gmt":"2026-02-24T13:34:22","slug":"lumen","status":"publish","type":"product","link":"https:\/\/www.climatecoating.com\/pt-pt\/produkt\/lumen\/","title":{"rendered":"Lumen"},"content":{"rendered":"<p><strong>Tecnologia de membrana reflectora para m\u00e1xima luminosidade<br \/>\n<\/strong>A inova\u00e7\u00e3o especial da Lumen \u00e9 a <a href=\"https:\/\/www.climatecoating.com\/pt-pt\/area-do-cliente\/glossario\/\" target=\"_blank\" rel=\"noopener\">tecnologia de membrana reflectora<\/a>. Milh\u00f5es de pequenas <a href=\"https:\/\/www.climatecoating.com\/pt-pt\/area-do-cliente\/glossario\/\" target=\"_blank\" rel=\"noopener\">esferas ocas de vitrocer\u00e2mica<\/a> aumentam a reflex\u00e3o difusa da luz &#8211; em 6 % para o branco e at\u00e9 420 % para o preto. A Lumen distribui a luz uniformemente na divis\u00e3o, reduz as sombras inc\u00f3modas e permite que as cores escuras mantenham a sua profundidade &#8211; para divis\u00f5es brilhantes e harmoniosas com um efeito de ilumina\u00e7\u00e3o \u00f3timo.<\/p>\n<p>Testes independentes demonstram-no: O valor de reflex\u00e3o real medido em cada tom de cor \u00e9 significativamente mais elevado do que os valores padr\u00e3o dos programas profissionais de c\u00e1lculo de ilumina\u00e7\u00e3o, como o <a href=\"https:\/\/www.dialux.com\/de-DE\/\" target=\"_blank\" rel=\"noopener\">Dialux<\/a>. Isto significa que os arquitectos e designers tamb\u00e9m podem utilizar cores escuras de forma criativa sem sacrificar a luminosidade.<\/p>\n<p><img loading=\"lazy\" decoding=\"async\" class=\"alignnone wp-image-57143 size-full\" title=\"Valores de reflex\u00e3o do l\u00famen\" src=\"https:\/\/www.climatecoating.com\/wp-content\/uploads\/2026\/02\/Lumen-Reflexionswerte_PT_2025-scaled.png\" alt=\"Lumen Reflexionswerte \" width=\"2560\" height=\"1244\" \/><\/p>\n<p>A inovadora tinta de parede combina a m\u00e1xima funcionalidade com tecnologia inovadora e uma vasta gama de cores. \u00c9 utilizada em todos os locais onde \u00e9 essencial uma sa\u00edda de luz \u00f3ptima:<\/p>\n<ul>\n<li>escrit\u00f3rios, escolas, centros de sa\u00fade,<\/li>\n<li>est\u00fadios, oficinas, museus<\/li>\n<li>parques de estacionamento subterr\u00e2neos, metropolitanos<\/li>\n<li>e, claro, tamb\u00e9m em casa.<\/li>\n<\/ul>\n<p data-start=\"2127\" data-end=\"2298\">Um exemplo particularmente impressionante \u00e9 a <a href=\"https:\/\/www.climatecoating.com\/referenzen\/referenz\/opelvillen-ruesselsheim\/?hilite=lumen\" target=\"_blank\" rel=\"noopener\">funda\u00e7\u00e3o de arte e cultura Opelvillen, em R\u00fcsselsheim<\/a>. A Lumen prepara o cen\u00e1rio para as exposi\u00e7\u00f5es.<\/p>\n<p data-start=\"2300\" data-end=\"2535\">&#8220;<em>Numa exposi\u00e7\u00e3o, \u00e9 importante colocar as pe\u00e7as expostas sob a luz certa&#8230; Gra\u00e7as ao &#8216;Lumen&#8217;, tivemos enormes possibilidades de jogar com a luz ao conceber a exposi\u00e7\u00e3o&#8221;,<\/em> diz a Dra. Beate Kemfert, curadora e diretora da Funda\u00e7\u00e3o de Arte e Cultura Opelvillen R\u00fcsselsheim. A elevada reflex\u00e3o torna poss\u00edvel mostrar as obras de uma forma direcionada, para que os visitantes possam perceber a arte de forma mais intensa e, ao mesmo tempo, a sala pare\u00e7a harmoniosa.<\/p>\n<p><strong><img class=\"alignnone size-medium wp-image-58420\" title=\"Flip Lumen FR\" alt=\"\" \/><img class=\"alignnone size-medium wp-image-58775\" title=\"Flip Lumen FR\" alt=\"\" \/><img class=\"alignnone size-medium wp-image-58775\" title=\"Flip Lumen FR\" alt=\"\" \/>A Lumen faz literalmente brilhar as divis\u00f5es &#8211; para um ambiente de vida e de trabalho agrad\u00e1vel, saud\u00e1vel e inspirador.<\/strong><\/p>\n","protected":false},"excerpt":{"rendered":"<hr \/>\n<p><strong>Mais luminosidade e bem-estar para interiores<br \/>\n<\/strong>Lumen \u00e9 mais do que uma tinta para paredes e tectos interiores &#8211; \u00e9 um potente amplificador de luz para interiores. A tinta funcional altamente eficaz garante um equil\u00edbrio \u00f3timo de luminosidade e faz com que os espa\u00e7os pare\u00e7am visivelmente mais brilhantes, mesmo com tons de cores escuras. Cria assim um efeito de ilumina\u00e7\u00e3o natural, uma atmosfera harmoniosa e um ambiente de vida saud\u00e1vel e acolhedor. Ao mesmo tempo, a Lumen melhora a ac\u00fastica da divis\u00e3o e promove uma sensa\u00e7\u00e3o de bem-estar.<\/p>\n<p data-start=\"639\" data-end=\"688\"><strong data-start=\"643\" data-end=\"688\">V\u00ea as vantagens mais importantes num relance:<\/strong><\/p>\n<div><img loading=\"lazy\" decoding=\"async\" class=\"alignnone wp-image-59776\" title=\"\u00cdcone clima interior saud\u00e1vel verde\" src=\"https:\/\/www.climatecoating.com\/wp-content\/uploads\/2025\/11\/Icon_healthy-indoor-climate_green.png\" alt=\"\u00cdcone clima interior saud\u00e1vel verde\" width=\"50\" height=\"50\" srcset=\"https:\/\/www.climatecoating.com\/wp-content\/uploads\/2025\/11\/Icon_healthy-indoor-climate_green.png 242w, https:\/\/www.climatecoating.com\/wp-content\/uploads\/2025\/11\/Icon_healthy-indoor-climate_green-150x150.png 150w, https:\/\/www.climatecoating.com\/wp-content\/uploads\/2025\/11\/Icon_healthy-indoor-climate_green-100x100.png 100w\" sizes=\"auto, (max-width: 50px) 100vw, 50px\" \/> clima interior saud\u00e1vel<\/div>\n<div><img loading=\"lazy\" decoding=\"async\" class=\"alignnone wp-image-59777\" title=\"Icon humidity and temperature regulating green 2\" src=\"https:\/\/www.climatecoating.com\/wp-content\/uploads\/2025\/11\/Icon_humidity-and-temperature-regulating_green_2-1.png\" alt=\"Icon humidity and temperature regulating green 2\" width=\"50\" height=\"50\" srcset=\"https:\/\/www.climatecoating.com\/wp-content\/uploads\/2025\/11\/Icon_humidity-and-temperature-regulating_green_2-1.png 242w, https:\/\/www.climatecoating.com\/wp-content\/uploads\/2025\/11\/Icon_humidity-and-temperature-regulating_green_2-1-150x150.png 150w, https:\/\/www.climatecoating.com\/wp-content\/uploads\/2025\/11\/Icon_humidity-and-temperature-regulating_green_2-1-100x100.png 100w\" sizes=\"auto, (max-width: 50px) 100vw, 50px\" \/> regula\u00e7\u00e3o da humidade e da temperatura<\/div>\n<div><img loading=\"lazy\" decoding=\"async\" class=\"alignnone wp-image-59778\" title=\"Icon energy saving green\" src=\"https:\/\/www.climatecoating.com\/wp-content\/uploads\/2025\/11\/Icon_energy-saving_green-1.png\" alt=\"Icon energy saving green\" width=\"50\" height=\"50\" srcset=\"https:\/\/www.climatecoating.com\/wp-content\/uploads\/2025\/11\/Icon_energy-saving_green-1.png 242w, https:\/\/www.climatecoating.com\/wp-content\/uploads\/2025\/11\/Icon_energy-saving_green-1-150x150.png 150w, https:\/\/www.climatecoating.com\/wp-content\/uploads\/2025\/11\/Icon_energy-saving_green-1-100x100.png 100w\" sizes=\"auto, (max-width: 50px) 100vw, 50px\" \/> efici\u00eancia energ\u00e9tica e poupan\u00e7a de custos<\/div>\n<div><img loading=\"lazy\" decoding=\"async\" class=\"alignnone wp-image-59779\" title=\"Repelente de sujidade e nicotina Icon\" src=\"https:\/\/www.climatecoating.com\/wp-content\/uploads\/2025\/11\/Icon_dirt-nicotine-repellent.png\" alt=\"Repelente de sujidade e nicotina Icon\" width=\"50\" height=\"50\" srcset=\"https:\/\/www.climatecoating.com\/wp-content\/uploads\/2025\/11\/Icon_dirt-nicotine-repellent.png 242w, https:\/\/www.climatecoating.com\/wp-content\/uploads\/2025\/11\/Icon_dirt-nicotine-repellent-150x150.png 150w, https:\/\/www.climatecoating.com\/wp-content\/uploads\/2025\/11\/Icon_dirt-nicotine-repellent-100x100.png 100w\" sizes=\"auto, (max-width: 50px) 100vw, 50px\" \/> repelente de sujidade e nicotina<\/div>\n<div><img loading=\"lazy\" decoding=\"async\" class=\"alignnone wp-image-59780\" title=\"\u00cdcone intervalos de renova\u00e7\u00e3o verde\" src=\"https:\/\/www.climatecoating.com\/wp-content\/uploads\/2025\/11\/Icon_renovation-intervals_green.png\" alt=\"\u00cdcone intervalos de renova\u00e7\u00e3o verde\" width=\"50\" height=\"50\" srcset=\"https:\/\/www.climatecoating.com\/wp-content\/uploads\/2025\/11\/Icon_renovation-intervals_green.png 242w, https:\/\/www.climatecoating.com\/wp-content\/uploads\/2025\/11\/Icon_renovation-intervals_green-150x150.png 150w, https:\/\/www.climatecoating.com\/wp-content\/uploads\/2025\/11\/Icon_renovation-intervals_green-100x100.png 100w\" sizes=\"auto, (max-width: 50px) 100vw, 50px\" \/> prolonga os intervalos de renova\u00e7\u00e3o<\/div>\n<div><img loading=\"lazy\" decoding=\"async\" class=\"alignnone wp-image-59791\" title=\"Icon 100 000 colors green 2\" src=\"https:\/\/www.climatecoating.com\/wp-content\/uploads\/2020\/08\/Icon_100-000-colors_green_2.png\" alt=\"Icon 100 000 colors green 2\" width=\"50\" height=\"50\" srcset=\"https:\/\/www.climatecoating.com\/wp-content\/uploads\/2020\/08\/Icon_100-000-colors_green_2.png 242w, https:\/\/www.climatecoating.com\/wp-content\/uploads\/2020\/08\/Icon_100-000-colors_green_2-150x150.png 150w, https:\/\/www.climatecoating.com\/wp-content\/uploads\/2020\/08\/Icon_100-000-colors_green_2-100x100.png 100w\" sizes=\"auto, (max-width: 50px) 100vw, 50px\" \/> &gt; 100.000 tonalidades de cores<\/div>\n","protected":false},"featured_media":48577,"template":"","meta":[],"product_brand":[],"product_cat":[3479,3486,3487,3488,3475],"product_tag":[],"class_list":{"0":"post-48574","1":"product","2":"type-product","3":"status-publish","4":"has-post-thumbnail","6":"product_cat-construir-e-viver","7":"product_cat-edificios-publicos","8":"product_cat-industria-hoteleira-e-gastronomia","9":"product_cat-no-interior","10":"product_cat-dominios-de-aplicacao","12":"first","13":"instock","14":"taxable","15":"shipping-taxable","16":"purchasable","17":"product-type-variable"},"_links":{"self":[{"href":"https:\/\/www.climatecoating.com\/pt-pt\/wp-json\/wp\/v2\/product\/48574","targetHints":{"allow":["GET"]}}],"collection":[{"href":"https:\/\/www.climatecoating.com\/pt-pt\/wp-json\/wp\/v2\/product"}],"about":[{"href":"https:\/\/www.climatecoating.com\/pt-pt\/wp-json\/wp\/v2\/types\/product"}],"wp:featuredmedia":[{"embeddable":true,"href":"https:\/\/www.climatecoating.com\/pt-pt\/wp-json\/wp\/v2\/media\/48577"}],"wp:attachment":[{"href":"https:\/\/www.climatecoating.com\/pt-pt\/wp-json\/wp\/v2\/media?parent=48574"}],"wp:term":[{"taxonomy":"product_brand","embeddable":true,"href":"https:\/\/www.climatecoating.com\/pt-pt\/wp-json\/wp\/v2\/product_brand?post=48574"},{"taxonomy":"product_cat","embeddable":true,"href":"https:\/\/www.climatecoating.com\/pt-pt\/wp-json\/wp\/v2\/product_cat?post=48574"},{"taxonomy":"product_tag","embeddable":true,"href":"https:\/\/www.climatecoating.com\/pt-pt\/wp-json\/wp\/v2\/product_tag?post=48574"}],"curies":[{"name":"wp","href":"https:\/\/api.w.org\/{rel}","templated":true}]}}