{"id":48584,"date":"2020-08-09T15:35:45","date_gmt":"2020-08-09T13:35:45","guid":{"rendered":"https:\/\/www.climatecoating.com\/produkt\/thermoactive\/"},"modified":"2026-03-13T13:53:34","modified_gmt":"2026-03-13T12:53:34","slug":"termoactivo","status":"publish","type":"product","link":"https:\/\/www.climatecoating.com\/pt-pt\/produkt\/termoactivo\/","title":{"rendered":"ThermoActive"},"content":{"rendered":"<p data-pm-slice=\"1 1 []\"><strong>Tecnologia de membrana reflectora &#8211; a chave para a prote\u00e7\u00e3o t\u00e9rmica<\/strong><\/p>\n<p>A f\u00f3rmula inovadora e as mat\u00e9rias-primas de alta qualidade garantem a forma\u00e7\u00e3o de uma <a href=\"https:\/\/www.climatecoating.com\/pt-pt\/area-do-cliente\/glossario\/\" target=\"_blank\" rel=\"noopener\">membrana flex\u00edvel e reflectora<\/a> com propriedades excepcionais ap\u00f3s a aplica\u00e7\u00e3o da cor funcional:<\/p>\n<ul>\n<li>reflex\u00e3o muito elevada da luz solar<\/li>\n<li>resist\u00eancia do material a longo prazo<\/li>\n<li>elasticidade e robustez acima da m\u00e9dia<\/li>\n<li>estanquidade \u00e0 \u00e1gua \/ \u00e0 chuva<\/li>\n<li>resist\u00eancia \u00e0 temperatura de -40\u00b0C a +150\u00b0C<\/li>\n<\/ul>\n<p><strong>Elevados valores de reflex\u00e3o &#8211; quase como a neve<\/strong><br \/>\nA cor do telhado ThermoActive \u00e9 capaz de refletir mais de 91% da luz solar &#8211; um valor m\u00e1ximo comprovado. Para compara\u00e7\u00e3o: a neve pura consegue uma reflex\u00e3o de cerca de 100%.<\/p>\n<p>Devido a esta elevada refletividade, uma grande parte da radia\u00e7\u00e3o solar \u00e9 reflectida de volta \u00e0 superf\u00edcie. O telhado aquece significativamente menos e a transfer\u00eancia de calor para o interior do edif\u00edcio \u00e9 muito reduzida. A ThermoActive oferece, assim, um <a href=\"https:\/\/www.climatecoating.com\/pt-pt\/area-do-cliente\/glossario\/\" target=\"_blank\" rel=\"noopener\">isolamento t\u00e9rmico eficaz no ver\u00e3o<\/a>: a superf\u00edcie do telhado permanece fresca mesmo com luz solar intensa, as temperaturas interiores baixam e a necessidade de energia para o ar condicionado \u00e9 reduzida de forma sustent\u00e1vel.<\/p>\n<p><img loading=\"lazy\" decoding=\"async\" class=\"alignnone wp-image-59690 size-full\" title=\"Modo de funcionamento ThermoActive\" src=\"https:\/\/www.climatecoating.com\/wp-content\/uploads\/2026\/02\/ThermoActive_Funktionsweise_PT.png\" alt=\"Modo de funcionamento ThermoActive \" width=\"1500\" height=\"1024\" \/><\/p>\n<p><strong>Redu\u00e7\u00e3o de custos atrav\u00e9s de ar condicionado passivo<\/strong><\/p>\n<p>A cor reflectora ThermoActive utiliza um efeito de arrefecimento evaporativo adicional: absorve a humidade que se evapora atrav\u00e9s da radia\u00e7\u00e3o solar, proporcionando assim um arrefecimento adicional ao telhado. A cor funcional n\u00e3o tem necessariamente de ser branca, uma vez que tamb\u00e9m \u00e9 poss\u00edvel obter um elevado desempenho de arrefecimento com cores mais escuras.<\/p>\n<p>O telhado torna-se assim um sistema de ar condicionado passivo que reduz o consumo de energia para arrefecimento, contribui para a redu\u00e7\u00e3o das emiss\u00f5es de CO\u2082 e ajuda a garantir a efici\u00eancia energ\u00e9tica do edif\u00edcio a longo prazo (ver <a href=\"https:\/\/www.climatecoating.com\/pt-pt\/referencias\/referencia\/fabrica-da-schindler-na-eslovaquia\/\" target=\"_blank\" rel=\"noopener\">projeto Schindler<\/a>).<\/p>\n<p><img loading=\"lazy\" decoding=\"async\" class=\"size-full wp-image-44757 alignleft\" title=\"C\u00e1lculo\" src=\"https:\/\/www.climatecoating.com\/wp-content\/uploads\/2023\/02\/Calculus_Button_80px.png\" alt=\"C\u00e1lculo\" width=\"80\" height=\"80\" \/><\/p>\n<p><a href=\"https:\/\/www.climatecoating.com\/pt-pt\/calculus\/\" target=\"_blank\" rel=\"noopener\"> <strong>Para o calculador de temperatura Calculus<\/strong><sup><strong>\u00ae<\/strong>, <\/sup> <\/a>a ferramenta web baseada em IA para prever a diferen\u00e7a nas temperaturas interiores e derivar poss\u00edveis poupan\u00e7as de energia quando as paredes e\/ou telhados s\u00e3o revestidos com os produtos ClimateCoating<sup>\u00ae<\/sup>\u00a0ThermoProtect e ThermoActive.<\/p>\n<p><strong>Prolongamento da vida \u00fatil da estrutura do telhado<\/strong><br \/>\nA extraordin\u00e1ria elasticidade do ThermoActive permite ultrapassar sem problemas as transi\u00e7\u00f5es de material a temperaturas de -40\u00b0C a +150\u00b0C. O telhado mant\u00e9m-se estanque. A pintura do telhado \u00e9 extremamente robusta e resistente \u00e0s influ\u00eancias ambientais, tais como \u00e1cidos, \u00e1lcalis, ozono, nitrog\u00e9nio e \u00f3xidos de enxofre. O revestimento \u00e9 tamb\u00e9m extremamente resistente aos raios UV. N\u00e3o h\u00e1 fragiliza\u00e7\u00e3o, n\u00e3o h\u00e1 descama\u00e7\u00e3o da tinta, n\u00e3o h\u00e1 desgaste e isso a longo prazo. Em conjunto, isto prolonga a vida \u00fatil da estrutura do telhado e reduz os custos de manuten\u00e7\u00e3o.<\/p>\n<p><strong>Arrefece os telhados de forma eficiente, poupa energia e eletricidade &#8211; com ThermoActive, a tinta funcional reflectora para utiliza\u00e7\u00e3o no exterior.<\/strong><\/p>\n","protected":false},"excerpt":{"rendered":"<hr \/>\n<p><strong>Prote\u00e7\u00e3o a longo prazo para todos os tipos de telhados<\/strong><\/p>\n<p><a href=\"https:\/\/www.climatecoating.com\/pt-pt\/biblioteca-multimedia\/brochuras\/thermoactive-pt\/\" target=\"_blank\" rel=\"noopener\"><img loading=\"lazy\" decoding=\"async\" class=\"alignleft wp-image-51379\" title=\"Flip ThermoActive PT\" src=\"https:\/\/www.climatecoating.com\/wp-content\/uploads\/2020\/08\/Flip_ThermoActive_PT.png\" alt=\"Flip ThermoActive PT\" width=\"80\" height=\"80\" srcset=\"https:\/\/www.climatecoating.com\/wp-content\/uploads\/2020\/08\/Flip_ThermoActive_PT.png 246w, https:\/\/www.climatecoating.com\/wp-content\/uploads\/2020\/08\/Flip_ThermoActive_PT-100x100.png 100w, https:\/\/www.climatecoating.com\/wp-content\/uploads\/2020\/08\/Flip_ThermoActive_PT-150x150.png 150w\" sizes=\"auto, (max-width: 80px) 100vw, 80px\" \/><\/a>A tinta para telhados com ar condicionado ThermoActive transforma os telhados em superf\u00edcies de prote\u00e7\u00e3o eficientes e economizadoras de energia. Oferece um <a href=\"https:\/\/www.climatecoating.com\/pt-pt\/area-do-cliente\/glossario\/\" target=\"_blank\" rel=\"noopener\">isolamento t\u00e9rmico eficaz no ver\u00e3o<\/a>, reduzindo significativamente o aquecimento da estrutura do telhado e baixando visivelmente as temperaturas interiores. Assim, a ThermoActive prolonga a vida \u00fatil da estrutura do telhado e, ao mesmo tempo, reduz o consumo de energia para o ar condicionado. ThermoActive cumpre os requisitos do <a href=\"https:\/\/www.climatecoating.com\/pt-pt\/empresa\/premios-e-certificados\/\" target=\"_blank\" rel=\"noopener\">Cool Roof Rating Council (CRRC), ver Notifica\u00e7\u00e3o 004450<\/a>.<\/p>\n<p><strong>V\u00ea as vantagens mais importantes num relance:<\/strong><\/p>\n<div><img loading=\"lazy\" decoding=\"async\" class=\"alignnone wp-image-60480\" title=\"Icon elastic and robust green 2\" src=\"https:\/\/www.climatecoating.com\/wp-content\/uploads\/2020\/08\/Icon_elastic-and-robust_green_2-1.png\" alt=\"Icon elastic and robust green 2\" width=\"50\" height=\"50\" srcset=\"https:\/\/www.climatecoating.com\/wp-content\/uploads\/2020\/08\/Icon_elastic-and-robust_green_2-1.png 242w, https:\/\/www.climatecoating.com\/wp-content\/uploads\/2020\/08\/Icon_elastic-and-robust_green_2-1-150x150.png 150w, https:\/\/www.climatecoating.com\/wp-content\/uploads\/2020\/08\/Icon_elastic-and-robust_green_2-1-100x100.png 100w\" sizes=\"auto, (max-width: 50px) 100vw, 50px\" \/> el\u00e1stico e particularmente robusto<\/div>\n<div><img loading=\"lazy\" decoding=\"async\" class=\"alignnone wp-image-60478\" title=\"\u00cdcone verde resistente \u00e0s intemp\u00e9ries 2\" src=\"https:\/\/www.climatecoating.com\/wp-content\/uploads\/2020\/08\/Icon_weather_resistant_green_2.png\" alt=\"\u00cdcone verde resistente \u00e0s intemp\u00e9ries 2\" width=\"50\" height=\"50\" srcset=\"https:\/\/www.climatecoating.com\/wp-content\/uploads\/2020\/08\/Icon_weather_resistant_green_2.png 242w, https:\/\/www.climatecoating.com\/wp-content\/uploads\/2020\/08\/Icon_weather_resistant_green_2-150x150.png 150w, https:\/\/www.climatecoating.com\/wp-content\/uploads\/2020\/08\/Icon_weather_resistant_green_2-100x100.png 100w\" sizes=\"auto, (max-width: 50px) 100vw, 50px\" \/> \u00e1 prova de \u00e1gua e de chuva forte<\/div>\n<div><img loading=\"lazy\" decoding=\"async\" class=\"alignnone wp-image-60031\" title=\"Icon reflects UV radiation green\" src=\"https:\/\/www.climatecoating.com\/wp-content\/uploads\/2020\/05\/Icon_reflects_UV-radiation_green_2.png\" alt=\"Icon reflects UV radiation green\" width=\"50\" height=\"50\" srcset=\"https:\/\/www.climatecoating.com\/wp-content\/uploads\/2020\/05\/Icon_reflects_UV-radiation_green_2.png 242w, https:\/\/www.climatecoating.com\/wp-content\/uploads\/2020\/05\/Icon_reflects_UV-radiation_green_2-150x150.png 150w, https:\/\/www.climatecoating.com\/wp-content\/uploads\/2020\/05\/Icon_reflects_UV-radiation_green_2-100x100.png 100w\" sizes=\"auto, (max-width: 50px) 100vw, 50px\" \/> resistente aos raios UV de longa dura\u00e7\u00e3o<\/div>\n<div><img loading=\"lazy\" decoding=\"async\" class=\"alignnone wp-image-60505\" title=\"Icon temperature resistant green 2\" src=\"https:\/\/www.climatecoating.com\/wp-content\/uploads\/2020\/08\/Icon_temperature-resistant_green_2-2.png\" alt=\"Icon temperature resistant green 2\" width=\"45\" height=\"45\" srcset=\"https:\/\/www.climatecoating.com\/wp-content\/uploads\/2020\/08\/Icon_temperature-resistant_green_2-2.png 242w, https:\/\/www.climatecoating.com\/wp-content\/uploads\/2020\/08\/Icon_temperature-resistant_green_2-2-150x150.png 150w, https:\/\/www.climatecoating.com\/wp-content\/uploads\/2020\/08\/Icon_temperature-resistant_green_2-2-100x100.png 100w\" sizes=\"auto, (max-width: 45px) 100vw, 45px\" \/> resistente a temperaturas de -40 \u00b0C a +150 \u00b0C<\/div>\n<div><img loading=\"lazy\" decoding=\"async\" class=\"alignnone wp-image-60500\" title=\"Icon resistant to acids, alkalis, ozone green\" src=\"https:\/\/www.climatecoating.com\/wp-content\/uploads\/2020\/07\/Icon_resistant-to-acids-alkalis-ozone_green.png\" alt=\"Icon resistant to acids, alkalis, ozone green\" width=\"50\" height=\"50\" srcset=\"https:\/\/www.climatecoating.com\/wp-content\/uploads\/2020\/07\/Icon_resistant-to-acids-alkalis-ozone_green.png 242w, https:\/\/www.climatecoating.com\/wp-content\/uploads\/2020\/07\/Icon_resistant-to-acids-alkalis-ozone_green-150x150.png 150w, https:\/\/www.climatecoating.com\/wp-content\/uploads\/2020\/07\/Icon_resistant-to-acids-alkalis-ozone_green-100x100.png 100w\" sizes=\"auto, (max-width: 50px) 100vw, 50px\" \/> resistente a \u00e1cidos, \u00e1lcalis, ozono, nitrog\u00e9nio e \u00f3xidos de enxofre<\/div>\n<div><img loading=\"lazy\" decoding=\"async\" class=\"alignnone wp-image-59791\" title=\"Icon 100 000 colors green 2\" src=\"https:\/\/www.climatecoating.com\/wp-content\/uploads\/2020\/08\/Icon_100-000-colors_green_2.png\" alt=\"Icon 100 000 colors green 2\" width=\"50\" height=\"50\" srcset=\"https:\/\/www.climatecoating.com\/wp-content\/uploads\/2020\/08\/Icon_100-000-colors_green_2.png 242w, https:\/\/www.climatecoating.com\/wp-content\/uploads\/2020\/08\/Icon_100-000-colors_green_2-150x150.png 150w, https:\/\/www.climatecoating.com\/wp-content\/uploads\/2020\/08\/Icon_100-000-colors_green_2-100x100.png 100w\" sizes=\"auto, (max-width: 50px) 100vw, 50px\" \/> &gt; 100.000 tonalidades de cores<\/div>\n","protected":false},"featured_media":48593,"template":"","meta":[],"product_brand":[],"product_cat":[3514,3515,3475,3479,3486,3513,3539],"product_tag":[],"class_list":{"0":"post-48584","1":"product","2":"type-product","3":"status-publish","4":"has-post-thumbnail","6":"product_cat-industria-transformadora","7":"product_cat-agricultura-e-criacao-de-animais","8":"product_cat-dominios-de-aplicacao","9":"product_cat-construir-e-viver","10":"product_cat-edificios-publicos","11":"product_cat-industria-alimentar","12":"product_cat-no-exterior","14":"first","15":"instock","16":"taxable","17":"shipping-taxable","18":"purchasable","19":"product-type-variable"},"_links":{"self":[{"href":"https:\/\/www.climatecoating.com\/pt-pt\/wp-json\/wp\/v2\/product\/48584","targetHints":{"allow":["GET"]}}],"collection":[{"href":"https:\/\/www.climatecoating.com\/pt-pt\/wp-json\/wp\/v2\/product"}],"about":[{"href":"https:\/\/www.climatecoating.com\/pt-pt\/wp-json\/wp\/v2\/types\/product"}],"wp:featuredmedia":[{"embeddable":true,"href":"https:\/\/www.climatecoating.com\/pt-pt\/wp-json\/wp\/v2\/media\/48593"}],"wp:attachment":[{"href":"https:\/\/www.climatecoating.com\/pt-pt\/wp-json\/wp\/v2\/media?parent=48584"}],"wp:term":[{"taxonomy":"product_brand","embeddable":true,"href":"https:\/\/www.climatecoating.com\/pt-pt\/wp-json\/wp\/v2\/product_brand?post=48584"},{"taxonomy":"product_cat","embeddable":true,"href":"https:\/\/www.climatecoating.com\/pt-pt\/wp-json\/wp\/v2\/product_cat?post=48584"},{"taxonomy":"product_tag","embeddable":true,"href":"https:\/\/www.climatecoating.com\/pt-pt\/wp-json\/wp\/v2\/product_tag?post=48584"}],"curies":[{"name":"wp","href":"https:\/\/api.w.org\/{rel}","templated":true}]}}