{"id":48619,"date":"2020-08-09T15:35:45","date_gmt":"2020-08-09T13:35:45","guid":{"rendered":"https:\/\/www.climatecoating.com\/produkt\/industriaespecial\/"},"modified":"2026-03-02T10:49:13","modified_gmt":"2026-03-02T09:49:13","slug":"industryspecial","status":"publish","type":"product","link":"https:\/\/www.climatecoating.com\/pt-pt\/produkt\/industryspecial\/","title":{"rendered":"IndustrySpecial"},"content":{"rendered":"<p><strong>O polivalente<\/strong><br \/>\nA vasta gama de aplica\u00e7\u00f5es poss\u00edveis para o IndustrySpecial come\u00e7a com o simples revestimento de tanques de silos para estabiliza\u00e7\u00e3o da temperatura e estende-se \u00e0 prote\u00e7\u00e3o contra a humidade e a condensa\u00e7\u00e3o, \u00e0 prote\u00e7\u00e3o anti-eletrost\u00e1tica e \u00e0 blindagem, ao isolamento t\u00e9rmico e ac\u00fastico, ao aumento da superf\u00edcie e \u00e0 reflex\u00e3o da luz. IndustrySpecial \u00e9 um verdadeiro multi-talento!<\/p>\n<p><strong>Extremamente el\u00e1stico<\/strong><br \/>\nO revestimento IndustrySpecial pode suportar uma grande quantidade de tens\u00f5es mec\u00e2nicas. O IndustrySpecial \u00e9 extremamente el\u00e1stico, pode ligar v\u00e1rios materiais e esconder as fissuras mais finas.<\/p>\n<p><strong>Gama de aplica\u00e7\u00e3o t\u00edpica entre -40\u00b0C e +150\u00b0C<\/strong><\/p>\n<p>A resist\u00eancia a altas temperaturas do IndustrySpecial e a sua resist\u00eancia a influ\u00eancias ambientais agressivas s\u00e3o apreciadas pelos nossos clientes em todo o mundo. Revestido at\u00e9 agora:<\/p>\n<ul>\n<li>tanques, silos, grandes contentores<\/li>\n<li>tubagens, varas<\/li>\n<li>contentores, caixas met\u00e1licas<\/li>\n<li>revestimento de pavilh\u00f5es<\/li>\n<li>tendas<\/li>\n<li>superf\u00edcies pl\u00e1sticas flex\u00edveis<\/li>\n<\/ul>\n<p>Queres resolver um problema muito espec\u00edfico com um revestimento?<br \/>\nEnt\u00e3o teremos todo o gosto em trabalhar contigo para encontrar uma <a href=\"https:\/\/www.climatecoating.com\/pt-pt\/dominios-de-aplicacao\/industria-e-solucoes-especiais\/\">solu\u00e7\u00e3o especial<\/a>.<\/p>\n","protected":false},"excerpt":{"rendered":"<hr \/>\n<p>O IndustrySpecial \u00e9 um revestimento protetor resistente com uma resist\u00eancia \u00e0 temperatura de -40\u00b0C a +150\u00b0C.<\/p>\n<p>Todos os revestimentos e cores ClimateCoating\u00a9 s\u00e3o baseados na tecnologia de membrana reflectora e t\u00eam um efeito puramente f\u00edsico. Os revestimentos ecol\u00f3gicos e de alto desempenho t\u00eam impressionado os utilizadores em todo o mundo desde 2003 com as suas propriedades especiais e a sua elevada rela\u00e7\u00e3o custo-efic\u00e1cia.<\/p>\n","protected":false},"featured_media":48620,"template":"","meta":[],"product_brand":[],"product_cat":[3515,3475,3479,3549,3550,3551,3513,3514],"product_tag":[],"class_list":{"0":"post-48619","1":"product","2":"type-product","3":"status-publish","4":"has-post-thumbnail","6":"product_cat-agricultura-e-criacao-de-animais","7":"product_cat-dominios-de-aplicacao","8":"product_cat-construir-e-viver","9":"product_cat-transportes-e-trafego","10":"product_cat-construcoes-tecnicas","11":"product_cat-aplicacoes-industriais","12":"product_cat-industria-alimentar","13":"product_cat-industria-transformadora","15":"first","16":"instock","17":"taxable","18":"shipping-taxable","19":"product-type-variable"},"_links":{"self":[{"href":"https:\/\/www.climatecoating.com\/pt-pt\/wp-json\/wp\/v2\/product\/48619","targetHints":{"allow":["GET"]}}],"collection":[{"href":"https:\/\/www.climatecoating.com\/pt-pt\/wp-json\/wp\/v2\/product"}],"about":[{"href":"https:\/\/www.climatecoating.com\/pt-pt\/wp-json\/wp\/v2\/types\/product"}],"wp:featuredmedia":[{"embeddable":true,"href":"https:\/\/www.climatecoating.com\/pt-pt\/wp-json\/wp\/v2\/media\/48620"}],"wp:attachment":[{"href":"https:\/\/www.climatecoating.com\/pt-pt\/wp-json\/wp\/v2\/media?parent=48619"}],"wp:term":[{"taxonomy":"product_brand","embeddable":true,"href":"https:\/\/www.climatecoating.com\/pt-pt\/wp-json\/wp\/v2\/product_brand?post=48619"},{"taxonomy":"product_cat","embeddable":true,"href":"https:\/\/www.climatecoating.com\/pt-pt\/wp-json\/wp\/v2\/product_cat?post=48619"},{"taxonomy":"product_tag","embeddable":true,"href":"https:\/\/www.climatecoating.com\/pt-pt\/wp-json\/wp\/v2\/product_tag?post=48619"}],"curies":[{"name":"wp","href":"https:\/\/api.w.org\/{rel}","templated":true}]}}