{"id":48641,"date":"2020-08-09T15:05:04","date_gmt":"2020-08-09T13:05:04","guid":{"rendered":"https:\/\/www.climatecoating.com\/produkt\/enchimento-seguro-de-pu\/"},"modified":"2026-03-02T10:55:38","modified_gmt":"2026-03-02T09:55:38","slug":"pu-safe-filler","status":"publish","type":"product","link":"https:\/\/www.climatecoating.com\/pt-pt\/produkt\/pu-safe-filler\/","title":{"rendered":"PU Safe Filler"},"content":{"rendered":"<p>A abertura de difus\u00e3o vari\u00e1vel do PU Safe Filler permite a sua utiliza\u00e7\u00e3o tanto no interior como no exterior. O PU Safe Filler seca de forma plasto-el\u00e1stica, imperme\u00e1vel, quimicamente neutra e inodora. A elevada flexibilidade do material de enchimento \u00e9 particularmente importante no caso de movimentos t\u00e9rmicos e estruturais dos elementos de constru\u00e7\u00e3o, uma vez que garante uma superf\u00edcie de veda\u00e7\u00e3o ininterrupta. O PU Safe Filler adere bem a todos os materiais de constru\u00e7\u00e3o convencionais, como o PVC, bem como ao alum\u00ednio revestido com tinta ou pel\u00edcula de pl\u00e1stico colorida. O vedante \u00e9 classicamente utilizado na montagem de portas e janelas quando se trabalha com espuma de PU.<\/p>\n","protected":false},"excerpt":{"rendered":"<hr \/>\n<p>O PU Safe Filler \u00e9 um vedante ou enchimento para aplica\u00e7\u00e3o em espuma de poliuretano. O material de enchimento fecha os poros da espuma de PU e cria uma superf\u00edcie homog\u00e9nea para o processamento posterior com o revestimento seguro de PU.<\/p>\n","protected":false},"featured_media":48642,"template":"","meta":[],"product_brand":[],"product_cat":[3475,3479,3486,3556,3487,3557,3386],"product_tag":[],"class_list":{"0":"post-48641","1":"product","2":"type-product","3":"status-publish","4":"has-post-thumbnail","6":"product_cat-dominios-de-aplicacao","7":"product_cat-construir-e-viver","8":"product_cat-edificios-publicos","9":"product_cat-aplicacoes-no-exterior","10":"product_cat-industria-hoteleira-e-gastronomia","11":"product_cat-vedacao-de-janelas","12":"product_cat-produtos","14":"first","15":"instock","16":"taxable","17":"shipping-taxable","18":"purchasable","19":"product-type-simple"},"_links":{"self":[{"href":"https:\/\/www.climatecoating.com\/pt-pt\/wp-json\/wp\/v2\/product\/48641","targetHints":{"allow":["GET"]}}],"collection":[{"href":"https:\/\/www.climatecoating.com\/pt-pt\/wp-json\/wp\/v2\/product"}],"about":[{"href":"https:\/\/www.climatecoating.com\/pt-pt\/wp-json\/wp\/v2\/types\/product"}],"wp:featuredmedia":[{"embeddable":true,"href":"https:\/\/www.climatecoating.com\/pt-pt\/wp-json\/wp\/v2\/media\/48642"}],"wp:attachment":[{"href":"https:\/\/www.climatecoating.com\/pt-pt\/wp-json\/wp\/v2\/media?parent=48641"}],"wp:term":[{"taxonomy":"product_brand","embeddable":true,"href":"https:\/\/www.climatecoating.com\/pt-pt\/wp-json\/wp\/v2\/product_brand?post=48641"},{"taxonomy":"product_cat","embeddable":true,"href":"https:\/\/www.climatecoating.com\/pt-pt\/wp-json\/wp\/v2\/product_cat?post=48641"},{"taxonomy":"product_tag","embeddable":true,"href":"https:\/\/www.climatecoating.com\/pt-pt\/wp-json\/wp\/v2\/product_tag?post=48641"}],"curies":[{"name":"wp","href":"https:\/\/api.w.org\/{rel}","templated":true}]}}