{"id":48702,"date":"2020-07-22T22:40:07","date_gmt":"2020-07-22T20:40:07","guid":{"rendered":"https:\/\/www.climatecoating.com\/produkt\/stuccotex-80\/"},"modified":"2026-03-16T11:39:45","modified_gmt":"2026-03-16T10:39:45","slug":"stuccotex-80","status":"publish","type":"product","link":"https:\/\/www.climatecoating.com\/pt-pt\/produkt\/stuccotex-80\/","title":{"rendered":"StuccoTex 80"},"content":{"rendered":"<p><strong>Estrutura inovadora para substratos exigentes<\/strong><\/p>\n<p>Leve, r\u00e1pido de aplicar e extremamente resistente \u00e0s intemp\u00e9ries &#8211; \u00e9 assim que um reboco deve ser em termos de processamento e propriedades. O StuccoTex 80 pode fazer ainda mais, porque \u00e9 altamente el\u00e1stico e reduz as tens\u00f5es t\u00e9rmicas, pelo que tamb\u00e9m pode ser aplicado em substratos exigentes, como a madeira. Isto \u00e9 poss\u00edvel gra\u00e7as \u00e0 inovadora <a href=\"https:\/\/www.climatecoating.com\/pt-pt\/area-do-cliente\/glossario\/\" target=\"_blank\" rel=\"noopener\">tecnologia de membrana reflectora<\/a>. <a href=\"https:\/\/www.climatecoating.com\/pt-pt\/produkt\/stuccoprimer\/\" target=\"_blank\" rel=\"noopener\">O StuccoPrimer<\/a> \u00e9 utilizado para preparar o substrato de forma \u00f3ptima, reduzir a absor\u00e7\u00e3o e garantir a ader\u00eancia do StuccoTex 80 a quase todos os substratos.<\/p>\n<p><strong>Design de acordo com o teu gosto<\/strong><\/p>\n<p>A estrutura de gr\u00e3o fino de aprox. 1,0 mm cria uma superf\u00edcie decorativa, com uma textura homog\u00e9nea. Podes escolher entre o branco cl\u00e1ssico e as belas e modernas cores pastel. Com a tinta economizadora de energia <a href=\"https:\/\/www.climatecoating.com\/pt-pt\/produkt\/thermoprotect\/\" target=\"_blank\" rel=\"noopener\">ThermoProtect<\/a>, podes dar um toque de cor forte. Esta tinta funcional mant\u00e9m todas as propriedades funcionais do StuccoTex 80 sem teres de te preocupar com os valores de cor claros.<\/p>\n<p><img loading=\"lazy\" decoding=\"async\" class=\"alignnone wp-image-0 size-full\" title=\"Sistema de reboco StuccoTex Funcionalidade\" src=\"https:\/\/www.climatecoating.com\/wp-content\/uploads\/2026\/02\/StuccoTex-Putz-System_Funktionsweise_PT.png\" alt=\"Sistema de reboco StuccoTex Funcionalidade \" width=\"1600\" height=\"1150\" \/><\/p>\n<p><strong>F\u00e1cil de utilizar<\/strong><\/p>\n<p>O StuccoTex 80 \u00e9 pulverizado a uma press\u00e3o de 3,5 bar e n\u00e3o necessita de ser alisado. O material est\u00e1 pronto a usar e pode ser ajustado \u00e0 viscosidade de aplica\u00e7\u00e3o desejada com \u00e1gua, se necess\u00e1rio.<\/p>\n","protected":false},"excerpt":{"rendered":"<hr \/>\n<p><strong>O primeiro reboco leve com textura flex\u00edvel<\/strong><\/p>\n<p>Com um peso seco de apenas 0,85 kg\/dm\u00b3, o derradeiro reboco leve texturado StuccoTex 80 \u00e9 t\u00e3o leve que n\u00e3o afecta as condi\u00e7\u00f5es estruturais da fachada. Gra\u00e7as \u00e0 sua elevada elasticidade, as tens\u00f5es t\u00e9rmicas s\u00e3o significativamente reduzidas, mesmo em substratos exigentes como a madeira. Este reboco leve adapta-se aos movimentos do substrato. \u00c9 praticamente poss\u00edvel dobrar este gesso leve!<\/p>\n<p><strong>V\u00ea as vantagens mais importantes num relance:<\/strong><\/p>\n<div><img loading=\"lazy\" decoding=\"async\" class=\"alignnone wp-image-60501\" title=\"Icon lightweight facade plaster 2 green\" src=\"https:\/\/www.climatecoating.com\/wp-content\/uploads\/2020\/07\/Icon_lightweight-facade-plaster_2_green.png\" alt=\"Icon lightweight facade plaster 2 green\" width=\"50\" height=\"50\" srcset=\"https:\/\/www.climatecoating.com\/wp-content\/uploads\/2020\/07\/Icon_lightweight-facade-plaster_2_green.png 242w, https:\/\/www.climatecoating.com\/wp-content\/uploads\/2020\/07\/Icon_lightweight-facade-plaster_2_green-150x150.png 150w, https:\/\/www.climatecoating.com\/wp-content\/uploads\/2020\/07\/Icon_lightweight-facade-plaster_2_green-100x100.png 100w\" sizes=\"auto, (max-width: 50px) 100vw, 50px\" \/> 0,85 kg\/dm\u00b3 leve<\/div>\n<div><img loading=\"lazy\" decoding=\"async\" class=\"alignnone wp-image-60480\" title=\"Icon elastic and robust green 2\" src=\"https:\/\/www.climatecoating.com\/wp-content\/uploads\/2020\/08\/Icon_elastic-and-robust_green_2-1.png\" alt=\"Icon elastic and robust green 2\" width=\"50\" height=\"50\" srcset=\"https:\/\/www.climatecoating.com\/wp-content\/uploads\/2020\/08\/Icon_elastic-and-robust_green_2-1.png 242w, https:\/\/www.climatecoating.com\/wp-content\/uploads\/2020\/08\/Icon_elastic-and-robust_green_2-1-150x150.png 150w, https:\/\/www.climatecoating.com\/wp-content\/uploads\/2020\/08\/Icon_elastic-and-robust_green_2-1-100x100.png 100w\" sizes=\"auto, (max-width: 50px) 100vw, 50px\" \/> m\u00e1xima elasticidade contra tens\u00f5es de temperatura<\/div>\n<div><img loading=\"lazy\" decoding=\"async\" class=\"alignnone wp-image-60449\" title=\"Icon protection mold green\" src=\"https:\/\/www.climatecoating.com\/wp-content\/uploads\/2020\/08\/Icon_protection-mold_green.png\" alt=\"Icon protection mold green\" width=\"50\" height=\"50\" srcset=\"https:\/\/www.climatecoating.com\/wp-content\/uploads\/2020\/08\/Icon_protection-mold_green.png 242w, https:\/\/www.climatecoating.com\/wp-content\/uploads\/2020\/08\/Icon_protection-mold_green-150x150.png 150w, https:\/\/www.climatecoating.com\/wp-content\/uploads\/2020\/08\/Icon_protection-mold_green-100x100.png 100w\" sizes=\"auto, (max-width: 50px) 100vw, 50px\" \/> evita o crescimento de l\u00edquenes, algas, musgo e infesta\u00e7\u00e3o por fungos<\/div>\n<div><img loading=\"lazy\" decoding=\"async\" class=\"alignnone wp-image-60470\" title=\"Icon dirt repellent green\" src=\"https:\/\/www.climatecoating.com\/wp-content\/uploads\/2020\/07\/Icon_dirt-repellent_green.png\" alt=\"Icon dirt repellent green\" width=\"50\" height=\"50\" srcset=\"https:\/\/www.climatecoating.com\/wp-content\/uploads\/2020\/07\/Icon_dirt-repellent_green.png 242w, https:\/\/www.climatecoating.com\/wp-content\/uploads\/2020\/07\/Icon_dirt-repellent_green-150x150.png 150w, https:\/\/www.climatecoating.com\/wp-content\/uploads\/2020\/07\/Icon_dirt-repellent_green-100x100.png 100w\" sizes=\"auto, (max-width: 50px) 100vw, 50px\" \/> repelente de sujidade<\/div>\n<div><img loading=\"lazy\" decoding=\"async\" class=\"alignnone wp-image-59778\" title=\"Icon energy saving green\" src=\"https:\/\/www.climatecoating.com\/wp-content\/uploads\/2025\/11\/Icon_energy-saving_green-1.png\" alt=\"Icon energy saving green\" width=\"50\" height=\"50\" srcset=\"https:\/\/www.climatecoating.com\/wp-content\/uploads\/2025\/11\/Icon_energy-saving_green-1.png 242w, https:\/\/www.climatecoating.com\/wp-content\/uploads\/2025\/11\/Icon_energy-saving_green-1-150x150.png 150w, https:\/\/www.climatecoating.com\/wp-content\/uploads\/2025\/11\/Icon_energy-saving_green-1-100x100.png 100w\" sizes=\"auto, (max-width: 50px) 100vw, 50px\" \/> poupa custos de aquecimento, eletricidade e energia no inverno<\/div>\n","protected":false},"featured_media":48703,"template":"","meta":[],"product_brand":[],"product_cat":[3475,3479,3539,3486,4322,3488],"product_tag":[],"class_list":{"0":"post-48702","1":"product","2":"type-product","3":"status-publish","4":"has-post-thumbnail","6":"product_cat-dominios-de-aplicacao","7":"product_cat-construir-e-viver","8":"product_cat-no-exterior","9":"product_cat-edificios-publicos","10":"product_cat-rebocos-exteriores-interiores","11":"product_cat-no-interior","13":"first","14":"instock","15":"taxable","16":"shipping-taxable","17":"purchasable","18":"product-type-variable"},"_links":{"self":[{"href":"https:\/\/www.climatecoating.com\/pt-pt\/wp-json\/wp\/v2\/product\/48702","targetHints":{"allow":["GET"]}}],"collection":[{"href":"https:\/\/www.climatecoating.com\/pt-pt\/wp-json\/wp\/v2\/product"}],"about":[{"href":"https:\/\/www.climatecoating.com\/pt-pt\/wp-json\/wp\/v2\/types\/product"}],"wp:featuredmedia":[{"embeddable":true,"href":"https:\/\/www.climatecoating.com\/pt-pt\/wp-json\/wp\/v2\/media\/48703"}],"wp:attachment":[{"href":"https:\/\/www.climatecoating.com\/pt-pt\/wp-json\/wp\/v2\/media?parent=48702"}],"wp:term":[{"taxonomy":"product_brand","embeddable":true,"href":"https:\/\/www.climatecoating.com\/pt-pt\/wp-json\/wp\/v2\/product_brand?post=48702"},{"taxonomy":"product_cat","embeddable":true,"href":"https:\/\/www.climatecoating.com\/pt-pt\/wp-json\/wp\/v2\/product_cat?post=48702"},{"taxonomy":"product_tag","embeddable":true,"href":"https:\/\/www.climatecoating.com\/pt-pt\/wp-json\/wp\/v2\/product_tag?post=48702"}],"curies":[{"name":"wp","href":"https:\/\/api.w.org\/{rel}","templated":true}]}}