{"id":48708,"date":"2020-07-22T22:26:08","date_gmt":"2020-07-22T20:26:08","guid":{"rendered":"https:\/\/www.climatecoating.com\/produkt\/historia\/"},"modified":"2026-02-24T13:59:07","modified_gmt":"2026-02-24T12:59:07","slug":"history","status":"publish","type":"product","link":"https:\/\/www.climatecoating.com\/pt-pt\/produkt\/history\/","title":{"rendered":"History"},"content":{"rendered":"<p><strong>Secagem capilar suave &#8211; prote\u00e7\u00e3o com um sistema<br \/>\n<\/strong>Quase todos os substratos minerais em edif\u00edcios antigos cont\u00eam \u00e1gua e sais. Por esta raz\u00e3o, a prote\u00e7\u00e3o de monumentos requer um revestimento ideal, capilar e aberto \u00e0 difus\u00e3o. Isto evita a acumula\u00e7\u00e3o de sal e humidade e, ao mesmo tempo, resiste a todas as press\u00f5es ambientais modernas. A prote\u00e7\u00e3o de fachadas de valor acrescentado para edif\u00edcios classificados n\u00e3o s\u00f3 cumpre os requisitos visuais, como tamb\u00e9m regula suavemente a humidade, de modo a que o edif\u00edcio permane\u00e7a protegido a longo prazo.<\/p>\n<p>O mecanismo de desumidifica\u00e7\u00e3o mais eficaz \u00e9 a <a href=\"https:\/\/www.climatecoating.com\/pt-pt\/area-do-cliente\/glossario\/\" target=\"_blank\" rel=\"noopener\">secagem capilar<\/a>, na qual as for\u00e7as capilares transportam \u00e1gua e sal do interior para o exterior da superf\u00edcie da parede. A History oferece uma tecnologia que permite uma desumidifica\u00e7\u00e3o mais suave at\u00e9 ao n\u00edvel de humidade de equil\u00edbrio do edif\u00edcio e impede a entrada de nova humidade atrav\u00e9s de <a href=\"https:\/\/www.climatecoating.com\/pt-pt\/area-do-cliente\/glossario\/\">d\u00edodos higi\u00e9nicos<\/a>.<\/p>\n<p>As algas, os musgos e os fungos j\u00e1 n\u00e3o encontram terreno f\u00e9rtil e as fachadas mant\u00eam o seu aspeto valioso durante muitos anos &#8211; uma contribui\u00e7\u00e3o decisiva para a preserva\u00e7\u00e3o do valor dos edif\u00edcios classificados atrav\u00e9s de uma regula\u00e7\u00e3o permanente da humidade.<\/p>\n<p><img loading=\"lazy\" decoding=\"async\" class=\"alignnone wp-image-57181 size-full\" title=\"History Mauerwerksentfeuchtung\" src=\"https:\/\/www.climatecoating.com\/wp-content\/uploads\/2026\/02\/History_Mauerwerksentfeuchtung_PT.png\" alt=\"History Mauerwerksentfeuchtung\" width=\"1500\" height=\"1024\" srcset=\"https:\/\/www.climatecoating.com\/wp-content\/uploads\/2026\/02\/History_Mauerwerksentfeuchtung_PT.png 1500w, https:\/\/www.climatecoating.com\/wp-content\/uploads\/2026\/02\/History_Mauerwerksentfeuchtung_PT-300x205.png 300w, https:\/\/www.climatecoating.com\/wp-content\/uploads\/2026\/02\/History_Mauerwerksentfeuchtung_PT-1024x699.png 1024w, https:\/\/www.climatecoating.com\/wp-content\/uploads\/2026\/02\/History_Mauerwerksentfeuchtung_PT-768x524.png 768w, https:\/\/www.climatecoating.com\/wp-content\/uploads\/2026\/02\/History_Mauerwerksentfeuchtung_PT-700x478.png 700w, https:\/\/www.climatecoating.com\/wp-content\/uploads\/2026\/02\/History_Mauerwerksentfeuchtung_PT-1100x751.png 1100w, https:\/\/www.climatecoating.com\/wp-content\/uploads\/2026\/02\/History_Mauerwerksentfeuchtung_PT-600x410.png 600w\" sizes=\"auto, (max-width: 1500px) 100vw, 1500px\" \/><\/p>\n<p><strong>Redu\u00e7\u00e3o dos custos de aquecimento e do consumo de energia<br \/>\n<\/strong>A alvenaria seca armazena o calor significativamente melhor do que as paredes h\u00famidas. A desumidifica\u00e7\u00e3o controlada com o History reduz a perda de calor, o que diminui os custos de aquecimento e reduz o consumo de energia do edif\u00edcio. Ao mesmo tempo, a secagem capilar reduz a utiliza\u00e7\u00e3o de sistemas de aquecimento e de ar condicionado, poupa energia e torna o funcionamento do edif\u00edcio mais sustent\u00e1vel. Assim, a History combina a preserva\u00e7\u00e3o de monumentos com a gest\u00e3o moderna da energia &#8211; para um clima interior saud\u00e1vel e uma reten\u00e7\u00e3o eficiente do calor durante muitos anos.<\/p>\n<p><strong>Protege a sua fachada hist\u00f3rica a longo prazo, preserva a sua valiosa apar\u00eancia e poupa custos de aquecimento, eletricidade e energia &#8211; com History, a cor funcional para edif\u00edcios classificados.<\/strong><\/p>\n","protected":false},"excerpt":{"rendered":"<hr \/>\n<p><strong>Alta tecnologia ao encontro da prote\u00e7\u00e3o de monumentos<br \/>\n<\/strong>A inovadora tinta funcional History combina a tecnologia de ponta com os requisitos da prote\u00e7\u00e3o de monumentos. Gra\u00e7as \u00e0 secagem capilar suave e \u00e0 equaliza\u00e7\u00e3o da humidade, garante fachadas secas, limpas e esteticamente agrad\u00e1veis em edif\u00edcios classificados. Ao mesmo tempo, impede eficazmente a entrada de nova humidade, por exemplo, atrav\u00e9s da chuva, de uma forma natural e puramente f\u00edsica &#8211; sem quaisquer aditivos qu\u00edmicos.<\/p>\n<p><strong>V\u00ea as vantagens mais importantes num relance:<\/strong><\/p>\n<div><img loading=\"lazy\" decoding=\"async\" class=\"alignnone wp-image-60446\" title=\"Icon evaporative cooling moisture regulating green\" src=\"https:\/\/www.climatecoating.com\/wp-content\/uploads\/2020\/08\/Icon_evaporative-cooling_moisture-regulating_green.png\" alt=\"Icon evaporative cooling moisture regulating green\" width=\"50\" height=\"50\" srcset=\"https:\/\/www.climatecoating.com\/wp-content\/uploads\/2020\/08\/Icon_evaporative-cooling_moisture-regulating_green.png 242w, https:\/\/www.climatecoating.com\/wp-content\/uploads\/2020\/08\/Icon_evaporative-cooling_moisture-regulating_green-150x150.png 150w, https:\/\/www.climatecoating.com\/wp-content\/uploads\/2020\/08\/Icon_evaporative-cooling_moisture-regulating_green-100x100.png 100w\" sizes=\"auto, (max-width: 50px) 100vw, 50px\" \/> gest\u00e3o da humidade equalizadora e secagem capilar suave<\/div>\n<div><img loading=\"lazy\" decoding=\"async\" class=\"alignnone wp-image-60500\" title=\"Icon resistant to acids, alkalis, ozone green\" src=\"https:\/\/www.climatecoating.com\/wp-content\/uploads\/2020\/07\/Icon_resistant-to-acids-alkalis-ozone_green.png\" alt=\"Icon resistant to acids, alkalis, ozone green\" width=\"50\" height=\"50\" srcset=\"https:\/\/www.climatecoating.com\/wp-content\/uploads\/2020\/07\/Icon_resistant-to-acids-alkalis-ozone_green.png 242w, https:\/\/www.climatecoating.com\/wp-content\/uploads\/2020\/07\/Icon_resistant-to-acids-alkalis-ozone_green-150x150.png 150w, https:\/\/www.climatecoating.com\/wp-content\/uploads\/2020\/07\/Icon_resistant-to-acids-alkalis-ozone_green-100x100.png 100w\" sizes=\"auto, (max-width: 50px) 100vw, 50px\" \/> resistente a \u00e1cidos, \u00e1lcalis, ozono, nitrog\u00e9nio e \u00f3xidos de enxofre<\/div>\n<div><img loading=\"lazy\" decoding=\"async\" class=\"alignnone wp-image-60470\" title=\"Icon dirt repellent green\" src=\"https:\/\/www.climatecoating.com\/wp-content\/uploads\/2020\/07\/Icon_dirt-repellent_green.png\" alt=\"Icon dirt repellent green\" width=\"50\" height=\"50\" srcset=\"https:\/\/www.climatecoating.com\/wp-content\/uploads\/2020\/07\/Icon_dirt-repellent_green.png 242w, https:\/\/www.climatecoating.com\/wp-content\/uploads\/2020\/07\/Icon_dirt-repellent_green-150x150.png 150w, https:\/\/www.climatecoating.com\/wp-content\/uploads\/2020\/07\/Icon_dirt-repellent_green-100x100.png 100w\" sizes=\"auto, (max-width: 50px) 100vw, 50px\" \/> repelente de sujidade<\/div>\n<div><img loading=\"lazy\" decoding=\"async\" class=\"alignnone wp-image-59778\" title=\"Icon energy saving green\" src=\"https:\/\/www.climatecoating.com\/wp-content\/uploads\/2025\/11\/Icon_energy-saving_green-1.png\" alt=\"Icon energy saving green\" width=\"50\" height=\"50\" srcset=\"https:\/\/www.climatecoating.com\/wp-content\/uploads\/2025\/11\/Icon_energy-saving_green-1.png 242w, https:\/\/www.climatecoating.com\/wp-content\/uploads\/2025\/11\/Icon_energy-saving_green-1-150x150.png 150w, https:\/\/www.climatecoating.com\/wp-content\/uploads\/2025\/11\/Icon_energy-saving_green-1-100x100.png 100w\" sizes=\"auto, (max-width: 50px) 100vw, 50px\" \/> efici\u00eancia energ\u00e9tica e poupan\u00e7a de custos<\/div>\n<div><img loading=\"lazy\" decoding=\"async\" class=\"alignnone wp-image-60471\" title=\"Icon works physically green\" src=\"https:\/\/www.climatecoating.com\/wp-content\/uploads\/2020\/07\/Icon_works-physically_green.png\" alt=\"Icon works physically green\" width=\"50\" height=\"50\" srcset=\"https:\/\/www.climatecoating.com\/wp-content\/uploads\/2020\/07\/Icon_works-physically_green.png 242w, https:\/\/www.climatecoating.com\/wp-content\/uploads\/2020\/07\/Icon_works-physically_green-150x150.png 150w, https:\/\/www.climatecoating.com\/wp-content\/uploads\/2020\/07\/Icon_works-physically_green-100x100.png 100w\" sizes=\"auto, (max-width: 50px) 100vw, 50px\" \/> actua fisicamente em vez de quimicamente<\/div>\n<div><img loading=\"lazy\" decoding=\"async\" class=\"alignnone wp-image-59791\" title=\"Icon 100 000 colors green 2\" src=\"https:\/\/www.climatecoating.com\/wp-content\/uploads\/2020\/08\/Icon_100-000-colors_green_2.png\" alt=\"Icon 100 000 colors green 2\" width=\"50\" height=\"50\" srcset=\"https:\/\/www.climatecoating.com\/wp-content\/uploads\/2020\/08\/Icon_100-000-colors_green_2.png 242w, https:\/\/www.climatecoating.com\/wp-content\/uploads\/2020\/08\/Icon_100-000-colors_green_2-150x150.png 150w, https:\/\/www.climatecoating.com\/wp-content\/uploads\/2020\/08\/Icon_100-000-colors_green_2-100x100.png 100w\" sizes=\"auto, (max-width: 50px) 100vw, 50px\" \/> &gt; 100.000 tonalidades de cores<\/div>\n","protected":false},"featured_media":48709,"template":"","meta":[],"product_brand":[],"product_cat":[3605,3475,3606,3539],"product_tag":[],"class_list":{"0":"post-48708","1":"product","2":"type-product","3":"status-publish","4":"has-post-thumbnail","6":"product_cat-protecao-dos-monumentos","7":"product_cat-dominios-de-aplicacao","8":"product_cat-protecao-das-fachadas-historicas","9":"product_cat-no-exterior","11":"first","12":"instock","13":"taxable","14":"shipping-taxable","15":"purchasable","16":"product-type-variable"},"_links":{"self":[{"href":"https:\/\/www.climatecoating.com\/pt-pt\/wp-json\/wp\/v2\/product\/48708","targetHints":{"allow":["GET"]}}],"collection":[{"href":"https:\/\/www.climatecoating.com\/pt-pt\/wp-json\/wp\/v2\/product"}],"about":[{"href":"https:\/\/www.climatecoating.com\/pt-pt\/wp-json\/wp\/v2\/types\/product"}],"wp:featuredmedia":[{"embeddable":true,"href":"https:\/\/www.climatecoating.com\/pt-pt\/wp-json\/wp\/v2\/media\/48709"}],"wp:attachment":[{"href":"https:\/\/www.climatecoating.com\/pt-pt\/wp-json\/wp\/v2\/media?parent=48708"}],"wp:term":[{"taxonomy":"product_brand","embeddable":true,"href":"https:\/\/www.climatecoating.com\/pt-pt\/wp-json\/wp\/v2\/product_brand?post=48708"},{"taxonomy":"product_cat","embeddable":true,"href":"https:\/\/www.climatecoating.com\/pt-pt\/wp-json\/wp\/v2\/product_cat?post=48708"},{"taxonomy":"product_tag","embeddable":true,"href":"https:\/\/www.climatecoating.com\/pt-pt\/wp-json\/wp\/v2\/product_tag?post=48708"}],"curies":[{"name":"wp","href":"https:\/\/api.w.org\/{rel}","templated":true}]}}