{"id":48789,"date":"2020-08-26T10:14:18","date_gmt":"2020-08-26T08:14:18","guid":{"rendered":"https:\/\/www.climatecoating.com\/produkt\/sanosil-s010\/"},"modified":"2026-03-02T11:22:55","modified_gmt":"2026-03-02T10:22:55","slug":"sanosil-s010","status":"publish","type":"product","link":"https:\/\/www.climatecoating.com\/pt-pt\/produkt\/sanosil-s010\/","title":{"rendered":"Sanosil S010"},"content":{"rendered":"<p>Pulveriza-se Sanosil S010 sobre as zonas visivelmente descoloradas.<br \/>\nO tempo de aplica\u00e7\u00e3o \u00e9 de apenas 25 a 30 minutos.<\/p>\n<p><strong>Duo eficaz<\/strong><br \/>\nSanosil S003 &amp; S010 desactivam as toxinas do bolor e os seus alerg\u00e9nios, tanto na parede como no ar. At\u00e9 agora, n\u00e3o se conhecem microrganismos que Sanosil S003 &amp; S010 n\u00e3o inactive. A boa compatibilidade dos materiais protege o tecido do edif\u00edcio.<\/p>\n<p>Sanosil S003 &amp; S010 s\u00e3o amigos do ambiente e completamente inofensivos para o organismo humano ap\u00f3s a aplica\u00e7\u00e3o. Por conseguinte, os produtos podem ser utilizados sem hesita\u00e7\u00e3o em todas as \u00e1reas de habita\u00e7\u00e3o, mesmo na cozinha ou no quarto das crian\u00e7as. Os quartos ficam imediatamente habit\u00e1veis ap\u00f3s o tratamento.<\/p>\n<p>Sanosil S003 e S010 t\u00eam um elevado potencial de desinfe\u00e7\u00e3o e n\u00e3o s\u00e3o t\u00f3xicos, degradando-se ap\u00f3s o processamento nos ingredientes originais contidos na \u00e1gua. O papel de parede destacado e outros materiais s\u00e3o simplesmente eliminados com o lixo dom\u00e9stico ap\u00f3s o tratamento.<\/p>\n<p>Para proteger contra o aumento da exposi\u00e7\u00e3o aos esporos quando se utiliza Sanosil S003 &amp; S010, s\u00e3o necess\u00e1rias medidas de prote\u00e7\u00e3o pessoal, tais como um fato de prote\u00e7\u00e3o e uma m\u00e1scara respirat\u00f3ria.<\/p>\n","protected":false},"excerpt":{"rendered":"<hr \/>\n<p>Sanosil S010 \u00e9 um destruidor de bolores que trata as culturas de bolores vis\u00edveis.<\/p>\n","protected":false},"featured_media":48809,"template":"","meta":[],"product_brand":[],"product_cat":[3386,3387],"product_tag":[],"class_list":{"0":"post-48789","1":"product","2":"type-product","3":"status-publish","4":"has-post-thumbnail","6":"product_cat-produtos","7":"product_cat-produtos-adicionais","9":"first","10":"instock","11":"taxable","12":"shipping-taxable","13":"purchasable","14":"product-type-simple"},"_links":{"self":[{"href":"https:\/\/www.climatecoating.com\/pt-pt\/wp-json\/wp\/v2\/product\/48789","targetHints":{"allow":["GET"]}}],"collection":[{"href":"https:\/\/www.climatecoating.com\/pt-pt\/wp-json\/wp\/v2\/product"}],"about":[{"href":"https:\/\/www.climatecoating.com\/pt-pt\/wp-json\/wp\/v2\/types\/product"}],"wp:featuredmedia":[{"embeddable":true,"href":"https:\/\/www.climatecoating.com\/pt-pt\/wp-json\/wp\/v2\/media\/48809"}],"wp:attachment":[{"href":"https:\/\/www.climatecoating.com\/pt-pt\/wp-json\/wp\/v2\/media?parent=48789"}],"wp:term":[{"taxonomy":"product_brand","embeddable":true,"href":"https:\/\/www.climatecoating.com\/pt-pt\/wp-json\/wp\/v2\/product_brand?post=48789"},{"taxonomy":"product_cat","embeddable":true,"href":"https:\/\/www.climatecoating.com\/pt-pt\/wp-json\/wp\/v2\/product_cat?post=48789"},{"taxonomy":"product_tag","embeddable":true,"href":"https:\/\/www.climatecoating.com\/pt-pt\/wp-json\/wp\/v2\/product_tag?post=48789"}],"curies":[{"name":"wp","href":"https:\/\/api.w.org\/{rel}","templated":true}]}}