{"id":48916,"date":"2020-07-22T23:18:11","date_gmt":"2020-07-22T21:18:11","guid":{"rendered":"https:\/\/www.climatecoating.com\/produkt\/natureprimer\/"},"modified":"2026-03-02T10:55:12","modified_gmt":"2026-03-02T09:55:12","slug":"natureprimer","status":"publish","type":"product","link":"https:\/\/www.climatecoating.com\/pt-pt\/produkt\/natureprimer\/","title":{"rendered":"NaturePrimer"},"content":{"rendered":"<p>ClimateCoating<sup>\u00ae<\/sup>\u2013NaturePrimer e -Nature s\u00e3o uma dupla perfeita para a prote\u00e7\u00e3o opaca de componentes de madeira exteriores. A intera\u00e7\u00e3o entre ader\u00eancia, elasticidade e resist\u00eancia extrema, combinada com a redu\u00e7\u00e3o do comportamento de inchamento e retra\u00e7\u00e3o, retarda o processo de envelhecimento da madeira de uma forma ideal.<\/p>\n","protected":false},"excerpt":{"rendered":"<hr \/>\n<p>NaturePrimer \u00e9 um prim\u00e1rio pronto a usar para componentes de madeira exteriores limitados dimensionalmente est\u00e1veis e n\u00e3o est\u00e1veis dimensionalmente. Baseia-se na tecnologia de membrana reflectora, tem uma abertura de difus\u00e3o vari\u00e1vel e adapta-se \u00e0s propriedades da Natureza.<\/p>\n","protected":false},"featured_media":48934,"template":"","meta":[],"product_brand":[],"product_cat":[3630,3475],"product_tag":[],"class_list":{"0":"post-48916","1":"product","2":"type-product","3":"status-publish","4":"has-post-thumbnail","6":"product_cat-protecao-da-madeira","7":"product_cat-dominios-de-aplicacao","9":"first","10":"instock","11":"taxable","12":"shipping-taxable","13":"purchasable","14":"product-type-variable"},"_links":{"self":[{"href":"https:\/\/www.climatecoating.com\/pt-pt\/wp-json\/wp\/v2\/product\/48916","targetHints":{"allow":["GET"]}}],"collection":[{"href":"https:\/\/www.climatecoating.com\/pt-pt\/wp-json\/wp\/v2\/product"}],"about":[{"href":"https:\/\/www.climatecoating.com\/pt-pt\/wp-json\/wp\/v2\/types\/product"}],"wp:featuredmedia":[{"embeddable":true,"href":"https:\/\/www.climatecoating.com\/pt-pt\/wp-json\/wp\/v2\/media\/48934"}],"wp:attachment":[{"href":"https:\/\/www.climatecoating.com\/pt-pt\/wp-json\/wp\/v2\/media?parent=48916"}],"wp:term":[{"taxonomy":"product_brand","embeddable":true,"href":"https:\/\/www.climatecoating.com\/pt-pt\/wp-json\/wp\/v2\/product_brand?post=48916"},{"taxonomy":"product_cat","embeddable":true,"href":"https:\/\/www.climatecoating.com\/pt-pt\/wp-json\/wp\/v2\/product_cat?post=48916"},{"taxonomy":"product_tag","embeddable":true,"href":"https:\/\/www.climatecoating.com\/pt-pt\/wp-json\/wp\/v2\/product_tag?post=48916"}],"curies":[{"name":"wp","href":"https:\/\/api.w.org\/{rel}","templated":true}]}}