{"id":48973,"date":"2020-07-22T23:13:11","date_gmt":"2020-07-22T21:13:11","guid":{"rendered":"https:\/\/www.climatecoating.com\/produkt\/natureglaze\/"},"modified":"2026-04-16T09:21:38","modified_gmt":"2026-04-16T07:21:38","slug":"natureglaze","status":"publish","type":"product","link":"https:\/\/www.climatecoating.com\/pt-pt\/produkt\/natureglaze\/","title":{"rendered":"NatureGlaze"},"content":{"rendered":"<p><strong>Revestimento de alta tecnologia que cumpre o que promete<\/strong><br \/>\nClimateCoating<sup>\u00ae <\/sup>NatureGlaze protege os componentes de madeira e mant\u00e9m o seu bom aspeto durante um per\u00edodo de tempo excecionalmente longo. A intera\u00e7\u00e3o entre ader\u00eancia, elasticidade e resist\u00eancia extrema, combinada com a redu\u00e7\u00e3o do comportamento de inchamento e retra\u00e7\u00e3o, retarda o processo de envelhecimento da madeira de uma forma ideal. Sem descama\u00e7\u00e3o da cor, sem desvanecimento. Prometo!<\/p>\n<p><strong>\u00c1reas de aplica\u00e7\u00e3o<\/strong><br \/>\nNatureGlaze foi concebido para componentes de madeira com estabilidade dimensional limitada (t\u00e1buas macho e f\u00eamea, asnas, portadas e port\u00f5es) e para componentes de madeira sem estabilidade dimensional (parapeitos de varandas, telhas, p\u00e9rgulas e veda\u00e7\u00f5es).<\/p>\n<p>Enquanto o esmalte de pel\u00edcula espessa NatureGlaze oferece um espetro de cores manej\u00e1vel, o revestimento opaco Nature est\u00e1 dispon\u00edvel em muitos tons de cor. O prim\u00e1rio pronto a usar NaturePrimer completa o conjunto de produtos.<\/p>\n","protected":false},"excerpt":{"rendered":"<hr \/>\n<p>NatureGlaze \u00e9 um revestimento de alta tecnologia para todos os componentes de madeira exteriores limitados dimensionalmente est\u00e1veis e n\u00e3o-dimensionalmente est\u00e1veis. Altamente resistente \u00e0s intemp\u00e9ries e com uma elasticidade duradoura, NatureGlaze \u00e9 a prote\u00e7\u00e3o perfeita para a madeira durante anos!<\/p>\n<p><strong>Apenas para profissionais! N\u00e3o hesite em contactar-nos sobre este produto. <\/strong><\/p>\n","protected":false},"featured_media":48982,"template":"","meta":[],"product_brand":[],"product_cat":[3630,3475],"product_tag":[],"class_list":{"0":"post-48973","1":"product","2":"type-product","3":"status-publish","4":"has-post-thumbnail","6":"product_cat-protecao-da-madeira","7":"product_cat-dominios-de-aplicacao","9":"first","10":"instock","11":"taxable","12":"shipping-taxable","13":"product-type-variable"},"_links":{"self":[{"href":"https:\/\/www.climatecoating.com\/pt-pt\/wp-json\/wp\/v2\/product\/48973","targetHints":{"allow":["GET"]}}],"collection":[{"href":"https:\/\/www.climatecoating.com\/pt-pt\/wp-json\/wp\/v2\/product"}],"about":[{"href":"https:\/\/www.climatecoating.com\/pt-pt\/wp-json\/wp\/v2\/types\/product"}],"wp:featuredmedia":[{"embeddable":true,"href":"https:\/\/www.climatecoating.com\/pt-pt\/wp-json\/wp\/v2\/media\/48982"}],"wp:attachment":[{"href":"https:\/\/www.climatecoating.com\/pt-pt\/wp-json\/wp\/v2\/media?parent=48973"}],"wp:term":[{"taxonomy":"product_brand","embeddable":true,"href":"https:\/\/www.climatecoating.com\/pt-pt\/wp-json\/wp\/v2\/product_brand?post=48973"},{"taxonomy":"product_cat","embeddable":true,"href":"https:\/\/www.climatecoating.com\/pt-pt\/wp-json\/wp\/v2\/product_cat?post=48973"},{"taxonomy":"product_tag","embeddable":true,"href":"https:\/\/www.climatecoating.com\/pt-pt\/wp-json\/wp\/v2\/product_tag?post=48973"}],"curies":[{"name":"wp","href":"https:\/\/api.w.org\/{rel}","templated":true}]}}