{"id":49010,"date":"2020-07-22T23:05:45","date_gmt":"2020-07-22T21:05:45","guid":{"rendered":"https:\/\/www.climatecoating.com\/produkt\/natureza\/"},"modified":"2026-03-02T10:51:22","modified_gmt":"2026-03-02T09:51:22","slug":"nature","status":"publish","type":"product","link":"https:\/\/www.climatecoating.com\/pt-pt\/produkt\/nature\/","title":{"rendered":"Nature"},"content":{"rendered":"<p><strong>Revestimento de alta tecnologia que cumpre o que promete<\/strong><br \/>\n<sup>ClimateCoating\u00ae-Nature<\/sup> protege os componentes de madeira e mant\u00e9m-nos bonitos durante um per\u00edodo de tempo excecionalmente longo. A intera\u00e7\u00e3o entre ader\u00eancia, elasticidade e resist\u00eancia extrema, combinada com a redu\u00e7\u00e3o do comportamento de inchamento e retra\u00e7\u00e3o, retarda o processo de envelhecimento da madeira de uma forma ideal. Sem descama\u00e7\u00e3o da cor, sem desvanecimento. Prometo!<\/p>\n<p>A tecnologia da membrana reflectora garante que mesmo as cores escuras deixam o solo relativamente fresco \u00e0 luz do sol. <strong>Mesmo num bungalow de madeira pintado de escuro, o ver\u00e3o mant\u00e9m-se agradavelmente temperado, gra\u00e7as \u00e0 elevada reflect\u00e2ncia do revestimento.<\/strong> As esferas ocas de vitrocer\u00e2mica tornam-no poss\u00edvel.<\/p>\n<p><strong>\u00c1reas de aplica\u00e7\u00e3o<\/strong><br \/>\nNature foi concebido para componentes de madeira com estabilidade dimensional limitada (t\u00e1buas macho e f\u00eamea, treli\u00e7as, portadas de janelas e port\u00f5es) e para componentes de madeira sem estabilidade dimensional (parapeitos de varandas, telhas, p\u00e9rgulas e veda\u00e7\u00f5es).<\/p>\n<p>Enquanto que o Nature est\u00e1 dispon\u00edvel como revestimento opaco em muitas tonalidades de cor, o NatureGlaze \u00e9 um corante de pel\u00edcula espessa com um espetro de cores limitado. O prim\u00e1rio pronto a usar NaturePrimer completa o conjunto de produtos.<\/p>\n","protected":false},"excerpt":{"rendered":"<hr \/>\n<p>Nature \u00e9 um revestimento opaco de alta tecnologia para todos os componentes de madeira exteriores com estabilidade dimensional limitada e<br \/>\nsem estabilidade dimensional. Muito resistente \u00e0s intemp\u00e9ries e com uma elasticidade duradoura, Nature \u00e9 o conservante de madeira perfeito durante anos!<\/p>\n","protected":false},"featured_media":49011,"template":"","meta":[],"product_brand":[],"product_cat":[3630,3475],"product_tag":[],"class_list":{"0":"post-49010","1":"product","2":"type-product","3":"status-publish","4":"has-post-thumbnail","6":"product_cat-protecao-da-madeira","7":"product_cat-dominios-de-aplicacao","9":"first","10":"instock","11":"taxable","12":"shipping-taxable","13":"purchasable","14":"product-type-variable"},"_links":{"self":[{"href":"https:\/\/www.climatecoating.com\/pt-pt\/wp-json\/wp\/v2\/product\/49010","targetHints":{"allow":["GET"]}}],"collection":[{"href":"https:\/\/www.climatecoating.com\/pt-pt\/wp-json\/wp\/v2\/product"}],"about":[{"href":"https:\/\/www.climatecoating.com\/pt-pt\/wp-json\/wp\/v2\/types\/product"}],"wp:featuredmedia":[{"embeddable":true,"href":"https:\/\/www.climatecoating.com\/pt-pt\/wp-json\/wp\/v2\/media\/49011"}],"wp:attachment":[{"href":"https:\/\/www.climatecoating.com\/pt-pt\/wp-json\/wp\/v2\/media?parent=49010"}],"wp:term":[{"taxonomy":"product_brand","embeddable":true,"href":"https:\/\/www.climatecoating.com\/pt-pt\/wp-json\/wp\/v2\/product_brand?post=49010"},{"taxonomy":"product_cat","embeddable":true,"href":"https:\/\/www.climatecoating.com\/pt-pt\/wp-json\/wp\/v2\/product_cat?post=49010"},{"taxonomy":"product_tag","embeddable":true,"href":"https:\/\/www.climatecoating.com\/pt-pt\/wp-json\/wp\/v2\/product_tag?post=49010"}],"curies":[{"name":"wp","href":"https:\/\/api.w.org\/{rel}","templated":true}]}}