{"id":49029,"date":"2020-07-22T22:57:30","date_gmt":"2020-07-22T20:57:30","guid":{"rendered":"https:\/\/www.climatecoating.com\/produkt\/estuqueprimer\/"},"modified":"2026-03-16T11:40:05","modified_gmt":"2026-03-16T10:40:05","slug":"stuccoprimer","status":"publish","type":"product","link":"https:\/\/www.climatecoating.com\/pt-pt\/produkt\/stuccoprimer\/","title":{"rendered":"StuccoPrimer"},"content":{"rendered":"<p><strong>Adequado para o metro!<\/strong><\/p>\n<p>A aplica\u00e7\u00e3o \u00e9 extremamente simples: StuccoPrimer pode ser aplicado diretamente com um pincel, trincha ou rolo de pintura normal. Pronto a usar, sem necessidade de misturar &#8211; para um trabalho eficiente e limpo.<\/p>\n<p><strong>Dom\u00ednios de aplica\u00e7\u00e3o:<\/strong><\/p>\n<ul>\n<li data-start=\"1457\" data-end=\"1489\">Alisa superf\u00edcies de gesso novas e velhas<\/li>\n<li data-start=\"1492\" data-end=\"1541\">Substratos com diferentes n\u00edveis de absor\u00e7\u00e3o<\/li>\n<li data-start=\"1544\" data-end=\"1579\">Constru\u00e7\u00e3o nova, remodela\u00e7\u00e3o e renova\u00e7\u00e3o<\/li>\n<li data-start=\"1582\" data-end=\"1642\">Base perfeita para StuccoTex<\/li>\n<\/ul>\n<p><img loading=\"lazy\" decoding=\"async\" class=\"alignnone wp-image-59689 size-full\" title=\"Sistema de reboco StuccoTex Funcionalidade\" src=\"https:\/\/www.climatecoating.com\/wp-content\/uploads\/2026\/02\/StuccoTex-Putz-System_Funktionsweise_PT.png\" alt=\"Sistema de reboco StuccoTex Funcionalidade\" width=\"1600\" height=\"1150\" \/><\/p>\n<p><strong>O prim\u00e1rio StuccoPrimer cria a base perfeita para uma superf\u00edcie uniforme, duradoura e de alta qualidade. Aplica simplesmente &#8211; pronto! <\/strong><\/p>\n","protected":false},"excerpt":{"rendered":"<hr \/>\n<p><strong>Promotor de ades\u00e3o pronto a usar <\/strong><\/p>\n<p>StuccoPrimer reduz a absor\u00e7\u00e3o do substrato e cria uma base uniformemente absorvente &#8211; para uma ader\u00eancia segura de <a href=\"https:\/\/www.climatecoating.com\/pt-pt\/produkt\/stuccotex-80\/\" target=\"_blank\" rel=\"noopener\">StuccoTex 80<\/a> e <a href=\"https:\/\/www.climatecoating.com\/pt-pt\/produkt\/stuccotex-280\/\" target=\"_blank\" rel=\"noopener\">StuccoTex 280<\/a> em quase todas as superf\u00edcies de gesso novas e velhas. O prim\u00e1rio baseia-se na <a href=\"https:\/\/www.climatecoating.com\/pt-pt\/area-do-cliente\/glossario\/\" target=\"_blank\" rel=\"noopener\">tecnologia de membrana reflectora<\/a>, \u00e9 perme\u00e1vel a varia\u00e7\u00f5es e, por isso, \u00e9 o &#8220;jogador&#8221; perfeito no sistema de gesso StuccoTex.<\/p>\n","protected":false},"featured_media":49030,"template":"","meta":[],"product_brand":[],"product_cat":[3539,3486,4322,3488,3475,3479],"product_tag":[],"class_list":{"0":"post-49029","1":"product","2":"type-product","3":"status-publish","4":"has-post-thumbnail","6":"product_cat-no-exterior","7":"product_cat-edificios-publicos","8":"product_cat-rebocos-exteriores-interiores","9":"product_cat-no-interior","10":"product_cat-dominios-de-aplicacao","11":"product_cat-construir-e-viver","13":"first","14":"instock","15":"taxable","16":"shipping-taxable","17":"purchasable","18":"product-type-variable"},"_links":{"self":[{"href":"https:\/\/www.climatecoating.com\/pt-pt\/wp-json\/wp\/v2\/product\/49029","targetHints":{"allow":["GET"]}}],"collection":[{"href":"https:\/\/www.climatecoating.com\/pt-pt\/wp-json\/wp\/v2\/product"}],"about":[{"href":"https:\/\/www.climatecoating.com\/pt-pt\/wp-json\/wp\/v2\/types\/product"}],"wp:featuredmedia":[{"embeddable":true,"href":"https:\/\/www.climatecoating.com\/pt-pt\/wp-json\/wp\/v2\/media\/49030"}],"wp:attachment":[{"href":"https:\/\/www.climatecoating.com\/pt-pt\/wp-json\/wp\/v2\/media?parent=49029"}],"wp:term":[{"taxonomy":"product_brand","embeddable":true,"href":"https:\/\/www.climatecoating.com\/pt-pt\/wp-json\/wp\/v2\/product_brand?post=49029"},{"taxonomy":"product_cat","embeddable":true,"href":"https:\/\/www.climatecoating.com\/pt-pt\/wp-json\/wp\/v2\/product_cat?post=49029"},{"taxonomy":"product_tag","embeddable":true,"href":"https:\/\/www.climatecoating.com\/pt-pt\/wp-json\/wp\/v2\/product_tag?post=49029"}],"curies":[{"name":"wp","href":"https:\/\/api.w.org\/{rel}","templated":true}]}}