{"id":49056,"date":"2020-08-26T10:11:15","date_gmt":"2020-08-26T08:11:15","guid":{"rendered":"https:\/\/www.climatecoating.com\/produkt\/sanosil-s003\/"},"modified":"2026-03-02T11:17:20","modified_gmt":"2026-03-02T10:17:20","slug":"sanosil-s003","status":"publish","type":"product","link":"https:\/\/www.climatecoating.com\/pt-pt\/produkt\/sanosil-s003\/","title":{"rendered":"Sanosil S003"},"content":{"rendered":"<p>Sanosil S003 \u00e9 nebulizado na sala a ser tratada com um dispositivo de nebuliza\u00e7\u00e3o a frio. Para desativar todos os esporos, todo o invent\u00e1rio permanece na sala.<br \/>\nO tempo de exposi\u00e7\u00e3o \u00e9 de aproximadamente 120 minutos.<\/p>\n<p><strong>Duo eficaz<br \/>\n<\/strong>Sanosil S003 &amp; S010 desactivam as toxinas do bolor e os seus alerg\u00e9nios, tanto na parede como no ar. At\u00e9 \u00e0 data, n\u00e3o se conhecem microrganismos que Sanosil 003 &amp; 010 n\u00e3o inactive. A boa compatibilidade dos materiais protege o tecido do edif\u00edcio.<\/p>\n<p>Sanosil S003 &amp; S010 s\u00e3o amigos do ambiente e completamente inofensivos para o organismo humano ap\u00f3s a aplica\u00e7\u00e3o. Por conseguinte, os produtos podem ser utilizados sem hesita\u00e7\u00e3o em todas as \u00e1reas de habita\u00e7\u00e3o, mesmo na cozinha ou no quarto das crian\u00e7as. Os quartos ficam imediatamente habit\u00e1veis ap\u00f3s o tratamento.<\/p>\n<p>Sanosil S003 e S010 t\u00eam um elevado potencial de desinfe\u00e7\u00e3o e n\u00e3o s\u00e3o t\u00f3xicos, degradando-se ap\u00f3s o processamento nos ingredientes originais contidos na \u00e1gua. O papel de parede destacado e outros materiais s\u00e3o simplesmente eliminados com o lixo dom\u00e9stico ap\u00f3s o tratamento.<\/p>\n<p>Para proteger contra o aumento da exposi\u00e7\u00e3o aos esporos quando se utiliza Sanosil S003 &amp; S010, s\u00e3o necess\u00e1rias medidas de prote\u00e7\u00e3o pessoal, tais como um fato de prote\u00e7\u00e3o e uma m\u00e1scara respirat\u00f3ria.<\/p>\n","protected":false},"excerpt":{"rendered":"<hr \/>\n<p>Sanosil S003 \u00e9 o eliminador de esporos de bolor utilizado para tratar o ar interior e a contamina\u00e7\u00e3o secund\u00e1ria.<\/p>\n","protected":false},"featured_media":49057,"template":"","meta":[],"product_brand":[],"product_cat":[3387,3386],"product_tag":[],"class_list":{"0":"post-49056","1":"product","2":"type-product","3":"status-publish","4":"has-post-thumbnail","6":"product_cat-produtos-adicionais","7":"product_cat-produtos","9":"first","10":"instock","11":"taxable","12":"shipping-taxable","13":"purchasable","14":"product-type-simple"},"_links":{"self":[{"href":"https:\/\/www.climatecoating.com\/pt-pt\/wp-json\/wp\/v2\/product\/49056","targetHints":{"allow":["GET"]}}],"collection":[{"href":"https:\/\/www.climatecoating.com\/pt-pt\/wp-json\/wp\/v2\/product"}],"about":[{"href":"https:\/\/www.climatecoating.com\/pt-pt\/wp-json\/wp\/v2\/types\/product"}],"wp:featuredmedia":[{"embeddable":true,"href":"https:\/\/www.climatecoating.com\/pt-pt\/wp-json\/wp\/v2\/media\/49057"}],"wp:attachment":[{"href":"https:\/\/www.climatecoating.com\/pt-pt\/wp-json\/wp\/v2\/media?parent=49056"}],"wp:term":[{"taxonomy":"product_brand","embeddable":true,"href":"https:\/\/www.climatecoating.com\/pt-pt\/wp-json\/wp\/v2\/product_brand?post=49056"},{"taxonomy":"product_cat","embeddable":true,"href":"https:\/\/www.climatecoating.com\/pt-pt\/wp-json\/wp\/v2\/product_cat?post=49056"},{"taxonomy":"product_tag","embeddable":true,"href":"https:\/\/www.climatecoating.com\/pt-pt\/wp-json\/wp\/v2\/product_tag?post=49056"}],"curies":[{"name":"wp","href":"https:\/\/api.w.org\/{rel}","templated":true}]}}