{"id":49061,"date":"2020-08-09T14:37:27","date_gmt":"2020-08-09T12:37:27","guid":{"rendered":"https:\/\/www.climatecoating.com\/produkt\/revestimento-seguro-de-pu\/"},"modified":"2026-02-24T15:06:41","modified_gmt":"2026-02-24T14:06:41","slug":"pu-safe-coating","status":"publish","type":"product","link":"https:\/\/www.climatecoating.com\/pt-pt\/produkt\/pu-safe-coating\/","title":{"rendered":"PU Safe Coating"},"content":{"rendered":"<p>Este m\u00e9todo de veda\u00e7\u00e3o de janelas e portas durante a instala\u00e7\u00e3o \u00e9 mais simples e mais econ\u00f3mico do que os m\u00e9todos convencionais que utilizam Compriband, fita de veda\u00e7\u00e3o de juntas ou folha de alum\u00ednio. Com o novo m\u00e9todo, a janela mant\u00e9m-se estanque a toda a volta, tanto no tempo frio como no quente, com chuva forte ou longos per\u00edodos de seca.<\/p>\n<p>A abertura de difus\u00e3o vari\u00e1vel do PU Safe Coating permite a sua utiliza\u00e7\u00e3o tanto em interiores como em exteriores. O revestimento seguro PU forma uma membrana flex\u00edvel. O que \u00e9 bom: a estanquidade ao vapor do revestimento de veda\u00e7\u00e3o formador de membrana \u00e9 vari\u00e1vel. Adapta-se \u00e0s condi\u00e7\u00f5es ambientais de forma a bloquear ou deixar passar &#8211; dependendo do gradiente de press\u00e3o de vapor.<\/p>\n<p>O PU Safe Coating adere bem a todos os materiais convencionais e \u00e9 simplesmente aplicado com um pincel &#8211; de prefer\u00eancia duas vezes, para que as propriedades do produto possam funcionar de forma \u00f3ptima. A dispers\u00e3o deve cobrir a camada de isolamento t\u00e9rmico (espuma de montagem de PU) e todas as juntas, bem como, no m\u00ednimo, as superf\u00edcies de contacto \u00e0 volta do caixilho da janela ou da porta.<\/p>\n<p>O revestimento seguro de PU utilizado em combina\u00e7\u00e3o com a tinta para paredes interiores ThermoPlus ou a tinta para fachadas ThermoProtect minimiza ou evita as pontes frias! Para mais informa\u00e7\u00f5es, contacte os nossos consultores de aplica\u00e7\u00f5es experientes.<\/p>\n","protected":false},"excerpt":{"rendered":"<hr \/>\n<p>O PU Safe Coating \u00e9 um revestimento selante para aplica\u00e7\u00e3o em espuma de poliuretano como revestimento protetor na instala\u00e7\u00e3o de janelas e portas. R\u00e1pida e f\u00e1cil de aplicar, forma uma membrana imperme\u00e1vel, flex\u00edvel e protetora exatamente onde diferentes materiais se encontram.<\/p>\n<p>O revestimento seguro PU \u00e9 inovador, amigo do ambiente, eficaz e poderoso.<\/p>\n","protected":false},"featured_media":49062,"template":"","meta":[],"product_brand":[],"product_cat":[3486,3487,3556,3557,3475,3479],"product_tag":[],"class_list":{"0":"post-49061","1":"product","2":"type-product","3":"status-publish","4":"has-post-thumbnail","6":"product_cat-edificios-publicos","7":"product_cat-industria-hoteleira-e-gastronomia","8":"product_cat-aplicacoes-no-exterior","9":"product_cat-vedacao-de-janelas","10":"product_cat-dominios-de-aplicacao","11":"product_cat-construir-e-viver","13":"first","14":"instock","15":"taxable","16":"shipping-taxable","17":"purchasable","18":"product-type-variable"},"_links":{"self":[{"href":"https:\/\/www.climatecoating.com\/pt-pt\/wp-json\/wp\/v2\/product\/49061","targetHints":{"allow":["GET"]}}],"collection":[{"href":"https:\/\/www.climatecoating.com\/pt-pt\/wp-json\/wp\/v2\/product"}],"about":[{"href":"https:\/\/www.climatecoating.com\/pt-pt\/wp-json\/wp\/v2\/types\/product"}],"wp:featuredmedia":[{"embeddable":true,"href":"https:\/\/www.climatecoating.com\/pt-pt\/wp-json\/wp\/v2\/media\/49062"}],"wp:attachment":[{"href":"https:\/\/www.climatecoating.com\/pt-pt\/wp-json\/wp\/v2\/media?parent=49061"}],"wp:term":[{"taxonomy":"product_brand","embeddable":true,"href":"https:\/\/www.climatecoating.com\/pt-pt\/wp-json\/wp\/v2\/product_brand?post=49061"},{"taxonomy":"product_cat","embeddable":true,"href":"https:\/\/www.climatecoating.com\/pt-pt\/wp-json\/wp\/v2\/product_cat?post=49061"},{"taxonomy":"product_tag","embeddable":true,"href":"https:\/\/www.climatecoating.com\/pt-pt\/wp-json\/wp\/v2\/product_tag?post=49061"}],"curies":[{"name":"wp","href":"https:\/\/api.w.org\/{rel}","templated":true}]}}