{"id":49198,"date":"2020-05-26T19:37:20","date_gmt":"2020-05-26T17:37:20","guid":{"rendered":"https:\/\/www.climatecoating.com\/produkt\/thermoprotect-2\/"},"modified":"2026-02-23T13:11:35","modified_gmt":"2026-02-23T12:11:35","slug":"thermoprotect","status":"publish","type":"product","link":"https:\/\/www.climatecoating.com\/pt-pt\/produkt\/thermoprotect\/","title":{"rendered":"ThermoProtect"},"content":{"rendered":"<p><strong>Tecnologia de membrana reflectora &#8211; a pe\u00e7a central do ThermoProtect<br \/>\n<\/strong>O ThermoProtect n\u00e3o \u00e9 um isolamento de fachada cl\u00e1ssico, mas um revestimento funcional inovador e uma prote\u00e7\u00e3o de fachada duradoura. A sua <a href=\"https:\/\/www.climatecoating.com\/pt-pt\/area-do-cliente\/glossario\/\" target=\"_blank\" rel=\"noopener\">tecnologia \u00fanica de membrana reflectora<\/a> combina uma dispers\u00e3o de poliacrilato extremamente adesiva, especialmente desenvolvida, com <a href=\"https:\/\/www.climatecoating.com\/pt-pt\/area-do-cliente\/glossario\/\" target=\"_blank\" rel=\"noopener\">part\u00edculas ocas de vitrocer\u00e2mica<\/a> e activadores. Uma vez aplicado o revestimento, forma uma <a href=\"https:\/\/www.climatecoating.com\/pt-pt\/area-do-cliente\/glossario\/\" target=\"_blank\" rel=\"noopener\">membrana respir\u00e1vel e reflectora<\/a> que regula a humidade, protege a alvenaria e reduz o consumo de energia ao mesmo tempo. Mant\u00e9m a fachada seca, resistente e de f\u00e1cil manuten\u00e7\u00e3o a longo prazo, ao mesmo tempo que optimiza o efeito de isolamento natural.<\/p>\n<p><strong>Regula\u00e7\u00e3o da humidade e clima interior saud\u00e1vel<br \/>\n<\/strong>Quando chove, a membrana reflectora actua como uma barreira protetora contra a precipita\u00e7\u00e3o e a condensa\u00e7\u00e3o. Evita que a humidade penetre na alvenaria, formando uma camada de barreira. Ao mesmo tempo, a alvenaria \u00e9 desumidificada de forma regulada. Gra\u00e7as \u00e0 sua estrutura capilar especial, a tecnologia ThermoProtect s\u00f3 permite que a humidade seja transportada numa dire\u00e7\u00e3o &#8211; do interior para o exterior. Isto permite que a humidade escape para o exterior, mas n\u00e3o penetre na alvenaria. As paredes secas isolam melhor do que as h\u00famidas, armazenam o calor durante mais tempo e aumentam a efici\u00eancia energ\u00e9tica. Al\u00e9m disso, o efeito desumidificador elimina o terreno f\u00e9rtil para bolor, algas e musgo, impedindo assim o seu crescimento na fachada exterior.<\/p>\n<p><img loading=\"lazy\" decoding=\"async\" class=\"aligncenter wp-image-56197 size-full\" title=\"ThermoProtect Feuchteregulierung\" src=\"https:\/\/www.climatecoating.com\/wp-content\/uploads\/2026\/02\/ThermoProtect_Wetterbestaendiger-Wandaufbau_PT.png\" alt=\"Regula\u00e7\u00e3o da humidade ThermoProtect\" width=\"1536\" height=\"1024\" \/><\/p>\n<p><strong>Prote\u00e7\u00e3o contra o calor no ver\u00e3o e arrefecimento evaporativo<br \/>\n<\/strong>ThermoProtect reflecte a radia\u00e7\u00e3o solar na parede exterior no ver\u00e3o e, assim, protege eficazmente contra o sobreaquecimento. Mant\u00e9m o interior agradavelmente fresco mesmo em dias quentes &#8211; sem necessidade de ar condicionado. A combina\u00e7\u00e3o de reflex\u00e3o e evapora\u00e7\u00e3o direcionada garante um <a href=\"https:\/\/www.climatecoating.com\/pt-pt\/area-do-cliente\/glossario\/\" target=\"_blank\" rel=\"noopener\">isolamento t\u00e9rmico eficaz no ver\u00e3o<\/a> e um clima interior saud\u00e1vel que contribui de forma not\u00e1vel para o bem-estar. Ao mesmo tempo, o consumo de energia e os custos s\u00e3o significativamente reduzidos.<\/p>\n<p>Ao mesmo tempo, a fachada permanece seca, o que impede o crescimento de algas &#8211; particularmente importante para fachadas isoladas (ver <a href=\"https:\/\/www.climatecoating.com\/pt-pt\/comunicado-de-imprensa-revestimento-de-fachada-inovador-ajuda-a-poupar-dinheiro\/\" target=\"_blank\" rel=\"noopener\">projeto Perleberg<\/a>)<strong>.<\/strong> Quando utilizada em climas quentes, a transfer\u00eancia de calor do exterior para o interior tamb\u00e9m \u00e9 reduzida.<\/p>\n<p><img loading=\"lazy\" decoding=\"async\" class=\"alignnone wp-image-57162 size-full\" title=\"Arrefecimento evaporativo ThermoProtect\" src=\"https:\/\/www.climatecoating.com\/wp-content\/uploads\/2026\/02\/ThermoProtect_Verdunstungskuehlung_PT.png\" alt=\"Arrefecimento evaporativo ThermoProtect\" width=\"1500\" height=\"1024\" \/><\/p>\n<p><strong>Isolamento t\u00e9rmico de inverno e efici\u00eancia energ\u00e9tica<br \/>\n<\/strong>A alvenaria seca armazena os ganhos solares de forma mais eficiente, reduz a perda de calor e optimiza o efeito de isolamento natural. <a href=\"https:\/\/www.climatecoating.com\/pt-pt\/area-do-cliente\/glossario\/\" target=\"_blank\" rel=\"noopener\">O isolamento t\u00e9rmico eficaz no inverno<\/a> mant\u00e9m os interiores visivelmente mais quentes, reduz as necessidades de aquecimento e cria um clima interior acolhedor que aumenta o seu bem-estar. Isto poupa-te custos de aquecimento, eletricidade e energia e, ao mesmo tempo, contribui para a prote\u00e7\u00e3o do clima. <a href=\"https:\/\/www.climatecoating.com\/pt-pt\/referencias\/referencia\/blocos-de-apartamentos-em-botkyrka\/\" target=\"_blank\" rel=\"noopener\">Um exemplo da Su\u00e9cia com 12% de poupan\u00e7a de energia.<\/a><\/p>\n<p><strong>Protege a sua fachada a longo prazo, poupa custos de aquecimento, eletricidade e energia &#8211; com ThermoProtect, a tinta funcional para utiliza\u00e7\u00e3o no exterior.<\/strong><\/p>\n<hr \/>\n<p><a href=\"https:\/\/www.climatecoating.com\/pt-pt\/calculus\/\" target=\"_blank\" rel=\"noopener\"><strong><img loading=\"lazy\" decoding=\"async\" class=\"size-full wp-image-44757 alignleft\" title=\"C\u00e1lculo\" src=\"https:\/\/www.climatecoating.com\/wp-content\/uploads\/2023\/02\/Calculus_Button_80px.png\" alt=\"C\u00e1lculo\" width=\"80\" height=\"80\" \/><\/strong><\/a><a href=\"https:\/\/www.climatecoating.com\/pt-pt\/area-do-cliente\/glossario\/\" target=\"_blank\" rel=\"noopener\">Para o calculador de temperatura Calculus<sup><strong>\u00ae<\/strong>, <\/sup><\/a>a ferramenta Web baseada em IA para prever a diferen\u00e7a nas temperaturas interiores e derivar potenciais poupan\u00e7as de energia quando as paredes e\/ou telhados s\u00e3o revestidos com os produtos ClimateCoating<sup>\u00ae<\/sup> ThermoProtect e ThermoActive.<\/p>\n","protected":false},"excerpt":{"rendered":"<hr \/>\n<p><strong>Prote\u00e7\u00e3o a longo prazo para a sua fachada<br \/>\n<\/strong>A tinta economizadora de energia ThermoProtect, pronta a usar, protege de forma fi\u00e1vel a sua fachada contra a humidade, bem como contra a infesta\u00e7\u00e3o de algas, musgo e fungos, regula a temperatura e melhora o equil\u00edbrio energ\u00e9tico do edif\u00edcio durante todo o ano. \u00c9 eficiente em termos energ\u00e9ticos, econ\u00f3mico, dur\u00e1vel e extremamente robusto e resiste a todas as condi\u00e7\u00f5es climat\u00e9ricas. \u00c9 tamb\u00e9m resistente aos raios UV, pelo que as cores n\u00e3o se desvanecem a longo prazo.<\/p>\n<p><strong>V\u00ea as vantagens mais importantes num relance: <\/strong><\/p>\n<blockquote>\n<div><img loading=\"lazy\" decoding=\"async\" class=\"alignnone wp-image-59777\" title=\"Icon humidity and temperature regulating green 2\" src=\"https:\/\/www.climatecoating.com\/wp-content\/uploads\/2025\/11\/Icon_humidity-and-temperature-regulating_green_2-1.png\" alt=\"Icon humidity and temperature regulating green 2\" width=\"50\" height=\"50\" srcset=\"https:\/\/www.climatecoating.com\/wp-content\/uploads\/2025\/11\/Icon_humidity-and-temperature-regulating_green_2-1.png 242w, https:\/\/www.climatecoating.com\/wp-content\/uploads\/2025\/11\/Icon_humidity-and-temperature-regulating_green_2-1-150x150.png 150w, https:\/\/www.climatecoating.com\/wp-content\/uploads\/2025\/11\/Icon_humidity-and-temperature-regulating_green_2-1-100x100.png 100w\" sizes=\"auto, (max-width: 50px) 100vw, 50px\" \/> regula\u00e7\u00e3o da humidade e da temperatura<\/div>\n<div><img loading=\"lazy\" decoding=\"async\" class=\"alignnone wp-image-59778\" title=\"Icon energy saving green\" src=\"https:\/\/www.climatecoating.com\/wp-content\/uploads\/2025\/11\/Icon_energy-saving_green-1.png\" alt=\"Icon energy saving green\" width=\"50\" height=\"50\" srcset=\"https:\/\/www.climatecoating.com\/wp-content\/uploads\/2025\/11\/Icon_energy-saving_green-1.png 242w, https:\/\/www.climatecoating.com\/wp-content\/uploads\/2025\/11\/Icon_energy-saving_green-1-150x150.png 150w, https:\/\/www.climatecoating.com\/wp-content\/uploads\/2025\/11\/Icon_energy-saving_green-1-100x100.png 100w\" sizes=\"auto, (max-width: 50px) 100vw, 50px\" \/> efici\u00eancia energ\u00e9tica e poupan\u00e7a de custos<\/div>\n<div><img loading=\"lazy\" decoding=\"async\" class=\"alignnone wp-image-60030\" title=\"Icon robust and durable green\" src=\"https:\/\/www.climatecoating.com\/wp-content\/uploads\/2020\/05\/Icon_robust_and_durable_green_2.png\" alt=\"Icon robust and durable green\" width=\"50\" height=\"50\" srcset=\"https:\/\/www.climatecoating.com\/wp-content\/uploads\/2020\/05\/Icon_robust_and_durable_green_2.png 242w, https:\/\/www.climatecoating.com\/wp-content\/uploads\/2020\/05\/Icon_robust_and_durable_green_2-150x150.png 150w, https:\/\/www.climatecoating.com\/wp-content\/uploads\/2020\/05\/Icon_robust_and_durable_green_2-100x100.png 100w\" sizes=\"auto, (max-width: 50px) 100vw, 50px\" \/> extremamente robusto e dur\u00e1vel<\/div>\n<div><img loading=\"lazy\" decoding=\"async\" class=\"alignnone wp-image-60031\" title=\"Icon reflects UV radiation green\" src=\"https:\/\/www.climatecoating.com\/wp-content\/uploads\/2020\/05\/Icon_reflects_UV-radiation_green_2.png\" alt=\"Icon reflects UV radiation green\" width=\"50\" height=\"50\" srcset=\"https:\/\/www.climatecoating.com\/wp-content\/uploads\/2020\/05\/Icon_reflects_UV-radiation_green_2.png 242w, https:\/\/www.climatecoating.com\/wp-content\/uploads\/2020\/05\/Icon_reflects_UV-radiation_green_2-150x150.png 150w, https:\/\/www.climatecoating.com\/wp-content\/uploads\/2020\/05\/Icon_reflects_UV-radiation_green_2-100x100.png 100w\" sizes=\"auto, (max-width: 50px) 100vw, 50px\" \/> resistente aos raios UV de longa dura\u00e7\u00e3o<\/div>\n<div><img loading=\"lazy\" decoding=\"async\" class=\"alignnone wp-image-60498\" title=\"Icon protection algae, mold and weather green\" src=\"https:\/\/www.climatecoating.com\/wp-content\/uploads\/2020\/05\/Icon_protection-algae-mold-and-weather_green.png\" alt=\"Icon protection algae, mold and weather green\" width=\"50\" height=\"50\" srcset=\"https:\/\/www.climatecoating.com\/wp-content\/uploads\/2020\/05\/Icon_protection-algae-mold-and-weather_green.png 242w, https:\/\/www.climatecoating.com\/wp-content\/uploads\/2020\/05\/Icon_protection-algae-mold-and-weather_green-150x150.png 150w, https:\/\/www.climatecoating.com\/wp-content\/uploads\/2020\/05\/Icon_protection-algae-mold-and-weather_green-100x100.png 100w\" sizes=\"auto, (max-width: 50px) 100vw, 50px\" \/> protege contra algas, musgo, fungos e intemp\u00e9ries<\/div>\n<div><img loading=\"lazy\" decoding=\"async\" class=\"alignnone wp-image-59791\" title=\"Icon 100 000 colors green 2\" src=\"https:\/\/www.climatecoating.com\/wp-content\/uploads\/2020\/08\/Icon_100-000-colors_green_2.png\" alt=\"Icon 100 000 colors green 2\" width=\"50\" height=\"50\" srcset=\"https:\/\/www.climatecoating.com\/wp-content\/uploads\/2020\/08\/Icon_100-000-colors_green_2.png 242w, https:\/\/www.climatecoating.com\/wp-content\/uploads\/2020\/08\/Icon_100-000-colors_green_2-150x150.png 150w, https:\/\/www.climatecoating.com\/wp-content\/uploads\/2020\/08\/Icon_100-000-colors_green_2-100x100.png 100w\" sizes=\"auto, (max-width: 50px) 100vw, 50px\" \/> &gt; 100.000 tons<\/div>\n<\/blockquote>\n","protected":false},"featured_media":55052,"template":"","meta":[],"product_brand":[],"product_cat":[3479,3486,3487,3539,3475],"product_tag":[],"class_list":{"0":"post-49198","1":"product","2":"type-product","3":"status-publish","4":"has-post-thumbnail","6":"product_cat-construir-e-viver","7":"product_cat-edificios-publicos","8":"product_cat-industria-hoteleira-e-gastronomia","9":"product_cat-no-exterior","10":"product_cat-dominios-de-aplicacao","12":"first","13":"instock","14":"taxable","15":"shipping-taxable","16":"purchasable","17":"product-type-variable"},"_links":{"self":[{"href":"https:\/\/www.climatecoating.com\/pt-pt\/wp-json\/wp\/v2\/product\/49198","targetHints":{"allow":["GET"]}}],"collection":[{"href":"https:\/\/www.climatecoating.com\/pt-pt\/wp-json\/wp\/v2\/product"}],"about":[{"href":"https:\/\/www.climatecoating.com\/pt-pt\/wp-json\/wp\/v2\/types\/product"}],"wp:featuredmedia":[{"embeddable":true,"href":"https:\/\/www.climatecoating.com\/pt-pt\/wp-json\/wp\/v2\/media\/55052"}],"wp:attachment":[{"href":"https:\/\/www.climatecoating.com\/pt-pt\/wp-json\/wp\/v2\/media?parent=49198"}],"wp:term":[{"taxonomy":"product_brand","embeddable":true,"href":"https:\/\/www.climatecoating.com\/pt-pt\/wp-json\/wp\/v2\/product_brand?post=49198"},{"taxonomy":"product_cat","embeddable":true,"href":"https:\/\/www.climatecoating.com\/pt-pt\/wp-json\/wp\/v2\/product_cat?post=49198"},{"taxonomy":"product_tag","embeddable":true,"href":"https:\/\/www.climatecoating.com\/pt-pt\/wp-json\/wp\/v2\/product_tag?post=49198"}],"curies":[{"name":"wp","href":"https:\/\/api.w.org\/{rel}","templated":true}]}}