{"id":54262,"date":"2020-05-27T11:58:52","date_gmt":"2020-05-27T09:58:52","guid":{"rendered":"https:\/\/www.climatecoating.com\/?post_type=product&#038;p=54262"},"modified":"2026-03-16T11:40:13","modified_gmt":"2026-03-16T10:40:13","slug":"isotex-r70","status":"publish","type":"product","link":"https:\/\/www.climatecoating.com\/pt-pt\/produkt\/isotex-r70\/","title":{"rendered":"IsoTex R70"},"content":{"rendered":"<p><strong>Bem isolado com facilidade <\/strong><\/p>\n<p>Devido \u00e0 sua granulometria especial, o IsoTex R70 \u00e9 um reboco relativamente macio. Com um consumo de apenas 4,0 a 4,5 kg\/m\u00b2, \u00e9 muito leve e n\u00e3o necessita de ajudas de ancoragem adicionais. O reboco de isolamento t\u00e9rmico \u00e9 f\u00e1cil de aplicar, tanto mec\u00e2nica como manualmente, e pode ser aplicado sem esfor\u00e7o com uma esp\u00e1tula ou um pulverizador. \u00c9 adequado para o reboco de tijolo, bet\u00e3o, bet\u00e3o armado, bet\u00e3o celular, madeira e substratos met\u00e1licos em interiores e exteriores.<\/p>\n<p>Para o nivelamento e acabamento da superf\u00edcie, o IsoTex R70 pode ser revestido com o reboco fino, mineral e liso <a href=\"https:\/\/www.climatecoating.com\/pt-pt\/produkt\/isotex-f50\/\" target=\"_blank\" rel=\"noopener\">IsoTex F50<\/a> para se adequar ao sistema. Isto cria uma superf\u00edcie lisa e homog\u00e9nea como base ideal para os revestimentos subsequentes.<\/p>\n<p><strong>Sistema ClimateCoating<sup>\u00ae<\/sup> IsoTex &#8211; O trio de poupan\u00e7a de energia para a fachada<\/strong><\/p>\n<p><strong>O problema:<\/strong> as paredes exteriores &#8211; com ou sem uma camada de tinta &#8211; absorvem \u00e1gua quando chove. Quanto mais tempo durar a precipita\u00e7\u00e3o, mais \u00e1gua \u00e9 absorvida. Esta \u00e1gua tem de evaporar novamente da parede. Isto cria um arrefecimento evaporativo, que retira quantidades consider\u00e1veis de energia do edif\u00edcio. Esta situa\u00e7\u00e3o tem de ser compensada pelo aquecimento ou pelo ar condicionado.<\/p>\n<p><strong>A solu\u00e7\u00e3o:<\/strong> um sistema de isolamento t\u00e9rmico com <a href=\"https:\/\/youtu.be\/wZovk682oss\" target=\"_blank\" rel=\"noopener\">tecnologia de membrana reflectora<\/a><br \/>\nAp\u00f3s a aplica\u00e7\u00e3o, o reboco leve de isolamento t\u00e9rmico IsoTex R70 \u00e9 nivelado com o reboco fino <a href=\"https:\/\/www.climatecoating.com\/pt-pt\/produkt\/isotex-f50\/\" target=\"_blank\" rel=\"noopener\">IsoTex F50<\/a> liso e, em seguida, revestido com duas camadas da tinta funcional <a href=\"https:\/\/www.climatecoating.com\/pt-pt\/produkt\/thermoprotect\/\" target=\"_blank\" rel=\"noopener\">ThermoProtect<\/a> da ClimateCoating<sup>\u00ae<\/sup> para uso exterior. A tinta actua como uma membrana: absorve apenas pequenas quantidades de \u00e1gua quando chove, sem que esta penetre no substrato de gesso. Assim que a membrana estiver saturada, n\u00e3o absorve mais \u00e1gua, mesmo que continue a chover. Ap\u00f3s a chuva, a \u00e1gua evapora-se da camada de tinta, enquanto a humidade residual \u00e9 removida do reboco pela a\u00e7\u00e3o capilar da tinta funcional e rapidamente libertada. Isto minimiza a quantidade de evapora\u00e7\u00e3o e o revestimento da fachada cumpre os requisitos da norma EN 998-1 como &#8220;repelente de \u00e1gua&#8221;.<\/p>\n<p><img loading=\"lazy\" decoding=\"async\" class=\"aligncenter wp-image-64185 size-full\" title=\"Funcionalidade do sistema IsoTex PT\" src=\"https:\/\/www.climatecoating.com\/wp-content\/uploads\/2026\/02\/IsoTex-System_Funktionsweise_PT.png\" alt=\"Funcionalidade do sistema IsoTex PT\" width=\"1600\" height=\"1150\" srcset=\"https:\/\/www.climatecoating.com\/wp-content\/uploads\/2026\/02\/IsoTex-System_Funktionsweise_PT.png 1600w, https:\/\/www.climatecoating.com\/wp-content\/uploads\/2026\/02\/IsoTex-System_Funktionsweise_PT-300x216.png 300w, https:\/\/www.climatecoating.com\/wp-content\/uploads\/2026\/02\/IsoTex-System_Funktionsweise_PT-1024x736.png 1024w, https:\/\/www.climatecoating.com\/wp-content\/uploads\/2026\/02\/IsoTex-System_Funktionsweise_PT-768x552.png 768w, https:\/\/www.climatecoating.com\/wp-content\/uploads\/2026\/02\/IsoTex-System_Funktionsweise_PT-1536x1104.png 1536w, https:\/\/www.climatecoating.com\/wp-content\/uploads\/2026\/02\/IsoTex-System_Funktionsweise_PT-700x503.png 700w, https:\/\/www.climatecoating.com\/wp-content\/uploads\/2026\/02\/IsoTex-System_Funktionsweise_PT-1100x791.png 1100w, https:\/\/www.climatecoating.com\/wp-content\/uploads\/2026\/02\/IsoTex-System_Funktionsweise_PT-600x431.png 600w\" sizes=\"auto, (max-width: 1600px) 100vw, 1600px\" \/><\/p>\n<p>ThermoProtect ist zudem sehr stabil gegen Umwelteinfl\u00fcsse wie UV-Strahlung oder S\u00e4ure im Regenwasser. Die antistatische Wirkung reduziert deutlich die Staubanhaftung. Es sind beschichtete Fassaden dokumentiert, an denen selbst nach \u00fcber 20 Jahren die membranartige Beschichtung noch intakt und frei von Rissen ist, so dass die energiesparende Wirkung gegeben ist. Siehe Projektbeispiel <a href=\"https:\/\/www.climatecoating.com\/pt-pt\/referencias\/referencia\/blocos-de-apartamentos-em-perleberg\/\" target=\"_blank\" rel=\"noopener\">Perleberg \u2013 Fassadenbeschichtung mit ThermoProtect<\/a> und die <a href=\"https:\/\/www.climatecoating.com\/pt-pt\/comunicado-de-imprensa-revestimento-de-fachada-inovador-ajuda-a-poupar-dinheiro\/\" target=\"_blank\" rel=\"noopener\">Pressemitteilung<\/a> dazu.<\/p>\n<p><strong>Vantagens do sistema IsoTex<\/strong><\/p>\n<p>A combina\u00e7\u00e3o do reboco de isolamento t\u00e9rmico IsoTex R70, a camada de nivelamento IsoTex F50 opcional e a tinta funcional ThermoProtect forma um sistema de fachada dur\u00e1vel e de elevado desempenho. Oferece uma prote\u00e7\u00e3o fi\u00e1vel contra todas as influ\u00eancias atmosf\u00e9ricas e, ao mesmo tempo, contribui para uma redu\u00e7\u00e3o significativa dos custos de aquecimento e ar condicionado. A gest\u00e3o eficaz da humidade e do calor tamb\u00e9m melhora de forma sustent\u00e1vel o clima interior e ajuda a manter o valor da estrutura do edif\u00edcio a longo prazo.<\/p>\n<p><strong>PS: Reduzir a humidade na alvenaria em apenas 1 % pode reduzir os custos de aquecimento at\u00e9 10 %.<\/strong><\/p>\n","protected":false},"excerpt":{"rendered":"<hr \/>\n<p><strong>Reboco isolante mineral leve<\/strong><\/p>\n<p>O IsoTex R70 \u00e9 um reboco de isolamento t\u00e9rmico \u00e0 base de minerais muito leve para utiliza\u00e7\u00e3o em interiores e exteriores. Devido \u00e0 sua elevada resist\u00eancia t\u00e9rmica estrutural, reduz eficazmente as fugas de calor do edif\u00edcio, contribuindo assim para uma not\u00e1vel poupan\u00e7a de energia. Gra\u00e7as \u00e0 sua gest\u00e3o inteligente da humidade, os custos de aquecimento e ar condicionado podem ser reduzidos em cerca de 15% a 40%. Com uma condutividade t\u00e9rmica muito baixa de 0,077 W\/mK, o IsoTex R70 protege de forma fi\u00e1vel os edif\u00edcios contra a perda de calor no inverno e assegura um clima interior agradavelmente fresco no ver\u00e3o. A baixa absor\u00e7\u00e3o de \u00e1gua por capilaridade garante que a alvenaria se mant\u00e9m seca &#8211; um fator decisivo para o efeito isolante a longo prazo e para a reten\u00e7\u00e3o do valor do tecido do edif\u00edcio.<\/p>\n<p><strong>V\u00ea as vantagens mais importantes num relance:<\/strong><\/p>\n<div><img loading=\"lazy\" decoding=\"async\" class=\"alignnone wp-image-60501\" title=\"Icon lightweight facade plaster 2 green\" src=\"https:\/\/www.climatecoating.com\/wp-content\/uploads\/2020\/07\/Icon_lightweight-facade-plaster_2_green.png\" alt=\"Icon lightweight facade plaster 2 green\" width=\"50\" height=\"50\" srcset=\"https:\/\/www.climatecoating.com\/wp-content\/uploads\/2020\/07\/Icon_lightweight-facade-plaster_2_green.png 242w, https:\/\/www.climatecoating.com\/wp-content\/uploads\/2020\/07\/Icon_lightweight-facade-plaster_2_green-150x150.png 150w, https:\/\/www.climatecoating.com\/wp-content\/uploads\/2020\/07\/Icon_lightweight-facade-plaster_2_green-100x100.png 100w\" sizes=\"auto, (max-width: 50px) 100vw, 50px\" \/> reboco de isolamento t\u00e9rmico mineral muito leve para uso exterior e interior<\/div>\n<div><img loading=\"lazy\" decoding=\"async\" class=\"alignnone wp-image-62161\" title=\"Icon mineral grain green\" src=\"https:\/\/www.climatecoating.com\/wp-content\/uploads\/2020\/05\/Icon_mineral-grain_green.png\" alt=\"Icon mineral grain green\" width=\"50\" height=\"50\" srcset=\"https:\/\/www.climatecoating.com\/wp-content\/uploads\/2020\/05\/Icon_mineral-grain_green.png 242w, https:\/\/www.climatecoating.com\/wp-content\/uploads\/2020\/05\/Icon_mineral-grain_green-150x150.png 150w, https:\/\/www.climatecoating.com\/wp-content\/uploads\/2020\/05\/Icon_mineral-grain_green-100x100.png 100w\" sizes=\"auto, (max-width: 50px) 100vw, 50px\" \/> gr\u00e3o mineral at\u00e9 2 mm<\/div>\n<div><img loading=\"lazy\" decoding=\"async\" class=\"alignnone wp-image-59778\" title=\"Icon energy saving green\" src=\"https:\/\/www.climatecoating.com\/wp-content\/uploads\/2025\/11\/Icon_energy-saving_green-1.png\" alt=\"Icon energy saving green\" width=\"50\" height=\"50\" srcset=\"https:\/\/www.climatecoating.com\/wp-content\/uploads\/2025\/11\/Icon_energy-saving_green-1.png 242w, https:\/\/www.climatecoating.com\/wp-content\/uploads\/2025\/11\/Icon_energy-saving_green-1-150x150.png 150w, https:\/\/www.climatecoating.com\/wp-content\/uploads\/2025\/11\/Icon_energy-saving_green-1-100x100.png 100w\" sizes=\"auto, (max-width: 50px) 100vw, 50px\" \/> efici\u00eancia energ\u00e9tica e poupan\u00e7a de custos<\/div>\n<div><img loading=\"lazy\" decoding=\"async\" class=\"alignnone wp-image-60446\" title=\"Icon evaporative cooling moisture regulating green\" src=\"https:\/\/www.climatecoating.com\/wp-content\/uploads\/2020\/08\/Icon_evaporative-cooling_moisture-regulating_green.png\" alt=\"Icon evaporative cooling moisture regulating green\" width=\"50\" height=\"50\" srcset=\"https:\/\/www.climatecoating.com\/wp-content\/uploads\/2020\/08\/Icon_evaporative-cooling_moisture-regulating_green.png 242w, https:\/\/www.climatecoating.com\/wp-content\/uploads\/2020\/08\/Icon_evaporative-cooling_moisture-regulating_green-150x150.png 150w, https:\/\/www.climatecoating.com\/wp-content\/uploads\/2020\/08\/Icon_evaporative-cooling_moisture-regulating_green-100x100.png 100w\" sizes=\"auto, (max-width: 50px) 100vw, 50px\" \/> regula\u00e7\u00e3o da humidade<\/div>\n<div><img loading=\"lazy\" decoding=\"async\" class=\"alignnone wp-image-59755\" title=\"no ver\u00e3o: visivelmente fresco\" src=\"https:\/\/www.climatecoating.com\/wp-content\/uploads\/2025\/11\/Icon_summer-heat-protection_green.png\" alt=\"no ver\u00e3o: visivelmente fresco\" width=\"57\" height=\"57\" srcset=\"https:\/\/www.climatecoating.com\/wp-content\/uploads\/2025\/11\/Icon_summer-heat-protection_green.png 242w, https:\/\/www.climatecoating.com\/wp-content\/uploads\/2025\/11\/Icon_summer-heat-protection_green-150x150.png 150w, https:\/\/www.climatecoating.com\/wp-content\/uploads\/2025\/11\/Icon_summer-heat-protection_green-100x100.png 100w\" sizes=\"auto, (max-width: 57px) 100vw, 57px\" \/> elevada resist\u00eancia t\u00e9rmica estrutural<\/div>\n","protected":false},"featured_media":54312,"template":"","meta":[],"product_brand":[],"product_cat":[3691,4322,3475,3479,3486,3487,3488,3539,3685],"product_tag":[],"class_list":{"0":"post-54262","1":"product","2":"type-product","3":"status-publish","4":"has-post-thumbnail","6":"product_cat-aplicativos-externos","7":"product_cat-rebocos-exteriores-interiores","8":"product_cat-dominios-de-aplicacao","9":"product_cat-construir-e-viver","10":"product_cat-edificios-publicos","11":"product_cat-industria-hoteleira-e-gastronomia","12":"product_cat-no-interior","13":"product_cat-no-exterior","14":"product_cat-exterior-do-edificio","16":"first","17":"instock","18":"taxable","19":"shipping-taxable","20":"purchasable","21":"product-type-variable"},"_links":{"self":[{"href":"https:\/\/www.climatecoating.com\/pt-pt\/wp-json\/wp\/v2\/product\/54262","targetHints":{"allow":["GET"]}}],"collection":[{"href":"https:\/\/www.climatecoating.com\/pt-pt\/wp-json\/wp\/v2\/product"}],"about":[{"href":"https:\/\/www.climatecoating.com\/pt-pt\/wp-json\/wp\/v2\/types\/product"}],"wp:featuredmedia":[{"embeddable":true,"href":"https:\/\/www.climatecoating.com\/pt-pt\/wp-json\/wp\/v2\/media\/54312"}],"wp:attachment":[{"href":"https:\/\/www.climatecoating.com\/pt-pt\/wp-json\/wp\/v2\/media?parent=54262"}],"wp:term":[{"taxonomy":"product_brand","embeddable":true,"href":"https:\/\/www.climatecoating.com\/pt-pt\/wp-json\/wp\/v2\/product_brand?post=54262"},{"taxonomy":"product_cat","embeddable":true,"href":"https:\/\/www.climatecoating.com\/pt-pt\/wp-json\/wp\/v2\/product_cat?post=54262"},{"taxonomy":"product_tag","embeddable":true,"href":"https:\/\/www.climatecoating.com\/pt-pt\/wp-json\/wp\/v2\/product_tag?post=54262"}],"curies":[{"name":"wp","href":"https:\/\/api.w.org\/{rel}","templated":true}]}}