{"id":64767,"date":"2025-08-06T17:33:46","date_gmt":"2025-08-06T15:33:46","guid":{"rendered":"https:\/\/www.climatecoating.com\/produkt\/isotex-f50\/"},"modified":"2026-03-16T11:57:36","modified_gmt":"2026-03-16T10:57:36","slug":"isotex-f50","status":"publish","type":"product","link":"https:\/\/www.climatecoating.com\/pt-pt\/produkt\/isotex-f50\/","title":{"rendered":"IsoTex F50"},"content":{"rendered":"<p><strong>Reboca com facilidade e suavidade<\/strong><\/p>\n<p data-start=\"385\" data-end=\"663\">Gra\u00e7as \u00e0 sua granulometria fina e baixa densidade aparente, o IsoTex F50 \u00e9 um reboco liso particularmente f\u00e1cil de aplicar. Com um consumo de apenas 0,65 kg\/m\u00b2 por mm de espessura de camada, \u00e9 f\u00e1cil de aplicar e produz uma superf\u00edcie homog\u00e9nea e lisa. O reboco pode ser aplicado manualmente com uma esp\u00e1tula ou mecanicamente com um pulverizador. IsoTex F50 \u00e9 adequado para rebocar tijolo, bet\u00e3o, bet\u00e3o armado, bet\u00e3o celular, madeira e substratos met\u00e1licos em interiores e exteriores<\/p>\n<p><strong>Sistema ClimateCoating<sup>\u00ae<\/sup>\u00a0IsoTex &#8211; O trio de poupan\u00e7a de energia para fachadas lisas<\/strong><\/p>\n<p>IsoTex F50 wird auf den W\u00e4rmed\u00e4mmputz <a href=\"https:\/\/www.climatecoating.com\/pt-pt\/produkt\/isotex-r70\/\" target=\"_blank\" rel=\"noopener\">IsoTex R70<\/a> aufgetragen und bildet die abschlie\u00dfende, glatte Putzschicht. Nach der Trocknung kann die Oberfl\u00e4che mit ClimateCoating<sup>\u00ae<\/sup>-Funktionsfarben versehen werden, beispielsweise mit <a href=\"https:\/\/www.climatecoating.com\/pt-pt\/produkt\/thermoprotect\/\" target=\"_blank\" rel=\"noopener\">ThermoProtect<\/a> f\u00fcr Fassaden. Mit dieser Systemkombination lassen sich Energieeinsparungen bei Heizung und Klimaanlage von 15 bis 40 % erzielen.<\/p>\n<p><img loading=\"lazy\" decoding=\"async\" class=\"alignnone wp-image-62220 size-full\" title=\"Funcionalidade do sistema IsoTex PT\" src=\"https:\/\/www.climatecoating.com\/wp-content\/uploads\/2026\/02\/IsoTex-System_Funktionsweise_PT.png\" alt=\"Funcionalidade do sistema IsoTex PT\" width=\"1600\" height=\"1150\" \/><\/p>\n<p>Isto \u00e9 poss\u00edvel gra\u00e7as \u00e0 intera\u00e7\u00e3o entre o reboco de isolamento t\u00e9rmico e a <a href=\"https:\/\/www.youtube.com\/watch?v=wZovk682oss\" target=\"_blank\" rel=\"noopener\">tecnologia da membrana reflectora<\/a> contida na tinta funcional ClimateCoating<sup>\u00ae<\/sup>. O revestimento da fachada actua como uma membrana inteligente: quando chove, absorve apenas uma quantidade limitada de \u00e1gua sem a transmitir \u00e0 alvenaria por detr\u00e1s. Ap\u00f3s um curto per\u00edodo de satura\u00e7\u00e3o, a membrana fecha-se para que n\u00e3o seja absorvida mais \u00e1gua &#8211; independentemente da dura\u00e7\u00e3o da chuva. Desta forma, mant\u00e9m a quantidade de evapora\u00e7\u00e3o baixa. O revestimento pode ser classificado como repelente \u00e0 \u00e1gua da mesma forma que os rebocos exteriores, de acordo com a norma EN 998-1.<\/p>\n<p>O revestimento de fachada ThermoProtect \u00e9 tamb\u00e9m extremamente resistente \u00e0s influ\u00eancias ambientais, como a radia\u00e7\u00e3o UV e a chuva \u00e1cida. O seu efeito anti-est\u00e1tico reduz significativamente a ader\u00eancia de poeiras. Existem fachadas documentadas em que o revestimento semelhante a uma membrana est\u00e1 intacto, sem fissuras e totalmente funcional mesmo ap\u00f3s mais de 20 anos &#8211; e assim o efeito de poupan\u00e7a de energia mant\u00e9m-se permanentemente (ver exemplo do projeto <a href=\"https:\/\/www.climatecoating.com\/pt-pt\/referencias\/referencia\/blocos-de-apartamentos-em-perleberg\/\" target=\"_blank\" rel=\"noopener\">Perleberg &#8211; revestimento de fachada com ThermoProtect<\/a> e <a href=\"https:\/\/www.climatecoating.com\/pressemitteilung-mehrfamilienhaus-in-spremberg-fassade-nach-25-jahren-noch-wie-neu\/\" target=\"_blank\" rel=\"noopener\">relat\u00f3rio de imprensa).<\/a><\/p>\n<p>A combina\u00e7\u00e3o da pintura de fachadas <a href=\"https:\/\/www.climatecoating.com\/pt-pt\/produkt\/thermoprotect\/\" target=\"_blank\" rel=\"noopener\">ThermoProtect<\/a> com o reboco de isolamento t\u00e9rmico <a href=\"https:\/\/www.climatecoating.com\/pt-pt\/produkt\/isotex-r70\/\" target=\"_blank\" rel=\"noopener\">IsoTex R70<\/a> e o reboco de estuque IsoTex F50 videncia as vantagens do revolucion\u00e1rio sistema de isolamento t\u00e9rmico IsoTex: uma longa durabilidade, prote\u00e7\u00e3o abrangente contra as intemp\u00e9ries e uma redu\u00e7\u00e3o sustent\u00e1vel dos custos de aquecimento e climatiza\u00e7\u00e3o.<\/p>\n<p><strong>PS: Ao reduzir a humidade na alvenaria em um por cento, podes poupar at\u00e9 10 por cento nos custos de aquecimento! <\/strong><\/p>\n","protected":false},"excerpt":{"rendered":"<hr \/>\n<p><strong>Reboco liso mineral <\/strong><\/p>\n<p>O IsoTex F50 \u00e9 um reboco fino, mineral e liso para utiliza\u00e7\u00e3o em interiores e exteriores. \u00c9 utilizado como superf\u00edcie final e camada de nivelamento no sistema ClimateCoating<sup>\u00ae<\/sup>\u00a0IsoTex &#8211; especialmente no reboco de isolamento t\u00e9rmico <a href=\"https:\/\/www.climatecoating.com\/pt-pt\/produkt\/isotex-r70\/\" target=\"_blank\" rel=\"noopener\">IsoTex R70<\/a>.<\/p>\n<p>Gra\u00e7as ao seu tamanho de gr\u00e3o fino e \u00e0 sua baixa densidade aparente, o IsoTex F50 produz uma superf\u00edcie lisa, uniforme e de baixa tens\u00e3o. As irregularidades no reboco isolante s\u00e3o niveladas de forma fi\u00e1vel. Ao mesmo tempo, o IsoTex F50 constitui a base ideal para os revestimentos ClimateCoating<sup>\u00ae<\/sup>\u00a0subsequentes &#8211; por exemplo, para a tinta de fachada <a href=\"https:\/\/www.climatecoating.com\/pt-pt\/produkt\/thermoprotect\/\" target=\"_blank\" rel=\"noopener\">ThermoProtect<\/a> ou para revestimentos de paredes interiores de alta qualidade, como <a href=\"https:\/\/www.climatecoating.com\/pt-pt\/produkt\/thermoplus\/\" target=\"_blank\" rel=\"noopener\">ThermoPlus<\/a>, <a href=\"https:\/\/www.climatecoating.com\/pt-pt\/produkt\/lumen\/\" target=\"_blank\" rel=\"noopener\">Lumen<\/a> ou <a href=\"https:\/\/www.climatecoating.com\/pt-pt\/produkt\/termovital\/\" target=\"_blank\" rel=\"noopener\">Thermovital<\/a>.<\/p>\n<p>Em combina\u00e7\u00e3o com o IsoTex R70 e a tinta de fachada ThermoProtect, o IsoTex F50 permite uma gest\u00e3o fisicamente eficaz da humidade, o que comprovadamente reduz os custos de aquecimento e ar condicionado em 15 a 40 %.<\/p>\n<p><strong>V\u00ea as vantagens mais importantes num relance:<\/strong><\/p>\n<div><img loading=\"lazy\" decoding=\"async\" class=\"alignnone wp-image-60501\" title=\"Icon lightweight facade plaster 2 green\" src=\"https:\/\/www.climatecoating.com\/wp-content\/uploads\/2020\/07\/Icon_lightweight-facade-plaster_2_green.png\" alt=\"Icon lightweight facade plaster 2 green\" width=\"50\" height=\"50\" srcset=\"https:\/\/www.climatecoating.com\/wp-content\/uploads\/2020\/07\/Icon_lightweight-facade-plaster_2_green.png 242w, https:\/\/www.climatecoating.com\/wp-content\/uploads\/2020\/07\/Icon_lightweight-facade-plaster_2_green-150x150.png 150w, https:\/\/www.climatecoating.com\/wp-content\/uploads\/2020\/07\/Icon_lightweight-facade-plaster_2_green-100x100.png 100w\" sizes=\"auto, (max-width: 50px) 100vw, 50px\" \/> reboco muito leve, mineral e liso para uso exterior e interior<\/div>\n<div><img loading=\"lazy\" decoding=\"async\" class=\"alignnone wp-image-62138\" title=\"Icon fine grained green\" src=\"https:\/\/www.climatecoating.com\/wp-content\/uploads\/2025\/08\/Icon_fine-grained_green_.png\" alt=\"Icon fine grained green\" width=\"50\" height=\"50\" srcset=\"https:\/\/www.climatecoating.com\/wp-content\/uploads\/2025\/08\/Icon_fine-grained_green_.png 242w, https:\/\/www.climatecoating.com\/wp-content\/uploads\/2025\/08\/Icon_fine-grained_green_-150x150.png 150w, https:\/\/www.climatecoating.com\/wp-content\/uploads\/2025\/08\/Icon_fine-grained_green_-100x100.png 100w\" sizes=\"auto, (max-width: 50px) 100vw, 50px\" \/> granula\u00e7\u00e3o fina (at\u00e9 0,03 mm) para superf\u00edcies particularmente lisas<\/div>\n<div><img loading=\"lazy\" decoding=\"async\" class=\"alignnone wp-image-59778\" title=\"Icon energy saving green\" src=\"https:\/\/www.climatecoating.com\/wp-content\/uploads\/2025\/11\/Icon_energy-saving_green-1.png\" alt=\"Icon energy saving green\" width=\"50\" height=\"50\" srcset=\"https:\/\/www.climatecoating.com\/wp-content\/uploads\/2025\/11\/Icon_energy-saving_green-1.png 242w, https:\/\/www.climatecoating.com\/wp-content\/uploads\/2025\/11\/Icon_energy-saving_green-1-150x150.png 150w, https:\/\/www.climatecoating.com\/wp-content\/uploads\/2025\/11\/Icon_energy-saving_green-1-100x100.png 100w\" sizes=\"auto, (max-width: 50px) 100vw, 50px\" \/> conce\u00e7\u00e3o de sistemas energeticamente eficientes<\/div>\n<div><img loading=\"lazy\" decoding=\"async\" class=\"alignnone wp-image-60446\" title=\"Icon evaporative cooling moisture regulating green\" src=\"https:\/\/www.climatecoating.com\/wp-content\/uploads\/2020\/08\/Icon_evaporative-cooling_moisture-regulating_green.png\" alt=\"Icon evaporative cooling moisture regulating green\" width=\"50\" height=\"50\" srcset=\"https:\/\/www.climatecoating.com\/wp-content\/uploads\/2020\/08\/Icon_evaporative-cooling_moisture-regulating_green.png 242w, https:\/\/www.climatecoating.com\/wp-content\/uploads\/2020\/08\/Icon_evaporative-cooling_moisture-regulating_green-150x150.png 150w, https:\/\/www.climatecoating.com\/wp-content\/uploads\/2020\/08\/Icon_evaporative-cooling_moisture-regulating_green-100x100.png 100w\" sizes=\"auto, (max-width: 50px) 100vw, 50px\" \/> regulador de humidade e aberto \u00e0 difus\u00e3o<\/div>\n<div><img loading=\"lazy\" decoding=\"async\" class=\"alignnone wp-image-62166\" title=\"Icon low stress &amp; crack minimizing green\" src=\"https:\/\/www.climatecoating.com\/wp-content\/uploads\/2025\/08\/Icon_low-stress-crack-minimizing_green-2.png\" alt=\"Icon low stress &amp; crack minimizing green\" width=\"50\" height=\"50\" srcset=\"https:\/\/www.climatecoating.com\/wp-content\/uploads\/2025\/08\/Icon_low-stress-crack-minimizing_green-2.png 242w, https:\/\/www.climatecoating.com\/wp-content\/uploads\/2025\/08\/Icon_low-stress-crack-minimizing_green-2-150x150.png 150w, https:\/\/www.climatecoating.com\/wp-content\/uploads\/2025\/08\/Icon_low-stress-crack-minimizing_green-2-100x100.png 100w\" sizes=\"auto, (max-width: 50px) 100vw, 50px\" \/> baixa tens\u00e3o e minimiza\u00e7\u00e3o de fissuras<\/div>\n","protected":false},"featured_media":64391,"template":"","meta":[],"product_brand":[],"product_cat":[4322,3479,3701,3486,3702,3487,3488,3539,3685,3690,3475,3691],"product_tag":[],"class_list":{"0":"post-64767","1":"product","2":"type-product","3":"status-publish","4":"has-post-thumbnail","6":"product_cat-rebocos-exteriores-interiores","7":"product_cat-construir-e-viver","8":"product_cat-anwendungen-innen-pt-pt","9":"product_cat-edificios-publicos","10":"product_cat-aplicativos-externos-pt-pt","11":"product_cat-industria-hoteleira-e-gastronomia","12":"product_cat-no-interior","13":"product_cat-no-exterior","14":"product_cat-exterior-do-edificio","15":"product_cat-aplicacoes-internas-pt-pt","16":"product_cat-dominios-de-aplicacao","17":"product_cat-aplicativos-externos","19":"first","20":"instock","21":"taxable","22":"shipping-taxable","23":"purchasable","24":"product-type-variable"},"_links":{"self":[{"href":"https:\/\/www.climatecoating.com\/pt-pt\/wp-json\/wp\/v2\/product\/64767","targetHints":{"allow":["GET"]}}],"collection":[{"href":"https:\/\/www.climatecoating.com\/pt-pt\/wp-json\/wp\/v2\/product"}],"about":[{"href":"https:\/\/www.climatecoating.com\/pt-pt\/wp-json\/wp\/v2\/types\/product"}],"wp:featuredmedia":[{"embeddable":true,"href":"https:\/\/www.climatecoating.com\/pt-pt\/wp-json\/wp\/v2\/media\/64391"}],"wp:attachment":[{"href":"https:\/\/www.climatecoating.com\/pt-pt\/wp-json\/wp\/v2\/media?parent=64767"}],"wp:term":[{"taxonomy":"product_brand","embeddable":true,"href":"https:\/\/www.climatecoating.com\/pt-pt\/wp-json\/wp\/v2\/product_brand?post=64767"},{"taxonomy":"product_cat","embeddable":true,"href":"https:\/\/www.climatecoating.com\/pt-pt\/wp-json\/wp\/v2\/product_cat?post=64767"},{"taxonomy":"product_tag","embeddable":true,"href":"https:\/\/www.climatecoating.com\/pt-pt\/wp-json\/wp\/v2\/product_tag?post=64767"}],"curies":[{"name":"wp","href":"https:\/\/api.w.org\/{rel}","templated":true}]}}