{"id":34691,"date":"2022-01-12T14:46:23","date_gmt":"2022-01-12T13:46:23","guid":{"rendered":"https:\/\/www.climatecoating.com\/spolocnosti\/"},"modified":"2023-05-24T19:50:22","modified_gmt":"2023-05-24T17:50:22","slug":"spolocnosti","status":"publish","type":"page","link":"https:\/\/www.climatecoating.com\/sk\/spolocnosti\/","title":{"rendered":"Spolo\u010dnosti"},"content":{"rendered":"<div class=\"wpb-content-wrapper\"><p>[vc_row row_type=&#8221;row&#8221; use_row_as_full_screen_section=&#8221;no&#8221; type=&#8221;full_width&#8221; text_align=&#8221;left&#8221; background_animation=&#8221;none&#8221; padding_bottom=&#8221;45&#8243; css_animation=&#8221;&#8221;][vc_column][vc_single_image image=&#8221;33831&#8243; img_size=&#8221;full&#8221; qode_css_animation=&#8221;&#8221; css=&#8221;.vc_custom_1612614583248{padding-bottom: 30px !important;}&#8221;][vc_row_inner row_type=&#8221;row&#8221; type=&#8221;full_width&#8221; use_row_as_full_screen_section_slide=&#8221;no&#8221; text_align=&#8221;left&#8221; css_animation=&#8221;&#8221;][vc_column_inner width=&#8221;1\/4&#8243;]<div class=\"templatera_shortcode\"><div     class=\"vc_row wpb_row section vc_row-fluid backlink\" style=' text-align:left;'><div class=\" full_section_inner clearfix\"><div class=\"wpb_column vc_column_container vc_col-sm-12\"><div class=\"vc_column-inner\"><div class=\"wpb_wrapper\"><div class=\"ult_row_spacer\"><div class=\"ult-sticky-anchor\"><div class=\"ult-sticky-section ult-sticky \"  data-gutter= '100' data-stick_behaviour= 'stick_with_scroll_row'  data-sticky_position= 'top' data-mobile='no' data-support='no'><div  class=\"wpb_widgetised_column wpb_content_element\">\n\t\t<div class=\"wpb_wrapper\">\n\t\t\t\n\t\t\t\n\t\t<\/div>\n\t<\/div>\n<\/div><div class=\"ult-space\"><\/div><\/div><\/div><\/div><\/div><\/div><\/div><\/div><\/div>[\/vc_column_inner][vc_column_inner width=&#8221;3\/4&#8243;][vc_column_text]<\/p>\n<h1>Spolo\u010dnosti<\/h1>\n<p>SICC Coatings GmbH z Berl\u00edna je popredn\u00fd \u0161pecializovan\u00fd dod\u00e1vate\u013e klimaticky akt\u00edvnych n\u00e1terov s najdlh\u0161\u00edmi sk\u00fasenos\u0165ami vo v\u0161etk\u00fdch klimatick\u00fdch z\u00f3nach a oblastiach pou\u017eitia. Funk\u010dn\u00e9 n\u00e1tery s\u00fa zalo\u017een\u00e9 na technol\u00f3gii reflexnej membr\u00e1ny. Za energeticky \u00fasporn\u00fd efekt technol\u00f3gie z\u00edskala SICC Coatings v roku 2018 ocenenie \u201eGerman Innovation Award\u201c a v Singapure \u201eCena za energetick\u00fa efekt\u00edvnos\u0165\u201c.<\/p>\n<ul>\n<li>2003 Spolo\u010dnos\u0165 zalo\u017een\u00e1 ako SICC GmbH<\/li>\n<li>V\u00fdvoj a v\u00fdroba produktov v Nemecku<\/li>\n<li>14 zamestnancov v centr\u00e1le v Berl\u00edne<\/li>\n<li>Celosvetov\u00e9 zast\u00fapenie partnersk\u00fdmi spolo\u010dnos\u0165ami<\/li>\n<li>Cie\u013eov\u00e9 skupiny: Architekti, projektanti, komer\u010dn\u00ed stavitelia, podniky bytovej v\u00fdstavby, priemyseln\u00e9 podniky, spracovate\u013esk\u00e9 podniky, \u0161pecializovan\u00ed predajcovia<\/li>\n<li>2018 zmena n\u00e1zvu na SICC Coatings GmbH<\/li>\n<\/ul>\n<p>[\/vc_column_text][\/vc_column_inner][\/vc_row_inner][\/vc_column][\/vc_row]<\/p>\n<\/div>","protected":false},"excerpt":{"rendered":"Spolo\u010dnosti SICC Coatings GmbH z Berl\u00edna je popredn\u00fd \u0161pecializovan\u00fd dod\u00e1vate\u013e klimaticky akt\u00edvnych n\u00e1terov s najdlh\u0161\u00edmi sk\u00fasenos\u0165ami vo v\u0161etk\u00fdch klimatick\u00fdch z\u00f3nach a oblastiach pou\u017eitia. Funk\u010dn\u00e9 n\u00e1tery s\u00fa zalo\u017een\u00e9 na technol\u00f3gii reflexnej membr\u00e1ny. Za energeticky \u00fasporn\u00fd efekt technol\u00f3gie z\u00edskala SICC Coatings v roku 2018 ocenenie \u201eGerman Innovation...","protected":false},"author":1,"featured_media":0,"parent":0,"menu_order":600,"comment_status":"closed","ping_status":"closed","template":"","meta":{"footnotes":""},"class_list":["post-34691","page","type-page","status-publish","hentry"],"_links":{"self":[{"href":"https:\/\/www.climatecoating.com\/sk\/wp-json\/wp\/v2\/pages\/34691","targetHints":{"allow":["GET"]}}],"collection":[{"href":"https:\/\/www.climatecoating.com\/sk\/wp-json\/wp\/v2\/pages"}],"about":[{"href":"https:\/\/www.climatecoating.com\/sk\/wp-json\/wp\/v2\/types\/page"}],"author":[{"embeddable":true,"href":"https:\/\/www.climatecoating.com\/sk\/wp-json\/wp\/v2\/users\/1"}],"replies":[{"embeddable":true,"href":"https:\/\/www.climatecoating.com\/sk\/wp-json\/wp\/v2\/comments?post=34691"}],"version-history":[{"count":0,"href":"https:\/\/www.climatecoating.com\/sk\/wp-json\/wp\/v2\/pages\/34691\/revisions"}],"wp:attachment":[{"href":"https:\/\/www.climatecoating.com\/sk\/wp-json\/wp\/v2\/media?parent=34691"}],"curies":[{"name":"wp","href":"https:\/\/api.w.org\/{rel}","templated":true}]}}