{"id":34695,"date":"2022-01-12T14:46:23","date_gmt":"2022-01-12T13:46:23","guid":{"rendered":"https:\/\/www.climatecoating.com\/zasady-ochrany-osobnych-udajov-spojene-kralovstvo\/"},"modified":"2022-01-12T14:46:24","modified_gmt":"2022-01-12T13:46:24","slug":"zasady-ochrany-osobnych-udajov-spojene-kralovstvo","status":"publish","type":"page","link":"https:\/\/www.climatecoating.com\/sk\/pravne\/zasady-ochrany-osobnych-udajov-spojene-kralovstvo\/","title":{"rendered":"Z\u00e1sady ochrany osobn\u00fdch \u00fadajov (Spojen\u00e9 kr\u00e1\u013eovstvo)"},"content":{"rendered":"<div class=\"wpb-content-wrapper\"><p>[vc_row row_type=&#8221;row&#8221; use_row_as_full_screen_section=&#8221;no&#8221; type=&#8221;full_width&#8221; text_align=&#8221;left&#8221; background_animation=&#8221;none&#8221; css_animation=&#8221;&#8221;][vc_column][vc_column_text]<\/p>\n<h1>Z\u00e1sady ochrany osobn\u00fdch \u00fadajov (Spojen\u00e9 kr\u00e1\u013eovstvo)<\/h1>\n<p>Regi\u00f3n UK nie je aktivovan\u00fd na privacy-statement.[\/vc_column_text][\/vc_column][\/vc_row]<\/p>\n<\/div>","protected":false},"excerpt":{"rendered":"<p>[vc_row row_type=&#8221;row&#8221; use_row_as_full_screen_section=&#8221;no&#8221; type=&#8221;full_width&#8221; text_align=&#8221;left&#8221; background_animation=&#8221;none&#8221; css_animation=&#8221;&#8221;][vc_column][vc_column_text] Z\u00e1sady ochrany osobn\u00fdch \u00fadajov (Spojen\u00e9 kr\u00e1\u013eovstvo) [\/vc_column_text][\/vc_column][\/vc_row]<\/p>\n","protected":false},"author":1,"featured_media":0,"parent":34840,"menu_order":830,"comment_status":"closed","ping_status":"closed","template":"","meta":{"footnotes":""},"class_list":["post-34695","page","type-page","status-publish","hentry"],"_links":{"self":[{"href":"https:\/\/www.climatecoating.com\/sk\/wp-json\/wp\/v2\/pages\/34695","targetHints":{"allow":["GET"]}}],"collection":[{"href":"https:\/\/www.climatecoating.com\/sk\/wp-json\/wp\/v2\/pages"}],"about":[{"href":"https:\/\/www.climatecoating.com\/sk\/wp-json\/wp\/v2\/types\/page"}],"author":[{"embeddable":true,"href":"https:\/\/www.climatecoating.com\/sk\/wp-json\/wp\/v2\/users\/1"}],"replies":[{"embeddable":true,"href":"https:\/\/www.climatecoating.com\/sk\/wp-json\/wp\/v2\/comments?post=34695"}],"version-history":[{"count":0,"href":"https:\/\/www.climatecoating.com\/sk\/wp-json\/wp\/v2\/pages\/34695\/revisions"}],"up":[{"embeddable":true,"href":"https:\/\/www.climatecoating.com\/sk\/wp-json\/wp\/v2\/pages\/34840"}],"wp:attachment":[{"href":"https:\/\/www.climatecoating.com\/sk\/wp-json\/wp\/v2\/media?parent=34695"}],"curies":[{"name":"wp","href":"https:\/\/api.w.org\/{rel}","templated":true}]}}