{"id":34743,"date":"2022-01-12T14:46:50","date_gmt":"2022-01-12T13:46:50","guid":{"rendered":"https:\/\/www.climatecoating.com\/produkty\/tesnenie-okien\/"},"modified":"2022-01-12T14:46:52","modified_gmt":"2022-01-12T13:46:52","slug":"tesnenie-okien","status":"publish","type":"page","link":"https:\/\/www.climatecoating.com\/sk\/produkty\/tesnenie-okien\/","title":{"rendered":"Tesnenie okien"},"content":{"rendered":"<div class=\"wpb-content-wrapper\"><p>[vc_row row_type=&#8221;row&#8221; use_row_as_full_screen_section=&#8221;no&#8221; type=&#8221;full_width&#8221; text_align=&#8221;left&#8221; background_animation=&#8221;none&#8221; padding_top=&#8221;50&#8243; css_animation=&#8221;&#8221;][vc_column][vc_column_text]<\/p>\n<h1>Produkty &#8211; tesnenie okien<\/h1>\n<p>[\/vc_column_text]<div class=\"woocommerce columns-4 \"><ul class=\"products columns-4 clearfix default\">        <li class=\"product type-product post-34756 status-publish first instock product_cat-oblasti-pouzitia product_cat-stavat-nazivo product_cat-aplikacie-vonku-sk product_cat-tesnenie-okien product_cat-verejne-budovy product_cat-hotely-a-gastronomia has-post-thumbnail taxable shipping-taxable purchasable product-type-variable\">\n\n                        <div class=\"top-product-section\">\n\n                <a class=\"product_list_thumb_link\" href=\"https:\/\/www.climatecoating.com\/sk\/produkt\/pu-safe-coating\/\">\n                    <span class=\"image-wrapper\">\n                    <img loading=\"lazy\" decoding=\"async\" width=\"300\" height=\"300\" src=\"https:\/\/www.climatecoating.com\/wp-content\/uploads\/2020\/08\/2_8L_PU-SAFE-m_frei-300x300.png\" class=\"attachment-woocommerce_thumbnail size-woocommerce_thumbnail\" alt=\"PU-Safe Coating 2,8L\" srcset=\"https:\/\/www.climatecoating.com\/wp-content\/uploads\/2020\/08\/2_8L_PU-SAFE-m_frei-300x300.png 300w, https:\/\/www.climatecoating.com\/wp-content\/uploads\/2020\/08\/2_8L_PU-SAFE-m_frei-100x100.png 100w, https:\/\/www.climatecoating.com\/wp-content\/uploads\/2020\/08\/2_8L_PU-SAFE-m_frei-600x600.png 600w, https:\/\/www.climatecoating.com\/wp-content\/uploads\/2020\/08\/2_8L_PU-SAFE-m_frei-1024x1024.png 1024w, https:\/\/www.climatecoating.com\/wp-content\/uploads\/2020\/08\/2_8L_PU-SAFE-m_frei-150x150.png 150w, https:\/\/www.climatecoating.com\/wp-content\/uploads\/2020\/08\/2_8L_PU-SAFE-m_frei-768x768.png 768w, https:\/\/www.climatecoating.com\/wp-content\/uploads\/2020\/08\/2_8L_PU-SAFE-m_frei-1536x1536.png 1536w, https:\/\/www.climatecoating.com\/wp-content\/uploads\/2020\/08\/2_8L_PU-SAFE-m_frei-550x550.png 550w, https:\/\/www.climatecoating.com\/wp-content\/uploads\/2020\/08\/2_8L_PU-SAFE-m_frei-500x500.png 500w, https:\/\/www.climatecoating.com\/wp-content\/uploads\/2020\/08\/2_8L_PU-SAFE-m_frei-1000x1000.png 1000w, https:\/\/www.climatecoating.com\/wp-content\/uploads\/2020\/08\/2_8L_PU-SAFE-m_frei-700x700.png 700w, https:\/\/www.climatecoating.com\/wp-content\/uploads\/2020\/08\/2_8L_PU-SAFE-m_frei-1100x1100.png 1100w, https:\/\/www.climatecoating.com\/wp-content\/uploads\/2020\/08\/2_8L_PU-SAFE-m_frei.png 1920w\" sizes=\"auto, (max-width: 300px) 100vw, 300px\" \/>                    <\/span>\n                <\/a>\n\n                <div class=\"add-to-cart-button-outer\"><div class=\"add-to-cart-button-inner\"><div class=\"add-to-cart-button-inner2\"><a href=\"https:\/\/www.climatecoating.com\/sk\/produkt\/pu-safe-coating\/\" aria-describedby=\"woocommerce_loop_add_to_cart_link_describedby_34756\" data-quantity=\"1\" class=\"qbutton add-to-cart-button button product_type_variable add_to_cart_button\" data-product_id=\"34756\" data-product_sku=\"\" aria-label=\"V\u00fdber nastaven\u00ed pre &ldquo;PU Safe Coating&rdquo;\" rel=\"nofollow\">Optionen w\u00e4hlen<\/a><\/div><\/div><\/div>\t<span id=\"woocommerce_loop_add_to_cart_link_describedby_34756\" class=\"screen-reader-text\">\n\t\tTento produkt m\u00e1 viacero variantov. Mo\u017enosti si m\u00f4\u017eete vybra\u0165 na str\u00e1nke produktu.\t<\/span>\n\n            <\/div>\n\n            <div class=\"product_info_box\">\n\t            <span class=\"product-categories\"><a href=\"https:\/\/www.climatecoating.com\/sk\/oblasti-pouzitia\/\" rel=\"tag\">Oblasti pou\u017eitia<\/a>, <a href=\"https:\/\/www.climatecoating.com\/sk\/oblasti-pouzitia\/stavat-nazivo\/\" rel=\"tag\">Stava\u0165 na\u017eivo<\/a>, <a href=\"https:\/\/www.climatecoating.com\/sk\/oblasti-pouzitia\/hotely-a-gastronomia\/aplikacie-vonku-sk\/\" rel=\"tag\">Aplik\u00e1cie vonku<\/a>, <a href=\"https:\/\/www.climatecoating.com\/sk\/produkty-sk\/tesnenie-okien\/\" rel=\"tag\">Tesnenie okien<\/a>, <a href=\"https:\/\/www.climatecoating.com\/sk\/oblasti-pouzitia\/verejne-budovy\/\" rel=\"tag\">Verejn\u00e9 budovy<\/a>, <a href=\"https:\/\/www.climatecoating.com\/sk\/oblasti-pouzitia\/hotely-a-gastronomia\/\" rel=\"tag\">Hotely a gastron\u00f3mia<\/a><\/span>\n                <a href=\"https:\/\/www.climatecoating.com\/sk\/produkt\/pu-safe-coating\/\" class=\"product-category\">\n                    <span class=\"product-title\">PU Safe Coating<\/span>\n\n                    \n\n\t<span class=\"price\">ab <span class=\"woocommerce-Price-amount amount\"><bdi>61,70&nbsp;<span class=\"woocommerce-Price-currencySymbol\">&euro;<\/span><\/bdi><\/span><\/span>\n\n\n                <\/a>\n            <\/div>\n\n            \n\t<p class=\"wc-gzd-additional-info wc-gzd-additional-info-loop tax-info\">incl. VAT<\/p>\n\n\t<p class=\"wc-gzd-additional-info wc-gzd-additional-info-loop shipping-costs-info\">zzgl. <a href=\"https:\/\/www.climatecoating.com\/shop\/versand\/\" target=\"_blank\">Versandkosten<\/a><\/p>\n\n\n<div class=\"add-to-cart-button-outer\"><div class=\"add-to-cart-button-inner\"><div class=\"add-to-cart-button-inner2\"><a href=\"https:\/\/www.climatecoating.com\/sk\/produkt\/pu-safe-coating\/\" aria-describedby=\"woocommerce_loop_add_to_cart_link_describedby_34756\" data-quantity=\"1\" class=\"qbutton add-to-cart-button button product_type_variable add_to_cart_button\" data-product_id=\"34756\" data-product_sku=\"\" aria-label=\"V\u00fdber nastaven\u00ed pre &ldquo;PU Safe Coating&rdquo;\" rel=\"nofollow\">Optionen w\u00e4hlen<\/a><\/div><\/div><\/div>\t<span id=\"woocommerce_loop_add_to_cart_link_describedby_34756\" class=\"screen-reader-text\">\n\t\tTento produkt m\u00e1 viacero variantov. Mo\u017enosti si m\u00f4\u017eete vybra\u0165 na str\u00e1nke produktu.\t<\/span>\n        <\/li>\n\n                <li class=\"product type-product post-34760 status-publish instock product_cat-oblasti-pouzitia product_cat-stavat-nazivo product_cat-aplikacie-vonku-sk product_cat-produkty-sk product_cat-tesnenie-okien product_cat-verejne-budovy product_cat-hotely-a-gastronomia has-post-thumbnail taxable shipping-taxable purchasable product-type-simple\">\n\n                        <div class=\"top-product-section\">\n\n                <a class=\"product_list_thumb_link\" href=\"https:\/\/www.climatecoating.com\/sk\/produkt\/pu-safe-filler\/\">\n                    <span class=\"image-wrapper\">\n                    <img loading=\"lazy\" decoding=\"async\" width=\"300\" height=\"300\" src=\"https:\/\/www.climatecoating.com\/wp-content\/uploads\/2020\/08\/CC_PU_SAFE_Filler_200GR_vorn_frei-300x300.png\" class=\"attachment-woocommerce_thumbnail size-woocommerce_thumbnail\" alt=\"PU-bezpe\u010dn\u00e1 v\u00fdpl\u0148\" srcset=\"https:\/\/www.climatecoating.com\/wp-content\/uploads\/2020\/08\/CC_PU_SAFE_Filler_200GR_vorn_frei-300x300.png 300w, https:\/\/www.climatecoating.com\/wp-content\/uploads\/2020\/08\/CC_PU_SAFE_Filler_200GR_vorn_frei-100x100.png 100w, https:\/\/www.climatecoating.com\/wp-content\/uploads\/2020\/08\/CC_PU_SAFE_Filler_200GR_vorn_frei-150x150.png 150w, https:\/\/www.climatecoating.com\/wp-content\/uploads\/2020\/08\/CC_PU_SAFE_Filler_200GR_vorn_frei-550x550.png 550w, https:\/\/www.climatecoating.com\/wp-content\/uploads\/2020\/08\/CC_PU_SAFE_Filler_200GR_vorn_frei-500x500.png 500w, https:\/\/www.climatecoating.com\/wp-content\/uploads\/2020\/08\/CC_PU_SAFE_Filler_200GR_vorn_frei.png 600w\" sizes=\"auto, (max-width: 300px) 100vw, 300px\" \/>                    <\/span>\n                <\/a>\n\n                \t<span id=\"woocommerce_loop_add_to_cart_link_describedby_34760\" class=\"screen-reader-text\">\n\t\t\t<\/span>\n\n            <\/div>\n\n            <div class=\"product_info_box\">\n\t            <span class=\"product-categories\"><a href=\"https:\/\/www.climatecoating.com\/sk\/oblasti-pouzitia\/\" rel=\"tag\">Oblasti pou\u017eitia<\/a>, <a href=\"https:\/\/www.climatecoating.com\/sk\/oblasti-pouzitia\/stavat-nazivo\/\" rel=\"tag\">Stava\u0165 na\u017eivo<\/a>, <a href=\"https:\/\/www.climatecoating.com\/sk\/oblasti-pouzitia\/hotely-a-gastronomia\/aplikacie-vonku-sk\/\" rel=\"tag\">Aplik\u00e1cie vonku<\/a>, <a href=\"https:\/\/www.climatecoating.com\/sk\/produkty-sk\/\" rel=\"tag\">Produkty<\/a>, <a href=\"https:\/\/www.climatecoating.com\/sk\/produkty-sk\/tesnenie-okien\/\" rel=\"tag\">Tesnenie okien<\/a>, <a href=\"https:\/\/www.climatecoating.com\/sk\/oblasti-pouzitia\/verejne-budovy\/\" rel=\"tag\">Verejn\u00e9 budovy<\/a>, <a href=\"https:\/\/www.climatecoating.com\/sk\/oblasti-pouzitia\/hotely-a-gastronomia\/\" rel=\"tag\">Hotely a gastron\u00f3mia<\/a><\/span>\n                <a href=\"https:\/\/www.climatecoating.com\/sk\/produkt\/pu-safe-filler\/\" class=\"product-category\">\n                    <span class=\"product-title\">PU Safe Filler<\/span>\n\n                    \n\n\t<span class=\"price\"><span class=\"woocommerce-Price-amount amount\"><bdi>13,45&nbsp;<span class=\"woocommerce-Price-currencySymbol\">&euro;<\/span><\/bdi><\/span><\/span>\n\n\n                <\/a>\n            <\/div>\n\n            \n\t<p class=\"wc-gzd-additional-info wc-gzd-additional-info-loop tax-info\">incl. 19% VAT<\/p>\n\n\t<p class=\"wc-gzd-additional-info wc-gzd-additional-info-loop shipping-costs-info\">zzgl. <a href=\"https:\/\/www.climatecoating.com\/shop\/versand\/\" target=\"_blank\">Versandkosten<\/a><\/p>\n\n\n        <\/li>\n\n        <\/ul>\n<\/div>[\/vc_column][\/vc_row]<\/p>\n<\/div>","protected":false},"excerpt":{"rendered":"<p>[vc_row row_type=&#8221;row&#8221; use_row_as_full_screen_section=&#8221;no&#8221; type=&#8221;full_width&#8221; text_align=&#8221;left&#8221; background_animation=&#8221;none&#8221; padding_top=&#8221;50&#8243; css_animation=&#8221;&#8221;][vc_column][vc_column_text] Produkty &#8211; tesnenie okien [\/vc_column_text][\/vc_column][\/vc_row]<\/p>\n","protected":false},"author":1,"featured_media":0,"parent":34710,"menu_order":230,"comment_status":"closed","ping_status":"closed","template":"","meta":{"footnotes":""},"class_list":["post-34743","page","type-page","status-publish","hentry"],"_links":{"self":[{"href":"https:\/\/www.climatecoating.com\/sk\/wp-json\/wp\/v2\/pages\/34743","targetHints":{"allow":["GET"]}}],"collection":[{"href":"https:\/\/www.climatecoating.com\/sk\/wp-json\/wp\/v2\/pages"}],"about":[{"href":"https:\/\/www.climatecoating.com\/sk\/wp-json\/wp\/v2\/types\/page"}],"author":[{"embeddable":true,"href":"https:\/\/www.climatecoating.com\/sk\/wp-json\/wp\/v2\/users\/1"}],"replies":[{"embeddable":true,"href":"https:\/\/www.climatecoating.com\/sk\/wp-json\/wp\/v2\/comments?post=34743"}],"version-history":[{"count":0,"href":"https:\/\/www.climatecoating.com\/sk\/wp-json\/wp\/v2\/pages\/34743\/revisions"}],"up":[{"embeddable":true,"href":"https:\/\/www.climatecoating.com\/sk\/wp-json\/wp\/v2\/pages\/34710"}],"wp:attachment":[{"href":"https:\/\/www.climatecoating.com\/sk\/wp-json\/wp\/v2\/media?parent=34743"}],"curies":[{"name":"wp","href":"https:\/\/api.w.org\/{rel}","templated":true}]}}