{"id":34754,"date":"2022-01-12T14:46:56","date_gmt":"2022-01-12T13:46:56","guid":{"rendered":"https:\/\/www.climatecoating.com\/zrieknutie-sa-zodpovednosti\/"},"modified":"2022-01-12T14:46:59","modified_gmt":"2022-01-12T13:46:59","slug":"zrieknutie-sa-zodpovednosti","status":"publish","type":"page","link":"https:\/\/www.climatecoating.com\/sk\/pravne\/zrieknutie-sa-zodpovednosti\/","title":{"rendered":"Zrieknutie sa zodpovednosti"},"content":{"rendered":"<div class=\"wpb-content-wrapper\"><p>[vc_row row_type=&#8221;row&#8221; use_row_as_full_screen_section=&#8221;no&#8221; type=&#8221;full_width&#8221; text_align=&#8221;left&#8221; background_animation=&#8221;none&#8221; css_animation=&#8221;&#8221;][vc_column][vc_column_text]<\/p>\n<h1>Zrieknutie sa zodpovednosti<\/h1>\n<p>\n<!-- Legal document generated by Complianz | GDPR\/CCPA Cookie Consent https:\/\/wordpress.org\/plugins\/complianz-gdpr -->\n<div id=\"cmplz-document\" class=\"cmplz-document disclaimer cmplz-document-all\"><p>SICC Coatings GmbH sa zav\u00e4zuje udr\u017eiava\u0165 t\u00fato webov\u00fa str\u00e1nku aktu\u00e1lnu a presn\u00fa. Ak by ste sa napriek tomu stretli s nie\u010d\u00edm, \u010do je nespr\u00e1vne alebo zastaran\u00e9, ocenili by sme, keby ste n\u00e1s informovali. Uve\u010fte, kde na webov\u00fdch str\u00e1nkach ste inform\u00e1cie \u010d\u00edtali. Potom sa na to pozrieme \u010do najsk\u00f4r. Odo\u0161lite svoju odpove\u010f e -mailom na adresu: <span class=\"cmplz-obfuscate\">&#105;n&#102;&#111;@<span class=\"cmplz-fmail-domain\">e&#120;.co&#109;<\/span>s&#105;&#099;&#099;.de<\/span>.<\/p><p>Nezodpoved\u00e1me za stratu v d\u00f4sledku nepresnost\u00ed alebo ne\u00faplnosti ani za stratu vypl\u00fdvaj\u00facu z probl\u00e9mov sp\u00f4soben\u00fdch alebo spojen\u00fdch so \u0161\u00edren\u00edm inform\u00e1ci\u00ed prostredn\u00edctvom internetu, ako s\u00fa preru\u0161enia alebo preru\u0161enia. Pri pou\u017e\u00edvan\u00ed webov\u00fdch formul\u00e1rov sa sna\u017e\u00edme obmedzi\u0165 po\u010det povinn\u00fdch pol\u00ed na minimum. Za ak\u00fako\u013evek stratu, ktor\u00e1 vznikne v d\u00f4sledku pou\u017eitia \u00fadajov, r\u00e1d alebo n\u00e1padov poskytnut\u00fdch spolo\u010dnos\u0165ou SICC Coatings GmbH alebo v jej mene prostredn\u00edctvom tejto webovej str\u00e1nky, spolo\u010dnos\u0165 SICC Coatings GmbH nepreber\u00e1 \u017eiadnu zodpovednos\u0165.<\/p><p>Odpovede a ot\u00e1zky o ochrane osobn\u00fdch \u00fadajov odoslan\u00e9 e -mailom alebo pomocou webov\u00e9ho formul\u00e1ra bud\u00fa pova\u017eovan\u00e9 za rovnak\u00e9 ako listy. To znamen\u00e1, \u017ee od n\u00e1s m\u00f4\u017eete o\u010dak\u00e1va\u0165 odpove\u010f najnesk\u00f4r do 1 mesiaca. V pr\u00edpade zlo\u017eit\u00fdch po\u017eiadaviek v\u00e1s budeme informova\u0165 do 1 mesiaca, ak budeme potrebova\u0165 maxim\u00e1lne 3 mesiace.<\/p><p>Ak\u00e9ko\u013evek osobn\u00e9 \u00fadaje, ktor\u00e9 n\u00e1m poskytnete v kontexte va\u0161ej odpovede alebo \u017eiadosti o inform\u00e1cie, bud\u00fa pou\u017eit\u00e9 iba v s\u00falade s na\u0161\u00edm vyhl\u00e1sen\u00edm o ochrane osobn\u00fdch \u00fadajov.<\/p><p>SICC Coatings GmbH vynalo\u017e\u00ed v\u0161etko primeran\u00e9 \u00fasilie na ochranu svojich syst\u00e9mov pred akouko\u013evek formou nez\u00e1konn\u00e9ho pou\u017eitia. SICC Coatings GmbH na tento \u00fa\u010del zavedie vhodn\u00e9 technick\u00e9 a organiza\u010dn\u00e9 opatrenia, pri\u010dom okrem in\u00e9ho zoh\u013eadn\u00ed s\u00fa\u010dasn\u00fd stav techniky. Nezodpoved\u00e1 v\u0161ak za ak\u00fako\u013evek stratu, \u010di u\u017e priamu alebo nepriamu, ktor\u00fa utrp\u00ed u\u017e\u00edvate\u013e webovej str\u00e1nky, ktor\u00e1 vznikne v d\u00f4sledku nez\u00e1konn\u00e9ho pou\u017e\u00edvania jej syst\u00e9mov tre\u0165ou stranou.<\/p><p>SICC Coatings GmbH neprij\u00edma \u017eiadnu zodpovednos\u0165 za obsah webov\u00fdch str\u00e1nok, na ktor\u00e9 alebo z ktor\u00fdch je vytvoren\u00fd hypertextov\u00fd odkaz alebo in\u00e1 referencia. Na v\u00fdrobky alebo slu\u017eby pon\u00fakan\u00e9 tret\u00edmi stranami sa vz\u0165ahuj\u00fa platn\u00e9 zmluvn\u00e9 podmienky t\u00fdchto tret\u00edch str\u00e1n.<\/p><p>V\u0161etky pr\u00e1va du\u0161evn\u00e9ho vlastn\u00edctva k obsahu na tejto webovej str\u00e1nke s\u00fa zveren\u00e9 tret\u00edm stran\u00e1m, ktor\u00e9 vlo\u017eili obsah sami alebo od ktor\u00fdch SICC Coatings GmbH z\u00edskala u\u017e\u00edvate\u013esk\u00fa licenciu.<\/p><p>Kop\u00edrovanie, \u0161\u00edrenie a ak\u00e9ko\u013evek in\u00e9 pou\u017e\u00edvanie t\u00fdchto materi\u00e1lov nie je dovolen\u00e9 bez p\u00edsomn\u00e9ho s\u00fahlasu spolo\u010dnosti SICC Coatings GmbH, s v\u00fdnimkou pr\u00edpadov, ke\u010f je inak stanoven\u00e9 v predpisoch kogentn\u00e9ho pr\u00e1va (napr\u00edklad pr\u00e1vo citova\u0165), pokia\u013e konkr\u00e9tny obsah neur\u010duje inak.<\/p><p>V pr\u00edpade ak\u00fdchko\u013evek ot\u00e1zok alebo probl\u00e9mov s pr\u00edstupnos\u0165ou webov\u00fdch str\u00e1nok n\u00e1s nev\u00e1hajte kontaktova\u0165.<\/p><\/div>[\/vc_column_text][\/vc_column][\/vc_row]<\/p>\n<\/div>","protected":false},"excerpt":{"rendered":"<p>[vc_row row_type=&#8221;row&#8221; use_row_as_full_screen_section=&#8221;no&#8221; type=&#8221;full_width&#8221; text_align=&#8221;left&#8221; background_animation=&#8221;none&#8221; css_animation=&#8221;&#8221;][vc_column][vc_column_text] Zrieknutie sa zodpovednosti [\/vc_column_text][\/vc_column][\/vc_row]<\/p>\n","protected":false},"author":1,"featured_media":0,"parent":34840,"menu_order":860,"comment_status":"closed","ping_status":"closed","template":"","meta":{"footnotes":""},"class_list":["post-34754","page","type-page","status-publish","hentry"],"_links":{"self":[{"href":"https:\/\/www.climatecoating.com\/sk\/wp-json\/wp\/v2\/pages\/34754","targetHints":{"allow":["GET"]}}],"collection":[{"href":"https:\/\/www.climatecoating.com\/sk\/wp-json\/wp\/v2\/pages"}],"about":[{"href":"https:\/\/www.climatecoating.com\/sk\/wp-json\/wp\/v2\/types\/page"}],"author":[{"embeddable":true,"href":"https:\/\/www.climatecoating.com\/sk\/wp-json\/wp\/v2\/users\/1"}],"replies":[{"embeddable":true,"href":"https:\/\/www.climatecoating.com\/sk\/wp-json\/wp\/v2\/comments?post=34754"}],"version-history":[{"count":0,"href":"https:\/\/www.climatecoating.com\/sk\/wp-json\/wp\/v2\/pages\/34754\/revisions"}],"up":[{"embeddable":true,"href":"https:\/\/www.climatecoating.com\/sk\/wp-json\/wp\/v2\/pages\/34840"}],"wp:attachment":[{"href":"https:\/\/www.climatecoating.com\/sk\/wp-json\/wp\/v2\/media?parent=34754"}],"curies":[{"name":"wp","href":"https:\/\/api.w.org\/{rel}","templated":true}]}}